{"id":19006,"date":"2026-01-13T23:42:11","date_gmt":"2026-01-13T21:42:11","guid":{"rendered":"https:\/\/zbranebudai.sk\/?post_type=product&#038;p=19006"},"modified":"2026-01-14T15:01:19","modified_gmt":"2026-01-14T13:01:19","slug":"deerhunter-climate-37-5-technology-forest-ember-noi-galleros-ing","status":"publish","type":"product","link":"https:\/\/zbranebudai.sk\/hu\/product\/deerhunter-climate-37-5-technologia-forest-ember-damske-tricko-s-golierom\/","title":{"rendered":"Deerhunter Climate - 37.5\u00ae technol\u00f3gia - Forest Ember n\u0151i gall\u00e9ros p\u00f3l\u00f3"},"content":{"rendered":"<p><strong>Deerhunter Climate - 37.5\u00ae technol\u00f3gia - Forest Ember n\u0151i gall\u00e9ros p\u00f3l\u00f3<\/strong> a funkci\u00f3, a st\u00edlus \u00e9s a k\u00e9nyelem t\u00f6k\u00e9letes egyens\u00faly\u00e1t k\u00edn\u00e1lja, legyen sz\u00f3 vad\u00e1szatr\u00f3l, t\u00far\u00e1z\u00e1sr\u00f3l vagy mindennapi viseletr\u0151l. Az ergonomikus n\u0151i szab\u00e1s kiemeli a vonalakat, mik\u00f6zben maxim\u00e1lis mozg\u00e1sszabads\u00e1got biztos\u00edt. Az ingben haszn\u00e1lt 37.5\u00ae technol\u00f3gia term\u00e9szetes m\u00f3don reag\u00e1l a testh\u0151re, elvezeti a nedvess\u00e9get \u00e9s seg\u00edt fenntartani az ide\u00e1lis mikrokl\u00edm\u00e1t az akt\u00edv mozg\u00e1s \u00e9s a pihen\u00e9s sor\u00e1n. A n\u00e9gyir\u00e1ny\u00fa sztreccs anyag korl\u00e1tlan k\u00e9nyelmet biztos\u00edt minden mozdulatn\u00e1l. A SILVADUR\u2122 szagtalan\u00edt\u00f3 technol\u00f3gia intelligens antimikrobi\u00e1lis v\u00e9delmet biztos\u00edt az anyagnak, amely megakad\u00e1lyozza a kellemetlen szagokat, \u00e9s hosszabb ideig frissen \u00e9s illatosan tartja az inget. A p\u00f3l\u00f3 gyorsan sz\u00e1rad\u00f3, rugalmas \u00e9s l\u00e9g\u00e1tereszt\u0151, \u00edgy t\u00f6k\u00e9letes t\u00e1rs a hosszabb t\u00far\u00e1khoz vagy akt\u00edv napokhoz. A klasszikus gall\u00e9rkialak\u00edt\u00e1s r\u00f6vid gombokkal sportos-eleg\u00e1ns megjelen\u00e9st k\u00f6lcs\u00f6n\u00f6z. \u00d6nmag\u00e1ban vagy kab\u00e1t vagy mell\u00e9ny alatt is viselhet\u0151.<\/p>\n<h2>Term\u00e9kle\u00edr\u00e1s<\/h2>\n<ul>\n<li>Sz\u00edn: Forest Man<\/li>\n<li>60 % poli\u00e9szter, 40 % poli\u00e9szter (37,5\u00ae)<\/li>\n<li>Aj\u00e1nlott mos\u00e1s: 40 \u00b0C, kiford\u00edtva mosni, ne haszn\u00e1ljon l\u00e1gy\u00edt\u00f3t, ne feh\u00e9r\u00edtse, ne sz\u00e1r\u00edtsa sz\u00e1r\u00edt\u00f3g\u00e9pben, ne vasalja.<\/li>\n<li>\u00c1pol\u00e1s: mos\u00e1s hasonl\u00f3 sz\u00ednekkel, l\u00f3g\u00f3sz\u00e1r\u00edt\u00e1s, ne tiszt\u00edtsuk sz\u00e1razon.<\/li>\n<\/ul>\n<h2>Term\u00e9k param\u00e9terek<\/h2>\n<ul>\n<li>Alkalmazkod\u00f3 \u00e9s k\u00e9nyelmes illeszked\u00e9s<\/li>\n<li>L\u00e9legz\u0151 kialak\u00edt\u00e1s<\/li>\n<li>SILVADUR\u2122 technol\u00f3gia<\/li>\n<li>37.5\u00ae technol\u00f3gia<\/li>\n<li>OEKO-TEX\u00ae tan\u00fas\u00edtv\u00e1ny<\/li>\n<\/ul>","protected":false},"excerpt":{"rendered":"<p>A Deerhunter Climate 37.5\u00ae Forest Ember n\u0151i gall\u00e9ros p\u00f3l\u00f3 ergonomikus, rugalmas szab\u00e1s\u00e1val, l\u00e9legz\u0151, gyorsan sz\u00e1rad\u00f3 anyag\u00e1val \u00e9s 37.5\u00ae technol\u00f3gi\u00e1j\u00e1val optim\u00e1lis mikrokl\u00edm\u00e1t biztos\u00edt akt\u00edv mozg\u00e1s \u00e9s pihen\u00e9s k\u00f6zben is. A SILVADUR\u2122 szagellenes technol\u00f3gia, a n\u00e9gyir\u00e1ny\u00fa stretch \u00e9s az OEKO-TEX\u00ae tan\u00fas\u00edtv\u00e1ny k\u00e9nyelmes, higi\u00e9nikus \u00e9s funkcion\u00e1lis viseletet ny\u00fajt vad\u00e1szathoz, t\u00far\u00e1z\u00e1shoz \u00e9s mindennapi haszn\u00e1latra.<\/p>","protected":false},"featured_media":18886,"template":"","meta":{"_gspb_post_css":""},"product_brand":[],"product_cat":[2323],"product_tag":[2363,2322],"class_list":{"0":"post-19006","1":"product","2":"type-product","3":"status-publish","4":"has-post-thumbnail","6":"product_cat-kosele-a-tricka","7":"product_tag-climate-forest-ember","8":"product_tag-deerhunter","10":"first","11":"instock","12":"taxable","13":"shipping-taxable","14":"purchasable","15":"product-type-variable","16":"has-default-attributes"},"ct_brands":[],"_links":{"self":[{"href":"https:\/\/zbranebudai.sk\/hu\/wp-json\/wp\/v2\/product\/19006","targetHints":{"allow":["GET"]}}],"collection":[{"href":"https:\/\/zbranebudai.sk\/hu\/wp-json\/wp\/v2\/product"}],"about":[{"href":"https:\/\/zbranebudai.sk\/hu\/wp-json\/wp\/v2\/types\/product"}],"wp:featuredmedia":[{"embeddable":true,"href":"https:\/\/zbranebudai.sk\/hu\/wp-json\/wp\/v2\/media\/18886"}],"wp:attachment":[{"href":"https:\/\/zbranebudai.sk\/hu\/wp-json\/wp\/v2\/media?parent=19006"}],"wp:term":[{"taxonomy":"product_brand","embeddable":true,"href":"https:\/\/zbranebudai.sk\/hu\/wp-json\/wp\/v2\/product_brand?post=19006"},{"taxonomy":"product_cat","embeddable":true,"href":"https:\/\/zbranebudai.sk\/hu\/wp-json\/wp\/v2\/product_cat?post=19006"},{"taxonomy":"product_tag","embeddable":true,"href":"https:\/\/zbranebudai.sk\/hu\/wp-json\/wp\/v2\/product_tag?post=19006"}],"curies":[{"name":"wp","href":"https:\/\/api.w.org\/{rel}","templated":true}]}}