{"id":19004,"date":"2026-01-13T23:42:11","date_gmt":"2026-01-13T21:42:11","guid":{"rendered":"https:\/\/zbranebudai.sk\/?post_type=product&#038;p=19004"},"modified":"2026-01-14T14:58:13","modified_gmt":"2026-01-14T12:58:13","slug":"deerhunter-lady-ella-driftwood-noi-polo","status":"publish","type":"product","link":"https:\/\/zbranebudai.sk\/hu\/product\/deerhunter-lady-ella-driftwood-damske-tricko\/","title":{"rendered":"Deerhunter Lady Ella - Driftwood n\u0151i p\u00f3l\u00f3"},"content":{"rendered":"<p><strong>Deerhunter Lady Ella - Driftwood n\u0151i p\u00f3l\u00f3<\/strong> puha \u00e9s puha pamutb\u00f3l k\u00e9sz\u00fclt, amely nagyon kellemes tapint\u00e1s\u00fa. Az elej\u00e9n egyedi log\u00f3 tal\u00e1lhat\u00f3. A p\u00f3l\u00f3 OEKO-TEX tan\u00fas\u00edtv\u00e1nnyal rendelkezik, amely a k\u00e1ros anyagokt\u00f3l mentes gy\u00e1rt\u00e1si folyamat form\u00e1j\u00e1ban garant\u00e1lja a min\u0151s\u00e9get.<\/p>\n<h2>Term\u00e9kle\u00edr\u00e1s<\/h2>\n<ul>\n<li>Sz\u00edn: 269 - Sodr\u00f3fa<\/li>\n<li>100 % pamut<\/li>\n<li>Aj\u00e1nlott mos\u00e1s: kiford\u00edtva, k\u00fcl\u00f6n moshat\u00f3<\/li>\n<li>Tan\u00fas\u00edt\u00e1s: OEKO-TEX<\/li>\n<\/ul>\n<p><strong>OEKO-TEX<\/strong> - a k\u00e1ros anyagokt\u00f3l mentes term\u00e9kek tan\u00fas\u00edt\u00e1sa. Az OEKO-TEX a vil\u00e1g vezet\u0151 eg\u00e9szs\u00e9g\u00fcgyi tan\u00fas\u00edt\u00e1sa minden textilterm\u00e9kre.<\/p>\n<h2>Term\u00e9k param\u00e9terek<\/h2>\n<ul>\n<li>OEKO-TEX tan\u00fas\u00edt\u00e1s<\/li>\n<li>Ide\u00e1lis mindennapi viselethez<\/li>\n<li>Puha \u00e9s k\u00e9nyelmes pamut<\/li>\n<li>Egyedi nyomtat\u00e1s az el\u00fcls\u0151 oldalon<\/li>\n<\/ul>","protected":false},"excerpt":{"rendered":"<p>A Deerhunter Lady Ella Driftwood n\u0151i p\u00f3l\u00f3 puha, 100% pamut anyagb\u00f3l k\u00e9sz\u00fcl, \u00edgy k\u00e9nyelmes mindennapi viseletet biztos\u00edt. OEKO-TEX tan\u00fas\u00edtv\u00e1nya \u00e9s az el\u00fcls\u0151 egyedi nyomat st\u00edlusos, biztons\u00e1gos v\u00e1laszt\u00e1ss\u00e1 teszi h\u00e9tk\u00f6znapokra \u00e9s szabadid\u0151re.<\/p>","protected":false},"featured_media":18884,"template":"","meta":{"_gspb_post_css":""},"product_brand":[],"product_cat":[2323],"product_tag":[2322,2362],"class_list":{"0":"post-19004","1":"product","2":"type-product","3":"status-publish","4":"has-post-thumbnail","6":"product_cat-kosele-a-tricka","7":"product_tag-deerhunter","8":"product_tag-lady-ella-driftwood","10":"first","11":"instock","12":"taxable","13":"shipping-taxable","14":"purchasable","15":"product-type-variable","16":"has-default-attributes"},"ct_brands":[],"_links":{"self":[{"href":"https:\/\/zbranebudai.sk\/hu\/wp-json\/wp\/v2\/product\/19004","targetHints":{"allow":["GET"]}}],"collection":[{"href":"https:\/\/zbranebudai.sk\/hu\/wp-json\/wp\/v2\/product"}],"about":[{"href":"https:\/\/zbranebudai.sk\/hu\/wp-json\/wp\/v2\/types\/product"}],"wp:featuredmedia":[{"embeddable":true,"href":"https:\/\/zbranebudai.sk\/hu\/wp-json\/wp\/v2\/media\/18884"}],"wp:attachment":[{"href":"https:\/\/zbranebudai.sk\/hu\/wp-json\/wp\/v2\/media?parent=19004"}],"wp:term":[{"taxonomy":"product_brand","embeddable":true,"href":"https:\/\/zbranebudai.sk\/hu\/wp-json\/wp\/v2\/product_brand?post=19004"},{"taxonomy":"product_cat","embeddable":true,"href":"https:\/\/zbranebudai.sk\/hu\/wp-json\/wp\/v2\/product_cat?post=19004"},{"taxonomy":"product_tag","embeddable":true,"href":"https:\/\/zbranebudai.sk\/hu\/wp-json\/wp\/v2\/product_tag?post=19004"}],"curies":[{"name":"wp","href":"https:\/\/api.w.org\/{rel}","templated":true}]}}