{"id":19003,"date":"2026-01-13T23:42:11","date_gmt":"2026-01-13T21:42:11","guid":{"rendered":"https:\/\/zbranebudai.sk\/?post_type=product&#038;p=19003"},"modified":"2026-01-15T11:38:59","modified_gmt":"2026-01-15T09:38:59","slug":"deerhunter-michael-red-ferfi-vadaszkes","status":"publish","type":"product","link":"https:\/\/zbranebudai.sk\/hu\/product\/deerhunter-michael-red-panska-lovecka-kosela\/","title":{"rendered":"Deerhunter Michael Red f\u00e9rfi vad\u00e1sz ing"},"content":{"rendered":"<p><strong>Deerhunter Michael Red f\u00e9rfi vad\u00e1sz ing<\/strong> egy k\u00e9nyelmes flanel ing. Anyagkombin\u00e1ci\u00f3b\u00f3l k\u00e9sz\u00fclt - 65 % poli\u00e9szter, 35 % pamut. Egy mellzsebbel rendelkezik. Az ing alkalmas vad\u00e1szatra, de laz\u00e1n is viselhet\u0151 farmerrel.<\/p>\n<h2>Term\u00e9kle\u00edr\u00e1s<\/h2>\n<ul>\n<li>Sz\u00edn: 499 - piros kock\u00e1s<\/li>\n<li>65 % poli\u00e9szter, 35 % pamut<\/li>\n<\/ul>\n<h2>Term\u00e9k param\u00e9terek<\/h2>\n<ul>\n<li>K\u00e9nyelem<\/li>\n<li>Egyszer\u0171s\u00e9g<\/li>\n<li>Garant\u00e1lt k\u00e9nyelem a teljes visel\u00e9si id\u0151 alatt<\/li>\n<li>Hasonl\u00f3 sz\u00ednekkel val\u00f3 mos\u00e1sra alkalmas<\/li>\n<li>Univerz\u00e1lis st\u00edlus<\/li>\n<\/ul>","protected":false},"excerpt":{"rendered":"<p>A Deerhunter Michael Red f\u00e9rfi vad\u00e1szing k\u00e9nyelmes flanel modell, 65% poli\u00e9szter \u00e9s 35% pamut anyag\u00f6sszet\u00e9tellel, piros kock\u00e1s mint\u00e1val. Egy mellzsebbel \u00e9s letisztult fazonnal vad\u00e1szathoz \u00e9s farmerrel viselve alkalmi mindennapi haszn\u00e1latra is ide\u00e1lis.<\/p>","protected":false},"featured_media":18882,"template":"","meta":{"_gspb_post_css":""},"product_brand":[],"product_cat":[2323],"product_tag":[2322,2361],"class_list":{"0":"post-19003","1":"product","2":"type-product","3":"status-publish","4":"has-post-thumbnail","6":"product_cat-kosele-a-tricka","7":"product_tag-deerhunter","8":"product_tag-michael-red","10":"first","11":"instock","12":"taxable","13":"shipping-taxable","14":"purchasable","15":"product-type-variable","16":"has-default-attributes"},"ct_brands":[],"_links":{"self":[{"href":"https:\/\/zbranebudai.sk\/hu\/wp-json\/wp\/v2\/product\/19003","targetHints":{"allow":["GET"]}}],"collection":[{"href":"https:\/\/zbranebudai.sk\/hu\/wp-json\/wp\/v2\/product"}],"about":[{"href":"https:\/\/zbranebudai.sk\/hu\/wp-json\/wp\/v2\/types\/product"}],"wp:featuredmedia":[{"embeddable":true,"href":"https:\/\/zbranebudai.sk\/hu\/wp-json\/wp\/v2\/media\/18882"}],"wp:attachment":[{"href":"https:\/\/zbranebudai.sk\/hu\/wp-json\/wp\/v2\/media?parent=19003"}],"wp:term":[{"taxonomy":"product_brand","embeddable":true,"href":"https:\/\/zbranebudai.sk\/hu\/wp-json\/wp\/v2\/product_brand?post=19003"},{"taxonomy":"product_cat","embeddable":true,"href":"https:\/\/zbranebudai.sk\/hu\/wp-json\/wp\/v2\/product_cat?post=19003"},{"taxonomy":"product_tag","embeddable":true,"href":"https:\/\/zbranebudai.sk\/hu\/wp-json\/wp\/v2\/product_tag?post=19003"}],"curies":[{"name":"wp","href":"https:\/\/api.w.org\/{rel}","templated":true}]}}