{"id":19001,"date":"2026-01-13T23:42:11","date_gmt":"2026-01-13T21:42:11","guid":{"rendered":"https:\/\/zbranebudai.sk\/?post_type=product&#038;p=19001"},"modified":"2026-01-14T15:08:51","modified_gmt":"2026-01-14T13:08:51","slug":"deerhunter-zold-barna-level-ferfi-ing-tamogato","status":"publish","type":"product","link":"https:\/\/zbranebudai.sk\/hu\/product\/deerhunter-green-brown-leaf-panska-suprava-triciek\/","title":{"rendered":"Deerhunter Green\/Brown Leaf f\u00e9rfi p\u00f3l\u00f3szett"},"content":{"rendered":"<p><strong>Deerhunter Green\/Brown Leaf f\u00e9rfi p\u00f3l\u00f3szett<\/strong> ide\u00e1lis v\u00e1laszt\u00e1s minden vad\u00e1sz \u00e9s term\u00e9szetbar\u00e1t sz\u00e1m\u00e1ra, aki \u00e9rt\u00e9keli a k\u00e9nyelmet, a min\u0151s\u00e9get \u00e9s a term\u00e9szetes kialak\u00edt\u00e1st. A szett k\u00e9t klasszikus r\u00f6vid ujj\u00fa p\u00f3l\u00f3t tartalmaz: egy f\u00f6ldz\u00f6ld \u00e9s egy barna sz\u00edn\u0171t, finom lev\u00e9lmint\u00e1val, amely a vad\u00e1szst\u00edlust hangs\u00falyozza. A p\u00f3l\u00f3k puha, l\u00e9g\u00e1tereszt\u0151 pamutb\u00f3l k\u00e9sz\u00fcltek, amely eg\u00e9sz nap garant\u00e1lja a k\u00e9nyelmet, ak\u00e1r terepen, ak\u00e1r a szabadban \u00e9lvezed a term\u00e9szetet. Klasszikus szab\u00e1suknak \u00e9s k\u00e9nyelmes anyaguknak k\u00f6sz\u00f6nhet\u0151en \u00f6nmagukban vagy pul\u00f3ver vagy kab\u00e1t alatt is viselhet\u0151k. Ezek a p\u00f3l\u00f3k az egyszer\u0171s\u00e9get, a funkcionalit\u00e1st \u00e9s a term\u00e9szetes megjelen\u00e9st \u00f6tv\u00f6zik - t\u00f6k\u00e9letesek a mindennapi viselethez, otthon, az erd\u0151ben vagy vad\u00e1szaton.<\/p>\n<h2>Term\u00e9kle\u00edr\u00e1s<\/h2>\n<ul>\n<li>Sz\u00edn: z\u00f6ld \/ barna lev\u00e9l<\/li>\n<li>100 % pamut<\/li>\n<li>Aj\u00e1nlott mos\u00e1s: 40 \u00b0C, kiford\u00edtva mosni, ne haszn\u00e1ljon l\u00e1gy\u00edt\u00f3t, ne feh\u00e9r\u00edtse, ne sz\u00e1r\u00edtsa sz\u00e1r\u00edt\u00f3g\u00e9pben, legfeljebb 150 \u00b0C-on vasalja.<\/li>\n<li>\u00c1pol\u00e1s: k\u00fcl\u00f6n mos\u00e1s, l\u00f3g\u00f3sz\u00e1r\u00edt\u00e1s, ne tiszt\u00edtsuk sz\u00e1razon.<\/li>\n<\/ul>\n<h2>Term\u00e9k param\u00e9terek<\/h2>\n<ul>\n<li>K\u00fcl\u00f6nleges csomagaj\u00e1nlat<\/li>\n<li>K\u00e9nyelmes pamut anyag<\/li>\n<li>Term\u00e9szetes sz\u00ednek<\/li>\n<li>Klasszikus szab\u00e1s finom mot\u00edvummal<\/li>\n<li>Sokoldal\u00fa haszn\u00e1lat<\/li>\n<\/ul>","protected":false},"excerpt":{"rendered":"<p>A Deerhunter Green\/Brown Leaf f\u00e9rfi p\u00f3l\u00f3szett k\u00e9t r\u00f6vid ujj\u00fa, puha pamut p\u00f3l\u00f3t tartalmaz z\u00f6ld \u00e9s barna, visszafogott lev\u00e9lmint\u00e1s kivitelben, amelyek k\u00e9nyelmes viseletet biztos\u00edtanak eg\u00e9sz nap. Klasszikus szab\u00e1suk \u00e9s term\u00e9szetes sz\u00edneik miatt mindennapi haszn\u00e1latra, szabadid\u0151s tev\u00e9kenys\u00e9gekhez \u00e9s vad\u00e1szathoz is ide\u00e1lisak.<\/p>","protected":false},"featured_media":19046,"template":"","meta":{"_gspb_post_css":""},"product_brand":[],"product_cat":[2323],"product_tag":[2322,2402],"class_list":{"0":"post-19001","1":"product","2":"type-product","3":"status-publish","4":"has-post-thumbnail","6":"product_cat-kosele-a-tricka","7":"product_tag-deerhunter","8":"product_tag-green-brown-leaf","10":"first","11":"instock","12":"taxable","13":"shipping-taxable","14":"purchasable","15":"product-type-variable","16":"has-default-attributes"},"ct_brands":[],"_links":{"self":[{"href":"https:\/\/zbranebudai.sk\/hu\/wp-json\/wp\/v2\/product\/19001","targetHints":{"allow":["GET"]}}],"collection":[{"href":"https:\/\/zbranebudai.sk\/hu\/wp-json\/wp\/v2\/product"}],"about":[{"href":"https:\/\/zbranebudai.sk\/hu\/wp-json\/wp\/v2\/types\/product"}],"wp:featuredmedia":[{"embeddable":true,"href":"https:\/\/zbranebudai.sk\/hu\/wp-json\/wp\/v2\/media\/19046"}],"wp:attachment":[{"href":"https:\/\/zbranebudai.sk\/hu\/wp-json\/wp\/v2\/media?parent=19001"}],"wp:term":[{"taxonomy":"product_brand","embeddable":true,"href":"https:\/\/zbranebudai.sk\/hu\/wp-json\/wp\/v2\/product_brand?post=19001"},{"taxonomy":"product_cat","embeddable":true,"href":"https:\/\/zbranebudai.sk\/hu\/wp-json\/wp\/v2\/product_cat?post=19001"},{"taxonomy":"product_tag","embeddable":true,"href":"https:\/\/zbranebudai.sk\/hu\/wp-json\/wp\/v2\/product_tag?post=19001"}],"curies":[{"name":"wp","href":"https:\/\/api.w.org\/{rel}","templated":true}]}}