{"id":18997,"date":"2026-01-13T23:42:10","date_gmt":"2026-01-13T21:42:10","guid":{"rendered":"https:\/\/zbranebudai.sk\/?post_type=product&#038;p=18997"},"modified":"2026-01-15T11:43:08","modified_gmt":"2026-01-15T09:43:08","slug":"deerhunter-logo-butternut-ferfi-polo","status":"publish","type":"product","link":"https:\/\/zbranebudai.sk\/hu\/product\/deerhunter-logo-butternut-panske-tricko\/","title":{"rendered":"Deerhunter Logo - Butternut f\u00e9rfi p\u00f3l\u00f3"},"content":{"rendered":"<p><strong>Deerhunter Logo - Butternut f\u00e9rfi p\u00f3l\u00f3<\/strong> egy klasszikus, de eleg\u00e1ns ruhadarab, amely minden alkalomra alkalmas. T\u00f6k\u00e9letesen illik a farmerhez. Viselheted vad\u00e1szaton, t\u00far\u00e1z\u00e1skor, munk\u00e1ba vagy a szabadid\u0151dben otthon. Kiv\u00e1l\u00f3 min\u0151s\u00e9g\u0171, 60 % pamut \u00e9s 40 % poli\u00e9szter kever\u00e9k\u00e9b\u0151l k\u00e9sz\u00fclt. B\u00fcszke tulajdonosa az OEKO-TEX tan\u00fas\u00edtv\u00e1nynak, amely igazolja, hogy az ing k\u00e1ros anyagok felhaszn\u00e1l\u00e1sa n\u00e9lk\u00fcl k\u00e9sz\u00fclt.<\/p>\n<h2>Term\u00e9kle\u00edr\u00e1s<\/h2>\n<ul>\n<li>Sz\u00edn: 347 - Butternut<\/li>\n<li>60 % pamut, 40 % poli\u00e9szter<\/li>\n<li>Aj\u00e1nlott mos\u00e1s: kiford\u00edtva, k\u00fcl\u00f6n moshat\u00f3<\/li>\n<li>Tan\u00fas\u00edt\u00e1s: OEKO-TEX<\/li>\n<\/ul>\n<p><strong>OEKO-TEX<\/strong> - a k\u00e1ros anyagokt\u00f3l mentes term\u00e9kek tan\u00fas\u00edt\u00e1sa. Az OEKO-TEX a vil\u00e1g vezet\u0151 eg\u00e9szs\u00e9g\u00fcgyi tan\u00fas\u00edt\u00e1sa minden textilterm\u00e9kre.<\/p>\n<h2>Term\u00e9k param\u00e9terek<\/h2>\n<ul>\n<li>OEKO-TEX tan\u00fas\u00edt\u00e1s<\/li>\n<li>St\u00edlusos p\u00f3l\u00f3 minden alkalomra<\/li>\n<li>Puha \u00e9s k\u00e9nyelmes anyag<\/li>\n<\/ul>","protected":false},"excerpt":{"rendered":"<p>A Deerhunter Logo Butternut f\u00e9rfi p\u00f3l\u00f3 klasszikus, m\u00e9gis st\u00edlusos darab, amely puha, k\u00e9nyelmes pamut\u2013poli\u00e9szter anyagb\u00f3l k\u00e9sz\u00fcl, \u00edgy vad\u00e1szathoz, t\u00far\u00e1z\u00e1shoz, munk\u00e1ba \u00e9s otthoni visel\u00e9sre is ide\u00e1lis. OEKO-TEX tan\u00fas\u00edtv\u00e1nya garant\u00e1lja, hogy k\u00e1ros anyagok felhaszn\u00e1l\u00e1sa n\u00e9lk\u00fcl gy\u00e1rtott\u00e1k.<\/p>","protected":false},"featured_media":19031,"template":"","meta":{"_gspb_post_css":""},"product_brand":[],"product_cat":[2323],"product_tag":[2322,2398],"class_list":{"0":"post-18997","1":"product","2":"type-product","3":"status-publish","4":"has-post-thumbnail","6":"product_cat-kosele-a-tricka","7":"product_tag-deerhunter","8":"product_tag-logo-butternut","10":"first","11":"instock","12":"taxable","13":"shipping-taxable","14":"purchasable","15":"product-type-variable","16":"has-default-attributes"},"ct_brands":[],"_links":{"self":[{"href":"https:\/\/zbranebudai.sk\/hu\/wp-json\/wp\/v2\/product\/18997","targetHints":{"allow":["GET"]}}],"collection":[{"href":"https:\/\/zbranebudai.sk\/hu\/wp-json\/wp\/v2\/product"}],"about":[{"href":"https:\/\/zbranebudai.sk\/hu\/wp-json\/wp\/v2\/types\/product"}],"wp:featuredmedia":[{"embeddable":true,"href":"https:\/\/zbranebudai.sk\/hu\/wp-json\/wp\/v2\/media\/19031"}],"wp:attachment":[{"href":"https:\/\/zbranebudai.sk\/hu\/wp-json\/wp\/v2\/media?parent=18997"}],"wp:term":[{"taxonomy":"product_brand","embeddable":true,"href":"https:\/\/zbranebudai.sk\/hu\/wp-json\/wp\/v2\/product_brand?post=18997"},{"taxonomy":"product_cat","embeddable":true,"href":"https:\/\/zbranebudai.sk\/hu\/wp-json\/wp\/v2\/product_cat?post=18997"},{"taxonomy":"product_tag","embeddable":true,"href":"https:\/\/zbranebudai.sk\/hu\/wp-json\/wp\/v2\/product_tag?post=18997"}],"curies":[{"name":"wp","href":"https:\/\/api.w.org\/{rel}","templated":true}]}}