{"id":18996,"date":"2026-01-13T23:42:10","date_gmt":"2026-01-13T21:42:10","guid":{"rendered":"https:\/\/zbranebudai.sk\/?post_type=product&#038;p=18996"},"modified":"2026-01-15T11:42:16","modified_gmt":"2026-01-15T09:42:16","slug":"deerhunter-lady-elena-zold-kockas-noi-talka","status":"publish","type":"product","link":"https:\/\/zbranebudai.sk\/hu\/product\/deerhunter-lady-elena-green-check-damska-kosela\/","title":{"rendered":"Deerhunter Lady Elena - Green Check n\u0151i ing"},"content":{"rendered":"<p><strong>Deerhunter Lady Elena - Green Check n\u0151i ing<\/strong> st\u00edlusos ruhadarab, amely minden alkalomra alkalmas. T\u00f6k\u00e9letes farmerrel. K\u00e9tir\u00e1ny\u00fa sztreccs anyagb\u00f3l k\u00e9sz\u00fclt, 97 % pamutb\u00f3l \u00e9s 3 % elaszt\u00e1nb\u00f3l. Egy mellzsebbel \u00e9s klasszikus kock\u00e1s mint\u00e1val rendelkezik.<\/p>\n<h2>Term\u00e9kle\u00edr\u00e1s<\/h2>\n<ul>\n<li>Sz\u00edn: 38053 - Z\u00f6ld kock\u00e1s<\/li>\n<li>97 % pamut, 3 % elaszt\u00e1n<\/li>\n<li>Zsebek sz\u00e1ma: 2<\/li>\n<li>Aj\u00e1nlott mos\u00e1s: hasonl\u00f3 sz\u00ednekkel moshat\u00f3<\/li>\n<\/ul>\n<h2>Term\u00e9k param\u00e9terek<\/h2>\n<ul>\n<li>2 t\u00e1gas mellzseb<\/li>\n<li>Klasszikus kock\u00e1s minta<\/li>\n<li>K\u00e9tir\u00e1ny\u00fa sztreccs anyag<\/li>\n<li>Alkalmas minden alkalomra<\/li>\n<\/ul>","protected":false},"excerpt":{"rendered":"<p>A Deerhunter Lady Elena Green Check n\u0151i ing klasszikus kock\u00e1s mint\u00e1j\u00fa, k\u00e9tir\u00e1ny\u00fa sztreccs pamut\u2013elaszt\u00e1n anyagb\u00f3l k\u00e9sz\u00fclt, amely k\u00e9nyelmes illeszked\u00e9st biztos\u00edt. K\u00e9t t\u00e1gas mellzseb\u00e9vel \u00e9s letisztult fazonj\u00e1val farmerral \u00e9s eleg\u00e1nsabb \u00f6ssze\u00e1ll\u00edt\u00e1sokhoz is j\u00f3l kombin\u00e1lhat\u00f3.<\/p>","protected":false},"featured_media":19029,"template":"","meta":{"_gspb_post_css":""},"product_brand":[],"product_cat":[2323],"product_tag":[2322,2397],"class_list":{"0":"post-18996","1":"product","2":"type-product","3":"status-publish","4":"has-post-thumbnail","6":"product_cat-kosele-a-tricka","7":"product_tag-deerhunter","8":"product_tag-lady-elena-green-check","10":"first","11":"instock","12":"taxable","13":"shipping-taxable","14":"purchasable","15":"product-type-variable","16":"has-default-attributes"},"ct_brands":[],"_links":{"self":[{"href":"https:\/\/zbranebudai.sk\/hu\/wp-json\/wp\/v2\/product\/18996","targetHints":{"allow":["GET"]}}],"collection":[{"href":"https:\/\/zbranebudai.sk\/hu\/wp-json\/wp\/v2\/product"}],"about":[{"href":"https:\/\/zbranebudai.sk\/hu\/wp-json\/wp\/v2\/types\/product"}],"wp:featuredmedia":[{"embeddable":true,"href":"https:\/\/zbranebudai.sk\/hu\/wp-json\/wp\/v2\/media\/19029"}],"wp:attachment":[{"href":"https:\/\/zbranebudai.sk\/hu\/wp-json\/wp\/v2\/media?parent=18996"}],"wp:term":[{"taxonomy":"product_brand","embeddable":true,"href":"https:\/\/zbranebudai.sk\/hu\/wp-json\/wp\/v2\/product_brand?post=18996"},{"taxonomy":"product_cat","embeddable":true,"href":"https:\/\/zbranebudai.sk\/hu\/wp-json\/wp\/v2\/product_cat?post=18996"},{"taxonomy":"product_tag","embeddable":true,"href":"https:\/\/zbranebudai.sk\/hu\/wp-json\/wp\/v2\/product_tag?post=18996"}],"curies":[{"name":"wp","href":"https:\/\/api.w.org\/{rel}","templated":true}]}}