{"id":18995,"date":"2026-01-13T23:42:10","date_gmt":"2026-01-13T21:42:10","guid":{"rendered":"https:\/\/zbranebudai.sk\/?post_type=product&#038;p=18995"},"modified":"2026-01-15T11:41:41","modified_gmt":"2026-01-15T09:41:41","slug":"deerhunter-james-brown-check-vadaszdarda","status":"publish","type":"product","link":"https:\/\/zbranebudai.sk\/hu\/product\/deerhunter-james-brown-check-lovecka-kosela\/","title":{"rendered":"Deerhunter James - Brown Check f\u00e9rfi vad\u00e1szing"},"content":{"rendered":"<p><strong>Deerhunter James - Brown Check f\u00e9rfi vad\u00e1szing<\/strong> friss\u00edt\u0151 v\u00e1ltoz\u00e1st k\u00edn\u00e1l kock\u00e1s mint\u00e1zat\u00e1nak k\u00f6sz\u00f6nhet\u0151en. A klasszikus pamutmodellt el\u00fcls\u0151 p\u00e1ntzsebekkel, cipz\u00e1ras zsebbel \u00e9s a k\u00f6ny\u00f6kn\u00e9l tal\u00e1lhat\u00f3 vel\u00far meger\u0151s\u00edt\u00e9sekkel eg\u00e9sz\u00edtik ki.<\/p>\n<h2>Term\u00e9kle\u00edr\u00e1s<\/h2>\n<ul>\n<li>Sz\u00edn: 8934 - Barna kock\u00e1s<\/li>\n<li>100 % pamut<\/li>\n<li>Aj\u00e1nlott mos\u00e1s: 40 \u00b0C, ne feh\u00e9r\u00edtse, ne sz\u00e1r\u00edtsa sz\u00e1r\u00edt\u00f3g\u00e9pben, vasalja max. 150 \u00b0C-on.<\/li>\n<li>\u00c1pol\u00e1s: mos\u00e1s hasonl\u00f3 sz\u00ednekkel<\/li>\n<\/ul>\n<h2>Term\u00e9k param\u00e9terek<\/h2>\n<ul>\n<li>Nyak\u00f6rv rejtett r\u00f6gz\u00edt\u00e9ssel<\/li>\n<li>Szarvasb\u0151r k\u00f6ny\u00f6k<\/li>\n<li>Modern megjelen\u00e9s<\/li>\n<\/ul>","protected":false},"excerpt":{"rendered":"<p>A Deerhunter James Brown Check f\u00e9rfi vad\u00e1szing 100% pamut anyagb\u00f3l k\u00e9sz\u00fcl, barna kock\u00e1s mint\u00e1val \u00e9s modern megjelen\u00e9ssel. Rejtett r\u00f6gz\u00edt\u00e9s\u0171 gall\u00e9rja, vel\u00far k\u00f6ny\u00f6ker\u0151s\u00edt\u00e9sei \u00e9s praktikus zsebei k\u00e9nyelmes, m\u00e9gis eleg\u00e1ns viseletet k\u00edn\u00e1lnak vad\u00e1szathoz \u00e9s mindennapokra.<\/p>","protected":false},"featured_media":19027,"template":"","meta":{"_gspb_post_css":""},"product_brand":[],"product_cat":[2323],"product_tag":[2322,2396],"class_list":{"0":"post-18995","1":"product","2":"type-product","3":"status-publish","4":"has-post-thumbnail","6":"product_cat-kosele-a-tricka","7":"product_tag-deerhunter","8":"product_tag-james-brown-check","10":"first","11":"instock","12":"taxable","13":"shipping-taxable","14":"purchasable","15":"product-type-variable","16":"has-default-attributes"},"ct_brands":[],"_links":{"self":[{"href":"https:\/\/zbranebudai.sk\/hu\/wp-json\/wp\/v2\/product\/18995","targetHints":{"allow":["GET"]}}],"collection":[{"href":"https:\/\/zbranebudai.sk\/hu\/wp-json\/wp\/v2\/product"}],"about":[{"href":"https:\/\/zbranebudai.sk\/hu\/wp-json\/wp\/v2\/types\/product"}],"wp:featuredmedia":[{"embeddable":true,"href":"https:\/\/zbranebudai.sk\/hu\/wp-json\/wp\/v2\/media\/19027"}],"wp:attachment":[{"href":"https:\/\/zbranebudai.sk\/hu\/wp-json\/wp\/v2\/media?parent=18995"}],"wp:term":[{"taxonomy":"product_brand","embeddable":true,"href":"https:\/\/zbranebudai.sk\/hu\/wp-json\/wp\/v2\/product_brand?post=18995"},{"taxonomy":"product_cat","embeddable":true,"href":"https:\/\/zbranebudai.sk\/hu\/wp-json\/wp\/v2\/product_cat?post=18995"},{"taxonomy":"product_tag","embeddable":true,"href":"https:\/\/zbranebudai.sk\/hu\/wp-json\/wp\/v2\/product_tag?post=18995"}],"curies":[{"name":"wp","href":"https:\/\/api.w.org\/{rel}","templated":true}]}}