{"id":18994,"date":"2026-01-13T23:42:10","date_gmt":"2026-01-13T21:42:10","guid":{"rendered":"https:\/\/zbranebudai.sk\/?post_type=product&#038;p=18994"},"modified":"2026-01-15T11:41:17","modified_gmt":"2026-01-15T09:41:17","slug":"deerhunter-marvin-green-ferfi-fel-szoknya","status":"publish","type":"product","link":"https:\/\/zbranebudai.sk\/hu\/product\/deerhunter-marvin-green-panska-polovnicka-kosela\/","title":{"rendered":"Deerhunter Marvin Green f\u00e9rfi vad\u00e1sz ing"},"content":{"rendered":"<p><strong>Deerhunter Marvin Green f\u00e9rfi vad\u00e1sz ing<\/strong> egy k\u00e9nyelmes flanel ing. Kiv\u00e1l\u00f3 min\u0151s\u00e9g\u0171 pamutsz\u00f6vetb\u0151l k\u00e9sz\u00fclt. K\u00e9t mellzsebbel rendelkezik. Az ing alkalmas vad\u00e1szatra, de laz\u00e1n is viselhet\u0151 farmerrel.<\/p>\n<h2>Term\u00e9kle\u00edr\u00e1s<\/h2>\n<ul>\n<li>Sz\u00edn: z\u00f6ld<\/li>\n<li>M\u00e9retek: 37\/38, 39\/40, 41\/42, 43\/44, 45\/46, 47\/48, 45\/46, 47\/48<\/li>\n<li>100 % pamut<\/li>\n<\/ul>\n<h2>Term\u00e9k param\u00e9terek<\/h2>\n<ul>\n<li>K\u00e9nyelem<\/li>\n<li>2 el\u00fcls\u0151 zseb<\/li>\n<li>Egyszer\u0171s\u00e9g<\/li>\n<li>Garant\u00e1lt k\u00e9nyelem a teljes visel\u00e9si id\u0151 alatt<\/li>\n<li>Hasonl\u00f3 sz\u00ednekkel val\u00f3 mos\u00e1sra alkalmas<\/li>\n<\/ul>","protected":false},"excerpt":{"rendered":"<p>A Deerhunter Marvin Green f\u00e9rfi vad\u00e1szing egy k\u00e9nyelmes, 100 % pamutb\u00f3l k\u00e9sz\u00fclt flanel ing, amely alkalmas vad\u00e1szatra \u00e9s alkalmi viseletre farmerrel. K\u00e9t mellzsebbel \u00e9s k\u00f6nny\u0171 szab\u00e1ssal rendelkezik, hogy eg\u00e9sz nap k\u00e9nyelmes legyen.<\/p>","protected":false},"featured_media":19025,"template":"","meta":{"_gspb_post_css":""},"product_brand":[],"product_cat":[2323],"product_tag":[2322,2395],"class_list":{"0":"post-18994","1":"product","2":"type-product","3":"status-publish","4":"has-post-thumbnail","6":"product_cat-kosele-a-tricka","7":"product_tag-deerhunter","8":"product_tag-marvin-green","10":"first","11":"instock","12":"taxable","13":"shipping-taxable","14":"purchasable","15":"product-type-variable","16":"has-default-attributes"},"ct_brands":[],"_links":{"self":[{"href":"https:\/\/zbranebudai.sk\/hu\/wp-json\/wp\/v2\/product\/18994","targetHints":{"allow":["GET"]}}],"collection":[{"href":"https:\/\/zbranebudai.sk\/hu\/wp-json\/wp\/v2\/product"}],"about":[{"href":"https:\/\/zbranebudai.sk\/hu\/wp-json\/wp\/v2\/types\/product"}],"wp:featuredmedia":[{"embeddable":true,"href":"https:\/\/zbranebudai.sk\/hu\/wp-json\/wp\/v2\/media\/19025"}],"wp:attachment":[{"href":"https:\/\/zbranebudai.sk\/hu\/wp-json\/wp\/v2\/media?parent=18994"}],"wp:term":[{"taxonomy":"product_brand","embeddable":true,"href":"https:\/\/zbranebudai.sk\/hu\/wp-json\/wp\/v2\/product_brand?post=18994"},{"taxonomy":"product_cat","embeddable":true,"href":"https:\/\/zbranebudai.sk\/hu\/wp-json\/wp\/v2\/product_cat?post=18994"},{"taxonomy":"product_tag","embeddable":true,"href":"https:\/\/zbranebudai.sk\/hu\/wp-json\/wp\/v2\/product_tag?post=18994"}],"curies":[{"name":"wp","href":"https:\/\/api.w.org\/{rel}","templated":true}]}}