{"id":18993,"date":"2026-01-13T23:42:10","date_gmt":"2026-01-13T21:42:10","guid":{"rendered":"https:\/\/zbranebudai.sk\/?post_type=product&#038;p=18993"},"modified":"2026-01-14T16:37:12","modified_gmt":"2026-01-14T14:37:12","slug":"deerhunter-chamois-erdo-zold-ferfi-rovid-ujju-polo","status":"publish","type":"product","link":"https:\/\/zbranebudai.sk\/hu\/product\/deerhunter-chamois-forest-green-panske-tricko-s-kratkymi-rukavmi\/","title":{"rendered":"Deerhunter Chamois Forest Green r\u00f6vid ujj\u00fa f\u00e9rfi p\u00f3lo"},"content":{"rendered":"<p><strong>Deerhunter Chamois Forest Green r\u00f6vid ujj\u00fa f\u00e9rfi p\u00f3lo<\/strong> ide\u00e1lis v\u00e1laszt\u00e1s minden olyan f\u00e9rfi sz\u00e1m\u00e1ra, aki \u00e9rt\u00e9keli a funkcion\u00e1lis, m\u00e9gis k\u00e9nyelmes ruh\u00e1zatot a term\u00e9szetben val\u00f3 s\u00e9t\u00e1hoz, vad\u00e1szathoz vagy mindennapi viselethez. Letisztult, praktikus kialak\u00edt\u00e1sa \u00e9s kiv\u00e1l\u00f3 min\u0151s\u00e9g\u0171 anyaga megb\u00edzhat\u00f3 t\u00e1rss\u00e1 teszi a szabadt\u00e9ri \u00e9s szabadid\u0151s tev\u00e9kenys\u00e9gekhez. A klasszikus szab\u00e1s \u00e9s a k\u00e9nyelmes anyag garant\u00e1lja az eg\u00e9sz napos k\u00e9nyelmet a mozg\u00e1s k\u00f6zben. A p\u00f3l\u00f3 egyik f\u0151 el\u0151nye a n\u00e9gyszeres elaszticit\u00e1s, amely korl\u00e1toz\u00e1sok n\u00e9lk\u00fcli szabad mozg\u00e1st tesz lehet\u0151v\u00e9. A SILVADUR\u2122 szagtalan\u00edt\u00f3 technol\u00f3gia egy intelligens antimikrobi\u00e1lis sz\u00f6vet, amely hat\u00e9konyan megakad\u00e1lyozza a kellemetlen szagokat, \u00e9s minden mos\u00e1s ut\u00e1n hosszabb ideig frissen \u00e9s illatosan tartja a sz\u00f6vetet. A p\u00f3l\u00f3 k\u00f6nny\u0171, gyorsan sz\u00e1rad\u00f3 \u00e9s k\u00f6nnyen \u00e1polhat\u00f3 - t\u00f6k\u00e9letes v\u00e1laszt\u00e1s minden akt\u00edv f\u00e9rfi sz\u00e1m\u00e1ra.<\/p>\n<h2>Term\u00e9kle\u00edr\u00e1s<\/h2>\n<ul>\n<li>Sz\u00edn: Erdei z\u00f6ld<\/li>\n<li>100 % poli\u00e9szter<\/li>\n<li>Aj\u00e1nlott mos\u00e1s: 40 \u00b0C, kiford\u00edtva mosni, ne haszn\u00e1ljon l\u00e1gy\u00edt\u00f3t, ne feh\u00e9r\u00edtse, ne sz\u00e1r\u00edtsa sz\u00e1r\u00edt\u00f3g\u00e9pben, legfeljebb 110 \u00b0C-on vasalja.<\/li>\n<li>\u00c1pol\u00e1s: mos\u00e1s hasonl\u00f3 sz\u00ednekkel, l\u00f3g\u00f3sz\u00e1r\u00edt\u00e1s, ne tiszt\u00edtsuk sz\u00e1razon.<\/li>\n<\/ul>\n<h2>Term\u00e9k param\u00e9terek<\/h2>\n<ul>\n<li>Alkalmazkod\u00f3 \u00e9s k\u00e9nyelmes illeszked\u00e9s<\/li>\n<li>L\u00e9g\u00e1tereszt\u0151 sz\u00f6vet<\/li>\n<li>SILVADUR\u2122 technol\u00f3gia<\/li>\n<li>OEKO-TEX\u00ae tan\u00fas\u00edtv\u00e1ny<\/li>\n<\/ul>","protected":false},"excerpt":{"rendered":"<p>A Deerhunter Chamois Forest Green r\u00f6vid ujj\u00fa f\u00e9rfi p\u00f3lo gyorsan sz\u00e1rad\u00f3, n\u00e9gyir\u00e1ny\u00fa stretch anyagb\u00f3l k\u00e9sz\u00fcl, amely szabad mozg\u00e1st \u00e9s eg\u00e9sz napos k\u00e9nyelmet biztos\u00edt. SILVADUR\u2122 szagellenes technol\u00f3gi\u00e1ja \u00e9s OEKO-TEX\u00ae tan\u00fas\u00edtv\u00e1nya miatt ide\u00e1lis v\u00e1laszt\u00e1s t\u00far\u00e1z\u00e1shoz, vad\u00e1szathoz \u00e9s mindennapi akt\u00edv viselethez.<\/p>","protected":false},"featured_media":19023,"template":"","meta":{"_gspb_post_css":""},"product_brand":[],"product_cat":[2323],"product_tag":[2394,2322],"class_list":{"0":"post-18993","1":"product","2":"type-product","3":"status-publish","4":"has-post-thumbnail","6":"product_cat-kosele-a-tricka","7":"product_tag-chamois","8":"product_tag-deerhunter","10":"first","11":"instock","12":"taxable","13":"shipping-taxable","14":"purchasable","15":"product-type-variable","16":"has-default-attributes"},"ct_brands":[],"_links":{"self":[{"href":"https:\/\/zbranebudai.sk\/hu\/wp-json\/wp\/v2\/product\/18993","targetHints":{"allow":["GET"]}}],"collection":[{"href":"https:\/\/zbranebudai.sk\/hu\/wp-json\/wp\/v2\/product"}],"about":[{"href":"https:\/\/zbranebudai.sk\/hu\/wp-json\/wp\/v2\/types\/product"}],"wp:featuredmedia":[{"embeddable":true,"href":"https:\/\/zbranebudai.sk\/hu\/wp-json\/wp\/v2\/media\/19023"}],"wp:attachment":[{"href":"https:\/\/zbranebudai.sk\/hu\/wp-json\/wp\/v2\/media?parent=18993"}],"wp:term":[{"taxonomy":"product_brand","embeddable":true,"href":"https:\/\/zbranebudai.sk\/hu\/wp-json\/wp\/v2\/product_brand?post=18993"},{"taxonomy":"product_cat","embeddable":true,"href":"https:\/\/zbranebudai.sk\/hu\/wp-json\/wp\/v2\/product_cat?post=18993"},{"taxonomy":"product_tag","embeddable":true,"href":"https:\/\/zbranebudai.sk\/hu\/wp-json\/wp\/v2\/product_tag?post=18993"}],"curies":[{"name":"wp","href":"https:\/\/api.w.org\/{rel}","templated":true}]}}