{"id":18992,"date":"2026-01-13T23:42:10","date_gmt":"2026-01-13T21:42:10","guid":{"rendered":"https:\/\/zbranebudai.sk\/?post_type=product&#038;p=18992"},"modified":"2026-01-14T16:33:06","modified_gmt":"2026-01-14T14:33:06","slug":"deerhunter-lady-rovarirto-kapribogyo-noi-camisole","status":"publish","type":"product","link":"https:\/\/zbranebudai.sk\/hu\/product\/deerhunter-lady-anti-insect-capers-damska-kosela\/","title":{"rendered":"Deerhunter Lady Anti-Insect - Capers n\u0151i ing, rovarv\u00e9delem"},"content":{"rendered":"<p><strong>Deerhunter Lady Anti-Insect - Capers n\u0151i ing, rovarv\u00e9delem<\/strong> az ide\u00e1lis kieg\u00e9sz\u00edt\u0151, amikor a sz\u00far\u00f3s rovarok megjelennek. Alkalmas visel\u00e9s\u00e9re a tavaszi \u00e9s ny\u00e1ri h\u00f3napokban, amikor ezek a rovarok a legelterjedtebbek. A hat\u00e9kony HHL - Vital Protection technol\u00f3gia hat\u00e9konyan megakad\u00e1lyozza, hogy ezek a kellemetlen t\u00e1rsak behatoljanak az emberi b\u0151rbe. A p\u00f3l\u00f3 kiv\u00e1l\u00f3 min\u0151s\u00e9g\u0171 anyagokb\u00f3l k\u00e9sz\u00fclt, amelyek biztos\u00edtj\u00e1k a k\u00f6nny\u0171s\u00e9get, a l\u00e9g\u00e1tereszt\u0151 k\u00e9pess\u00e9get \u00e9s a testhez simul\u00f3 puha illeszked\u00e9st. A szell\u0151z\u0151h\u00e1l\u00f3 biztos\u00edtja a folyamatos szell\u0151z\u00e9st. Gombokkal z\u00e1r\u00f3dik. Az ing elej\u00e9n k\u00e9t t\u00e1gas, cipz\u00e1ras zsebbel \u00e9s az ujjak felt\u0171r\u00e9s\u00e9re szolg\u00e1l\u00f3 \u00f6vvel rendelkezik. Az ing OEKO-TEX tan\u00fas\u00edtv\u00e1nnyal rendelkezik, ami azt jelenti, hogy \u201ek\u00e1ros anyagokat nem tartalmaz\u00f3\u201c c\u00edmk\u00e9vel b\u00fcszk\u00e9lkedhet.<\/p>\n<h2>Term\u00e9kle\u00edr\u00e1s<\/h2>\n<ul>\n<li>Sz\u00edn: 326 - Kapribogy\u00f3<\/li>\n<li>Anyag: 92 % poliamid \/ 8 % elaszt\u00e1n, 0 g\/m2<\/li>\n<li>L\u00e9legz\u0151: igen<\/li>\n<li>V\u00edz\u00e1ll\u00f3s\u00e1g: igen<\/li>\n<li>V\u00e9delem: sz\u00fanyogok, kullancsok, hangy\u00e1k, legyek.<\/li>\n<li>V\u00e9delmi hat\u00e9konys\u00e1g: 20 mos\u00e1s ut\u00e1n legal\u00e1bb 60 % v\u00e9delem marad meg.<\/li>\n<li>Aj\u00e1nlott mos\u00e1s: ne haszn\u00e1ljon l\u00e1gy\u00edt\u00f3t, hasonl\u00f3 sz\u00ednekkel mossa.<\/li>\n<li>Tan\u00fas\u00edt\u00e1s: OEKO-TEX<\/li>\n<li>Technol\u00f3gia: HHL - Vital Protection Technology<\/li>\n<\/ul>\n<p><strong>OEKO-TEX<\/strong> - a k\u00e1ros anyagokt\u00f3l mentes term\u00e9kek tan\u00fas\u00edt\u00e1sa. Az OEKO-TEX a vil\u00e1g vezet\u0151 eg\u00e9szs\u00e9g\u00fcgyi tan\u00fas\u00edt\u00e1sa minden textilterm\u00e9kre.<\/p>\n<p><strong>HHL - Vital Protection Technology<\/strong> - egy rendk\u00edv\u00fcl hat\u00e9kony technol\u00f3gia, amely v\u00e9delmet ny\u00fajt a rovarok ellen. Elnyomja (elnyomja) az anyagroml\u00e1st okoz\u00f3 szagokat \u00e9s bakt\u00e9riumokat is.<\/p>\n<h2>Term\u00e9k param\u00e9terek<\/h2>\n<ul>\n<li>OEKO-TEX tan\u00fas\u00edt\u00e1s<\/li>\n<li>HHL technol\u00f3gia - fontos v\u00e9delem<\/li>\n<li>Magas fok\u00fa v\u00e9delem a cs\u00edp\u0151s rovarok ellen<\/li>\n<li>L\u00e9legz\u0151k\u00e9pess\u00e9g<\/li>\n<li>V\u00edz\u00e1ll\u00f3s\u00e1g<\/li>\n<\/ul>","protected":false},"excerpt":{"rendered":"<p>A Deerhunter Lady Anti-Insect Capers n\u0151i ing k\u00f6nny\u0171, l\u00e9g\u00e1tereszt\u0151 \u00e9s v\u00edz\u00e1ll\u00f3 anyagb\u00f3l k\u00e9sz\u00fcl, HHL Vital Protection technol\u00f3gi\u00e1val, amely hat\u00e9kony v\u00e9delmet ny\u00fajt sz\u00fanyogok, kullancsok, hangy\u00e1k \u00e9s legyek ellen. OEKO-TEX tan\u00fas\u00edtv\u00e1nya \u00e9s k\u00e9nyelmes kialak\u00edt\u00e1sa miatt ide\u00e1lis v\u00e1laszt\u00e1s tavaszi \u00e9s ny\u00e1ri szabadt\u00e9ri tev\u00e9kenys\u00e9gekhez.<\/p>","protected":false},"featured_media":19021,"template":"","meta":{"_gspb_post_css":""},"product_brand":[],"product_cat":[2323],"product_tag":[2322,2393],"class_list":{"0":"post-18992","1":"product","2":"type-product","3":"status-publish","4":"has-post-thumbnail","6":"product_cat-kosele-a-tricka","7":"product_tag-deerhunter","8":"product_tag-lady-anti-insect-capers","10":"first","11":"instock","12":"taxable","13":"shipping-taxable","14":"purchasable","15":"product-type-variable","16":"has-default-attributes"},"ct_brands":[],"_links":{"self":[{"href":"https:\/\/zbranebudai.sk\/hu\/wp-json\/wp\/v2\/product\/18992","targetHints":{"allow":["GET"]}}],"collection":[{"href":"https:\/\/zbranebudai.sk\/hu\/wp-json\/wp\/v2\/product"}],"about":[{"href":"https:\/\/zbranebudai.sk\/hu\/wp-json\/wp\/v2\/types\/product"}],"wp:featuredmedia":[{"embeddable":true,"href":"https:\/\/zbranebudai.sk\/hu\/wp-json\/wp\/v2\/media\/19021"}],"wp:attachment":[{"href":"https:\/\/zbranebudai.sk\/hu\/wp-json\/wp\/v2\/media?parent=18992"}],"wp:term":[{"taxonomy":"product_brand","embeddable":true,"href":"https:\/\/zbranebudai.sk\/hu\/wp-json\/wp\/v2\/product_brand?post=18992"},{"taxonomy":"product_cat","embeddable":true,"href":"https:\/\/zbranebudai.sk\/hu\/wp-json\/wp\/v2\/product_cat?post=18992"},{"taxonomy":"product_tag","embeddable":true,"href":"https:\/\/zbranebudai.sk\/hu\/wp-json\/wp\/v2\/product_tag?post=18992"}],"curies":[{"name":"wp","href":"https:\/\/api.w.org\/{rel}","templated":true}]}}