{"id":18991,"date":"2026-01-13T23:42:10","date_gmt":"2026-01-13T21:42:10","guid":{"rendered":"https:\/\/zbranebudai.sk\/?post_type=product&#038;p=18991"},"modified":"2026-01-15T11:41:02","modified_gmt":"2026-01-15T09:41:02","slug":"deerhunter-kyle-green-check-ferfi-felnoi-cutlass","status":"publish","type":"product","link":"https:\/\/zbranebudai.sk\/hu\/product\/deerhunter-kyle-green-check-panska-polovnicka-kosela\/","title":{"rendered":"Deerhunter Kyle - Green Check f\u00e9rfi vad\u00e1sz ing"},"content":{"rendered":"<p><strong>Deerhunter Kyle - Green Check f\u00e9rfi vad\u00e1sz ing<\/strong> kiv\u00e1l\u00f3 kieg\u00e9sz\u00edt\u0151 minden vad\u00e1sz sz\u00e1m\u00e1ra, de alkalmi viselethez, munkahelyi vagy c\u00e9ges rendezv\u00e9nyekre is. Az ing k\u00e9nyelmes viselet. Gombos mellzsebbel rendelkezik. Klasszikus megjelen\u00e9s\u00e9nek k\u00f6sz\u00f6nhet\u0151en t\u00f6k\u00e9letesen illik a farmerhez.<\/p>\n<h2>Term\u00e9kle\u00edr\u00e1s<\/h2>\n<ul>\n<li>Sz\u00edn: z\u00f6ld-barna, kock\u00e1s<\/li>\n<li>M\u00e9retek: 39\/40 41\/42 43\/44 45\/46 47\/48<\/li>\n<li>97 % pamut \/ 3 % elaszt\u00e1n<\/li>\n<\/ul>\n<h2>Term\u00e9k param\u00e9terek<\/h2>\n<ul>\n<li>K\u00e9nyelmes viselet<\/li>\n<li>Mellzseb<\/li>\n<li>Klasszikus megjelen\u00e9s<\/li>\n<\/ul>","protected":false},"excerpt":{"rendered":"<p>A Deerhunter Kyle Green Check f\u00e9rfi vad\u00e1szing k\u00e9nyelmes, rugalmas pamut\u2013elaszt\u00e1n anyagb\u00f3l k\u00e9sz\u00fcl, klasszikus z\u00f6ld-barna kock\u00e1s mint\u00e1val. Gombos mellzseb\u00e9vel \u00e9s letisztult szab\u00e1s\u00e1val vad\u00e1szathoz, munk\u00e1ba \u00e9s alkalmi viseletre is megfelel\u0151 v\u00e1laszt\u00e1s.<\/p>","protected":false},"featured_media":19019,"template":"","meta":{"_gspb_post_css":""},"product_brand":[],"product_cat":[2323],"product_tag":[2322,2392],"class_list":{"0":"post-18991","1":"product","2":"type-product","3":"status-publish","4":"has-post-thumbnail","6":"product_cat-kosele-a-tricka","7":"product_tag-deerhunter","8":"product_tag-kyle-green-check","10":"first","11":"instock","12":"taxable","13":"shipping-taxable","14":"purchasable","15":"product-type-variable","16":"has-default-attributes"},"ct_brands":[],"_links":{"self":[{"href":"https:\/\/zbranebudai.sk\/hu\/wp-json\/wp\/v2\/product\/18991","targetHints":{"allow":["GET"]}}],"collection":[{"href":"https:\/\/zbranebudai.sk\/hu\/wp-json\/wp\/v2\/product"}],"about":[{"href":"https:\/\/zbranebudai.sk\/hu\/wp-json\/wp\/v2\/types\/product"}],"wp:featuredmedia":[{"embeddable":true,"href":"https:\/\/zbranebudai.sk\/hu\/wp-json\/wp\/v2\/media\/19019"}],"wp:attachment":[{"href":"https:\/\/zbranebudai.sk\/hu\/wp-json\/wp\/v2\/media?parent=18991"}],"wp:term":[{"taxonomy":"product_brand","embeddable":true,"href":"https:\/\/zbranebudai.sk\/hu\/wp-json\/wp\/v2\/product_brand?post=18991"},{"taxonomy":"product_cat","embeddable":true,"href":"https:\/\/zbranebudai.sk\/hu\/wp-json\/wp\/v2\/product_cat?post=18991"},{"taxonomy":"product_tag","embeddable":true,"href":"https:\/\/zbranebudai.sk\/hu\/wp-json\/wp\/v2\/product_tag?post=18991"}],"curies":[{"name":"wp","href":"https:\/\/api.w.org\/{rel}","templated":true}]}}