{"id":18989,"date":"2026-01-13T23:42:10","date_gmt":"2026-01-13T21:42:10","guid":{"rendered":"https:\/\/zbranebudai.sk\/?post_type=product&#038;p=18989"},"modified":"2026-01-15T11:39:59","modified_gmt":"2026-01-15T09:39:59","slug":"deerhunter-henry-green-check-ferfi-feltakaro","status":"publish","type":"product","link":"https:\/\/zbranebudai.sk\/hu\/product\/deerhunter-henry-green-check-panska-polovnicka-kosela\/","title":{"rendered":"Deerhunter Henry - Green Check f\u00e9rfi vad\u00e1szing"},"content":{"rendered":"<p><strong>Deerhunter Henry - Green Check f\u00e9rfi vad\u00e1szing<\/strong> ide\u00e1lis v\u00e1laszt\u00e1s csal\u00e1di \u00fcnneps\u00e9gekhez vagy bar\u00e1ti \u00f6sszej\u00f6vetelekhez. Pamut \u00e9s elaszt\u00e1n kever\u00e9k\u00e9b\u0151l k\u00e9sz\u00fclt, \u00e9s testre szabott szab\u00e1sa nem korl\u00e1tozza a mozg\u00e1st semmilyen tev\u00e9kenys\u00e9g sor\u00e1n. Az egyszer\u0171 kialak\u00edt\u00e1st mellzseb \u00e9s gombos gall\u00e9r eg\u00e9sz\u00edti ki.<\/p>\n<h2>Term\u00e9kle\u00edr\u00e1s<\/h2>\n<ul>\n<li>Sz\u00edn: 8992 - z\u00f6ld kock\u00e1s<\/li>\n<li>97 % pamut, 3 % elaszt\u00e1n<\/li>\n<li>Aj\u00e1nlott mos\u00e1s: 40 \u00b0C, ne feh\u00e9r\u00edtse, ne sz\u00e1r\u00edtsa sz\u00e1r\u00edt\u00f3g\u00e9pben, vasalja max. 150 \u00b0C-on.<\/li>\n<li>\u00c1pol\u00e1s: mos\u00e1s hasonl\u00f3 sz\u00ednekkel<\/li>\n<\/ul>\n<h2>Term\u00e9k param\u00e9terek<\/h2>\n<ul>\n<li>Gombos ing<\/li>\n<li>Mellzseb<\/li>\n<\/ul>","protected":false},"excerpt":{"rendered":"<p>A Deerhunter Henry Green Check f\u00e9rfi vad\u00e1szing rugalmas pamut\u2013elaszt\u00e1n anyagb\u00f3l \u00e9s k\u00e9nyelmes szab\u00e1ssal k\u00e9sz\u00fcl, \u00edgy nem korl\u00e1tozza a mozg\u00e1st csal\u00e1di vagy bar\u00e1ti \u00f6sszej\u00f6veteleken sem. Klasszikus z\u00f6ld kock\u00e1s mint\u00e1ja, mellzsebe \u00e9s gombos gall\u00e9rja egyszer\u0171, m\u00e9gis st\u00edlusos megjelen\u00e9st ad.<\/p>","protected":false},"featured_media":18714,"template":"","meta":{"_gspb_post_css":""},"product_brand":[],"product_cat":[2323],"product_tag":[2322,2390],"class_list":{"0":"post-18989","1":"product","2":"type-product","3":"status-publish","4":"has-post-thumbnail","6":"product_cat-kosele-a-tricka","7":"product_tag-deerhunter","8":"product_tag-henry-green-check-2","10":"first","11":"instock","12":"taxable","13":"shipping-taxable","14":"purchasable","15":"product-type-variable"},"ct_brands":[],"_links":{"self":[{"href":"https:\/\/zbranebudai.sk\/hu\/wp-json\/wp\/v2\/product\/18989","targetHints":{"allow":["GET"]}}],"collection":[{"href":"https:\/\/zbranebudai.sk\/hu\/wp-json\/wp\/v2\/product"}],"about":[{"href":"https:\/\/zbranebudai.sk\/hu\/wp-json\/wp\/v2\/types\/product"}],"wp:featuredmedia":[{"embeddable":true,"href":"https:\/\/zbranebudai.sk\/hu\/wp-json\/wp\/v2\/media\/18714"}],"wp:attachment":[{"href":"https:\/\/zbranebudai.sk\/hu\/wp-json\/wp\/v2\/media?parent=18989"}],"wp:term":[{"taxonomy":"product_brand","embeddable":true,"href":"https:\/\/zbranebudai.sk\/hu\/wp-json\/wp\/v2\/product_brand?post=18989"},{"taxonomy":"product_cat","embeddable":true,"href":"https:\/\/zbranebudai.sk\/hu\/wp-json\/wp\/v2\/product_cat?post=18989"},{"taxonomy":"product_tag","embeddable":true,"href":"https:\/\/zbranebudai.sk\/hu\/wp-json\/wp\/v2\/product_tag?post=18989"}],"curies":[{"name":"wp","href":"https:\/\/api.w.org\/{rel}","templated":true}]}}