{"id":18988,"date":"2026-01-13T23:42:10","date_gmt":"2026-01-13T21:42:10","guid":{"rendered":"https:\/\/zbranebudai.sk\/?post_type=product&#038;p=18988"},"modified":"2026-01-15T11:39:43","modified_gmt":"2026-01-15T09:39:43","slug":"deerhunter-approach-camo-alcazas-alcazo-sapka","status":"publish","type":"product","link":"https:\/\/zbranebudai.sk\/hu\/product\/deerhunter-approach-camo-maskovana-ciapka\/","title":{"rendered":"Deerhunter Approach camo s\u00fclt\u00f6s sapka"},"content":{"rendered":"<p><strong>Deerhunter Approach camo s\u00fclt\u00f6s sapka<\/strong>, valamint az ugyanabb\u00f3l a sorozatb\u00f3l sz\u00e1rmaz\u00f3 kab\u00e1t \u00e9s nadr\u00e1g v\u00edzleperget\u0151 fel\u00fclettel \u00e9s Deerhunter Stormliner membr\u00e1nnal rendelkezik, amely n\u00f6veli a term\u00e9k v\u00edz\u00e1ll\u00f3s\u00e1g\u00e1t. A 100 % poli\u00e9szterb\u0151l k\u00e9sz\u00fclt sapka k\u00f6nny\u0171, l\u00e9g\u00e1tereszt\u0151 \u00e9s csendes, \u00edgy t\u00f6k\u00e9letes kieg\u00e9sz\u00edt\u0151je az Approach sorozat t\u00f6bbi term\u00e9k\u00e9nek.<\/p>\n<h2>Term\u00e9kle\u00edr\u00e1s<\/h2>\n<ul>\n<li><strong>M\u00e9retek:<\/strong> egy m\u00e9ret<\/li>\n<\/ul>","protected":false},"excerpt":{"rendered":"<p>A Deerhunter Approach \u00e1lc\u00e1z\u00f3 sapka v\u00edztasz\u00edt\u00f3 fel\u00fclettel \u00e9s Deerhunter Stormliner membr\u00e1nnal k\u00e9sz\u00fcl, \u00edgy fokozottan ellen\u00e1ll az es\u0151nek. K\u00f6nny\u0171, l\u00e9g\u00e1tereszt\u0151 \u00e9s zajtalan 100% poli\u00e9szter anyaga miatt ide\u00e1lis kieg\u00e9sz\u00edt\u0151je az Approach sorozat kab\u00e1tj\u00e1nak \u00e9s nadr\u00e1gj\u00e1nak.<\/p>","protected":false},"featured_media":19017,"template":"","meta":{"_gspb_post_css":""},"product_brand":[],"product_cat":[2320],"product_tag":[2389,2322],"class_list":{"0":"post-18988","1":"product","2":"type-product","3":"status-publish","4":"has-post-thumbnail","6":"product_cat-doplnky-obuv-a-oblecenie","7":"product_tag-approach","8":"product_tag-deerhunter","10":"first","11":"instock","12":"taxable","13":"shipping-taxable","14":"purchasable","15":"product-type-simple"},"ct_brands":[],"_links":{"self":[{"href":"https:\/\/zbranebudai.sk\/hu\/wp-json\/wp\/v2\/product\/18988","targetHints":{"allow":["GET"]}}],"collection":[{"href":"https:\/\/zbranebudai.sk\/hu\/wp-json\/wp\/v2\/product"}],"about":[{"href":"https:\/\/zbranebudai.sk\/hu\/wp-json\/wp\/v2\/types\/product"}],"wp:featuredmedia":[{"embeddable":true,"href":"https:\/\/zbranebudai.sk\/hu\/wp-json\/wp\/v2\/media\/19017"}],"wp:attachment":[{"href":"https:\/\/zbranebudai.sk\/hu\/wp-json\/wp\/v2\/media?parent=18988"}],"wp:term":[{"taxonomy":"product_brand","embeddable":true,"href":"https:\/\/zbranebudai.sk\/hu\/wp-json\/wp\/v2\/product_brand?post=18988"},{"taxonomy":"product_cat","embeddable":true,"href":"https:\/\/zbranebudai.sk\/hu\/wp-json\/wp\/v2\/product_cat?post=18988"},{"taxonomy":"product_tag","embeddable":true,"href":"https:\/\/zbranebudai.sk\/hu\/wp-json\/wp\/v2\/product_tag?post=18988"}],"curies":[{"name":"wp","href":"https:\/\/api.w.org\/{rel}","templated":true}]}}