{"id":18900,"date":"2026-01-13T23:25:11","date_gmt":"2026-01-13T21:25:11","guid":{"rendered":"https:\/\/zbranebudai.sk\/?post_type=product&#038;p=18900"},"modified":"2026-01-14T16:52:28","modified_gmt":"2026-01-14T14:52:28","slug":"deerhunter-strike-full-stretch-ferfi-nadrag","status":"publish","type":"product","link":"https:\/\/zbranebudai.sk\/hu\/product\/deerhunter-strike-full-stretch-panske-nohavice\/","title":{"rendered":"Deerhunter Strike Full Stretch f\u00e9rfi nadr\u00e1g"},"content":{"rendered":"<p><strong>Deerhunter Strike Full Stretch f\u00e9rfi nadr\u00e1g<\/strong> teflonfel\u00fclettel rendelkeznek, amely biztos\u00edtja a ruhadarab gyorsabb sz\u00e1rad\u00e1s\u00e1t. Nagyon n\u00e9pszer\u0171 nadr\u00e1g vad\u00e1szathoz, sportol\u00e1shoz vagy t\u00far\u00e1z\u00e1shoz. A nadr\u00e1g alkalmas tavasszal \u00e9s ny\u00e1ron. \u00c9rt\u00e9kelni fogja az anyag t\u00f6k\u00e9letes min\u0151s\u00e9g\u00e9t, k\u00fcl\u00f6n\u00f6sen hossz\u00fa t\u00far\u00e1kon. A nadr\u00e1got teflonnal kezelt\u00e9k, ami v\u00edz\u00e1ll\u00f3v\u00e1 teszi - ide\u00e1lis nadr\u00e1g tavaszi \u00e9s ny\u00e1ri szabadt\u00e9ri tev\u00e9kenys\u00e9gekhez.<\/p>\n<h2>Term\u00e9kle\u00edr\u00e1s<\/h2>\n<ul>\n<li><strong>M\u00e9ret:<\/strong> 44-60<\/li>\n<li><strong>Sz\u00edn:<\/strong> 381 - Lehullott lev\u00e9l<\/li>\n<li><strong>A k\u00fcls\u0151 r\u00e9teg \u00f6sszet\u00e9tele:<\/strong> 57 % poliamid, 33 % poli\u00e9szter, 10 % elaszt\u00e1n<\/li>\n<li><strong>Fel\u00fcletkezel\u00e9s:<\/strong> Teflon - v\u00edztasz\u00edt\u00f3<\/li>\n<\/ul>\n<h2>Term\u00e9k param\u00e9terek<\/h2>\n<ul>\n<li>Elasztikus der\u00e9kp\u00e1nt a k\u00e9nyelmes \u00f6lt\u00f6zk\u00f6d\u00e9shez<\/li>\n<li>K\u00e9t el\u00fcls\u0151 zseb<\/li>\n<li>Rugalmas r\u00e9szek a nagyobb mozg\u00e1sszabads\u00e1g\u00e9rt<\/li>\n<\/ul>","protected":false},"excerpt":{"rendered":"<p>A Deerhunter Strike Full Stretch f\u00e9rfi nadr\u00e1g teljesen rugalmas anyagb\u00f3l k\u00e9sz\u00fcl, teflon v\u00edztasz\u00edt\u00f3 fel\u00fcletkezel\u00e9ssel, \u00edgy gyorsabban sz\u00e1rad \u00e9s ide\u00e1lis tavaszt\u00f3l ny\u00e1rig t\u00far\u00e1hoz, sporthoz vagy vad\u00e1szathoz. K\u00e9nyelmes rugalmas der\u00e9kr\u00e9sszel \u00e9s praktikus zsebekkel ad szabad mozg\u00e1st, Fallen Leaf sz\u00ednben, 44-60 m\u00e9retben.<\/p>","protected":false},"featured_media":18947,"template":"","meta":{"_gspb_post_css":""},"product_brand":[],"product_cat":[2369],"product_tag":[2322,2379],"class_list":{"0":"post-18900","1":"product","2":"type-product","3":"status-publish","4":"has-post-thumbnail","6":"product_cat-nohavice","7":"product_tag-deerhunter","8":"product_tag-strike-full-stretch","10":"first","11":"instock","12":"taxable","13":"shipping-taxable","14":"purchasable","15":"product-type-variable","16":"has-default-attributes"},"ct_brands":[],"_links":{"self":[{"href":"https:\/\/zbranebudai.sk\/hu\/wp-json\/wp\/v2\/product\/18900","targetHints":{"allow":["GET"]}}],"collection":[{"href":"https:\/\/zbranebudai.sk\/hu\/wp-json\/wp\/v2\/product"}],"about":[{"href":"https:\/\/zbranebudai.sk\/hu\/wp-json\/wp\/v2\/types\/product"}],"wp:featuredmedia":[{"embeddable":true,"href":"https:\/\/zbranebudai.sk\/hu\/wp-json\/wp\/v2\/media\/18947"}],"wp:attachment":[{"href":"https:\/\/zbranebudai.sk\/hu\/wp-json\/wp\/v2\/media?parent=18900"}],"wp:term":[{"taxonomy":"product_brand","embeddable":true,"href":"https:\/\/zbranebudai.sk\/hu\/wp-json\/wp\/v2\/product_brand?post=18900"},{"taxonomy":"product_cat","embeddable":true,"href":"https:\/\/zbranebudai.sk\/hu\/wp-json\/wp\/v2\/product_cat?post=18900"},{"taxonomy":"product_tag","embeddable":true,"href":"https:\/\/zbranebudai.sk\/hu\/wp-json\/wp\/v2\/product_tag?post=18900"}],"curies":[{"name":"wp","href":"https:\/\/api.w.org\/{rel}","templated":true}]}}