{"id":18898,"date":"2026-01-13T23:25:11","date_gmt":"2026-01-13T21:25:11","guid":{"rendered":"https:\/\/zbranebudai.sk\/?post_type=product&#038;p=18898"},"modified":"2026-01-14T16:56:53","modified_gmt":"2026-01-14T14:56:53","slug":"deerhunter-lady-megerositett-harisnya-art-zold-noi-leggings","status":"publish","type":"product","link":"https:\/\/zbranebudai.sk\/hu\/product\/deerhunter-lady-reinforced-tights-art-green-damske-leginy\/","title":{"rendered":"Deerhunter Lady Reinforced Tights Art Green n\u0151i leggings"},"content":{"rendered":"<p><strong>Deerhunter Lady Reinforced Tights Art Green n\u0151i leggings<\/strong> az eleg\u00e1ns Art Green sz\u00ednben minden alkalomra nagyszer\u0171 kieg\u00e9sz\u00edt\u0151. Eleg\u00e1ns szab\u00e1suk t\u00f6k\u00e9letesen form\u00e1lja a n\u0151i alakot. Nagyon l\u00e9g\u00e1tereszt\u0151ek, \u00edgy ide\u00e1lisak a tavaszi \u00e9s ny\u00e1ri h\u00f3napokban. Kiv\u00e1l\u00f3 min\u0151s\u00e9g\u0171 anyagok kever\u00e9k\u00e9b\u0151l k\u00e9sz\u00fcltek, 76 % poliamid \u00e9s 24 % elaszt\u00e1n ar\u00e1nyban. Annak \u00e9rdek\u00e9ben, hogy a leggings igaz\u00e1n k\u00e9nyelmes legyen, a legink\u00e1bb ig\u00e9nybevett ter\u00fcletek, a t\u00e9rdek \u00e9s a farizmok meger\u0151s\u00edtettek, ami a legig\u00e9nyesebb k\u00f6r\u00fclm\u00e9nyek k\u00f6z\u00f6tt is n\u00f6veli min\u0151s\u00e9g\u00e9t \u00e9s tart\u00f3ss\u00e1g\u00e1t. K\u00e9t zsebbel rendelkezik, az egyik cipz\u00e1rral a comb elej\u00e9n, a m\u00e1sik pedig a h\u00e1tulj\u00e1n. Menjen vad\u00e1szni, s\u00e9t\u00e1lni, t\u00far\u00e1zni, dolgozni, vagy viselje az egyedi Deerhunter leggingset a szabadidej\u00e9ben.<\/p>\n<h2>Term\u00e9kle\u00edr\u00e1s<\/h2>\n<ul>\n<li><strong>Sz\u00edn:<\/strong> 376 - Art Green<\/li>\n<li><strong>Anyag:<\/strong> 76 % poliamid, 24 % elaszt\u00e1n<\/li>\n<li><strong>Meger\u0151s\u00edt\u00e9s:<\/strong> 67 % poliamid, 26 % poli\u00e9szter, 7 % poliuret\u00e1n<\/li>\n<li><strong>Meger\u0151s\u00edt\u00e9s:<\/strong> fen\u00e9k \u00e9s t\u00e9rd<\/li>\n<li><strong>Zsebek sz\u00e1ma:<\/strong> 2<\/li>\n<li><strong>Aj\u00e1nlott mos\u00e1s:<\/strong> mos\u00e1s hasonl\u00f3 sz\u00ednekkel<\/li>\n<\/ul>\n<h2>Term\u00e9k param\u00e9terek<\/h2>\n<ul>\n<li>Maxim\u00e1lis k\u00e9nyelem \u00e9s rugalmas mozg\u00e1s<\/li>\n<li>P\u00e1rn\u00e1z\u00e1s a fen\u00e9kben \u00e9s a t\u00e9rdben<\/li>\n<li>Alkalmas sokoldal\u00fa haszn\u00e1latra<\/li>\n<li>2 zseb az alapvet\u0151 tartoz\u00e9kok sz\u00e1m\u00e1ra<\/li>\n<li>Eleg\u00e1ns, n\u0151ies szab\u00e1s<\/li>\n<\/ul>","protected":false},"excerpt":{"rendered":"<p>A Deerhunter Lady Reinforced Tights Art Green n\u0151i leggings rugalmas, j\u00f3l szell\u0151z\u0151 viselet tavaszt\u00f3l ny\u00e1rig, eleg\u00e1ns szab\u00e1ssal \u00e9s k\u00e9nyelmes mozg\u00e1sszabads\u00e1ggal. A t\u00e9rd- \u00e9s fen\u00e9kr\u00e9szen meger\u0151s\u00edtett a nagyobb tart\u00f3ss\u00e1g\u00e9rt, k\u00e9t praktikus zsebbel, Art Green sz\u00ednben.<\/p>","protected":false},"featured_media":18939,"template":"","meta":{"_gspb_post_css":""},"product_brand":[],"product_cat":[2369],"product_tag":[2322,2377],"class_list":{"0":"post-18898","1":"product","2":"type-product","3":"status-publish","4":"has-post-thumbnail","6":"product_cat-nohavice","7":"product_tag-deerhunter","8":"product_tag-lady-reinforced-tight","10":"first","11":"instock","12":"taxable","13":"shipping-taxable","14":"purchasable","15":"product-type-variable","16":"has-default-attributes"},"ct_brands":[],"_links":{"self":[{"href":"https:\/\/zbranebudai.sk\/hu\/wp-json\/wp\/v2\/product\/18898","targetHints":{"allow":["GET"]}}],"collection":[{"href":"https:\/\/zbranebudai.sk\/hu\/wp-json\/wp\/v2\/product"}],"about":[{"href":"https:\/\/zbranebudai.sk\/hu\/wp-json\/wp\/v2\/types\/product"}],"wp:featuredmedia":[{"embeddable":true,"href":"https:\/\/zbranebudai.sk\/hu\/wp-json\/wp\/v2\/media\/18939"}],"wp:attachment":[{"href":"https:\/\/zbranebudai.sk\/hu\/wp-json\/wp\/v2\/media?parent=18898"}],"wp:term":[{"taxonomy":"product_brand","embeddable":true,"href":"https:\/\/zbranebudai.sk\/hu\/wp-json\/wp\/v2\/product_brand?post=18898"},{"taxonomy":"product_cat","embeddable":true,"href":"https:\/\/zbranebudai.sk\/hu\/wp-json\/wp\/v2\/product_cat?post=18898"},{"taxonomy":"product_tag","embeddable":true,"href":"https:\/\/zbranebudai.sk\/hu\/wp-json\/wp\/v2\/product_tag?post=18898"}],"curies":[{"name":"wp","href":"https:\/\/api.w.org\/{rel}","templated":true}]}}