{"id":18897,"date":"2026-01-13T23:25:11","date_gmt":"2026-01-13T21:25:11","guid":{"rendered":"https:\/\/zbranebudai.sk\/?post_type=product&#038;p=18897"},"modified":"2026-01-14T16:55:26","modified_gmt":"2026-01-14T14:55:26","slug":"szarvasvadasz-rovarirto-ferfi-nadrag","status":"publish","type":"product","link":"https:\/\/zbranebudai.sk\/hu\/product\/deerhunter-anti-insect-panske-nohavice-proti-hmyzu\/","title":{"rendered":"Deerhunter Anti-Insect f\u00e9rfi nadr\u00e1g rovarok ellen"},"content":{"rendered":"<p><strong>Deerhunter Anti-Insect f\u00e9rfi nadr\u00e1g rovarok ellen<\/strong> HHL-kezel\u00e9ssel v\u00e9delmet ny\u00fajtanak a rovarok, kullancsok, sz\u00fanyogok, hangy\u00e1k \u00e9s legyek ellen a tavaszi \u00e9s ny\u00e1ri h\u00f3napokban. T\u00far\u00e1z\u00e1shoz, vad\u00e1szathoz vagy kempingez\u00e9shez tervezt\u00e9k. A rovarriaszt\u00f3 kezel\u00e9s tov\u00e1bbi v\u00e9delmet biztos\u00edt. A rugalmas der\u00e9kp\u00e1nt, az el\u0151form\u00e1zott t\u00e9rdek, a h\u00e1t meger\u0151s\u00edt\u00e9se \u00e9s a bok\u00e1n\u00e1l tal\u00e1lhat\u00f3 \u00e1ll\u00edthat\u00f3 t\u00e9p\u0151z\u00e1r biztos\u00edtja a k\u00e9nyelmet \u00e9s a mozg\u00e1sszabads\u00e1got. Az el\u00fcls\u0151 zsebek, a rakott combzsebek \u00e9s a rejtett cipz\u00e1rak sokoldal\u00fas\u00e1got biztos\u00edtanak. A rejtett cipz\u00e1rral ell\u00e1tott h\u00e1ts\u00f3 zseb lehet\u0151v\u00e9 teszi az \u00e9rt\u00e9kt\u00e1rgyak biztons\u00e1gos t\u00e1rol\u00e1s\u00e1t. K\u00f6nny\u0171, st\u00edlusos \u00e9s a rovarok elleni v\u00e9delemhez elengedhetetlen. <strong>HHL technol\u00f3gia<\/strong> - Vital Protection A Vital Protection egy rendk\u00edv\u00fcl hat\u00e9kony rovarv\u00e9delmi technol\u00f3gia, amely piacvezet\u0151 a piacon. A Vital Protection v\u00e9d a cs\u00edp\u0151s rovarok ellen. Amellett, hogy alapvet\u0151 v\u00e9delmet ny\u00fajt a v\u00e9gfelhaszn\u00e1l\u00f3 eg\u00e9szs\u00e9ge \u00e9s j\u00f3l\u00e9te szempontj\u00e1b\u00f3l, a Vital Protection elnyeli a sz\u00f6vetek boml\u00e1s\u00e1t okoz\u00f3 bakt\u00e9riumokat \u00e9s szagokat is.<\/p>\n<h2>Term\u00e9kle\u00edr\u00e1s<\/h2>\n<ul>\n<li><strong>Sz\u00edn:<\/strong> olajz\u00f6ld barna sz\u00ednnel<\/li>\n<li><strong>A k\u00fcls\u0151 r\u00e9teg \u00f6sszet\u00e9tele:<\/strong> 93 % poliamid \/ 7 % elaszt\u00e1n<\/li>\n<li><strong>Meger\u0151s\u00edt\u00e9s:<\/strong> 100 % poliamid<\/li>\n<\/ul>\n<h2>Term\u00e9k param\u00e9terek<\/h2>\n<ul>\n<li>V\u00e9delem az olyan rovarok ellen, mint a sz\u00fanyogok, kullancsok, hangy\u00e1k \u00e9s legyek.<\/li>\n<li>Rugalmass\u00e1g a der\u00e9kn\u00e1l<\/li>\n<li>K\u00e9t el\u00fcls\u0151 zseb<\/li>\n<li>K\u00e9t combzseb, \u00f6sszecsukhat\u00f3 \u00e9s rejtett cipz\u00e1rral z\u00e1rhat\u00f3<\/li>\n<li>H\u00e1ts\u00f3 zseb rejtett cipz\u00e1rral<\/li>\n<li>El\u0151re form\u00e1zott t\u00e9rdek<\/li>\n<li>H\u00e1t- \u00e9s t\u00e9rdp\u00e1rn\u00e1z\u00e1s<\/li>\n<li>\u00c1ll\u00edthat\u00f3 boka p\u00e1ntokkal \u00e9s t\u00e9p\u0151z\u00e1rral<\/li>\n<\/ul>","protected":false},"excerpt":{"rendered":"<p>A Deerhunter Anti-Insect f\u00e9rfi nadr\u00e1g HHL rovarv\u00e9d\u0151 kezel\u00e9ssel k\u00e9sz\u00fcl, \u00edgy tavaszt\u00f3l ny\u00e1rig hat\u00e9kony v\u00e9delmet ad sz\u00fanyogok, kullancsok \u00e9s m\u00e1s rovarok ellen t\u00far\u00e1z\u00e1sn\u00e1l, vad\u00e1szatn\u00e1l vagy kempingez\u00e9sn\u00e9l. Rugalmas der\u00e9kr\u00e9sszel, el\u0151re form\u00e1lt t\u00e9rddel, meger\u0151s\u00edt\u00e9sekkel \u00e9s \u00e1ll\u00edthat\u00f3 bokar\u00e9sszel k\u00e9nyelmes, t\u00f6bb rejtett cipz\u00e1ras zsebbel a praktikus t\u00e1rol\u00e1shoz.<\/p>","protected":false},"featured_media":18937,"template":"","meta":{"_gspb_post_css":""},"product_brand":[],"product_cat":[2369],"product_tag":[2376,2322],"class_list":{"0":"post-18897","1":"product","2":"type-product","3":"status-publish","4":"has-post-thumbnail","6":"product_cat-nohavice","7":"product_tag-anti-insect","8":"product_tag-deerhunter","10":"first","11":"instock","12":"taxable","13":"shipping-taxable","14":"purchasable","15":"product-type-variable","16":"has-default-attributes"},"ct_brands":[],"_links":{"self":[{"href":"https:\/\/zbranebudai.sk\/hu\/wp-json\/wp\/v2\/product\/18897","targetHints":{"allow":["GET"]}}],"collection":[{"href":"https:\/\/zbranebudai.sk\/hu\/wp-json\/wp\/v2\/product"}],"about":[{"href":"https:\/\/zbranebudai.sk\/hu\/wp-json\/wp\/v2\/types\/product"}],"wp:featuredmedia":[{"embeddable":true,"href":"https:\/\/zbranebudai.sk\/hu\/wp-json\/wp\/v2\/media\/18937"}],"wp:attachment":[{"href":"https:\/\/zbranebudai.sk\/hu\/wp-json\/wp\/v2\/media?parent=18897"}],"wp:term":[{"taxonomy":"product_brand","embeddable":true,"href":"https:\/\/zbranebudai.sk\/hu\/wp-json\/wp\/v2\/product_brand?post=18897"},{"taxonomy":"product_cat","embeddable":true,"href":"https:\/\/zbranebudai.sk\/hu\/wp-json\/wp\/v2\/product_cat?post=18897"},{"taxonomy":"product_tag","embeddable":true,"href":"https:\/\/zbranebudai.sk\/hu\/wp-json\/wp\/v2\/product_tag?post=18897"}],"curies":[{"name":"wp","href":"https:\/\/api.w.org\/{rel}","templated":true}]}}