{"id":18896,"date":"2026-01-13T23:25:11","date_gmt":"2026-01-13T21:25:11","guid":{"rendered":"https:\/\/zbranebudai.sk\/?post_type=product&#038;p=18896"},"modified":"2026-01-14T16:53:50","modified_gmt":"2026-01-14T14:53:50","slug":"deerhunter-lady-mary-noi-sztreccs-nadrag","status":"publish","type":"product","link":"https:\/\/zbranebudai.sk\/hu\/product\/deerhunter-lady-mary-damske-strecove-nohavic\/","title":{"rendered":"Deerhunter Lady Mary n\u0151i stretch nadr\u00e1g"},"content":{"rendered":"<p><strong>Deerhunter Lady Mary n\u0151i stretch nadr\u00e1g<\/strong> 3M Thinsulate szigetel\u00e9ssel vannak ell\u00e1tva, hogy a t\u00e9li napokon is melegen tarts\u00e1k \u00d6nt. Ez a szigetel\u00e9s puha, l\u00e9g\u00e1tereszt\u0151, \u00e9s m\u00e9g nedves \u00e1llapotban is extra melegen tart. Nagyon n\u00e9pszer\u0171 nadr\u00e1g vad\u00e1szathoz, sportol\u00e1shoz vagy t\u00far\u00e1z\u00e1shoz. A nadr\u00e1g alkalmas \u0151szre \u00e9s t\u00e9lre. A Deer-Tex\u00ae membr\u00e1n 20.000 mm-es min\u0151s\u00edt\u00e9ssel rendelkezik, \u00edgy a legzordabb id\u0151j\u00e1r\u00e1si k\u00f6r\u00fclm\u00e9nyek k\u00f6z\u00f6tt is megv\u00e9di \u00d6nt. K\u00fcl\u00f6n\u00f6sen a hossz\u00fa t\u00far\u00e1kon fogja \u00e9rt\u00e9kelni a sz\u00f6vet t\u00f6k\u00e9letes min\u0151s\u00e9g\u00e9t. A nadr\u00e1g Deer-Tex membr\u00e1nnal rendelkezik, \u00edgy v\u00edz\u00e1ll\u00f3 - ide\u00e1lis nadr\u00e1g a szabadt\u00e9ri tev\u00e9kenys\u00e9gekhez.<\/p>\n<h2>Term\u00e9kle\u00edr\u00e1s<\/h2>\n<ul>\n<li><strong>M\u00e9ret:<\/strong> 36-48<\/li>\n<li><strong>Sz\u00edn:<\/strong> 376 - Arte Green<\/li>\n<li><strong>A k\u00fcls\u0151 r\u00e9teg \u00f6sszet\u00e9tele:<\/strong> 100 % poli\u00e9szter<\/li>\n<li><strong>Kontraszt:<\/strong> 50 % poliamid, 50 % poliuret\u00e1n<\/li>\n<li><strong>Elszigetelts\u00e9g:<\/strong> 3M Thinsulate 40 g\/m\u00b2<\/li>\n<\/ul>\n<h2>Term\u00e9k param\u00e9terek<\/h2>\n<ul>\n<li>Elasztikus der\u00e9kp\u00e1nt a k\u00e9nyelmes \u00f6lt\u00f6zk\u00f6d\u00e9shez<\/li>\n<li>K\u00e9t el\u00fcls\u0151 zseb \u00e9s egy oldalzseb<\/li>\n<li>Rugalmas alkatr\u00e9szek a nagyobb mozg\u00e1sszabads\u00e1g\u00e9rt<\/li>\n<\/ul>","protected":false},"excerpt":{"rendered":"<p>A Deerhunter Lady Mary n\u0151i stretch nadr\u00e1g 3M Thinsulate szigetel\u00e9ssel \u00e9s Deer-Tex membr\u00e1nnal k\u00e9sz\u00fcl, \u00edgy \u0151sszel \u00e9s t\u00e9len is melegen tart, mik\u00f6zben v\u00edz\u00e1ll\u00f3 \u00e9s j\u00f3l szell\u0151zik. 20 000 mm-es v\u00edzoszlopig v\u00e9d, rugalmas der\u00e9kr\u00e9sszel \u00e9s praktikus zsebekkel, Art Green sz\u00ednben, 36-48 m\u00e9retben.<\/p>","protected":false},"featured_media":18935,"template":"","meta":{"_gspb_post_css":""},"product_brand":[],"product_cat":[2369],"product_tag":[2322,2375],"class_list":{"0":"post-18896","1":"product","2":"type-product","3":"status-publish","4":"has-post-thumbnail","6":"product_cat-nohavice","7":"product_tag-deerhunter","8":"product_tag-lady-mary","10":"first","11":"instock","12":"taxable","13":"shipping-taxable","14":"purchasable","15":"product-type-variable","16":"has-default-attributes"},"ct_brands":[],"_links":{"self":[{"href":"https:\/\/zbranebudai.sk\/hu\/wp-json\/wp\/v2\/product\/18896","targetHints":{"allow":["GET"]}}],"collection":[{"href":"https:\/\/zbranebudai.sk\/hu\/wp-json\/wp\/v2\/product"}],"about":[{"href":"https:\/\/zbranebudai.sk\/hu\/wp-json\/wp\/v2\/types\/product"}],"wp:featuredmedia":[{"embeddable":true,"href":"https:\/\/zbranebudai.sk\/hu\/wp-json\/wp\/v2\/media\/18935"}],"wp:attachment":[{"href":"https:\/\/zbranebudai.sk\/hu\/wp-json\/wp\/v2\/media?parent=18896"}],"wp:term":[{"taxonomy":"product_brand","embeddable":true,"href":"https:\/\/zbranebudai.sk\/hu\/wp-json\/wp\/v2\/product_brand?post=18896"},{"taxonomy":"product_cat","embeddable":true,"href":"https:\/\/zbranebudai.sk\/hu\/wp-json\/wp\/v2\/product_cat?post=18896"},{"taxonomy":"product_tag","embeddable":true,"href":"https:\/\/zbranebudai.sk\/hu\/wp-json\/wp\/v2\/product_tag?post=18896"}],"curies":[{"name":"wp","href":"https:\/\/api.w.org\/{rel}","templated":true}]}}