{"id":18895,"date":"2026-01-13T23:25:11","date_gmt":"2026-01-13T21:25:11","guid":{"rendered":"https:\/\/zbranebudai.sk\/?post_type=product&#038;p=18895"},"modified":"2026-01-14T17:32:28","modified_gmt":"2026-01-14T15:32:28","slug":"deerhunter-lady-ann-noi-nadrag","status":"publish","type":"product","link":"https:\/\/zbranebudai.sk\/hu\/product\/deerhunter-lady-ann-damske-nohavice\/","title":{"rendered":"Deerhunter Lady Ann n\u0151i nadr\u00e1g"},"content":{"rendered":"<p><strong>Deerhunter Lady Ann n\u0151i nadr\u00e1g<\/strong> teflonfel\u00fclettel rendelkeznek, amely biztos\u00edtja a ruhadarab gyorsabb sz\u00e1rad\u00e1s\u00e1t. Nagyon n\u00e9pszer\u0171 nadr\u00e1g vad\u00e1szathoz, sportol\u00e1shoz, szabadt\u00e9ri tev\u00e9kenys\u00e9gekhez vagy t\u00far\u00e1z\u00e1shoz. A nadr\u00e1g alkalmas tavasszal \u00e9s ny\u00e1ron. \u00c9rt\u00e9kelni fogja az anyag t\u00f6k\u00e9letes min\u0151s\u00e9g\u00e9t, k\u00fcl\u00f6n\u00f6sen hossz\u00fa t\u00far\u00e1kon.<\/p>\n<h2>Term\u00e9kle\u00edr\u00e1s<\/h2>\n<ul>\n<li><strong>M\u00e9ret:<\/strong> 36-48<\/li>\n<li><strong>Sz\u00edn:<\/strong> 388 - s\u00f6t\u00e9tz\u00f6ld<\/li>\n<li><strong>A k\u00fcls\u0151 r\u00e9teg \u00f6sszet\u00e9tele:<\/strong> 65 % poli\u00e9szter, 35 % pamut<\/li>\n<li><strong>Kontraszt:<\/strong> 57 % poliamid, 33 % poli\u00e9szter, 10 % elaszt\u00e1n<\/li>\n<li><strong>Fel\u00fcletkezel\u00e9s:<\/strong> v\u00edztasz\u00edt\u00f3<\/li>\n<\/ul>\n<h2>Term\u00e9k param\u00e9terek<\/h2>\n<ul>\n<li>Elasztikus der\u00e9kp\u00e1nt a k\u00e9nyelmes \u00f6lt\u00f6zk\u00f6d\u00e9shez<\/li>\n<li>K\u00e9t el\u00fcls\u0151 zseb<\/li>\n<li>Rugalmas r\u00e9szek a nagyobb mozg\u00e1sszabads\u00e1g\u00e9rt<\/li>\n<\/ul>","protected":false},"excerpt":{"rendered":"<p>A Deerhunter Lady Ann n\u0151i nadr\u00e1g teflon fel\u00fcletkezel\u00e9ssel k\u00e9sz\u00fcl, ez\u00e9rt v\u00edztasz\u00edt\u00f3 \u00e9s gyorsabban sz\u00e1rad, tavaszt\u00f3l ny\u00e1rig ide\u00e1lis vad\u00e1szathoz \u00e9s t\u00far\u00e1z\u00e1shoz. Rugalmas der\u00e9kp\u00e1nttal, k\u00e9t els\u0151 zsebbel \u00e9s rugalmas bet\u00e9tekkel ad k\u00e9nyelmet hosszabb menetekn\u00e9l is, Deep Green sz\u00ednben, 36-48 m\u00e9retben.<\/p>","protected":false},"featured_media":18933,"template":"","meta":{"_gspb_post_css":""},"product_brand":[],"product_cat":[2369],"product_tag":[2322,2374],"class_list":{"0":"post-18895","1":"product","2":"type-product","3":"status-publish","4":"has-post-thumbnail","6":"product_cat-nohavice","7":"product_tag-deerhunter","8":"product_tag-lady-ann","10":"first","11":"instock","12":"taxable","13":"shipping-taxable","14":"purchasable","15":"product-type-variable","16":"has-default-attributes"},"ct_brands":[],"_links":{"self":[{"href":"https:\/\/zbranebudai.sk\/hu\/wp-json\/wp\/v2\/product\/18895","targetHints":{"allow":["GET"]}}],"collection":[{"href":"https:\/\/zbranebudai.sk\/hu\/wp-json\/wp\/v2\/product"}],"about":[{"href":"https:\/\/zbranebudai.sk\/hu\/wp-json\/wp\/v2\/types\/product"}],"wp:featuredmedia":[{"embeddable":true,"href":"https:\/\/zbranebudai.sk\/hu\/wp-json\/wp\/v2\/media\/18933"}],"wp:attachment":[{"href":"https:\/\/zbranebudai.sk\/hu\/wp-json\/wp\/v2\/media?parent=18895"}],"wp:term":[{"taxonomy":"product_brand","embeddable":true,"href":"https:\/\/zbranebudai.sk\/hu\/wp-json\/wp\/v2\/product_brand?post=18895"},{"taxonomy":"product_cat","embeddable":true,"href":"https:\/\/zbranebudai.sk\/hu\/wp-json\/wp\/v2\/product_cat?post=18895"},{"taxonomy":"product_tag","embeddable":true,"href":"https:\/\/zbranebudai.sk\/hu\/wp-json\/wp\/v2\/product_tag?post=18895"}],"curies":[{"name":"wp","href":"https:\/\/api.w.org\/{rel}","templated":true}]}}