{"id":18894,"date":"2026-01-13T23:25:11","date_gmt":"2026-01-13T21:25:11","guid":{"rendered":"https:\/\/zbranebudai.sk\/?post_type=product&#038;p=18894"},"modified":"2026-01-14T17:31:14","modified_gmt":"2026-01-14T15:31:14","slug":"deerhunter-strike-ferfi-rovidnadrag","status":"publish","type":"product","link":"https:\/\/zbranebudai.sk\/hu\/product\/deerhunter-strike-panske-sortky\/","title":{"rendered":"Deerhunter Strike f\u00e9rfi r\u00f6vid nadr\u00e1g"},"content":{"rendered":"<p><strong>Deerhunter Strike f\u00e9rfi r\u00f6vid nadr\u00e1g<\/strong> a legjobb vad\u00e1sznadr\u00e1gok, amelyeket kifejezetten szabadt\u00e9ri tev\u00e9kenys\u00e9gekhez, t\u00far\u00e1z\u00e1shoz \u00e9s vad\u00e1szathoz terveztek. A kiv\u00e1l\u00f3 min\u0151s\u00e9g\u0171 anyagok m\u00e9g a ny\u00e1ri melegben is k\u00e9nyelmes viseletet garant\u00e1lnak. Min\u0151s\u00e9g\u00e9nek \u00e9s l\u00e9g\u00e1tereszt\u0151 k\u00e9pess\u00e9g\u00e9nek k\u00f6sz\u00f6nhet\u0151en a Deerhunter r\u00f6vidnadr\u00e1gok ide\u00e1lisak a ny\u00e1ri napokra.<\/p>\n<h2>Term\u00e9kle\u00edr\u00e1s<\/h2>\n<ul>\n<li><strong>M\u00e9ret:<\/strong> 44-60<\/li>\n<li><strong>Sz\u00edn:<\/strong> 388 - s\u00f6t\u00e9tz\u00f6ld<\/li>\n<li><strong>A k\u00fcls\u0151 r\u00e9teg \u00f6sszet\u00e9tele:<\/strong> 63 % poli\u00e9szter \/ 35 % pamut<\/li>\n<\/ul>\n<h2>Term\u00e9k param\u00e9terek<\/h2>\n<ul>\n<li>\u00c1ll\u00edthat\u00f3 der\u00e9kp\u00e1nt elasztikus r\u00e9sszel<\/li>\n<li>Praktikus cipz\u00e1ras zsebek<\/li>\n<li>Teflon r\u00e9teg<\/li>\n<li>Ide\u00e1lis t\u00far\u00e1z\u00e1shoz<\/li>\n<\/ul>","protected":false},"excerpt":{"rendered":"<p>A Deerhunter Strike f\u00e9rfi r\u00f6vidnadr\u00e1g k\u00e9nyelmes, j\u00f3l szell\u0151z\u0151 ny\u00e1ri darab t\u00far\u00e1z\u00e1shoz \u00e9s vad\u00e1szathoz, teflon bevonattal a jobb ellen\u00e1ll\u00e1s\u00e9rt. \u00c1ll\u00edthat\u00f3 gumis \u00f6vvel \u00e9s praktikus cipz\u00e1ras zsebbel k\u00e9sz\u00fcl, Deep Green sz\u00ednben, 44-60 m\u00e9retben.<\/p>","protected":false},"featured_media":18927,"template":"","meta":{"_gspb_post_css":""},"product_brand":[],"product_cat":[2369],"product_tag":[2322,2373],"class_list":{"0":"post-18894","1":"product","2":"type-product","3":"status-publish","4":"has-post-thumbnail","6":"product_cat-nohavice","7":"product_tag-deerhunter","8":"product_tag-strike","10":"first","11":"instock","12":"taxable","13":"shipping-taxable","14":"purchasable","15":"product-type-variable","16":"has-default-attributes"},"ct_brands":[],"_links":{"self":[{"href":"https:\/\/zbranebudai.sk\/hu\/wp-json\/wp\/v2\/product\/18894","targetHints":{"allow":["GET"]}}],"collection":[{"href":"https:\/\/zbranebudai.sk\/hu\/wp-json\/wp\/v2\/product"}],"about":[{"href":"https:\/\/zbranebudai.sk\/hu\/wp-json\/wp\/v2\/types\/product"}],"wp:featuredmedia":[{"embeddable":true,"href":"https:\/\/zbranebudai.sk\/hu\/wp-json\/wp\/v2\/media\/18927"}],"wp:attachment":[{"href":"https:\/\/zbranebudai.sk\/hu\/wp-json\/wp\/v2\/media?parent=18894"}],"wp:term":[{"taxonomy":"product_brand","embeddable":true,"href":"https:\/\/zbranebudai.sk\/hu\/wp-json\/wp\/v2\/product_brand?post=18894"},{"taxonomy":"product_cat","embeddable":true,"href":"https:\/\/zbranebudai.sk\/hu\/wp-json\/wp\/v2\/product_cat?post=18894"},{"taxonomy":"product_tag","embeddable":true,"href":"https:\/\/zbranebudai.sk\/hu\/wp-json\/wp\/v2\/product_tag?post=18894"}],"curies":[{"name":"wp","href":"https:\/\/api.w.org\/{rel}","templated":true}]}}