{"id":18892,"date":"2026-01-13T23:25:11","date_gmt":"2026-01-13T21:25:11","guid":{"rendered":"https:\/\/zbranebudai.sk\/?post_type=product&#038;p=18892"},"modified":"2026-01-14T17:01:05","modified_gmt":"2026-01-14T15:01:05","slug":"deerhunter-russian-silent-ferfi-teli-nadrag","status":"publish","type":"product","link":"https:\/\/zbranebudai.sk\/hu\/product\/deerhunter-rusky-silent-panske-zimne-nohavice\/","title":{"rendered":"Deerhunter Rusky Silent f\u00e9rfi t\u00e9li nadr\u00e1g"},"content":{"rendered":"<p><strong>Deerhunter Rusky Silent f\u00e9rfi t\u00e9li nadr\u00e1g<\/strong> szigetel\u00e9ssel \u00e9s Deer-Tex membr\u00e1nnal. A Rusky Silent nadr\u00e1g gyakorlatilag zajmentes anyagb\u00f3l k\u00e9sz\u00fclt, amely lehet\u0151v\u00e9 teszi, hogy teljesen zajtalanul mozogjon az erd\u0151ben. A nadr\u00e1g oldal\u00e1n tal\u00e1lhat\u00f3 cipz\u00e1r \u00e9s az elasztikus l\u00e1bsz\u00e1rny\u00edl\u00e1s megk\u00f6nny\u00edti a fel- \u00e9s lev\u00e9telt. A Deerhunter Silent nadr\u00e1g sz\u00e1mos nagyszer\u0171 tulajdons\u00e1ggal rendelkezik, amelyek biztos\u00edtj\u00e1k a k\u00e9nyelmet, a funkcionalit\u00e1st \u00e9s a mozg\u00e1sszabads\u00e1got. Term\u00e9szetesen a nadr\u00e1g v\u00edzleperget\u0151 Deer-Tex membr\u00e1nnal is fel van szerelve.<\/p>\n<h2>Term\u00e9kle\u00edr\u00e1s<\/h2>\n<ul>\n<li><strong>M\u00e9ret:<\/strong> 48-66<\/li>\n<li><strong>Sz\u00edn:<\/strong> 391 - T\u0151zeg<\/li>\n<li><strong>A k\u00fcls\u0151 r\u00e9teg \u00f6sszet\u00e9tele:<\/strong> 100 % poli\u00e9szter b\u00e1rsony<\/li>\n<li><strong>Kontraszt:<\/strong> 100 % poli\u00e9szter<\/li>\n<li><strong>Fel\u00fcletkezel\u00e9s:<\/strong> v\u00edztasz\u00edt\u00f3<\/li>\n<li><strong>Elszigetelts\u00e9g:<\/strong> Deer-Tex Temp 120 g\/m2<\/li>\n<\/ul>\n<h2>Term\u00e9k param\u00e9terek<\/h2>\n<ul>\n<li>Elasztikus der\u00e9kp\u00e1nt \u00e9s magas\u00edtott der\u00e9kp\u00e1nt<\/li>\n<li>K\u00e9t el\u00fcls\u0151 zseb<\/li>\n<li>Alak\u00edtott t\u00e9rdfel\u00fclet<\/li>\n<\/ul>","protected":false},"excerpt":{"rendered":"<p>A Deerhunter Rusky Silent f\u00e9rfi t\u00e9li nadr\u00e1g csendes, b\u00e1rsonyos anyagb\u00f3l k\u00e9sz\u00fcl Deer-Tex membr\u00e1nnal \u00e9s Deer-Tex Temp szigetel\u00e9ssel, \u00edgy hideg id\u0151ben is melegen tart, mik\u00f6zben v\u00edztasz\u00edt\u00f3 \u00e9s k\u00e9nyelmes. Rugalmas, megemelt der\u00e9kr\u00e9sszel, alak\u00edtott t\u00e9rddel \u00e9s oldals\u00f3 cipz\u00e1ras sz\u00e1rny\u00edl\u00e1ssal k\u00f6nny\u00edti a felv\u00e9telt, Peat sz\u00ednben, 48-66 m\u00e9retben.<\/p>","protected":false},"featured_media":18923,"template":"","meta":{"_gspb_post_css":""},"product_brand":[],"product_cat":[2369],"product_tag":[2322,2371],"class_list":{"0":"post-18892","1":"product","2":"type-product","3":"status-publish","4":"has-post-thumbnail","6":"product_cat-nohavice","7":"product_tag-deerhunter","8":"product_tag-rusky","10":"first","11":"instock","12":"taxable","13":"shipping-taxable","14":"purchasable","15":"product-type-variable","16":"has-default-attributes"},"ct_brands":[],"_links":{"self":[{"href":"https:\/\/zbranebudai.sk\/hu\/wp-json\/wp\/v2\/product\/18892","targetHints":{"allow":["GET"]}}],"collection":[{"href":"https:\/\/zbranebudai.sk\/hu\/wp-json\/wp\/v2\/product"}],"about":[{"href":"https:\/\/zbranebudai.sk\/hu\/wp-json\/wp\/v2\/types\/product"}],"wp:featuredmedia":[{"embeddable":true,"href":"https:\/\/zbranebudai.sk\/hu\/wp-json\/wp\/v2\/media\/18923"}],"wp:attachment":[{"href":"https:\/\/zbranebudai.sk\/hu\/wp-json\/wp\/v2\/media?parent=18892"}],"wp:term":[{"taxonomy":"product_brand","embeddable":true,"href":"https:\/\/zbranebudai.sk\/hu\/wp-json\/wp\/v2\/product_brand?post=18892"},{"taxonomy":"product_cat","embeddable":true,"href":"https:\/\/zbranebudai.sk\/hu\/wp-json\/wp\/v2\/product_cat?post=18892"},{"taxonomy":"product_tag","embeddable":true,"href":"https:\/\/zbranebudai.sk\/hu\/wp-json\/wp\/v2\/product_tag?post=18892"}],"curies":[{"name":"wp","href":"https:\/\/api.w.org\/{rel}","templated":true}]}}