{"id":18891,"date":"2026-01-13T23:25:10","date_gmt":"2026-01-13T21:25:10","guid":{"rendered":"https:\/\/zbranebudai.sk\/?post_type=product&#038;p=18891"},"modified":"2026-01-14T16:59:52","modified_gmt":"2026-01-14T14:59:52","slug":"deerhunter-northward-ferfi-zold","status":"publish","type":"product","link":"https:\/\/zbranebudai.sk\/hu\/product\/deerhunter-northward-panske-sortky-zelene\/","title":{"rendered":"Deerhunter Northward z\u00f6ld f\u00e9rfi r\u00f6vidnadr\u00e1g"},"content":{"rendered":"<p><strong>Deerhunter Northward z\u00f6ld f\u00e9rfi r\u00f6vidnadr\u00e1g<\/strong> st\u00edlusos \u00e9s k\u00e9nyelmes r\u00f6vidnadr\u00e1got k\u00edn\u00e1l ny\u00e1rra. V\u00edzleperget\u0151, rendk\u00edv\u00fcl l\u00e9g\u00e1tereszt\u0151, \u00e9s a maxim\u00e1lis k\u00e9nyelem \u00e9s komfort \u00e9rdek\u00e9ben tervezt\u00e9k \u0151ket. A szabadt\u00e9ri sportok \u00e9s a kempingez\u00e9s szerelmesei \u00e9rt\u00e9kelni fogj\u00e1k min\u0151s\u00e9g\u00fcket \u00e9s kialak\u00edt\u00e1sukat. Az el\u00fcls\u0151 \u00e9s h\u00e1ts\u00f3 zsebek kombin\u00e1ci\u00f3ja sokoldal\u00fas\u00e1got k\u00edn\u00e1l, \u00e9s lehet\u0151v\u00e9 teszi, hogy mindent magaddal vihess, amire sz\u00fcks\u00e9ged van. Ezek a r\u00f6vidnadr\u00e1gok a legjobb v\u00e1laszt\u00e1s, b\u00e1rhov\u00e1 is megy. Viselheti \u0151ket a szabadidej\u00e9ben, a napi s\u00e9t\u00e1kon vagy b\u00e1rhol m\u00e1shol, ahol sz\u00fcks\u00e9ge van r\u00e1juk.<\/p>\n<div>\n<h2>Term\u00e9kle\u00edr\u00e1s<\/h2>\n<\/div>\n<ul>\n<li><strong>Sz\u00edn:<\/strong> K\u00e9reg z\u00f6ld<\/li>\n<li><strong>M\u00e9retek:<\/strong> 46-64<\/li>\n<li><strong>A k\u00fcls\u0151 r\u00e9teg \u00f6sszet\u00e9tele:<\/strong> 73 % poliamid \/ 17 % pamut \/ 10 % elaszt\u00e1n<\/li>\n<li><strong>Kontrasztos anyag:<\/strong> 100 % poliamid<\/li>\n<li><strong>Mosoda:<\/strong> ne haszn\u00e1ljon l\u00e1gy\u00edt\u00f3t, mos\u00e1s ford\u00edtva, m\u00e1s szennyest\u0151l elk\u00fcl\u00f6n\u00edtve mossa.<\/li>\n<\/ul>\n<p><strong>OEKOTEX<\/strong> - a vil\u00e1g vezet\u0151 eg\u00e9szs\u00e9g\u00fcgyi textilterm\u00e9kek tan\u00fas\u00edt\u00e1sa. Az \u00faj kezdem\u00e9nyez\u00e9sek az eg\u00e9szs\u00e9gre \u00e9s a k\u00f6rnyezetre kock\u00e1zatot jelent\u0151 anyagokkal kapcsolatos leg\u00fajabb tudom\u00e1nyos ismereteken, a vegyi anyagokra vonatkoz\u00f3 jogszab\u00e1lyokon \u00e9s a textilipar fejl\u0151d\u00e9s\u00e9n alapulnak.<\/p>\n<h2>Term\u00e9k param\u00e9terek<\/h2>\n<ul>\n<li>K\u00e9t el\u00fcls\u0151 zseb<\/li>\n<li>K\u00e9t combzseb rejtett cipz\u00e1rakkal<\/li>\n<li>Extra zseb a bal combon<\/li>\n<li>H\u00e1ts\u00f3 zseb rejtett cipz\u00e1rral<\/li>\n<li>Meger\u0151s\u00edtett sz\u00f6vetzseb a jobb combon<\/li>\n<li>Maxim\u00e1lis k\u00e9nyelem<\/li>\n<li>Pamutsz\u00e1lak a k\u00e9nyelem\u00e9rt<\/li>\n<li>Rugalmass\u00e1g<\/li>\n<li>V\u00edzleperget\u0151 k\u00e9pess\u00e9g<\/li>\n<li>L\u00e9legz\u0151k\u00e9pess\u00e9g<\/li>\n<\/ul>","protected":false},"excerpt":{"rendered":"<p>A Deerhunter Northward f\u00e9rfi r\u00f6vidnadr\u00e1g ny\u00e1rra k\u00e9sz\u00fclt, v\u00edztasz\u00edt\u00f3 \u00e9s j\u00f3l szell\u0151z\u0151 anyaggal, rugalmas \u00f6sszet\u00e9tellel a k\u00e9nyelmes mozg\u00e1s\u00e9rt. T\u00f6bb praktikus zsebbel rendelkezik, k\u00f6zt\u00fck rejtett cipz\u00e1ras comb- \u00e9s h\u00e1ts\u00f3 zsebbel, Bark Green sz\u00ednben, 46-64 m\u00e9retben, OEKO-TEX tan\u00fas\u00edtv\u00e1nnyal.<\/p>","protected":false},"featured_media":18921,"template":"","meta":{"_gspb_post_css":""},"product_brand":[],"product_cat":[2369],"product_tag":[2322,2370],"class_list":{"0":"post-18891","1":"product","2":"type-product","3":"status-publish","4":"has-post-thumbnail","6":"product_cat-nohavice","7":"product_tag-deerhunter","8":"product_tag-northward","10":"first","11":"instock","12":"taxable","13":"shipping-taxable","14":"purchasable","15":"product-type-variable","16":"has-default-attributes"},"ct_brands":[],"_links":{"self":[{"href":"https:\/\/zbranebudai.sk\/hu\/wp-json\/wp\/v2\/product\/18891","targetHints":{"allow":["GET"]}}],"collection":[{"href":"https:\/\/zbranebudai.sk\/hu\/wp-json\/wp\/v2\/product"}],"about":[{"href":"https:\/\/zbranebudai.sk\/hu\/wp-json\/wp\/v2\/types\/product"}],"wp:featuredmedia":[{"embeddable":true,"href":"https:\/\/zbranebudai.sk\/hu\/wp-json\/wp\/v2\/media\/18921"}],"wp:attachment":[{"href":"https:\/\/zbranebudai.sk\/hu\/wp-json\/wp\/v2\/media?parent=18891"}],"wp:term":[{"taxonomy":"product_brand","embeddable":true,"href":"https:\/\/zbranebudai.sk\/hu\/wp-json\/wp\/v2\/product_brand?post=18891"},{"taxonomy":"product_cat","embeddable":true,"href":"https:\/\/zbranebudai.sk\/hu\/wp-json\/wp\/v2\/product_cat?post=18891"},{"taxonomy":"product_tag","embeddable":true,"href":"https:\/\/zbranebudai.sk\/hu\/wp-json\/wp\/v2\/product_tag?post=18891"}],"curies":[{"name":"wp","href":"https:\/\/api.w.org\/{rel}","templated":true}]}}