{"id":18639,"date":"2025-12-13T23:49:40","date_gmt":"2025-12-13T21:49:40","guid":{"rendered":"https:\/\/zbranebudai.sk\/?post_type=product&#038;p=18639"},"modified":"2026-02-21T18:51:56","modified_gmt":"2026-02-21T16:51:56","slug":"hikmicro-lynx-lynx-le15-3-0-hokameras-monokular","status":"publish","type":"product","link":"https:\/\/zbranebudai.sk\/hu\/product\/hikmicro-lynx-le15-3-0-termovizny-monokular\/","title":{"rendered":"Hikmicro LYNX LE15 3.0 h\u0151kamera keres\u0151"},"content":{"rendered":"<p><strong>Hikmicro LYNX LE15 3.0 h\u0151kamera keres\u0151<\/strong><\/p>\n<p><b>HIKMICRO red\u0151ny n\u00e9lk\u00fcl: Sima k\u00f6vet\u00e9s, jobb felhaszn\u00e1l\u00f3i f\u00f3kusz\u00e1l\u00e1s<\/b><\/p>\n<p><span style=\"font-weight: 400\">A bev\u00e1lt HIKMICRO shutterless technol\u00f3gia, amely mostant\u00f3l a LYNX 3.0-ban is el\u00e9rhet\u0151, zavartalan k\u00f6vet\u00e9st biztos\u00edt a vad\u00e1szat sor\u00e1n. A hagyom\u00e1nyos k\u00e9sz\u00fcl\u00e9kekkel ellent\u00e9tben, amelyek kalibr\u00e1l\u00e1s k\u00f6zben lefagynak, a LYNX 3.0 sima h\u0151k\u00e9pet biztos\u00edt, \u00edgy \u00d6n zavartalanul a c\u00e9lpontra koncentr\u00e1lhat. Amikor \u00e9jszaka egy mez\u0151n \u00e1tfut\u00f3 r\u00f3k\u00e1t k\u00f6vet, a z\u00e1r n\u00e9lk\u00fcli kialak\u00edt\u00e1s lehet\u0151v\u00e9 teszi, hogy megszak\u00edt\u00e1s n\u00e9lk\u00fcl k\u00f6vesse a mozg\u00e1s\u00e1t. \u00cdgy gyorsan \u00e9s hat\u00e1rozottan reag\u00e1lhat.<\/span><\/p>\n<p><b>0,49\u2033 AMOLED kijelz\u0151: Pr\u00e9mium kijelz\u0151 a k\u00e9nyelmesebb megtekint\u00e9shez<\/b><br \/>\n<span style=\"font-weight: 400\">A LYNX 3.0 nagy teljes\u00edtm\u00e9ny\u0171, 0,49\u2033-es AMOLED kijelz\u0151je m\u00e9g gyenge f\u00e9nyviszonyok k\u00f6z\u00f6tt is kiemelkedik k\u00f6rnyezet\u00e9b\u0151l. A szem meger\u0151ltet\u00e9s\u00e9nek minimaliz\u00e1l\u00e1s\u00e1ra tervezett nagym\u00e9ret\u0171 kijelz\u0151 ide\u00e1lis a hosszabb vad\u00e1szatokhoz, \u00e9s lehet\u0151v\u00e9 teszi az \u00faj \u00e9s tapasztalt vad\u00e1szok sz\u00e1m\u00e1ra, hogy magabiztosan hozzanak pontos d\u00f6nt\u00e9seket.<\/span><br \/>\n<b><\/b><\/p>\n<p><b>Zsebm\u00e9ret: kompakt, k\u00f6nny\u0171 \u00e9s mindig k\u00e9zn\u00e9l van<\/b><\/p>\n<p><span style=\"font-weight: 400\">A LYNX 3.0-t hordozhat\u00f3s\u00e1gra tervezt\u00e9k. Kompakt \u00e9s k\u00f6nny\u0171 kialak\u00edt\u00e1s\u00e1nak k\u00f6sz\u00f6nhet\u0151en k\u00e9nyelmesen elf\u00e9r a zseb\u00e9ben, \u00edgy hossz\u00fa vad\u00e1szatok sor\u00e1n megszabad\u00edtja \u00d6nt a terjedelmes felszerel\u00e9s terh\u00e9t\u0151l.<\/span><\/p>\n<p><b>169 mm hossz\u00fas\u00e1g\u00e1val b\u00e1rmilyen zsebben elf\u00e9r<\/b><\/p>\n<p><span style=\"font-weight: 400\">A HIKMICRO LYNX 3.0 egylencs\u00e9s h\u0151kamer\u00e1ja 24 mm-rel r\u00f6videbb, mint kor\u00e1bban, \u00edgy k\u00f6nnyen t\u00e1rolhat\u00f3 \u00e9s hordozhat\u00f3 zsebben vagy vad\u00e1szkab\u00e1tban. Az \u00e9jszakai mezei j\u00e1r\u0151r\u00f6z\u00e9s sor\u00e1n a LYNX 3.0-t a zseb\u00e9ben hordhatja an\u00e9lk\u00fcl, hogy \u00e9rezn\u00e9 a s\u00faly\u00e1t, \u00edgy gyorsan \u00e9s k\u00f6nnyen hozz\u00e1f\u00e9rhet, ha ragadoz\u00f3kat, p\u00e9ld\u00e1ul r\u00f3k\u00e1kat \u00e9szlel a j\u00f3sz\u00e1gai k\u00f6zel\u00e9ben.<\/span><\/p>\n<p><b>355 g,<\/b> <b>eg\u00e9sz napos viselethez<\/b><br \/>\n<span style=\"font-weight: 400\">A mind\u00f6ssze 355 g s\u00faly\u00fa LYNX 3.0 k\u00e9sz\u00fcl\u00e9ket azok sz\u00e1m\u00e1ra tervezt\u00e9k, akik \u00e1lland\u00f3an \u00faton vannak. Azok a vad\u00e1szok, akik nagy t\u00e1vols\u00e1gokat tesznek meg, vagy \u00f3r\u00e1kat t\u00f6ltenek a terepen, \u00e9rt\u00e9kelni fogj\u00e1k a k\u00f6nny\u0171 kialak\u00edt\u00e1st, amely cs\u00f6kkenti a f\u00e1radts\u00e1got, mik\u00f6zben k\u00e9szen \u00e1ll az akci\u00f3ra.<\/span><\/p>\n<p><b>Intuit\u00edv \u00e9s megb\u00edzhat\u00f3 haszn\u00e1lat: k\u00e9szen \u00e1ll, amikor \u00d6n k\u00e9szen \u00e1ll, a gyors, 2 m\u00e1sodperces ind\u00edt\u00e1ssal nem marad le semmir\u0151l.<\/b><br \/>\n<span style=\"font-weight: 400\">A LYNX 3.0 2 m\u00e1sodperc alatt bekapcsol, \u00edgy k\u00e9szen \u00e1ll a c\u00e9lpont megfigyel\u00e9s\u00e9re, amint megl\u00e1tja azt. Ak\u00e1r k\u00e9szenl\u00e9ti \u00fczemm\u00f3dban, ak\u00e1r automatikus k\u00e9perny\u0151 kikapcsol\u00e1s \u00fczemm\u00f3dban vagy teljesen kikapcsolva van a k\u00e9sz\u00fcl\u00e9k, a gyors reakci\u00f3ja biztos\u00edtja, hogy soha ne szalasszon el egy lehet\u0151s\u00e9get sem. Amint \u00e9szrevesz egy 100 m\u00e9terre hirtelen felbukkan\u00f3 vaddiszn\u00f3t, a LYNX 3.0 seg\u00edts\u00e9g\u00e9vel 2 m\u00e1sodperc alatt el\u00e9rheti a c\u00e9lpontot, \u00edgy azonnal kisz\u00farhatja azt.<\/span><\/p>\n<p><b>4,5 \u00f3r\u00e1s gyakorlati akkumul\u00e1tor-\u00fczemid\u0151: megb\u00edzhat\u00f3s\u00e1g a hosszabb vad\u00e1szatokhoz<\/b><\/p>\n<p><span style=\"font-weight: 400\">A HIKMICRO LYNX 3.0 nagy teljes\u00edtm\u00e9ny\u0171 funkci\u00f3i ellen\u00e9re leny\u0171g\u00f6z\u0151 akkumul\u00e1tor-\u00fczemid\u0151vel rendelkezik, amely egyetlen felt\u00f6lt\u00e9ssel 4,5 \u00f3ra folyamatos haszn\u00e1latot tesz lehet\u0151v\u00e9 a terepen. A cser\u00e9lhet\u0151 akkumul\u00e1tor biztos\u00edtja, hogy mindig k\u00e9szen \u00e1lljon a hosszabb vad\u00e1szatokra. Hosszabb kir\u00e1ndul\u00e1sok eset\u00e9n egy gyors akkumul\u00e1torcsere biztos\u00edtja, hogy k\u00e9szen \u00e1lljon.<\/span><br \/>\n<b><\/b><\/p>\n<p><b>Csatlakozzon az alkalmaz\u00e1shoz 2,4 GHz\/5GHz-es Wi-Fi-n kereszt\u00fcl: Azonnal megoszthatja vad\u00e1szatait<\/b><\/p>\n<p><span style=\"font-weight: 400\">A LYNX 3.0 z\u00f6kken\u0151mentesen csatlakozik a HIKMICRO Sight alkalmaz\u00e1shoz, \u00edgy k\u00f6zvetlen\u00fcl okostelefonj\u00e1r\u00f3l megtekintheti, mentheti \u00e9s megoszthatja a h\u0151k\u00e9peket. Ak\u00e1r egy mez\u0151n l\u00e9v\u0151 r\u00f3k\u00e1r\u00f3l, ak\u00e1r egy s\u0171r\u0171 erd\u0151ben l\u00e9v\u0151 vaddiszn\u00f3r\u00f3l n\u00e9zi a tiszta k\u00e9pet, az alkalmaz\u00e1ssal k\u00f6z\u00f6ss\u00e9gi \u00e9lm\u00e9nyt adhat vad\u00e1szkalandjaihoz.<\/span><\/p>\n<table dir=\"ltr\" border=\"1\" cellspacing=\"0\" cellpadding=\"0\" data-sheets-root=\"1\" data-sheets-baot=\"1\">\n<colgroup>\n<col width=\"100\" \/>\n<col width=\"100\" \/><\/colgroup>\n<tbody>\n<tr>\n<td>Wi-Fi<\/td>\n<td>Igen<\/td>\n<\/tr>\n<tr>\n<td>\u00c9rz\u00e9kel\u0151<\/td>\n<td>256 \u00d7 192 px<\/td>\n<\/tr>\n<tr>\n<td>H\u0151\u00e9rz\u00e9kenys\u00e9g<\/td>\n<td>&lt; 20 mK<\/td>\n<\/tr>\n<tr>\n<td>Kijelz\u0151 felbont\u00e1sa<\/td>\n<td>1024 \u00d7 768 px<\/td>\n<\/tr>\n<tr>\n<td>Friss\u00edt\u00e9si sebess\u00e9g<\/td>\n<td>50 Hz<\/td>\n<\/tr>\n<tr>\n<td>Objekt\u00edv<\/td>\n<td>15 mm<\/td>\n<\/tr>\n<tr>\n<td>Mappa \u00e9rt\u00e9ke<\/td>\n<td>F1.0<\/td>\n<\/tr>\n<tr>\n<td>\u00c9rz\u00e9kel\u00e9si t\u00e1vols\u00e1g<\/td>\n<td>750 m<\/td>\n<\/tr>\n<tr>\n<td>Optikai nagy\u00edt\u00e1s<\/td>\n<td>2,2\u00d7<\/td>\n<\/tr>\n<tr>\n<td>L\u00e1t\u00f3mez\u0151<\/td>\n<td>11,7\u00b0 \u00d7 8,8\u00b0<\/td>\n<\/tr>\n<tr>\n<td>Digit\u00e1lis zoom<\/td>\n<td>8\u00d7<\/td>\n<\/tr>\n<tr>\n<td>Dioptri\u00e1s korrekci\u00f3<\/td>\n<td>-5D - +3D<\/td>\n<\/tr>\n<tr>\n<td>F\u00e9nyk\u00e9pez\u00e9s<\/td>\n<td>Igen<\/td>\n<\/tr>\n<tr>\n<td>Vide\u00f3k k\u00e9sz\u00edt\u00e9se<\/td>\n<td>Igen<\/td>\n<\/tr>\n<tr>\n<td>Hangfelv\u00e9tel<\/td>\n<td>Igen<\/td>\n<\/tr>\n<tr>\n<td>A v\u00e9delem szintje<\/td>\n<td>IP67<\/td>\n<\/tr>\n<tr>\n<td>Mem\u00f3ria<\/td>\n<td>\n<div>\n<div>Be\u00e9p\u00edtett, 64 GB<\/div>\n<\/div>\n<\/td>\n<\/tr>\n<tr>\n<td>\u00dczemi h\u0151m\u00e9rs\u00e9klet<\/td>\n<td>-30 \u00b0C - 45 \u00b0C<\/td>\n<\/tr>\n<tr>\n<td>Akkumul\u00e1tor<\/td>\n<td>1\u00d7 18650<\/td>\n<\/tr>\n<tr>\n<td>Akkumul\u00e1tor \u00fczemid\u0151<\/td>\n<td>6 \u00f3ra<\/td>\n<\/tr>\n<tr>\n<td>S\u00faly<\/td>\n<td>297 g<\/td>\n<\/tr>\n<tr>\n<td>M\u00e9retek<\/td>\n<td>\n<div>\n<div>156 \u00d7 54 \u00d7 50 mm<\/div>\n<\/div>\n<\/td>\n<\/tr>\n<\/tbody>\n<\/table>\n<p data-start=\"24\" data-end=\"46\"><strong data-start=\"24\" data-end=\"46\">A csomag tartalma:<\/strong><\/p>\n<ul>\n<li data-start=\"50\" data-end=\"93\">HIKMICRO Lynx LE15 3.0<\/li>\n<li data-start=\"96\" data-end=\"106\">1\u00d7 t\u00f6lt\u0151<\/li>\n<li data-start=\"109\" data-end=\"144\">2\u00d7 \u00fajrat\u00f6lthet\u0151 18650 akkumul\u00e1tor<\/li>\n<li data-start=\"147\" data-end=\"165\">1\u00d7 USB adatk\u00e1bel<\/li>\n<li data-start=\"168\" data-end=\"190\">Optikai tiszt\u00edt\u00f3 kend\u0151<\/li>\n<li data-start=\"193\" data-end=\"236\">Haszn\u00e1lati utas\u00edt\u00e1s<\/li>\n<\/ul>\n<p>A m\u00e1rka hivatalos honlapja: <a href=\"https:\/\/www.hikmicrotech.com\/hu\/outdoor-products\/lynx-3-0-thermal-monocular\/\">https:\/\/www.hikmicrotech.com\/hu\/outdoor-products\/lynx-3-0-thermal-monocular\/<\/a><\/p>","protected":false},"excerpt":{"rendered":"<ul>\n<li><strong data-start=\"26\" data-end=\"38\">\u00c9rz\u00e9kel\u0151:<\/strong> 256 \u00d7 192 px, 12 \u03bcm<\/li>\n<li><strong data-start=\"62\" data-end=\"75\">Lencse:<\/strong> 15 mm<\/li>\n<li><strong data-start=\"85\" data-end=\"119\">A h\u0151\u00e9rz\u00e9kenys\u00e9g:<\/strong> &lt; 20 mK<\/li>\n<li><strong data-start=\"131\" data-end=\"154\">\u00c9rz\u00e9kel\u00e9si t\u00e1vols\u00e1g:<\/strong> 750 m<\/li>\n<li><strong data-start=\"164\" data-end=\"185\">Optikai nagy\u00edt\u00e1s:<\/strong> 2,2\u00d7<\/li>\n<li><strong data-start=\"194\" data-end=\"213\">Digit\u00e1lis zoom:<\/strong> 8\u00d7<\/li>\n<li><strong data-start=\"220\" data-end=\"232\">Megjelen\u00edt\u00e9s:<\/strong> AMOLED 1024 \u00d7 768 px.<\/li>\n<li><strong data-start=\"257\" data-end=\"270\">Jellemz\u0151k:<\/strong> Image Pro 3.0, HSIS, automatikus alv\u00f3 \u00fczemm\u00f3d<\/li>\n<li><strong data-start=\"316\" data-end=\"334\">Gyors kezd\u00e9s:<\/strong> 2 s<\/li>\n<li><strong data-start=\"342\" data-end=\"366\">Az akkumul\u00e1tor \u00e9lettartama:<\/strong> 6 \u00f3ra<\/li>\n<li><strong data-start=\"376\" data-end=\"391\">T\u00e1pegys\u00e9g:<\/strong> 1\u00d7 \u00fajrat\u00f6lthet\u0151 Li-ion 18650 akkumul\u00e1tor<\/li>\n<\/ul>","protected":false},"featured_media":18669,"template":"","meta":{"_gspb_post_css":""},"product_brand":[315],"product_cat":[21,144,327],"product_tag":[150,281,337],"class_list":{"0":"post-18639","1":"product","2":"type-product","3":"status-publish","4":"has-post-thumbnail","6":"product_brand-hikmicro","7":"product_cat-optika","8":"product_cat-termovizie","9":"product_cat-termovizne-monokulary","10":"product_tag-hikmicro","11":"product_tag-lynx","12":"product_tag-termovizny-monokular","14":"first","15":"instock","16":"taxable","17":"shipping-taxable","18":"purchasable","19":"product-type-simple"},"ct_brands":[{"id":315,"name":"Hikmicro","slug":"hikmicro"}],"_links":{"self":[{"href":"https:\/\/zbranebudai.sk\/hu\/wp-json\/wp\/v2\/product\/18639","targetHints":{"allow":["GET"]}}],"collection":[{"href":"https:\/\/zbranebudai.sk\/hu\/wp-json\/wp\/v2\/product"}],"about":[{"href":"https:\/\/zbranebudai.sk\/hu\/wp-json\/wp\/v2\/types\/product"}],"wp:featuredmedia":[{"embeddable":true,"href":"https:\/\/zbranebudai.sk\/hu\/wp-json\/wp\/v2\/media\/18669"}],"wp:attachment":[{"href":"https:\/\/zbranebudai.sk\/hu\/wp-json\/wp\/v2\/media?parent=18639"}],"wp:term":[{"taxonomy":"product_brand","embeddable":true,"href":"https:\/\/zbranebudai.sk\/hu\/wp-json\/wp\/v2\/product_brand?post=18639"},{"taxonomy":"product_cat","embeddable":true,"href":"https:\/\/zbranebudai.sk\/hu\/wp-json\/wp\/v2\/product_cat?post=18639"},{"taxonomy":"product_tag","embeddable":true,"href":"https:\/\/zbranebudai.sk\/hu\/wp-json\/wp\/v2\/product_tag?post=18639"}],"curies":[{"name":"wp","href":"https:\/\/api.w.org\/{rel}","templated":true}]}}