{"id":18636,"date":"2025-12-13T23:49:39","date_gmt":"2025-12-13T21:49:39","guid":{"rendered":"https:\/\/zbranebudai.sk\/?post_type=product&#038;p=18636"},"modified":"2026-02-22T20:04:12","modified_gmt":"2026-02-22T18:04:12","slug":"hikmicro-lynx-lh25-lh25-3-0-hokameras-monokular","status":"publish","type":"product","link":"https:\/\/zbranebudai.sk\/hu\/product\/hikmicro-lynx-lh25-3-0-termovizny-monokular\/","title":{"rendered":"Hikmicro LYNX LH25 3.0 h\u0151kamera keres\u0151"},"content":{"rendered":"<p><strong>Hikmicro LYNX LH25 3.0 termov\u00edzny monokul\u00e1r<\/strong><\/p>\n<p><b>Ultra vysok\u00e1 teplotn\u00e1 citlivos\u0165 15 mK<\/b><\/p>\n<p><span style=\"font-weight: 400\">Tepeln\u00e1 citlivos\u0165 15 mK kamery LYNX 3.0 patr\u00ed medzi najlep\u0161ie vo svojej triede, v\u010faka \u010domu je mo\u017en\u00e9 \u013eahko detekova\u0165 aj slab\u00e9 tepeln\u00e9 sign\u00e1ly v n\u00e1ro\u010dn\u00fdch loveck\u00fdch podmienkach. \u010ci u\u017e lov\u00edte v hmlistom r\u00e1ne, v hustom lese alebo v noci na otvoren\u00fdch poliach, nebudete ma\u0165 \u017eiadne probl\u00e9my s rozpoznan\u00edm obrysov va\u0161ich cie\u013eov\u00fdch zvierat. Aj ke\u010f sa zajac skr\u00fdva vo vysokej tr\u00e1ve alebo sa l\u00ed\u0161ka pohybuje v bl\u00edzkosti stromov, LYNX 3.0 zachyt\u00e1va teplotn\u00fd podpis s pozoruhodnou presnos\u0165ou.<\/span><\/p>\n<p><b>Algoritmy Image Pro 3.0 a Zoom Pro zalo\u017een\u00e9 na umelej inteligencii<\/b><br \/>\n<span style=\"font-weight: 400\">LYNX 3.0 je vybaven\u00fd propriet\u00e1rnymi algoritmami umelej inteligencie HIKMICRO, Image Pro 3.0 a Zoom Pro, ktor\u00e9 s\u00fa navrhnut\u00e9 tak, aby poskytovali ostr\u00e9 a detailn\u00e9 obrazy pri z\u00e1kladnom zv\u00e4\u010d\u0161en\u00ed aj pri pribl\u00ed\u017een\u00ed. Tieto funkcie zabezpe\u010duj\u00fa presn\u00fa identifik\u00e1ciu obrysov zvierat a rozl\u00ed\u0161enie druhov aj z v\u00e4\u010d\u0161\u00edch vzdialenost\u00ed. Ke\u010f sa v lese vo vzdialenosti 150 metrov objav\u00ed diviak, HIKMICRO LYNX 3.0 ho m\u00f4\u017ee pribl\u00ed\u017ei\u0165 pomocou termov\u00edznej kamery s jedn\u00fdm objekt\u00edvom, aby potvrdil jeho ve\u013ekos\u0165 a pohyb, jasne videl jeho obrysy a odl\u00ed\u0161il ho od bl\u00edzkych kr\u00edkov.<\/span><br \/>\n<b><\/b><\/p>\n<p><b>HIKMICRO<\/b> <b>bez uz\u00e1vierky<\/b><\/p>\n<p><span style=\"font-weight: 400\">Osved\u010den\u00e1 technol\u00f3gia HIKMICRO bez uz\u00e1vierky, teraz dostupn\u00e1 v modeli LYNX 3.0, poskytuje nepreru\u0161ovan\u00e9 pozorovanie po\u010das lovu. Na rozdiel od tradi\u010dn\u00fdch zariaden\u00ed, ktor\u00e9 po\u010das kalibr\u00e1cie zamrzn\u00fa, LYNX 3.0 poskytuje plynul\u00fd term\u00e1lny obraz, v\u010faka \u010domu sa m\u00f4\u017eete s\u00fastredi\u0165 na svoj cie\u013e bez ru\u0161iv\u00fdch vplyvov. Pri sledovan\u00ed l\u00ed\u0161ky prebiehaj\u00facej cez pole v noci v\u00e1m kon\u0161trukcia bez uz\u00e1vierky umo\u017e\u0148uje sledova\u0165 jej pohyb bez preru\u0161enia. V\u010faka tomu m\u00f4\u017eete reagova\u0165 r\u00fdchlo a rozhodne.<\/span><\/p>\n<p><b>0,49&#8243; AMOLED displej: Pr\u00e9miov\u00e9 zobrazenie pre pohodlnej\u0161ie pozorovanie<\/b><br \/>\n<span style=\"font-weight: 400\">V\u00fdkonn\u00fd 0,49&#8243; AMOLED displej LYNX 3.0 vynik\u00e1 zo svojho okolia aj za zhor\u0161en\u00fdch sveteln\u00fdch podmienok. Ve\u013ek\u00fd displej, navrhnut\u00fd tak, aby minimalizoval nam\u00e1hanie o\u010d\u00ed, je ide\u00e1lny pre dlh\u0161ie lovy a umo\u017e\u0148uje nov\u00fdm aj sk\u00fasen\u00fdm lovcom robi\u0165 presn\u00e9 rozhodnutia s istotou.<\/span><\/p>\n<p><b>Kompaktn\u00fd, \u013eahk\u00fd a v\u017edy po ruke<\/b><\/p>\n<p><span style=\"font-weight: 400\">LYNX 3.0 je navrhnut\u00fd s oh\u013eadom na prenosnos\u0165. Jeho kompaktn\u00fd a \u013eahk\u00fd dizajn zaru\u010duje, \u017ee sa pohodlne zmest\u00ed do vrecka, \u010d\u00edm v\u00e1s oslobod\u00ed od bremena objemn\u00e9ho vybavenia po\u010das dlh\u00fdch lovov.<\/span><\/p>\n<p><b>D\u013a\u017eka 169 mm, tak\u017ee sa<\/b> <b>zmest\u00ed do ka\u017edej vrecka<\/b><\/p>\n<p><span style=\"font-weight: 400\">Jednoo\u010dkov\u00e9 termov\u00edzne zariadenie HIKMICRO LYNX 3.0 je o 24 mm krat\u0161ie ako predt\u00fdm, v\u010faka \u010domu sa \u013eahko uklad\u00e1 a zmest\u00ed sa do vrecka alebo po\u013eovn\u00edckej bundy. Pri no\u010dnom hliadkovan\u00ed po poliach m\u00f4\u017eete LYNX 3.0 nosi\u0165 vo vrecku bez toho, aby ste c\u00edtili jeho v\u00e1hu, tak\u017ee k nemu m\u00e1te r\u00fdchly a \u013eahk\u00fd pr\u00edstup, ke\u010f zbad\u00e1te dravce, ako s\u00fa l\u00ed\u0161ky<\/span><b>,<\/b> <span style=\"font-weight: 400\">v bl\u00edzkosti v\u00e1\u0161ho dobytka.<\/span> S hmotnos\u0165ou iba <b>355 g<\/b> je navrhnut\u00fd tak<b>, aby ste ho mohli nosi\u0165 cel\u00fd de\u0148<\/b><span style=\"font-weight: 400\">.<\/span><br \/>\n<span style=\"font-weight: 400\">S hmotnos\u0165ou len 355 g je LYNX 3.0 navrhnut\u00fd pre t\u00fdch, ktor\u00ed s\u00fa neust\u00e1le v pohybe. Lovci, ktor\u00ed cestuj\u00fa na dlh\u00e9 vzdialenosti alebo tr\u00e1via hodiny v ter\u00e9ne, ocenia jeho \u013eahk\u00fd dizajn, ktor\u00fd zni\u017euje \u00fanavu a z\u00e1rove\u0148 v\u00e1s udr\u017e\u00ed pripraven\u00fdch na akciu.<\/span><\/p>\n<p><b>Intuit\u00edvne a spo\u013eahliv\u00e9 pou\u017e\u00edvanie: Pripraven\u00e9, ke\u010f ste pripraven\u00ed vy<\/b><\/p>\n<p><b>R\u00fdchle spustenie za 2 sekundy: Nikdy nezme\u0161k\u00e1te ani okamih! <\/b><span style=\"font-weight: 400\">LYNX 3.0 sa zapne za iba 2 sekundy, tak\u017ee ste pripraven\u00ed pozorova\u0165 svoj cie\u013e hne\u010f, ako ho zbad\u00e1te. \u010ci u\u017e je v pohotovostnom re\u017eime, automatickom re\u017eime vypnutia obrazovky alebo \u00faplne vypnut\u00fd, r\u00fdchla odozva zariadenia zaru\u010duje, \u017ee nikdy nezme\u0161k\u00e1te \u017eiadnu pr\u00edle\u017eitos\u0165. Hne\u010f ako zbad\u00e1te diviaka, ktor\u00fd sa n\u00e1hle objav\u00ed 100 metrov od v\u00e1s, LYNX 3.0 v\u00e1m pom\u00f4\u017ee dosiahnu\u0165 cie\u013e za 2 sekundy, tak\u017ee ho m\u00f4\u017eete bezodkladne zaznamena\u0165.<\/span><\/p>\n<p><b>4,5 hodiny praktickej v\u00fddr\u017ee bat\u00e9rie: Spo\u013eahlivos\u0165 pre dlh\u0161ie lovy<\/b><\/p>\n<p><span style=\"font-weight: 400\">Napriek svojim v\u00fdkonn\u00fdm funkci\u00e1m m\u00e1 HIKMICRO LYNX 3.0 p\u00f4sobiv\u00fa v\u00fddr\u017e bat\u00e9rie, ktor\u00e1 umo\u017e\u0148uje 4,5 hodiny nepretr\u017eit\u00e9ho pou\u017e\u00edvania v ter\u00e9ne na jedno nabitie. Vymie\u0148ate\u013en\u00e1 bat\u00e9ria zaru\u010duje, \u017ee budete v\u017edy pripraven\u00ed na dlh\u0161ie lovy. Pri dlh\u0161\u00edch v\u00fdletoch v\u00e1m r\u00fdchla v\u00fdmena bat\u00e9rie zaru\u010duje, \u017ee budete m\u00f4c\u0165 pokra\u010dova\u0165.<\/span><br \/>\n<b><\/b><\/p>\n<p><b>Pripojenie cez aplik\u00e1ciu WIFI 2,4 GHz \/ 5 GHz: Okam\u017eit\u00e9 zdie\u013eanie va\u0161ich lovov<\/b><\/p>\n<p><span style=\"font-weight: 400\">LYNX 3.0 sa bezprobl\u00e9movo prip\u00e1ja k aplik\u00e1cii HIKMICRO Sight, \u010do v\u00e1m umo\u017e\u0148uje prezera\u0165, uklada\u0165 a zdie\u013ea\u0165 term\u00e1lne sn\u00edmky priamo zo smartf\u00f3nu. Nech u\u017e sledujete jasn\u00fd obraz l\u00ed\u0161ky na poli alebo diviaka v hustom lese, aplik\u00e1cia obohat\u00ed va\u0161e loveck\u00e9 dobrodru\u017estv\u00e1 o soci\u00e1lny z\u00e1\u017eitok.<\/span><\/p>\n<table dir=\"ltr\" border=\"1\" cellspacing=\"0\" cellpadding=\"0\" data-sheets-root=\"1\" data-sheets-baot=\"1\">\n<colgroup>\n<col width=\"100\" \/>\n<col width=\"100\" \/><\/colgroup>\n<tbody>\n<tr>\n<td>Wi-Fi<\/td>\n<td>\u00c1no<\/td>\n<\/tr>\n<tr>\n<td>Senzor<\/td>\n<td>384 \u00d7 288 px<\/td>\n<\/tr>\n<tr>\n<td>Citlivos\u0165 na teplo<\/td>\n<td>&lt; 15 mK<\/td>\n<\/tr>\n<tr>\n<td>Rozl\u00ed\u0161enie displeja<\/td>\n<td>1920 \u00d7 1080 px<\/td>\n<\/tr>\n<tr>\n<td>Obnovovacia frekvencia<\/td>\n<td>50 Hz<\/td>\n<\/tr>\n<tr>\n<td>Objekt\u00edv<\/td>\n<td>25 mm<\/td>\n<\/tr>\n<tr>\n<td>Clona<\/td>\n<td>F1.0<\/td>\n<\/tr>\n<tr>\n<td>Detek\u010dn\u00e1 vzdialenos\u0165<\/td>\n<td>1200 m<\/td>\n<\/tr>\n<tr>\n<td>Optick\u00e9 zv\u00e4\u010d\u0161enie<\/td>\n<td>2,5\u00d7<\/td>\n<\/tr>\n<tr>\n<td>Zorn\u00e9 pole<\/td>\n<td>10,5\u00b0 \u00d7 6,4\u00b0<\/td>\n<\/tr>\n<tr>\n<td>Digit\u00e1lny zoom<\/td>\n<td>8\u00d7<\/td>\n<\/tr>\n<tr>\n<td>Dioptrick\u00e1 korekcia<\/td>\n<td>-5D a\u017e +3D<\/td>\n<\/tr>\n<tr>\n<td>Funkcia sn\u00edmania fotografi\u00ed<\/td>\n<td>\u00c1no<\/td>\n<\/tr>\n<tr>\n<td>Mo\u017enos\u0165 v\u00fdroby videa<\/td>\n<td>\u00c1no<\/td>\n<\/tr>\n<tr>\n<td>Zvukov\u00e1 nahr\u00e1vka<\/td>\n<td>\u00c1no<\/td>\n<\/tr>\n<tr>\n<td>\u00darove\u0148 ochrany<\/td>\n<td>IP67<\/td>\n<\/tr>\n<tr>\n<td>Pam\u00e4\u0165<\/td>\n<td>vstavan\u00e1, 64 GB<\/td>\n<\/tr>\n<tr>\n<td>Prev\u00e1dzkov\u00e1 teplota<\/td>\n<td>-30 \u00b0C \u2013 +45 \u00b0C<\/td>\n<\/tr>\n<tr>\n<td>Bat\u00e9ria<\/td>\n<td>1\u00d7 18650<\/td>\n<\/tr>\n<tr>\n<td>\u017divotnos\u0165 bat\u00e9rie<\/td>\n<td>5 hod\u00edn<\/td>\n<\/tr>\n<tr>\n<td>Hmotnos\u0165<\/td>\n<td>329 g<\/td>\n<\/tr>\n<tr>\n<td>Rozmery<\/td>\n<td>\n<div>\n<div>158 \u00d7 54 \u00d7 50 mm<\/div>\n<\/div>\n<\/td>\n<\/tr>\n<\/tbody>\n<\/table>\n<h6 class=\"sr-only\"><span style=\"font-size: 16px\">Obsah balenia:<\/span><\/h6>\n<div class=\"text-base my-auto mx-auto pb-10 [--thread-content-margin:--spacing(4)] thread-sm:[--thread-content-margin:--spacing(6)] thread-lg:[--thread-content-margin:--spacing(16)] px-(--thread-content-margin)\">\n<div class=\"[--thread-content-max-width:40rem] thread-lg:[--thread-content-max-width:48rem] mx-auto max-w-(--thread-content-max-width) flex-1 group\/turn-messages focus-visible:outline-hidden relative flex w-full min-w-0 flex-col agent-turn\">\n<div class=\"flex max-w-full flex-col grow\">\n<div class=\"min-h-8 text-message relative flex w-full flex-col items-end gap-2 text-start break-words whitespace-normal [.text-message+&amp;]:mt-1\" dir=\"auto\" data-message-author-role=\"assistant\" data-message-id=\"ab4533cd-c7e4-4ca1-92f4-0043258d9a5b\" data-message-model-slug=\"gpt-5\">\n<div class=\"flex w-full flex-col gap-1 empty:hidden first:pt-[1px]\">\n<div class=\"markdown prose dark:prose-invert w-full break-words light markdown-new-styling\">\n<ul>\n<li data-start=\"24\" data-end=\"67\">HIKMICRO Lynx LH25 3.0<\/li>\n<li data-start=\"70\" data-end=\"80\">1\u00d7 nab\u00edja\u010dka<\/li>\n<li data-start=\"83\" data-end=\"118\">2\u00d7 nab\u00edjate\u013en\u00e9 bat\u00e9rie 18650<\/li>\n<li data-start=\"121\" data-end=\"139\">1\u00d7 USB d\u00e1tov\u00fd k\u00e1bel<\/li>\n<li data-start=\"142\" data-end=\"164\">Optick\u00e1 \u010distiaca utierka<\/li>\n<li data-start=\"167\" data-end=\"210\">N\u00e1vod na pou\u017eitie<\/li>\n<\/ul>\n<p>Ofici\u00e1lna webov\u00e1 str\u00e1nka zna\u010dky: <a href=\"https:\/\/www.hikmicrotech.com\/en\/outdoor-products\/lynx-3-0-thermal-monocular\/\">https:\/\/www.hikmicrotech.com\/en\/outdoor-products\/lynx-3-0-thermal-monocular\/<\/a><\/p>\n<\/div>\n<\/div>\n<\/div>\n<\/div>\n<\/div>\n<\/div>\n","protected":false},"excerpt":{"rendered":"<ul>\n<li>\u00c9rz\u00e9kel\u0151: 384 \u00d7 288 px, 12 \u03bcm<\/li>\n<li>Objekt\u00edv: 25 mm.<\/li>\n<li>H\u0151\u00e9rz\u00e9kenys\u00e9g: &lt; 15 mK<\/li>\n<li>\u00c9rz\u00e9kel\u00e9si t\u00e1vols\u00e1g: 1200 m<\/li>\n<li>Optikai nagy\u00edt\u00e1s: 2,5\u00d7<\/li>\n<li>Digit\u00e1lis zoom: 8\u00d7<\/li>\n<li>Megjelen\u00edt\u00e9s: AMOLED 1920\u00d71080 px<\/li>\n<li>Jellemz\u0151k Image Pro 3.0, Zoom Pro, HSIS, automatikus alv\u00f3 \u00fczemm\u00f3d<\/li>\n<li>Gyorsind\u00edt\u00e1s: 2 s<\/li>\n<li>Az akkumul\u00e1tor \u00e9lettartama: 5 \u00f3ra<\/li>\n<li>Teljes\u00edtm\u00e9ny: 1\u00d7 \u00fajrat\u00f6lthet\u0151 Li-ion 18650 akkumul\u00e1tor<\/li>\n<\/ul>","protected":false},"featured_media":18648,"template":"","meta":{"_gspb_post_css":""},"product_brand":[315],"product_cat":[21,144,327],"product_tag":[150,281,337],"class_list":{"0":"post-18636","1":"product","2":"type-product","3":"status-publish","4":"has-post-thumbnail","6":"product_brand-hikmicro","7":"product_cat-optika","8":"product_cat-termovizie","9":"product_cat-termovizne-monokulary","10":"product_tag-hikmicro","11":"product_tag-lynx","12":"product_tag-termovizny-monokular","14":"first","15":"instock","16":"taxable","17":"shipping-taxable","18":"purchasable","19":"product-type-simple"},"ct_brands":[{"id":315,"name":"Hikmicro","slug":"hikmicro"}],"_links":{"self":[{"href":"https:\/\/zbranebudai.sk\/hu\/wp-json\/wp\/v2\/product\/18636","targetHints":{"allow":["GET"]}}],"collection":[{"href":"https:\/\/zbranebudai.sk\/hu\/wp-json\/wp\/v2\/product"}],"about":[{"href":"https:\/\/zbranebudai.sk\/hu\/wp-json\/wp\/v2\/types\/product"}],"wp:featuredmedia":[{"embeddable":true,"href":"https:\/\/zbranebudai.sk\/hu\/wp-json\/wp\/v2\/media\/18648"}],"wp:attachment":[{"href":"https:\/\/zbranebudai.sk\/hu\/wp-json\/wp\/v2\/media?parent=18636"}],"wp:term":[{"taxonomy":"product_brand","embeddable":true,"href":"https:\/\/zbranebudai.sk\/hu\/wp-json\/wp\/v2\/product_brand?post=18636"},{"taxonomy":"product_cat","embeddable":true,"href":"https:\/\/zbranebudai.sk\/hu\/wp-json\/wp\/v2\/product_cat?post=18636"},{"taxonomy":"product_tag","embeddable":true,"href":"https:\/\/zbranebudai.sk\/hu\/wp-json\/wp\/v2\/product_tag?post=18636"}],"curies":[{"name":"wp","href":"https:\/\/api.w.org\/{rel}","templated":true}]}}