{"id":18610,"date":"2025-10-01T15:35:36","date_gmt":"2025-10-01T13:35:36","guid":{"rendered":"https:\/\/zbranebudai.sk\/?post_type=product&#038;p=18610"},"modified":"2025-10-01T15:36:51","modified_gmt":"2025-10-01T13:36:51","slug":"nocpix-nite-d70r","status":"publish","type":"product","link":"https:\/\/zbranebudai.sk\/hu\/product\/nocpix-nite-d70r\/","title":{"rendered":"Nocpix NITE D70R"},"content":{"rendered":"<table dir=\"ltr\" style=\"width: 660px;\" border=\"1\" cellspacing=\"0\" cellpadding=\"0\" data-sheets-root=\"1\" data-sheets-baot=\"1\">\n<colgroup>\n<col width=\"301\" \/>\n<col width=\"203\" \/><\/colgroup>\n<tbody>\n<tr>\n<td style=\"width: 298.608px;\">Felbont\u00e1s<\/td>\n<td style=\"width: 355.938px;\">3536 x 3536 px<\/td>\n<\/tr>\n<tr>\n<td style=\"width: 298.608px;\">Pixel m\u00e9ret<\/td>\n<td style=\"width: 355.938px;\">2\u00b5m<\/td>\n<\/tr>\n<tr>\n<td style=\"width: 298.608px;\">Friss\u00edt\u00e9si sebess\u00e9g (Hz)<\/td>\n<td style=\"width: 355.938px;\">60Hz<\/td>\n<\/tr>\n<tr>\n<td style=\"width: 298.608px;\">Objekt\u00edv (mm)<\/td>\n<td style=\"width: 355.938px;\">70mm \/ F2.0<\/td>\n<\/tr>\n<tr>\n<td style=\"width: 298.608px;\">L\u00e1t\u00f3mez\u0151<\/td>\n<td style=\"width: 355.938px;\">5,8\u00b0 x 5,8\u00b0<\/td>\n<\/tr>\n<tr>\n<td style=\"width: 298.608px;\">Digit\u00e1lis nagy\u00edt\u00e1s<\/td>\n<td style=\"width: 355.938px;\">5x-40x<\/td>\n<\/tr>\n<tr>\n<td style=\"width: 298.608px;\">Szemkiemel\u00e9s<\/td>\n<td style=\"width: 355.938px;\">50mm<\/td>\n<\/tr>\n<tr>\n<td style=\"width: 298.608px;\">Szemt\u00e1vols\u00e1g \u00e1tm\u00e9r\u0151je<\/td>\n<td style=\"width: 355.938px;\">10mm<\/td>\n<\/tr>\n<tr>\n<td style=\"width: 298.608px;\">Dioptri\u00e1s korrekci\u00f3<\/td>\n<td style=\"width: 355.938px;\">-5 - +5D<\/td>\n<\/tr>\n<tr>\n<td style=\"width: 298.608px;\">Megjelen\u00edt\u00e9s t\u00edpusa<\/td>\n<td style=\"width: 355.938px;\">AMOLED<\/td>\n<\/tr>\n<tr>\n<td style=\"width: 298.608px;\">Kijelz\u0151 felbont\u00e1sa<\/td>\n<td style=\"width: 355.938px;\">1920 x 1200 px<\/td>\n<\/tr>\n<tr>\n<td style=\"width: 298.608px;\">Akkumul\u00e1tor t\u00edpusa<\/td>\n<td style=\"width: 355.938px;\">\n<div>\n<div>1\u00d7 bels\u0151 (4000mAh) + 2\u00d7 cser\u00e9lhet\u0151 18650<\/div>\n<\/div>\n<\/td>\n<\/tr>\n<tr>\n<td style=\"width: 298.608px;\">Az akkumul\u00e1tor \u00e9lettartama<\/td>\n<td style=\"width: 355.938px;\">7h (bels\u0151 + k\u00fcls\u0151)<\/td>\n<\/tr>\n<tr>\n<td style=\"width: 298.608px;\">Wi-Fi \/ alkalmaz\u00e1s<\/td>\n<td style=\"width: 355.938px;\">Igen<\/td>\n<\/tr>\n<tr>\n<td style=\"width: 298.608px;\">Fot\u00f3\/Vide\u00f3<\/td>\n<td style=\"width: 355.938px;\">Igen<\/td>\n<\/tr>\n<tr>\n<td style=\"width: 298.608px;\">Hangfelv\u00e9tel<\/td>\n<td style=\"width: 355.938px;\">Igen<\/td>\n<\/tr>\n<tr>\n<td style=\"width: 298.608px;\">Vide\u00f3 visszahat\u00e1s aktiv\u00e1lva<\/td>\n<td style=\"width: 355.938px;\">Igen<\/td>\n<\/tr>\n<tr>\n<td style=\"width: 298.608px;\">Ballisztikus kalkul\u00e1tor<\/td>\n<td style=\"width: 355.938px;\">Igen<\/td>\n<\/tr>\n<tr>\n<td style=\"width: 298.608px;\">L\u00e9zeres t\u00e1vols\u00e1gm\u00e9r\u0151<\/td>\n<td style=\"width: 355.938px;\">Igen, a lencs\u00e9be integr\u00e1lva<\/td>\n<\/tr>\n<tr>\n<td style=\"width: 298.608px;\">Vide\u00f3k lej\u00e1tsz\u00e1sa a k\u00e9sz\u00fcl\u00e9ken<\/td>\n<td style=\"width: 355.938px;\">Igen<\/td>\n<\/tr>\n<tr>\n<td style=\"width: 298.608px;\">Csatlakoz\u00e1s t\u00edpusa<\/td>\n<td style=\"width: 355.938px;\">USB-C<\/td>\n<\/tr>\n<tr>\n<td style=\"width: 298.608px;\">T\u00e1rhely<\/td>\n<td style=\"width: 355.938px;\">64GB<\/td>\n<\/tr>\n<tr>\n<td style=\"width: 298.608px;\">V\u00edz\u00e1ll\u00f3s\u00e1g<\/td>\n<td style=\"width: 355.938px;\">IP67<\/td>\n<\/tr>\n<tr>\n<td style=\"width: 298.608px;\">S\u00faly<\/td>\n<td style=\"width: 355.938px;\">1055g<\/td>\n<\/tr>\n<tr>\n<td style=\"width: 298.608px;\">M\u00e9retek<\/td>\n<td style=\"width: 355.938px;\">405 x 95 x 80mm<\/td>\n<\/tr>\n<tr>\n<td style=\"width: 298.608px;\">Cs\u0151 \u00e1tm\u00e9r\u0151je<\/td>\n<td style=\"width: 355.938px;\">30mm<\/td>\n<\/tr>\n<\/tbody>\n<\/table>\n<p><iframe loading=\"lazy\" title=\"NOCPIX \u00daJ NAPPALI \u00c9S \u00c9JJELL\u00c1T\u00d3 DIGIT\u00c1LIS T\u00c1VCS\u0150 - NITE D70R\" width=\"1290\" height=\"726\" src=\"https:\/\/www.youtube.com\/embed\/A5h0F_YsEsk?feature=oembed\" frameborder=\"0\" allow=\"accelerometer; autoplay; clipboard-write; encrypted-media; gyroscope; picture-in-picture; web-share\" referrerpolicy=\"strict-origin-when-cross-origin\" allowfullscreen><\/iframe><\/p>","protected":false},"excerpt":{"rendered":"<p data-start=\"133\" data-end=\"505\">Az olyan vadak, mint a szarvas \u00e9s a r\u00f3ka vad\u00e1szat\u00e1hoz tervezett Nite egy cs\u00facskateg\u00f3ri\u00e1s 4K Ultra \u00e9rz\u00e9kel\u0151vel rendelkezik, amely 12 megapixeles felbont\u00e1st biztos\u00edt - p\u00e1ratlan tisztas\u00e1got, \u00e9l\u00e9nk sz\u00edneket \u00e9s \u00e9les r\u00e9szleteket k\u00edn\u00e1l minden felv\u00e9telen. Az els\u0151 f\u00e9nyt\u0151l a teljes s\u00f6t\u00e9ts\u00e9gig kiv\u00e9teles l\u00e1t\u00e1si \u00e9s c\u00e9lz\u00e1si \u00e9lm\u00e9nyt biztos\u00edt, \u00edgy a vad\u00e1szok magabiztosan a legjobb teljes\u00edtm\u00e9nyt ny\u00fajtj\u00e1k.<\/p>\n<ul data-start=\"507\" data-end=\"693\">\n<li data-start=\"507\" data-end=\"557\">\n<p data-start=\"509\" data-end=\"557\">3536\u00d73536@2\u03bcm 60Hz 4K Ultra digit\u00e1lis detektor<\/p>\n<\/li>\n<li data-start=\"558\" data-end=\"586\">\n<p data-start=\"560\" data-end=\"586\">Integr\u00e1lt LRF 1200 m-ig<\/p>\n<\/li>\n<li data-start=\"587\" data-end=\"612\">\n<p data-start=\"589\" data-end=\"612\">Sima zoomkar<\/p>\n<\/li>\n<li data-start=\"613\" data-end=\"641\">\n<p data-start=\"615\" data-end=\"641\">AMOLED kijelz\u0151 1920\u00d71200<\/p>\n<\/li>\n<li data-start=\"642\" data-end=\"670\">\n<p data-start=\"644\" data-end=\"670\">Be\u00e9p\u00edtett 18650-es akkumul\u00e1tor<\/p>\n<\/li>\n<li data-start=\"671\" data-end=\"693\">\n<p data-start=\"673\" data-end=\"693\">70mm F2.0 objekt\u00edv<\/p>\n<\/li>\n<\/ul>","protected":false},"featured_media":18611,"template":"","meta":{"_gspb_post_css":""},"product_brand":[316],"product_cat":[145,21,331,144,329],"product_tag":[2311,262],"class_list":{"0":"post-18610","1":"product","2":"type-product","3":"status-publish","4":"has-post-thumbnail","6":"product_brand-nocpix","7":"product_cat-nocne-videnie","8":"product_cat-optika","9":"product_cat-puskohlady-s-nocnym-videnim","10":"product_cat-termovizie","11":"product_cat-termovizne-puskohlady","12":"product_tag-nite","13":"product_tag-nocpix","15":"first","16":"instock","17":"taxable","18":"shipping-taxable","19":"purchasable","20":"product-type-simple"},"ct_brands":[{"id":316,"name":"Nocpix","slug":"nocpix"}],"_links":{"self":[{"href":"https:\/\/zbranebudai.sk\/hu\/wp-json\/wp\/v2\/product\/18610","targetHints":{"allow":["GET"]}}],"collection":[{"href":"https:\/\/zbranebudai.sk\/hu\/wp-json\/wp\/v2\/product"}],"about":[{"href":"https:\/\/zbranebudai.sk\/hu\/wp-json\/wp\/v2\/types\/product"}],"wp:featuredmedia":[{"embeddable":true,"href":"https:\/\/zbranebudai.sk\/hu\/wp-json\/wp\/v2\/media\/18611"}],"wp:attachment":[{"href":"https:\/\/zbranebudai.sk\/hu\/wp-json\/wp\/v2\/media?parent=18610"}],"wp:term":[{"taxonomy":"product_brand","embeddable":true,"href":"https:\/\/zbranebudai.sk\/hu\/wp-json\/wp\/v2\/product_brand?post=18610"},{"taxonomy":"product_cat","embeddable":true,"href":"https:\/\/zbranebudai.sk\/hu\/wp-json\/wp\/v2\/product_cat?post=18610"},{"taxonomy":"product_tag","embeddable":true,"href":"https:\/\/zbranebudai.sk\/hu\/wp-json\/wp\/v2\/product_tag?post=18610"}],"curies":[{"name":"wp","href":"https:\/\/api.w.org\/{rel}","templated":true}]}}