{"id":18589,"date":"2025-09-14T18:45:10","date_gmt":"2025-09-14T16:45:10","guid":{"rendered":"https:\/\/zbranebudai.sk\/?post_type=product&#038;p=18589"},"modified":"2025-09-14T18:46:48","modified_gmt":"2025-09-14T16:46:48","slug":"eagle-hokameras-tavcso-weaver-tartoval-komplett","status":"publish","type":"product","link":"https:\/\/zbranebudai.sk\/hu\/product\/termovizny-puskohlad-eagle-s-montazom-na-weaver-komplet\/","title":{"rendered":"Eagle h\u0151kamer\u00e1s c\u00e9lt\u00e1vcs\u0151 Weaver tart\u00f3val - komplett"},"content":{"rendered":"","protected":false},"excerpt":{"rendered":"<p>Eagle h\u0151kamer\u00e1s c\u00e9lt\u00e1vcs\u0151 Weaver tart\u00f3val - komplett<\/p>","protected":false},"featured_media":18590,"template":"","meta":{"_gspb_post_css":""},"product_brand":[],"product_cat":[2275],"product_tag":[],"class_list":{"0":"post-18589","1":"product","2":"type-product","3":"status-publish","4":"has-post-thumbnail","6":"product_cat-bazar","8":"first","9":"instock","10":"taxable","11":"shipping-taxable","12":"purchasable","13":"product-type-simple"},"ct_brands":[],"_links":{"self":[{"href":"https:\/\/zbranebudai.sk\/hu\/wp-json\/wp\/v2\/product\/18589","targetHints":{"allow":["GET"]}}],"collection":[{"href":"https:\/\/zbranebudai.sk\/hu\/wp-json\/wp\/v2\/product"}],"about":[{"href":"https:\/\/zbranebudai.sk\/hu\/wp-json\/wp\/v2\/types\/product"}],"wp:featuredmedia":[{"embeddable":true,"href":"https:\/\/zbranebudai.sk\/hu\/wp-json\/wp\/v2\/media\/18590"}],"wp:attachment":[{"href":"https:\/\/zbranebudai.sk\/hu\/wp-json\/wp\/v2\/media?parent=18589"}],"wp:term":[{"taxonomy":"product_brand","embeddable":true,"href":"https:\/\/zbranebudai.sk\/hu\/wp-json\/wp\/v2\/product_brand?post=18589"},{"taxonomy":"product_cat","embeddable":true,"href":"https:\/\/zbranebudai.sk\/hu\/wp-json\/wp\/v2\/product_cat?post=18589"},{"taxonomy":"product_tag","embeddable":true,"href":"https:\/\/zbranebudai.sk\/hu\/wp-json\/wp\/v2\/product_tag?post=18589"}],"curies":[{"name":"wp","href":"https:\/\/api.w.org\/{rel}","templated":true}]}}