{"id":18465,"date":"2025-09-09T20:32:31","date_gmt":"2025-09-09T18:32:31","guid":{"rendered":"https:\/\/zbranebudai.sk\/?post_type=product&#038;p=18465"},"modified":"2025-09-12T21:59:29","modified_gmt":"2025-09-12T19:59:29","slug":"nocpix-m6t25s","status":"publish","type":"product","link":"https:\/\/zbranebudai.sk\/hu\/product\/nocpix-m6t25s\/","title":{"rendered":"Nocpix M6T25S h\u0151kamer\u00e1s d\u00f3m kamera j\u00e1rm\u0171vekhez"},"content":{"rendered":"<table dir=\"ltr\" border=\"1\" cellspacing=\"0\" cellpadding=\"0\" data-sheets-root=\"1\" data-sheets-baot=\"1\">\n<colgroup>\n<col width=\"301\" \/>\n<col width=\"203\" \/><\/colgroup>\n<tbody>\n<tr>\n<td>H\u0151\u00e9rz\u00e9kel\u0151<\/td>\n<td>640\u00d7512 \u00e9s 12 \u03bcm<\/td>\n<\/tr>\n<tr>\n<td>NETD (mK)<\/td>\n<td>\u226415<\/td>\n<\/tr>\n<tr>\n<td>K\u00e9pkockasebess\u00e9g (Hz)<\/td>\n<td>50<\/td>\n<\/tr>\n<tr>\n<td>Objekt\u00edv (mm)<\/td>\n<td>25 F1.0<\/td>\n<\/tr>\n<tr>\n<td>L\u00e1t\u00f3mez\u0151 (H\u00d7E, \u00b0)<\/td>\n<td>17.5 \u00d7 14<\/td>\n<\/tr>\n<tr>\n<td>\u00c9rz\u00e9kel\u00e9s \/ felismer\u00e9s \/ azonos\u00edt\u00e1s (m)<\/td>\n<td>2300 \/ 590 \/ 290<\/td>\n<\/tr>\n<\/tbody>\n<\/table>\n<p>Hivatalos term\u00e9koldal: <a href=\"https:\/\/www.nocpix.com\/product-mt\/\">https:\/\/www.nocpix.com\/product-mt\/<\/a><\/p>","protected":false},"excerpt":{"rendered":"<p>Bemutatjuk az MT sorozatot, amelyet kifejezetten vad\u00e1szatra terveztek. Nemcsak a j\u00e1rm\u0171r\u0151l t\u00f6rt\u00e9n\u0151 vad\u00e1szathoz t\u00f6k\u00e9letes v\u00e1laszt\u00e1s, hanem a k\u00fcl\u00f6nb\u00f6z\u0151 vad\u00e1szati m\u00f3dszerekhez \u00e9s gyakorlatokhoz is alkalmazkodik. A legmodernebb mesters\u00e9ges intelligencia modellekkel \u00e9s nagy sz\u00e1m\u00edt\u00e1si teljes\u00edtm\u00e9nnyel felszerelt MT stabil teljes\u00edtm\u00e9nyt ny\u00fajt mozg\u00e1s k\u00f6zben is, rendk\u00edv\u00fcl pontosan \u00e9rz\u00e9keli, k\u00f6veti \u00e9s r\u00f6gz\u00edti a vadat, mik\u00f6zben kiv\u00e1l\u00f3 k\u00e9pmin\u0151s\u00e9get \u00e9s egyed\u00fcl\u00e1ll\u00f3 vad\u00e1szati \u00e9lm\u00e9nyt garant\u00e1l.<\/p>","protected":false},"featured_media":18581,"template":"","meta":{"_gspb_post_css":""},"product_brand":[316],"product_cat":[21,2310,144],"product_tag":[2300,262],"class_list":{"0":"post-18465","1":"product","2":"type-product","3":"status-publish","4":"has-post-thumbnail","6":"product_brand-nocpix","7":"product_cat-optika","8":"product_cat-termovizia-pre-vozidla","9":"product_cat-termovizie","10":"product_tag-autos-hokamera","11":"product_tag-nocpix","13":"first","14":"instock","15":"taxable","16":"shipping-taxable","17":"purchasable","18":"product-type-simple"},"ct_brands":[{"id":316,"name":"Nocpix","slug":"nocpix"}],"_links":{"self":[{"href":"https:\/\/zbranebudai.sk\/hu\/wp-json\/wp\/v2\/product\/18465","targetHints":{"allow":["GET"]}}],"collection":[{"href":"https:\/\/zbranebudai.sk\/hu\/wp-json\/wp\/v2\/product"}],"about":[{"href":"https:\/\/zbranebudai.sk\/hu\/wp-json\/wp\/v2\/types\/product"}],"wp:featuredmedia":[{"embeddable":true,"href":"https:\/\/zbranebudai.sk\/hu\/wp-json\/wp\/v2\/media\/18581"}],"wp:attachment":[{"href":"https:\/\/zbranebudai.sk\/hu\/wp-json\/wp\/v2\/media?parent=18465"}],"wp:term":[{"taxonomy":"product_brand","embeddable":true,"href":"https:\/\/zbranebudai.sk\/hu\/wp-json\/wp\/v2\/product_brand?post=18465"},{"taxonomy":"product_cat","embeddable":true,"href":"https:\/\/zbranebudai.sk\/hu\/wp-json\/wp\/v2\/product_cat?post=18465"},{"taxonomy":"product_tag","embeddable":true,"href":"https:\/\/zbranebudai.sk\/hu\/wp-json\/wp\/v2\/product_tag?post=18465"}],"curies":[{"name":"wp","href":"https:\/\/api.w.org\/{rel}","templated":true}]}}