{"id":18464,"date":"2025-09-09T20:32:30","date_gmt":"2025-09-09T18:32:30","guid":{"rendered":"https:\/\/zbranebudai.sk\/?post_type=product&#038;p=18464"},"modified":"2025-09-12T21:52:26","modified_gmt":"2025-09-12T19:52:26","slug":"nocpix-rico-2-h75r","status":"publish","type":"product","link":"https:\/\/zbranebudai.sk\/hu\/product\/nocpix-rico-2-h75r\/","title":{"rendered":"Nocpix RICO 2 H75R"},"content":{"rendered":"<table dir=\"ltr\" style=\"width: 643px;\" border=\"1\" cellspacing=\"0\" cellpadding=\"0\" data-sheets-root=\"1\" data-sheets-baot=\"1\">\n<colgroup>\n<col width=\"301\" \/>\n<col width=\"203\" \/><\/colgroup>\n<tbody>\n<tr>\n<td style=\"width: 325.318px;\">\u00c9rz\u00e9kel\u0151 felbont\u00e1sa<\/td>\n<td style=\"width: 313.318px;\">640\u00d7512 px<\/td>\n<\/tr>\n<tr>\n<td style=\"width: 325.318px;\">Pixel m\u00e9ret<\/td>\n<td style=\"width: 313.318px;\">12 \u00b5m<\/td>\n<\/tr>\n<tr>\n<td style=\"width: 325.318px;\">NETD - \u00c9rz\u00e9kel\u0151 \u00e9rz\u00e9kenys\u00e9ge (mK)<\/td>\n<td style=\"width: 313.318px;\">&lt;15 mK<\/td>\n<\/tr>\n<tr>\n<td style=\"width: 325.318px;\">Friss\u00edt\u00e9si sebess\u00e9g (Hz)<\/td>\n<td style=\"width: 313.318px;\">60 Hz<\/td>\n<\/tr>\n<tr>\n<td style=\"width: 325.318px;\">Objekt\u00edv (mm)<\/td>\n<td style=\"width: 313.318px;\">75 mm F1.0<\/td>\n<\/tr>\n<tr>\n<td style=\"width: 325.318px;\">Nagy\u00edt\u00e1s<\/td>\n<td style=\"width: 313.318px;\">4x<\/td>\n<\/tr>\n<tr>\n<td style=\"width: 325.318px;\">L\u00e1t\u00f3mez\u0151<\/td>\n<td style=\"width: 313.318px;\">5.9\u00b0 x 4.7\u00b0<\/td>\n<\/tr>\n<tr>\n<td style=\"width: 325.318px;\">Szemkiemel\u00e9s<\/td>\n<td style=\"width: 313.318px;\">60 mm<\/td>\n<\/tr>\n<tr>\n<td style=\"width: 325.318px;\">Dioptri\u00e1s korrekci\u00f3<\/td>\n<td style=\"width: 313.318px;\">-5D \/ +5D<\/td>\n<\/tr>\n<tr>\n<td style=\"width: 325.318px;\">\u00c9rz\u00e9kel\u00e9s<\/td>\n<td style=\"width: 313.318px;\">3896 m<\/td>\n<\/tr>\n<tr>\n<td style=\"width: 325.318px;\">Megjelen\u00edt\u00e9s t\u00edpusa<\/td>\n<td style=\"width: 313.318px;\">AMOLED<\/td>\n<\/tr>\n<tr>\n<td style=\"width: 325.318px;\">Kijelz\u0151 felbont\u00e1sa<\/td>\n<td style=\"width: 313.318px;\">2560\u00d72560 px<\/td>\n<\/tr>\n<tr>\n<td style=\"width: 325.318px;\">Akkumul\u00e1tor t\u00edpusa<\/td>\n<td style=\"width: 313.318px;\">2x Akkumul\u00e1tor tart\u00e1ly 4400 mAh<\/td>\n<\/tr>\n<tr>\n<td style=\"width: 325.318px;\">Az akkumul\u00e1tor \u00e9lettartama<\/td>\n<td style=\"width: 313.318px;\">2 x 5,5 h<\/td>\n<\/tr>\n<tr>\n<td style=\"width: 325.318px;\">Wi-Fi<\/td>\n<td style=\"width: 313.318px;\">Igen<\/td>\n<\/tr>\n<tr>\n<td style=\"width: 325.318px;\">Alkalmaz\u00e1s<\/td>\n<td style=\"width: 313.318px;\">Igen<\/td>\n<\/tr>\n<tr>\n<td style=\"width: 325.318px;\">Fot\u00f3\/Vide\u00f3<\/td>\n<td style=\"width: 313.318px;\">Igen<\/td>\n<\/tr>\n<tr>\n<td style=\"width: 325.318px;\">Hangfelv\u00e9tel<\/td>\n<td style=\"width: 313.318px;\">Igen<\/td>\n<\/tr>\n<tr>\n<td style=\"width: 325.318px;\">Ballisztikus kalkul\u00e1tor<\/td>\n<td style=\"width: 313.318px;\">Igen<\/td>\n<\/tr>\n<tr>\n<td style=\"width: 325.318px;\">Val\u00f3s\u00e1g+<\/td>\n<td style=\"width: 313.318px;\">Igen<\/td>\n<\/tr>\n<tr>\n<td style=\"width: 325.318px;\">Vision+<\/td>\n<td style=\"width: 313.318px;\">Igen<\/td>\n<\/tr>\n<tr>\n<td style=\"width: 325.318px;\">L\u00e9zeres t\u00e1vols\u00e1gm\u00e9r\u0151<\/td>\n<td style=\"width: 313.318px;\">Igen, 1200 m-ig<\/td>\n<\/tr>\n<tr>\n<td style=\"width: 325.318px;\">Csatlakoz\u00e1s t\u00edpusa<\/td>\n<td style=\"width: 313.318px;\">USB-C<\/td>\n<\/tr>\n<tr>\n<td style=\"width: 325.318px;\">V\u00edzhatlan<\/td>\n<td style=\"width: 313.318px;\">IP67<\/td>\n<\/tr>\n<tr>\n<td style=\"width: 325.318px;\">S\u00faly<\/td>\n<td style=\"width: 313.318px;\">1250 g<\/td>\n<\/tr>\n<tr>\n<td style=\"width: 325.318px;\">M\u00e9retek<\/td>\n<td style=\"width: 313.318px;\">336 x 116 x 90 mm<\/td>\n<\/tr>\n<\/tbody>\n<\/table>\n<p>Hivatalos term\u00e9koldal: <a href=\"https:\/\/www.nocpix.com\/rico2-series\/\">https:\/\/www.nocpix.com\/rico2-series\/<\/a><\/p>","protected":false},"excerpt":{"rendered":"<p>RICO h\u0151kamer\u00e1s l\u00e1tcs\u0151 640\u00d7512 px felbont\u00e1s\u00fa \u00e9rz\u00e9kel\u0151vel, 15 mK alatti NETD, 60 Hz-es friss\u00edt\u00e9si frekvencia, REALITY+ algoritmus, ballisztikus sz\u00e1mol\u00f3g\u00e9p \u00e9s t\u00e1vols\u00e1gm\u00e9r\u0151 1200 m-ig.<\/p>","protected":false},"featured_media":18568,"template":"","meta":{"_gspb_post_css":""},"product_brand":[316],"product_cat":[21,144,329],"product_tag":[262,211,362],"class_list":{"0":"post-18464","1":"product","2":"type-product","3":"status-publish","4":"has-post-thumbnail","6":"product_brand-nocpix","7":"product_cat-optika","8":"product_cat-termovizie","9":"product_cat-termovizne-puskohlady","10":"product_tag-nocpix","11":"product_tag-rico","12":"product_tag-termovizny-puskohlad","14":"first","15":"instock","16":"taxable","17":"shipping-taxable","18":"purchasable","19":"product-type-simple"},"ct_brands":[{"id":316,"name":"Nocpix","slug":"nocpix"}],"_links":{"self":[{"href":"https:\/\/zbranebudai.sk\/hu\/wp-json\/wp\/v2\/product\/18464","targetHints":{"allow":["GET"]}}],"collection":[{"href":"https:\/\/zbranebudai.sk\/hu\/wp-json\/wp\/v2\/product"}],"about":[{"href":"https:\/\/zbranebudai.sk\/hu\/wp-json\/wp\/v2\/types\/product"}],"wp:featuredmedia":[{"embeddable":true,"href":"https:\/\/zbranebudai.sk\/hu\/wp-json\/wp\/v2\/media\/18568"}],"wp:attachment":[{"href":"https:\/\/zbranebudai.sk\/hu\/wp-json\/wp\/v2\/media?parent=18464"}],"wp:term":[{"taxonomy":"product_brand","embeddable":true,"href":"https:\/\/zbranebudai.sk\/hu\/wp-json\/wp\/v2\/product_brand?post=18464"},{"taxonomy":"product_cat","embeddable":true,"href":"https:\/\/zbranebudai.sk\/hu\/wp-json\/wp\/v2\/product_cat?post=18464"},{"taxonomy":"product_tag","embeddable":true,"href":"https:\/\/zbranebudai.sk\/hu\/wp-json\/wp\/v2\/product_tag?post=18464"}],"curies":[{"name":"wp","href":"https:\/\/api.w.org\/{rel}","templated":true}]}}