{"id":18462,"date":"2025-09-09T20:32:30","date_gmt":"2025-09-09T18:32:30","guid":{"rendered":"https:\/\/zbranebudai.sk\/?post_type=product&#038;p=18462"},"modified":"2025-09-11T10:11:27","modified_gmt":"2025-09-11T08:11:27","slug":"nocpix-quest-h50r","status":"publish","type":"product","link":"https:\/\/zbranebudai.sk\/hu\/product\/nocpix-quest-h50r\/","title":{"rendered":"Nocpix QUEST H50R"},"content":{"rendered":"<table dir=\"ltr\" style=\"width: 801px;\" border=\"1\" cellspacing=\"0\" cellpadding=\"0\" data-sheets-root=\"1\" data-sheets-baot=\"1\">\n<colgroup>\n<col width=\"301\" \/>\n<col width=\"203\" \/><\/colgroup>\n<tbody>\n<tr>\n<td style=\"width: 409.739px;\">Param\u00e9ter<\/td>\n<td style=\"width: 386.898px;\">\u00c9rt\u00e9k<\/td>\n<\/tr>\n<tr>\n<td style=\"width: 409.739px;\">\u00c9rz\u00e9kel\u0151 felbont\u00e1sa<\/td>\n<td style=\"width: 386.898px;\">640\u00d7512 px<\/td>\n<\/tr>\n<tr>\n<td style=\"width: 409.739px;\">Pixel m\u00e9ret<\/td>\n<td style=\"width: 386.898px;\">12 \u00b5m<\/td>\n<\/tr>\n<tr>\n<td style=\"width: 409.739px;\">NETD - \u00c9rz\u00e9kel\u0151 \u00e9rz\u00e9kenys\u00e9ge (mK)<\/td>\n<td style=\"width: 386.898px;\">&lt;15 mK<\/td>\n<\/tr>\n<tr>\n<td style=\"width: 409.739px;\">Friss\u00edt\u00e9si sebess\u00e9g (Hz)<\/td>\n<td style=\"width: 386.898px;\">60 Hz<\/td>\n<\/tr>\n<tr>\n<td style=\"width: 409.739px;\">Objekt\u00edv (mm)<\/td>\n<td style=\"width: 386.898px;\">50 mm F0.9<\/td>\n<\/tr>\n<tr>\n<td style=\"width: 409.739px;\">Zoom<\/td>\n<td style=\"width: 386.898px;\">4x-32x<\/td>\n<\/tr>\n<tr>\n<td style=\"width: 409.739px;\">L\u00e1t\u00f3mez\u0151<\/td>\n<td style=\"width: 386.898px;\">8,8\u00b0 \u00d7 7,0\u00b0<\/td>\n<\/tr>\n<tr>\n<td style=\"width: 409.739px;\">Szemkiemel\u00e9s<\/td>\n<td style=\"width: 386.898px;\">25 mm<\/td>\n<\/tr>\n<tr>\n<td style=\"width: 409.739px;\">A kimeneti pupilla \u00e1tm\u00e9r\u0151je<\/td>\n<td style=\"width: 386.898px;\">10 mm<\/td>\n<\/tr>\n<tr>\n<td style=\"width: 409.739px;\">Dioptri\u00e1s korrekci\u00f3<\/td>\n<td style=\"width: 386.898px;\">-5D \/ +5D<\/td>\n<\/tr>\n<tr>\n<td style=\"width: 409.739px;\">\u00c9rz\u00e9kel\u00e9s<\/td>\n<td style=\"width: 386.898px;\">2600 m<\/td>\n<\/tr>\n<tr>\n<td style=\"width: 409.739px;\">Megjelen\u00edt\u00e9s t\u00edpusa<\/td>\n<td style=\"width: 386.898px;\">AMOLED 0,72 h\u00fcvelyk<\/td>\n<\/tr>\n<tr>\n<td style=\"width: 409.739px;\">Kijelz\u0151 felbont\u00e1sa<\/td>\n<td style=\"width: 386.898px;\">\n<div>\n<div>Bels\u0151 akkumul\u00e1tor 4200 mAh \/ k\u00fcls\u0151 18650-es akkumul\u00e1tor<\/div>\n<\/div>\n<\/td>\n<\/tr>\n<tr>\n<td style=\"width: 409.739px;\">Az akkumul\u00e1tor \u00e9lettartama<\/td>\n<td style=\"width: 386.898px;\">6 h<\/td>\n<\/tr>\n<tr>\n<td style=\"width: 409.739px;\">Wi-Fi<\/td>\n<td style=\"width: 386.898px;\">Igen<\/td>\n<\/tr>\n<tr>\n<td style=\"width: 409.739px;\">Alkalmaz\u00e1s<\/td>\n<td style=\"width: 386.898px;\">Igen<\/td>\n<\/tr>\n<tr>\n<td style=\"width: 409.739px;\">Fot\u00f3\/Vide\u00f3<\/td>\n<td style=\"width: 386.898px;\">Igen<\/td>\n<\/tr>\n<tr>\n<td style=\"width: 409.739px;\">Hangfelv\u00e9tel<\/td>\n<td style=\"width: 386.898px;\">Igen<\/td>\n<\/tr>\n<tr>\n<td style=\"width: 409.739px;\">Ballisztikai sz\u00e1m\u00edt\u00e1s<\/td>\n<td style=\"width: 386.898px;\">Igen<\/td>\n<\/tr>\n<tr>\n<td style=\"width: 409.739px;\">L\u00e9zeres t\u00e1vols\u00e1gm\u00e9r\u0151<\/td>\n<td style=\"width: 386.898px;\">Igen, 1000 m-ig<\/td>\n<\/tr>\n<tr>\n<td style=\"width: 409.739px;\">Val\u00f3s\u00e1g +<\/td>\n<td style=\"width: 386.898px;\">Igen<\/td>\n<\/tr>\n<tr>\n<td style=\"width: 409.739px;\">V\u00edzi\u00f3 +<\/td>\n<td style=\"width: 386.898px;\">Igen<\/td>\n<\/tr>\n<tr>\n<td style=\"width: 409.739px;\">Digit\u00e1lis k\u00e9pstabiliz\u00e1l\u00e1s<\/td>\n<td style=\"width: 386.898px;\">Igen<\/td>\n<\/tr>\n<tr>\n<td style=\"width: 409.739px;\">N-Link<\/td>\n<td style=\"width: 386.898px;\">Igen<\/td>\n<\/tr>\n<tr>\n<td style=\"width: 409.739px;\">Csatlakoz\u00e1s t\u00edpusa<\/td>\n<td style=\"width: 386.898px;\">USB-C<\/td>\n<\/tr>\n<tr>\n<td style=\"width: 409.739px;\">V\u00edzhatlan<\/td>\n<td style=\"width: 386.898px;\">IP67<\/td>\n<\/tr>\n<tr>\n<td style=\"width: 409.739px;\">M\u00e9retek<\/td>\n<td style=\"width: 386.898px;\">160\u00d7137\u00d760 mm<\/td>\n<\/tr>\n<\/tbody>\n<\/table>\n<p>Hivatalos term\u00e9koldal: <a href=\"https:\/\/www.nocpix.com\/quest-series\/\">https:\/\/www.nocpix.com\/quest-series\/<\/a><\/p>","protected":false},"excerpt":{"rendered":"<p>QUEST h\u0151t\u00e1vcs\u0151 640\u00d7512 px felbont\u00e1s\u00fa \u00e9rz\u00e9kel\u0151vel, 15 mK alatti NETD-vel, 60 Hz-es friss\u00edt\u00e9si frekvenci\u00e1val, REALITY+ algoritmussal, digit\u00e1lis k\u00e9pstabiliz\u00e1torral, N-Link ballisztikai sz\u00e1m\u00edt\u00e1ssal \u00e9s l\u00e9zeres t\u00e1vols\u00e1gm\u00e9r\u0151vel.<\/p>","protected":false},"featured_media":18541,"template":"","meta":{"_gspb_post_css":""},"product_brand":[316],"product_cat":[21,144,330],"product_tag":[262,2298],"class_list":{"0":"post-18462","1":"product","2":"type-product","3":"status-publish","4":"has-post-thumbnail","6":"product_brand-nocpix","7":"product_cat-optika","8":"product_cat-termovizie","9":"product_cat-termovizne-binokulare","10":"product_tag-nocpix","11":"product_tag-quest","13":"first","14":"instock","15":"taxable","16":"shipping-taxable","17":"purchasable","18":"product-type-simple"},"ct_brands":[{"id":316,"name":"Nocpix","slug":"nocpix"}],"_links":{"self":[{"href":"https:\/\/zbranebudai.sk\/hu\/wp-json\/wp\/v2\/product\/18462","targetHints":{"allow":["GET"]}}],"collection":[{"href":"https:\/\/zbranebudai.sk\/hu\/wp-json\/wp\/v2\/product"}],"about":[{"href":"https:\/\/zbranebudai.sk\/hu\/wp-json\/wp\/v2\/types\/product"}],"wp:featuredmedia":[{"embeddable":true,"href":"https:\/\/zbranebudai.sk\/hu\/wp-json\/wp\/v2\/media\/18541"}],"wp:attachment":[{"href":"https:\/\/zbranebudai.sk\/hu\/wp-json\/wp\/v2\/media?parent=18462"}],"wp:term":[{"taxonomy":"product_brand","embeddable":true,"href":"https:\/\/zbranebudai.sk\/hu\/wp-json\/wp\/v2\/product_brand?post=18462"},{"taxonomy":"product_cat","embeddable":true,"href":"https:\/\/zbranebudai.sk\/hu\/wp-json\/wp\/v2\/product_cat?post=18462"},{"taxonomy":"product_tag","embeddable":true,"href":"https:\/\/zbranebudai.sk\/hu\/wp-json\/wp\/v2\/product_tag?post=18462"}],"curies":[{"name":"wp","href":"https:\/\/api.w.org\/{rel}","templated":true}]}}