{"id":18461,"date":"2025-09-09T20:32:29","date_gmt":"2025-09-09T18:32:29","guid":{"rendered":"https:\/\/zbranebudai.sk\/?post_type=product&#038;p=18461"},"modified":"2025-09-10T16:41:40","modified_gmt":"2025-09-10T14:41:40","slug":"nocpix-ace-h50r-zeiss-sinek","status":"publish","type":"product","link":"https:\/\/zbranebudai.sk\/hu\/product\/nocpix-ace-h50r-zeiss-rail\/","title":{"rendered":"Nocpix ACE H50R Zeiss RAIL Nocpix ACE H50R Zeiss RAIL"},"content":{"rendered":"<p data-start=\"0\" data-end=\"269\"><strong>Reality+ AI: Mesters\u00e9ges intelligencia algoritmus<\/strong><br data-start=\"43\" data-end=\"46\" \/>Az \u00fajonnan kifejlesztett Reality+ AI k\u00e9pfeldolgoz\u00f3 algoritmus hat\u00e9konyan kik\u00fcsz\u00f6b\u00f6li a k\u00f6rnyezeti h\u0151m\u00e9rs\u00e9klet okozta zajt, jav\u00edtva a kontrasztot \u00e9s a r\u00e9szletek \u00e9less\u00e9g\u00e9t. A mesters\u00e9ges intelligencia technol\u00f3gia seg\u00edt az \u00e9les, kiv\u00e1l\u00f3 min\u0151s\u00e9g\u0171 k\u00e9pek el\u0151\u00e1ll\u00edt\u00e1s\u00e1ban.<\/p>\n<p data-start=\"271\" data-end=\"524\"><strong>\u00dajonnan l\u00e9trehozott \u00e9rz\u00e9kel\u0151 2. GENER\u00c1CI\u00d3K<\/strong><br data-start=\"304\" data-end=\"307\" \/>Az ACE h\u0151kamer\u00e1s l\u00e1tcs\u00f6vek \u00fajonnan kifejlesztett \u00e9rz\u00e9kel\u0151nkkel vannak felszerelve 2. GENERATION szenzorral, amely 384\u00d7288 px \u00e9s 1280\u00d71024 px k\u00f6z\u00f6tti felbont\u00e1ssal \u00e9s 15 mK-n\u00e1l kisebb \u00e9rz\u00e9kenys\u00e9ggel rendelkezik. Ez az \u00e9rz\u00e9kel\u0151 minden helyzetben kompromisszumok n\u00e9lk\u00fcli teljes\u00edtm\u00e9nyt garant\u00e1l.<\/p>\n<p data-start=\"526\" data-end=\"874\"><strong>Vision+ rendszer: Mer\u00fclj\u00f6n el az akci\u00f3ban<\/strong><br data-start=\"560\" data-end=\"563\" \/>Az \u00faj Vision+ rendszer 1,03 h\u00fcvelyk \u00e1tm\u00e9r\u0151j\u0171, 2560\u00d72560 px felbont\u00e1s\u00fa k\u00f6r alak\u00fa AMOLED kijelz\u0151vel rendelkezik. Ez a rendszer optikai zoomot k\u00edn\u00e1l a k\u00f6zvetlen optikai k\u00e9pnagy\u00edt\u00e1shoz, amely a hagyom\u00e1nyos digit\u00e1lis zoommal ellent\u00e9tben kik\u00fcsz\u00f6b\u00f6li az elmos\u00f3d\u00e1st, a torzul\u00e1st \u00e9s a k\u00e9pzajt. \u00c9lvezze a mag\u00e1val ragad\u00f3 vad\u00e1sz\u00e9lm\u00e9nyt.<\/p>\n<p data-start=\"876\" data-end=\"1091\"><strong>Jav\u00edtott akkumul\u00e1tor \u00e9lettartam<\/strong><br data-start=\"899\" data-end=\"902\" \/>Az ACE kett\u0151s akkumul\u00e1torrendszerrel van felszerelve, amely egy be\u00e9p\u00edtett 4000 mAh-s akkumul\u00e1tort \u00e9s egy tov\u00e1bbi cser\u00e9lhet\u0151 18650-es akkumul\u00e1tort tartalmaz. Ez a rendszer megfelel a terepen val\u00f3 hossz\u00fa v\u00e1rakoz\u00e1s k\u00f6vetelm\u00e9nyeinek.<\/p>\n<p data-start=\"1093\" data-end=\"1385\"><strong>Integr\u00e1lt l\u00e9zeres t\u00e1vols\u00e1gm\u00e9r\u0151 \u00e9s ballisztikus sz\u00e1mol\u00f3g\u00e9p<\/strong><br data-start=\"1147\" data-end=\"1150\" \/>Az ACE be\u00e9p\u00edtett l\u00e9zeres t\u00e1vols\u00e1gm\u00e9r\u0151vel rendelkezik, amelynek hat\u00f3t\u00e1vols\u00e1ga ak\u00e1r 1200 m\u00e9ter is lehet. Az optikai tengelyhez val\u00f3 igaz\u00edt\u00e1snak k\u00f6sz\u00f6nhet\u0151en teljesen pontos t\u00e1vols\u00e1gm\u00e9r\u00e9st biztos\u00edt. Mindennek tetej\u00e9be megtartja eleg\u00e1ns kialak\u00edt\u00e1s\u00e1t, amely minden felhaszn\u00e1l\u00f3nak \u00f6r\u00f6met okoz.<\/p>\n<p data-start=\"1387\" data-end=\"1576\"><strong>Sokkal t\u00f6bb f\u00e9nyt r\u00f6gz\u00edt<\/strong><br data-start=\"1412\" data-end=\"1415\" \/>A nagyobb objekt\u00edv (60 mm\/F1,0, 50 mm\/F0,9) 20 % t\u00f6bb f\u00e9nyt enged az \u00e9rz\u00e9kel\u0151h\u00f6z. M\u00e1s elemekkel kombin\u00e1lva ez seg\u00edt a finom \u00e9s \u00e9les k\u00e9p el\u0151\u00e1ll\u00edt\u00e1s\u00e1ban.<\/p>\n<p data-start=\"1578\" data-end=\"1975\" data-is-last-node=\"\" data-is-only-node=\"\"><strong>NOCPIX alkalmaz\u00e1s<\/strong><br data-start=\"1594\" data-end=\"1597\" \/>A professzion\u00e1lis, m\u00e9gis egyszer\u0171 NOCPIX alkalmaz\u00e1s teljesen \u00faj lehet\u0151s\u00e9geket k\u00edn\u00e1l a vad\u00e1szok sz\u00e1m\u00e1ra. A Wi-Fi eszk\u00f6z\u00e9t a telefonj\u00e1hoz csatlakoztatva friss\u00edtheti az \u00faj firmware-t, let\u00f6ltheti \u00e9s megtekintheti a f\u00e9nyk\u00e9peket vagy vide\u00f3kat. Alternat\u00edvak\u00e9nt a vad\u00e1szat ut\u00e1n azonnal megtekintheti a vad\u00e1sz\u00e9lm\u00e9nyeit, m\u00e9g a s\u0171r\u0171 erd\u0151ben is, ahol nincs t\u00e9rer\u0151. Az alkalmaz\u00e1s fejleszt\u00e9se m\u00e9g folyamatban van, \u00e9s sz\u00e1mos \u00faj funkci\u00f3ra sz\u00e1m\u00edthatunk.<\/p>\n<table dir=\"ltr\" style=\"width: 815px;\" border=\"1\" cellspacing=\"0\" cellpadding=\"0\" data-sheets-root=\"1\" data-sheets-baot=\"1\">\n<colgroup>\n<col width=\"301\" \/>\n<col width=\"203\" \/><\/colgroup>\n<tbody>\n<tr>\n<td style=\"width: 395.886px;\">\u00c9rz\u00e9kel\u0151 felbont\u00e1sa<\/td>\n<td style=\"width: 414.75px;\">640\u00d7512 px - 2. gener\u00e1ci\u00f3<\/td>\n<\/tr>\n<tr>\n<td style=\"width: 395.886px;\">Pixel m\u00e9ret<\/td>\n<td style=\"width: 414.75px;\">12 \u00b5m<\/td>\n<\/tr>\n<tr>\n<td style=\"width: 395.886px;\">NETD - \u00c9rz\u00e9kel\u0151 \u00e9rz\u00e9kenys\u00e9ge a h\u0151m\u00e9rs\u00e9klet-k\u00fcl\u00f6nbs\u00e9gekre<\/td>\n<td style=\"width: 414.75px;\">&lt;15 mK<\/td>\n<\/tr>\n<tr>\n<td style=\"width: 395.886px;\">Friss\u00edt\u00e9si sebess\u00e9g (Hz)<\/td>\n<td style=\"width: 414.75px;\">60 Hz<\/td>\n<\/tr>\n<tr>\n<td style=\"width: 395.886px;\">Objekt\u00edv (mm)<\/td>\n<td style=\"width: 414.75px;\">50 mm \/ F0.9<\/td>\n<\/tr>\n<tr>\n<td style=\"width: 395.886px;\">L\u00e1t\u00f3mez\u0151<\/td>\n<td style=\"width: 414.75px;\">8,8\u00b0 \u00d7 7,0\u00b0<\/td>\n<\/tr>\n<tr>\n<td style=\"width: 395.886px;\">Digit\u00e1lis nagy\u00edt\u00e1s<\/td>\n<td style=\"width: 414.75px;\">3\u00d7-24\u00d7<\/td>\n<\/tr>\n<tr>\n<td style=\"width: 395.886px;\">Optikai zoom<\/td>\n<td style=\"width: 414.75px;\">3\u00d7-9\u00d7<\/td>\n<\/tr>\n<tr>\n<td style=\"width: 395.886px;\">Szemkiemel\u00e9s<\/td>\n<td style=\"width: 414.75px;\">50 mm<\/td>\n<\/tr>\n<tr>\n<td style=\"width: 395.886px;\">A kimeneti pupilla \u00e1tm\u00e9r\u0151je<\/td>\n<td style=\"width: 414.75px;\">8 mm<\/td>\n<\/tr>\n<tr>\n<td style=\"width: 395.886px;\">Dioptri\u00e1s korrekci\u00f3<\/td>\n<td style=\"width: 414.75px;\">-5 - +5<\/td>\n<\/tr>\n<tr>\n<td style=\"width: 395.886px;\">\u00c9rz\u00e9kel\u00e9s<\/td>\n<td style=\"width: 414.75px;\">2600 m<\/td>\n<\/tr>\n<tr>\n<td style=\"width: 395.886px;\">Megjelen\u00edt\u00e9s t\u00edpusa<\/td>\n<td style=\"width: 414.75px;\">AMOLED 1.03\"<\/td>\n<\/tr>\n<tr>\n<td style=\"width: 395.886px;\">Kijelz\u0151 felbont\u00e1sa<\/td>\n<td style=\"width: 414.75px;\">2560\u00d72560 px<\/td>\n<\/tr>\n<tr>\n<td style=\"width: 395.886px;\">Akkumul\u00e1tor t\u00edpusa<\/td>\n<td style=\"width: 414.75px;\">\n<div>\n<div>1. bels\u0151 (4000 mAh) + 2. cser\u00e9lhet\u0151 18650-es<\/div>\n<\/div>\n<\/td>\n<\/tr>\n<tr>\n<td style=\"width: 395.886px;\">Az akkumul\u00e1tor \u00e9lettartama<\/td>\n<td style=\"width: 414.75px;\">7 \u00f3ra (bels\u0151 + k\u00fcls\u0151)<\/td>\n<\/tr>\n<tr>\n<td style=\"width: 395.886px;\">Wi-Fi \/ alkalmaz\u00e1s<\/td>\n<td style=\"width: 414.75px;\">Igen<\/td>\n<\/tr>\n<tr>\n<td style=\"width: 395.886px;\">Fot\u00f3 \/ vide\u00f3<\/td>\n<td style=\"width: 414.75px;\">Igen<\/td>\n<\/tr>\n<tr>\n<td style=\"width: 395.886px;\">Hangfelv\u00e9tel<\/td>\n<td style=\"width: 414.75px;\">Igen<\/td>\n<\/tr>\n<tr>\n<td style=\"width: 395.886px;\">Vide\u00f3 visszahat\u00e1s aktiv\u00e1lva<\/td>\n<td style=\"width: 414.75px;\">Igen<\/td>\n<\/tr>\n<tr>\n<td style=\"width: 395.886px;\">Ballisztikus kalkul\u00e1tor<\/td>\n<td style=\"width: 414.75px;\">Igen<\/td>\n<\/tr>\n<tr>\n<td style=\"width: 395.886px;\">L\u00e9zeres t\u00e1vols\u00e1gm\u00e9r\u0151<\/td>\n<td style=\"width: 414.75px;\">Igen, a lencs\u00e9be integr\u00e1lva<\/td>\n<\/tr>\n<tr>\n<td style=\"width: 395.886px;\">Vide\u00f3k megtekint\u00e9se az eszk\u00f6z\u00e9n<\/td>\n<td style=\"width: 414.75px;\">Igen<\/td>\n<\/tr>\n<tr>\n<td style=\"width: 395.886px;\">Telep\u00edt\u00e9s<\/td>\n<td style=\"width: 414.75px;\">ZEISS - porcel\u00e1n<\/td>\n<\/tr>\n<tr>\n<td style=\"width: 395.886px;\">Csatlakoz\u00e1s t\u00edpusa<\/td>\n<td style=\"width: 414.75px;\">USB-C<\/td>\n<\/tr>\n<tr>\n<td style=\"width: 395.886px;\">T\u00e1rhely<\/td>\n<td style=\"width: 414.75px;\">64 GB<\/td>\n<\/tr>\n<tr>\n<td style=\"width: 395.886px;\">V\u00edzhatlan<\/td>\n<td style=\"width: 414.75px;\">IP67<\/td>\n<\/tr>\n<tr>\n<td style=\"width: 395.886px;\">S\u00faly<\/td>\n<td style=\"width: 414.75px;\">1120 g<\/td>\n<\/tr>\n<tr>\n<td style=\"width: 395.886px;\">M\u00e9retek<\/td>\n<td style=\"width: 414.75px;\">365\u00d790\u00d768 mm<\/td>\n<\/tr>\n<\/tbody>\n<\/table>\n<p>Hivatalos term\u00e9koldal: <a href=\"https:\/\/www.nocpix.com\/\">https:\/\/www.nocpix.com\/<\/a><\/p>","protected":false},"excerpt":{"rendered":"<p>Bemutatjuk az ACE sorozatot, a h\u0151kamer\u00e1s c\u00e9lt\u00e1vcs\u00f6vek z\u00e1szl\u00f3shaj\u00f3j\u00e1t, amelyet minden vad\u00e1szati helyzetre terveztek. \u00daj, 2. gener\u00e1ci\u00f3s \u00e9rz\u00e9kel\u0151vel, integr\u00e1lt l\u00e9zeres t\u00e1vols\u00e1gm\u00e9r\u0151vel \u00e9s fejlett Reality+ \u00e9s Vision+ rendszerrel rendelkezik. P\u00e1ratlan k\u00e9pmin\u0151s\u00e9get \u00e9s kiv\u00e1l\u00f3 teljes\u00edtm\u00e9nyt k\u00edn\u00e1l.<\/p>","protected":false},"featured_media":18531,"template":"","meta":{"_gspb_post_css":""},"product_brand":[],"product_cat":[21,144,329],"product_tag":[280,262],"class_list":{"0":"post-18461","1":"product","2":"type-product","3":"status-publish","4":"has-post-thumbnail","6":"product_cat-optika","7":"product_cat-termovizie","8":"product_cat-termovizne-puskohlady","9":"product_tag-ace","10":"product_tag-nocpix","12":"first","13":"instock","14":"taxable","15":"shipping-taxable","16":"purchasable","17":"product-type-simple"},"ct_brands":[],"_links":{"self":[{"href":"https:\/\/zbranebudai.sk\/hu\/wp-json\/wp\/v2\/product\/18461","targetHints":{"allow":["GET"]}}],"collection":[{"href":"https:\/\/zbranebudai.sk\/hu\/wp-json\/wp\/v2\/product"}],"about":[{"href":"https:\/\/zbranebudai.sk\/hu\/wp-json\/wp\/v2\/types\/product"}],"wp:featuredmedia":[{"embeddable":true,"href":"https:\/\/zbranebudai.sk\/hu\/wp-json\/wp\/v2\/media\/18531"}],"wp:attachment":[{"href":"https:\/\/zbranebudai.sk\/hu\/wp-json\/wp\/v2\/media?parent=18461"}],"wp:term":[{"taxonomy":"product_brand","embeddable":true,"href":"https:\/\/zbranebudai.sk\/hu\/wp-json\/wp\/v2\/product_brand?post=18461"},{"taxonomy":"product_cat","embeddable":true,"href":"https:\/\/zbranebudai.sk\/hu\/wp-json\/wp\/v2\/product_cat?post=18461"},{"taxonomy":"product_tag","embeddable":true,"href":"https:\/\/zbranebudai.sk\/hu\/wp-json\/wp\/v2\/product_tag?post=18461"}],"curies":[{"name":"wp","href":"https:\/\/api.w.org\/{rel}","templated":true}]}}