{"id":18460,"date":"2025-09-09T20:32:29","date_gmt":"2025-09-09T18:32:29","guid":{"rendered":"https:\/\/zbranebudai.sk\/?post_type=product&#038;p=18460"},"modified":"2025-09-10T16:34:20","modified_gmt":"2025-09-10T14:34:20","slug":"nocpix-lumi-l35r","status":"publish","type":"product","link":"https:\/\/zbranebudai.sk\/hu\/product\/nocpix-lumi-l35r\/","title":{"rendered":"Nocpix LUMI L35R"},"content":{"rendered":"<p data-start=\"39\" data-end=\"318\"><strong data-start=\"39\" data-end=\"87\">Reality+ AI : Mesters\u00e9ges intelligencia algoritmus<\/strong><br data-start=\"87\" data-end=\"90\" \/>\u00dajonnan kifejlesztett k\u00e9pfeldolgoz\u00f3 algoritmus <strong data-start=\"133\" data-end=\"148\">Val\u00f3s\u00e1g+ AI<\/strong> hat\u00e9konyan kik\u00fcsz\u00f6b\u00f6li a k\u00f6rnyezeti h\u0151m\u00e9rs\u00e9klet okozta zajt, jav\u00edtva a kontrasztot \u00e9s a r\u00e9szletek \u00e9less\u00e9g\u00e9t. A mesters\u00e9ges intelligencia technol\u00f3gia seg\u00edt az \u00e9les, kiv\u00e1l\u00f3 min\u0151s\u00e9g\u0171 k\u00e9pek el\u0151\u00e1ll\u00edt\u00e1s\u00e1ban.<\/p>\n<p data-start=\"320\" data-end=\"596\"><strong data-start=\"320\" data-end=\"349\">Sokkal t\u00f6bb f\u00e9nyt kap<\/strong><br data-start=\"349\" data-end=\"352\" \/>Lencse <strong data-start=\"361\" data-end=\"369\">F0.9<\/strong> \u00fagy tervezt\u00e9k, hogy 20 %-vel n\u00f6velje a f\u00e9nyfelv\u00e9telt, jelent\u0151sen jav\u00edtva a f\u00e9nyer\u0151t \u00e9s a k\u00e9pmin\u0151s\u00e9get. A hagyom\u00e1nyos F1,0 objekt\u00edvekhez k\u00e9pest ez a javul\u00e1s jelent\u0151s l\u00e9p\u00e9st jelent a l\u00e1tott j\u00e1t\u00e9k jobb \u00e9less\u00e9g\u00e9nek el\u00e9r\u00e9se fel\u00e9.<\/p>\n<p data-start=\"598\" data-end=\"837\"><strong data-start=\"598\" data-end=\"627\">Cser\u00e9lhet\u0151 18650 akkumul\u00e1torok<\/strong><br data-start=\"627\" data-end=\"630\" \/>A LUMI cser\u00e9lhet\u0151 akkumul\u00e1torral m\u0171k\u00f6dik <strong data-start=\"669\" data-end=\"678\">18650<\/strong> \u00e9s ford\u00edtott polarit\u00e1s funkci\u00f3val rendelkezik, amely lehet\u0151v\u00e9 teszi, hogy az akkumul\u00e1tort b\u00e1rmilyen m\u00f3don be lehessen helyezni a k\u00e9sz\u00fcl\u00e9kbe. Ez a funkci\u00f3 nagyszer\u0171 az \u00e9jszakai akkumul\u00e1torcsere eset\u00e9n.<\/p>\n<p data-start=\"839\" data-end=\"1052\"><strong data-start=\"839\" data-end=\"863\">Megakad\u00e1lyozza a szem f\u00e1radts\u00e1g\u00e1t<\/strong><br data-start=\"863\" data-end=\"866\" \/>A LUMI t\u00f6bbf\u00e9le sz\u00ednpalett\u00e1val rendelkezik, a b\u00edbor \u00e9s viridi\u00e1n palett\u00e1kat \u00fagy tervezt\u00e9k, hogy megakad\u00e1lyozz\u00e1k a szem kif\u00e1rad\u00e1s\u00e1t, \u00e9s hossz\u00fa ideig k\u00e9nyelmes n\u00e9z\u00e9st tegyenek lehet\u0151v\u00e9.<\/p>\n<p data-start=\"1054\" data-end=\"1177\"><strong data-start=\"1054\" data-end=\"1096\">Csendes m\u0171k\u00f6d\u00e9s. Zavartalan megfigyel\u00e9s.<\/strong><br data-start=\"1096\" data-end=\"1099\" \/>A gum\u00edrozott test \u00e9s a gombok lehet\u0151v\u00e9 teszik a k\u00e9sz\u00fcl\u00e9k zajmentes m\u0171k\u00f6dtet\u00e9s\u00e9t.<\/p>\n<p data-start=\"1179\" data-end=\"1470\"><strong data-start=\"1179\" data-end=\"1206\">Kicsi, de kompromisszummentes<\/strong><br data-start=\"1206\" data-end=\"1209\" \/>Sokoldal\u00fa term\u00e9kk\u00e9nt a LUMI a k\u00f6vetkez\u0151kkel b\u00fcszk\u00e9lkedhet <strong data-start=\"1256\" data-end=\"1291\">digit\u00e1lis k\u00e9pstabiliz\u00e1tor<\/strong>, <strong data-start=\"1293\" data-end=\"1315\">IP67 v\u00edz\u00e1ll\u00f3<\/strong>, k\u00f6nny\u0171 kialak\u00edt\u00e1s \u00e9s funkci\u00f3k a <strong data-start=\"1349\" data-end=\"1367\">fot\u00f3z\u00e1s<\/strong>, <strong data-start=\"1369\" data-end=\"1388\">videofelv\u00e9tel<\/strong> a <strong data-start=\"1391\" data-end=\"1409\">32 GB t\u00e1rhely<\/strong>. Joggal \u00e9rdemli ki a \"Kicsi, de kompromisszummentes\" h\u00edrnevet.<\/p>\n<p data-start=\"1472\" data-end=\"1881\" data-is-last-node=\"\" data-is-only-node=\"\"><strong data-start=\"1472\" data-end=\"1492\">NOCPIX alkalmaz\u00e1s<\/strong><br data-start=\"1492\" data-end=\"1495\" \/>Professzion\u00e1lis, m\u00e9gis egyszer\u0171 alkalmaz\u00e1s <strong data-start=\"1543\" data-end=\"1553\">NOCPIX<\/strong> teljesen \u00faj lehet\u0151s\u00e9geket k\u00edn\u00e1l a vad\u00e1szok sz\u00e1m\u00e1ra. A Wi-Fi eszk\u00f6z\u00e9t a telefonj\u00e1hoz csatlakoztatva friss\u00edtheti az \u00faj firmware-t, let\u00f6ltheti \u00e9s megtekintheti a f\u00e9nyk\u00e9peket vagy vide\u00f3kat. Alternat\u00edvak\u00e9nt a vad\u00e1szat ut\u00e1n azonnal megtekintheti \u00e9lm\u00e9nyeit, m\u00e9g a s\u0171r\u0171 erd\u0151ben is, ahol nincs t\u00e9rer\u0151. Az alkalmaz\u00e1s fejleszt\u00e9se m\u00e9g folyamatban van, \u00e9s sz\u00e1mos \u00faj funkci\u00f3ra sz\u00e1m\u00edthatunk.<\/p>\n<table dir=\"ltr\" style=\"width: 868px;\" border=\"1\" cellspacing=\"0\" cellpadding=\"0\" data-sheets-root=\"1\" data-sheets-baot=\"1\">\n<colgroup>\n<col width=\"301\" \/>\n<col width=\"203\" \/><\/colgroup>\n<tbody>\n<tr>\n<td style=\"width: 469.534px;\">Param\u00e9ter<\/td>\n<td style=\"width: 394.102px;\">\u00c9rt\u00e9k<\/td>\n<\/tr>\n<tr>\n<td style=\"width: 469.534px;\">\u00c9rz\u00e9kel\u0151 felbont\u00e1sa<\/td>\n<td style=\"width: 394.102px;\">384x288px - 2. gener\u00e1ci\u00f3<\/td>\n<\/tr>\n<tr>\n<td style=\"width: 469.534px;\">Pixel m\u00e9ret<\/td>\n<td style=\"width: 394.102px;\">12\u00b5m<\/td>\n<\/tr>\n<tr>\n<td style=\"width: 469.534px;\">NETD - \u00c9rz\u00e9kel\u0151 \u00e9rz\u00e9kenys\u00e9ge a h\u0151m\u00e9rs\u00e9klet-k\u00fcl\u00f6nbs\u00e9gekre<\/td>\n<td style=\"width: 394.102px;\">&lt;18mK<\/td>\n<\/tr>\n<tr>\n<td style=\"width: 469.534px;\">Friss\u00edt\u00e9si sebess\u00e9g (Hz)<\/td>\n<td style=\"width: 394.102px;\">50Hz<\/td>\n<\/tr>\n<tr>\n<td style=\"width: 469.534px;\">Objekt\u00edv (mm)<\/td>\n<td style=\"width: 394.102px;\">35mm \/ F0.9<\/td>\n<\/tr>\n<tr>\n<td style=\"width: 469.534px;\">L\u00e1t\u00f3mez\u0151<\/td>\n<td style=\"width: 394.102px;\">7,5\u00b0 \u00d7 5,7\u00b0<\/td>\n<\/tr>\n<tr>\n<td style=\"width: 469.534px;\">Digit\u00e1lis nagy\u00edt\u00e1s<\/td>\n<td style=\"width: 394.102px;\">4x-16x<\/td>\n<\/tr>\n<tr>\n<td style=\"width: 469.534px;\">Szemkiemel\u00e9s<\/td>\n<td style=\"width: 394.102px;\">25mm<\/td>\n<\/tr>\n<tr>\n<td style=\"width: 469.534px;\">Szemt\u00e1vols\u00e1g \u00e1tm\u00e9r\u0151je<\/td>\n<td style=\"width: 394.102px;\">10mm<\/td>\n<\/tr>\n<tr>\n<td style=\"width: 469.534px;\">Dioptri\u00e1s korrekci\u00f3<\/td>\n<td style=\"width: 394.102px;\">-5 - +5<\/td>\n<\/tr>\n<tr>\n<td style=\"width: 469.534px;\">\u00c9rz\u00e9kel\u00e9s<\/td>\n<td style=\"width: 394.102px;\">1800m<\/td>\n<\/tr>\n<tr>\n<td style=\"width: 469.534px;\">Megjelen\u00edt\u00e9s t\u00edpusa<\/td>\n<td style=\"width: 394.102px;\">AMOLED<\/td>\n<\/tr>\n<tr>\n<td style=\"width: 469.534px;\">Kijelz\u0151 felbont\u00e1sa<\/td>\n<td style=\"width: 394.102px;\">1024x768px<\/td>\n<\/tr>\n<tr>\n<td style=\"width: 469.534px;\">Akkumul\u00e1tor t\u00edpusa<\/td>\n<td style=\"width: 394.102px;\">Cser\u00e9lhet\u0151 18650 li-ion akkumul\u00e1tor<\/td>\n<\/tr>\n<tr>\n<td style=\"width: 469.534px;\">Az akkumul\u00e1tor \u00e9lettartama<\/td>\n<td style=\"width: 394.102px;\">4h<\/td>\n<\/tr>\n<tr>\n<td style=\"width: 469.534px;\">Wi-Fi \/ alkalmaz\u00e1s<\/td>\n<td style=\"width: 394.102px;\">Igen<\/td>\n<\/tr>\n<tr>\n<td style=\"width: 469.534px;\">Fot\u00f3\/Vide\u00f3<\/td>\n<td style=\"width: 394.102px;\">Igen<\/td>\n<\/tr>\n<tr>\n<td style=\"width: 469.534px;\">Hangfelv\u00e9tel<\/td>\n<td style=\"width: 394.102px;\">Igen<\/td>\n<\/tr>\n<tr>\n<td style=\"width: 469.534px;\">L\u00e9zeres t\u00e1vols\u00e1gm\u00e9r\u0151<\/td>\n<td style=\"width: 394.102px;\">Igen, 800 m-ig<\/td>\n<\/tr>\n<tr>\n<td style=\"width: 469.534px;\">Vide\u00f3k megtekint\u00e9se az eszk\u00f6z\u00e9n<\/td>\n<td style=\"width: 394.102px;\">Igen<\/td>\n<\/tr>\n<tr>\n<td style=\"width: 469.534px;\">Csatlakoz\u00e1s t\u00edpusa<\/td>\n<td style=\"width: 394.102px;\">USB-C<\/td>\n<\/tr>\n<tr>\n<td style=\"width: 469.534px;\">T\u00e1rhely<\/td>\n<td style=\"width: 394.102px;\">32GB<\/td>\n<\/tr>\n<tr>\n<td style=\"width: 469.534px;\">V\u00edzhatlan<\/td>\n<td style=\"width: 394.102px;\">IP67<\/td>\n<\/tr>\n<tr>\n<td style=\"width: 469.534px;\">S\u00faly<\/td>\n<td style=\"width: 394.102px;\">375g<\/td>\n<\/tr>\n<tr>\n<td style=\"width: 469.534px;\">M\u00e9retek<\/td>\n<td style=\"width: 394.102px;\">147x47x74mm<\/td>\n<\/tr>\n<\/tbody>\n<\/table>\n<p>Hivatalos term\u00e9koldal: <a href=\"https:\/\/www.nocpix.com\/lumi-lrf\/\">https:\/\/www.nocpix.com\/lumi-lrf\/<\/a><\/p>","protected":false},"excerpt":{"rendered":"<p data-start=\"33\" data-end=\"333\">Az \u00faj termikus monokul\u00e1r term\u00e9kcsal\u00e1d, amelyet a k\u00f6vetkez\u0151k jellemeznek <strong data-start=\"95\" data-end=\"115\">kompakt test<\/strong>ami nem tagadja meg er\u0151s k\u00e9pess\u00e9geit. K\u00f6sz\u00f6nhet\u0151en <strong data-start=\"162\" data-end=\"191\">\u00fajonnan kifejlesztett technol\u00f3gia<\/strong>, fejlett algoritmus <strong data-start=\"215\" data-end=\"230\">Val\u00f3s\u00e1g+ AI<\/strong> a <strong data-start=\"233\" data-end=\"267\">digit\u00e1lis k\u00e9pstabiliz\u00e1tor<\/strong> kiv\u00e9teles k\u00e9pmin\u0151s\u00e9get k\u00edn\u00e1l, amely kiemelkedik a kateg\u00f3ri\u00e1j\u00e1b\u00f3l.<\/p>\n<p data-start=\"335\" data-end=\"525\" data-is-last-node=\"\" data-is-only-node=\"\">S <strong data-start=\"337\" data-end=\"345\">LUMI<\/strong> egy olyan eszk\u00f6zzel rendelkezik, amely nemcsak nagy teljes\u00edtm\u00e9ny\u0171, hanem hihetetlen\u00fcl praktikus is. Kisebb, mint egy hagyom\u00e1nyos mobiltelefon, \u00edgy b\u00e1rmilyen alkalomra t\u00f6k\u00e9letes t\u00e1rs lehet.<\/p>","protected":false},"featured_media":18521,"template":"","meta":{"_gspb_post_css":""},"product_brand":[316],"product_cat":[21,144,327,326],"product_tag":[276,262],"class_list":{"0":"post-18460","1":"product","2":"type-product","3":"status-publish","4":"has-post-thumbnail","6":"product_brand-nocpix","7":"product_cat-optika","8":"product_cat-termovizie","9":"product_cat-termovizne-monokulary","10":"product_cat-termovizne-zameriavace","11":"product_tag-lumi","12":"product_tag-nocpix","14":"first","15":"instock","16":"taxable","17":"shipping-taxable","18":"purchasable","19":"product-type-simple"},"ct_brands":[{"id":316,"name":"Nocpix","slug":"nocpix"}],"_links":{"self":[{"href":"https:\/\/zbranebudai.sk\/hu\/wp-json\/wp\/v2\/product\/18460","targetHints":{"allow":["GET"]}}],"collection":[{"href":"https:\/\/zbranebudai.sk\/hu\/wp-json\/wp\/v2\/product"}],"about":[{"href":"https:\/\/zbranebudai.sk\/hu\/wp-json\/wp\/v2\/types\/product"}],"wp:featuredmedia":[{"embeddable":true,"href":"https:\/\/zbranebudai.sk\/hu\/wp-json\/wp\/v2\/media\/18521"}],"wp:attachment":[{"href":"https:\/\/zbranebudai.sk\/hu\/wp-json\/wp\/v2\/media?parent=18460"}],"wp:term":[{"taxonomy":"product_brand","embeddable":true,"href":"https:\/\/zbranebudai.sk\/hu\/wp-json\/wp\/v2\/product_brand?post=18460"},{"taxonomy":"product_cat","embeddable":true,"href":"https:\/\/zbranebudai.sk\/hu\/wp-json\/wp\/v2\/product_cat?post=18460"},{"taxonomy":"product_tag","embeddable":true,"href":"https:\/\/zbranebudai.sk\/hu\/wp-json\/wp\/v2\/product_tag?post=18460"}],"curies":[{"name":"wp","href":"https:\/\/api.w.org\/{rel}","templated":true}]}}