{"id":18459,"date":"2025-09-09T20:32:28","date_gmt":"2025-09-09T18:32:28","guid":{"rendered":"https:\/\/zbranebudai.sk\/?post_type=product&#038;p=18459"},"modified":"2025-09-10T16:19:18","modified_gmt":"2025-09-10T14:19:18","slug":"nocpix-quest-h35r","status":"publish","type":"product","link":"https:\/\/zbranebudai.sk\/hu\/product\/nocpix-quest-h35r\/","title":{"rendered":"Nocpix QUEST H35R"},"content":{"rendered":"<table dir=\"ltr\" border=\"1\" cellspacing=\"0\" cellpadding=\"0\" data-sheets-root=\"1\" data-sheets-baot=\"1\">\n<colgroup>\n<col width=\"301\" \/>\n<col width=\"203\" \/><\/colgroup>\n<tbody>\n<tr>\n<td>Specifik\u00e1ci\u00f3<\/td>\n<td>\u00c9rt\u00e9k<\/td>\n<\/tr>\n<tr>\n<td>\u00c9rz\u00e9kel\u0151 felbont\u00e1sa<\/td>\n<td>640\u00d7512 px<\/td>\n<\/tr>\n<tr>\n<td>Pixel m\u00e9ret<\/td>\n<td>12 \u00b5m<\/td>\n<\/tr>\n<tr>\n<td>NETD - \u00c9rz\u00e9kel\u0151 \u00e9rz\u00e9kenys\u00e9ge (mK)<\/td>\n<td>&lt;15 mK<\/td>\n<\/tr>\n<tr>\n<td>Friss\u00edt\u00e9si sebess\u00e9g (Hz)<\/td>\n<td>60 Hz<\/td>\n<\/tr>\n<tr>\n<td>Objekt\u00edv (mm)<\/td>\n<td>35 mm F0.9<\/td>\n<\/tr>\n<tr>\n<td>Nagy\u00edt\u00e1s<\/td>\n<td>3\u00d7 - 24\u00d7<\/td>\n<\/tr>\n<tr>\n<td>L\u00e1t\u00f3mez\u0151<\/td>\n<td>12,5\u00b0 \u00d7 10\u00b0<\/td>\n<\/tr>\n<tr>\n<td>Szemkiemel\u00e9s<\/td>\n<td>25 mm<\/td>\n<\/tr>\n<tr>\n<td>A kimeneti pupilla \u00e1tm\u00e9r\u0151je<\/td>\n<td>10 mm<\/td>\n<\/tr>\n<tr>\n<td>Dioptri\u00e1s korrekci\u00f3<\/td>\n<td>-5D \/ +5D<\/td>\n<\/tr>\n<tr>\n<td>\u00c9rz\u00e9kel\u00e9s<\/td>\n<td>1800 m<\/td>\n<\/tr>\n<tr>\n<td>Megjelen\u00edt\u00e9s t\u00edpusa<\/td>\n<td>AMOLED 0.72\u2033<\/td>\n<\/tr>\n<tr>\n<td>Akkumul\u00e1tor<\/td>\n<td>\n<div>\n<div>Bels\u0151 4200 mAh \/ k\u00fcls\u0151 18650<\/div>\n<\/div>\n<\/td>\n<\/tr>\n<tr>\n<td>Az akkumul\u00e1tor \u00e9lettartama<\/td>\n<td>6 h<\/td>\n<\/tr>\n<tr>\n<td>Wi-Fi<\/td>\n<td>Igen<\/td>\n<\/tr>\n<tr>\n<td>Alkalmaz\u00e1s<\/td>\n<td>Igen<\/td>\n<\/tr>\n<tr>\n<td>Fot\u00f3\/Vide\u00f3<\/td>\n<td>Igen<\/td>\n<\/tr>\n<tr>\n<td>Hangfelv\u00e9tel<\/td>\n<td>Igen<\/td>\n<\/tr>\n<tr>\n<td>Ballisztikai sz\u00e1m\u00edt\u00e1s<\/td>\n<td>Igen<\/td>\n<\/tr>\n<tr>\n<td>L\u00e9zeres t\u00e1vols\u00e1gm\u00e9r\u0151<\/td>\n<td>Igen, 1000 m-ig<\/td>\n<\/tr>\n<tr>\n<td>Val\u00f3s\u00e1g+<\/td>\n<td>Igen<\/td>\n<\/tr>\n<tr>\n<td>Vision+<\/td>\n<td>Igen<\/td>\n<\/tr>\n<tr>\n<td>Digit\u00e1lis k\u00e9pstabiliz\u00e1l\u00e1s<\/td>\n<td>Igen<\/td>\n<\/tr>\n<tr>\n<td>N-Link<\/td>\n<td>Igen<\/td>\n<\/tr>\n<tr>\n<td>Csatlakoz\u00e1s t\u00edpusa<\/td>\n<td>USB-C<\/td>\n<\/tr>\n<tr>\n<td>V\u00edzhatlan<\/td>\n<td>IP67<\/td>\n<\/tr>\n<tr>\n<td>M\u00e9retek<\/td>\n<td>160 \u00d7 137 \u00d7 60 mm<\/td>\n<\/tr>\n<\/tbody>\n<\/table>","protected":false},"excerpt":{"rendered":"<p><strong data-start=\"69\" data-end=\"99\">QUEST termikus t\u00e1vcs\u0151<\/strong> az \u00e9rz\u00e9kel\u0151 felbont\u00e1s\u00e1val <strong data-start=\"121\" data-end=\"135\">640\u00d7512 px<\/strong>, \u00e9rz\u00e9kenys\u00e9g <strong data-start=\"149\" data-end=\"167\" data-is-only-node=\"\">NETD 15 mK alatt<\/strong>, friss\u00edt\u00e9si sebess\u00e9g <strong data-start=\"193\" data-end=\"202\">60 Hz<\/strong>, felszerelve <strong data-start=\"213\" data-end=\"236\">a REALITY+ algoritmussal<\/strong>, <strong data-start=\"238\" data-end=\"273\">digit\u00e1lis k\u00e9pstabiliz\u00e1tor<\/strong>, \u00f6sszekapcsolva <strong data-start=\"286\" data-end=\"296\">N-Link<\/strong> ballisztikai sz\u00e1m\u00edt\u00e1sokkal \u00e9s <strong data-start=\"322\" data-end=\"347\">l\u00e9zeres t\u00e1vols\u00e1gm\u00e9r\u0151vel<\/strong>.<\/p>","protected":false},"featured_media":18516,"template":"","meta":{"_gspb_post_css":""},"product_brand":[316],"product_cat":[21,144,327],"product_tag":[262,2298,311],"class_list":{"0":"post-18459","1":"product","2":"type-product","3":"status-publish","4":"has-post-thumbnail","6":"product_brand-nocpix","7":"product_cat-optika","8":"product_cat-termovizie","9":"product_cat-termovizne-monokulary","10":"product_tag-nocpix","11":"product_tag-quest","12":"product_tag-termovizia","14":"first","15":"instock","16":"taxable","17":"shipping-taxable","18":"purchasable","19":"product-type-simple"},"ct_brands":[{"id":316,"name":"Nocpix","slug":"nocpix"}],"_links":{"self":[{"href":"https:\/\/zbranebudai.sk\/hu\/wp-json\/wp\/v2\/product\/18459","targetHints":{"allow":["GET"]}}],"collection":[{"href":"https:\/\/zbranebudai.sk\/hu\/wp-json\/wp\/v2\/product"}],"about":[{"href":"https:\/\/zbranebudai.sk\/hu\/wp-json\/wp\/v2\/types\/product"}],"wp:featuredmedia":[{"embeddable":true,"href":"https:\/\/zbranebudai.sk\/hu\/wp-json\/wp\/v2\/media\/18516"}],"wp:attachment":[{"href":"https:\/\/zbranebudai.sk\/hu\/wp-json\/wp\/v2\/media?parent=18459"}],"wp:term":[{"taxonomy":"product_brand","embeddable":true,"href":"https:\/\/zbranebudai.sk\/hu\/wp-json\/wp\/v2\/product_brand?post=18459"},{"taxonomy":"product_cat","embeddable":true,"href":"https:\/\/zbranebudai.sk\/hu\/wp-json\/wp\/v2\/product_cat?post=18459"},{"taxonomy":"product_tag","embeddable":true,"href":"https:\/\/zbranebudai.sk\/hu\/wp-json\/wp\/v2\/product_tag?post=18459"}],"curies":[{"name":"wp","href":"https:\/\/api.w.org\/{rel}","templated":true}]}}