{"id":18458,"date":"2025-09-09T20:32:28","date_gmt":"2025-09-09T18:32:28","guid":{"rendered":"https:\/\/zbranebudai.sk\/?post_type=product&#038;p=18458"},"modified":"2025-09-10T16:24:36","modified_gmt":"2025-09-10T14:24:36","slug":"nocpix-vista-s50r","status":"publish","type":"product","link":"https:\/\/zbranebudai.sk\/hu\/product\/nocpix-vista-s50r\/","title":{"rendered":"Nocpix VISTA S50R"},"content":{"rendered":"<p data-start=\"37\" data-end=\"310\"><strong data-start=\"37\" data-end=\"85\">Reality+ AI : Mesters\u00e9ges intelligencia algoritmus<\/strong><br data-start=\"85\" data-end=\"88\" \/>Az \u00fajonnan kifejlesztett Reality+ AI k\u00e9pfeldolgoz\u00f3 algoritmus hat\u00e9konyan kik\u00fcsz\u00f6b\u00f6li a k\u00f6rnyezeti h\u0151m\u00e9rs\u00e9klet okozta zajt, jav\u00edtva a kontrasztot \u00e9s a r\u00e9szletek \u00e9less\u00e9g\u00e9t. A mesters\u00e9ges intelligencia technol\u00f3gia seg\u00edt az \u00e9les, kiv\u00e1l\u00f3 min\u0151s\u00e9g\u0171 k\u00e9p l\u00e9trehoz\u00e1s\u00e1ban.<\/p>\n<p data-start=\"312\" data-end=\"676\"><strong data-start=\"312\" data-end=\"368\">\u00dajonnan kifejlesztett 2. gener\u00e1ci\u00f3s \u00e9rz\u00e9kel\u0151 : Pr\u00e9mium min\u0151s\u00e9g.<\/strong><br data-start=\"368\" data-end=\"371\" \/>\u00dajonnan kifejlesztett 2. gener\u00e1ci\u00f3s \u00e9rz\u00e9kel\u0151 <strong data-start=\"406\" data-end=\"421\">NETD \u226415 mK<\/strong>, felbont\u00e1s <strong data-start=\"434\" data-end=\"448\">640\u00d7512 px<\/strong> \u00e9s pixelm\u00e9ret <strong data-start=\"468\" data-end=\"477\">12 \u03bcm<\/strong> garant\u00e1lja a kiv\u00e1l\u00f3 k\u00e9pmin\u0151s\u00e9get \u00e9s a stabil teljes\u00edtm\u00e9nyt minden id\u0151j\u00e1r\u00e1si k\u00f6r\u00fclm\u00e9nyek k\u00f6z\u00f6tt. A fejlett AI k\u00e9pfeldolgoz\u00e1si technol\u00f3gi\u00e1val kombin\u00e1lva a megfigyelt j\u00e1t\u00e9k minden r\u00e9szlet\u00e9t megjelen\u00edti.<\/p>\n<p data-start=\"678\" data-end=\"991\"><strong data-start=\"678\" data-end=\"718\">Vision+ rendszer : Mer\u00fclj\u00f6n el az akci\u00f3ban.<\/strong><br data-start=\"718\" data-end=\"721\" \/>Kerek <strong data-start=\"729\" data-end=\"747\">AMOLED kijelz\u0151<\/strong> m\u00e9retben <strong data-start=\"760\" data-end=\"774\">1,03 h\u00fcvelyk<\/strong> \u00e9s felbont\u00e1s <strong data-start=\"788\" data-end=\"804\">2560\u00d72560 px<\/strong> optimaliz\u00e1lja a t\u00e9rbeli hat\u00e9konys\u00e1got, \u00e9s \u00e9l\u00e9nk \u00e9s \u00e9l\u00e9nk sz\u00edneket biztos\u00edt. A kimeneti pupilla \u00e1tm\u00e9r\u0151je <strong data-start=\"902\" data-end=\"910\">8 mm<\/strong> \u00e9s a rendszer <strong data-start=\"921\" data-end=\"936\">Tiszta l\u00e1t\u00e1s<\/strong> k\u00e9nyelmes \u00e9s mag\u00e1val ragad\u00f3 n\u00e9z\u00e9si \u00e9lm\u00e9nyt biztos\u00edt.<\/p>\n<p data-start=\"993\" data-end=\"1265\"><strong data-start=\"993\" data-end=\"1020\">Jav\u00edtott akkumul\u00e1tor \u00e9lettartam<\/strong><br data-start=\"1020\" data-end=\"1023\" \/>A VISTA k\u00e9t cser\u00e9lhet\u0151 akkumul\u00e1tortart\u00e1llyal van felszerelve <strong data-start=\"1085\" data-end=\"1103\">IBP-7\/4400 mAh<\/strong>, amelyek leny\u0171g\u00f6z\u0151 tart\u00f3ss\u00e1got biztos\u00edtanak ak\u00e1r <strong data-start=\"1141\" data-end=\"1153\">11 \u00f3ra<\/strong> a <strong data-start=\"1156\" data-end=\"1173\">90 % kapacit\u00e1s<\/strong> m\u00e9g h\u0151m\u00e9rs\u00e9kleten is <strong data-start=\"1191\" data-end=\"1201\">-20 \u00b0C<\/strong>. Ezek az akkumul\u00e1torok k\u00f6nnyen felt\u00f6lthet\u0151k <strong data-start=\"1253\" data-end=\"1262\">USB-C<\/strong>.<\/p>\n<p data-start=\"1267\" data-end=\"1554\"><strong data-start=\"1267\" data-end=\"1311\">Integr\u00e1lt l\u00e9zeres t\u00e1vols\u00e1gm\u00e9r\u0151 1200 m-ig<\/strong><br data-start=\"1311\" data-end=\"1314\" \/>Az \u00faj integr\u00e1lt l\u00e9zeres t\u00e1vols\u00e1gm\u00e9r\u0151 (1200 m-ig) az eszt\u00e9tikumot az optikai tengely t\u00f6k\u00e9letes igaz\u00edt\u00e1s\u00e1val \u00f6tv\u00f6zi. Kompakt kialak\u00edt\u00e1sa minim\u00e1lisra cs\u00f6kkenti az objekt\u00edvlencs\u00e9vel val\u00f3 interferenci\u00e1t a k\u00e9pmin\u0151s\u00e9g fel\u00e1ldoz\u00e1sa n\u00e9lk\u00fcl. \u00c9lvezze az elegancia \u00e9s a teljes\u00edtm\u00e9ny nagyszer\u0171 kombin\u00e1ci\u00f3j\u00e1t!<\/p>\n<p data-start=\"1556\" data-end=\"1777\"><strong data-start=\"1556\" data-end=\"1615\">60 Hz-es friss\u00edt\u00e9si sebess\u00e9g : Gyorsabb k\u00e9p\u00e1tvitel.<\/strong><br data-start=\"1615\" data-end=\"1618\" \/>\u00c9rz\u00e9kel\u0151 frekvenci\u00e1val <strong data-start=\"1639\" data-end=\"1648\">60 Hz<\/strong> t\u00f6k\u00e9letes k\u00e9psim\u00edt\u00e1st biztos\u00edt, \u00edgy nem csak a mozg\u00e1sban l\u00e9v\u0151 j\u00e1t\u00e9kok z\u00f6kken\u0151mentes megtekint\u00e9s\u00e9t, hanem a sim\u00e1bb \u00e9s \u00e9lesebb r\u00e9szleteket is.<\/p>\n<table dir=\"ltr\" style=\"width: 800px;\" border=\"1\" cellspacing=\"0\" cellpadding=\"0\" data-sheets-root=\"1\" data-sheets-baot=\"1\">\n<colgroup>\n<col width=\"301\" \/>\n<col width=\"203\" \/><\/colgroup>\n<tbody>\n<tr>\n<td style=\"width: 408.75px;\">Specifik\u00e1ci\u00f3<\/td>\n<td style=\"width: 386.886px;\">\u00c9rt\u00e9k<\/td>\n<\/tr>\n<tr>\n<td style=\"width: 408.75px;\">\u00c9rz\u00e9kel\u0151 felbont\u00e1sa<\/td>\n<td style=\"width: 386.886px;\">1280\u00d71024 px - 2. gener\u00e1ci\u00f3<\/td>\n<\/tr>\n<tr>\n<td style=\"width: 408.75px;\">Pixel m\u00e9ret<\/td>\n<td style=\"width: 386.886px;\">12 \u00b5m<\/td>\n<\/tr>\n<tr>\n<td style=\"width: 408.75px;\">NETD - \u00c9rz\u00e9kel\u0151 \u00e9rz\u00e9kenys\u00e9ge a h\u0151m\u00e9rs\u00e9klet-k\u00fcl\u00f6nbs\u00e9gekre<\/td>\n<td style=\"width: 386.886px;\">&lt;15 mK<\/td>\n<\/tr>\n<tr>\n<td style=\"width: 408.75px;\">Friss\u00edt\u00e9si sebess\u00e9g (Hz)<\/td>\n<td style=\"width: 386.886px;\">60 Hz<\/td>\n<\/tr>\n<tr>\n<td style=\"width: 408.75px;\">Objekt\u00edv (mm)<\/td>\n<td style=\"width: 386.886px;\">50 mm \/ F0.9<\/td>\n<\/tr>\n<tr>\n<td style=\"width: 408.75px;\">L\u00e1t\u00f3mez\u0151<\/td>\n<td style=\"width: 386.886px;\">17,5\u00b0 \u00d7 14,0\u00b0<\/td>\n<\/tr>\n<tr>\n<td style=\"width: 408.75px;\">Digit\u00e1lis nagy\u00edt\u00e1s<\/td>\n<td style=\"width: 386.886px;\">2\u00d7 - 40\u00d7<\/td>\n<\/tr>\n<tr>\n<td style=\"width: 408.75px;\">Szemkiemel\u00e9s<\/td>\n<td style=\"width: 386.886px;\">25 mm<\/td>\n<\/tr>\n<tr>\n<td style=\"width: 408.75px;\">A kimeneti pupilla \u00e1tm\u00e9r\u0151je<\/td>\n<td style=\"width: 386.886px;\">8 mm<\/td>\n<\/tr>\n<tr>\n<td style=\"width: 408.75px;\">Dioptri\u00e1s korrekci\u00f3<\/td>\n<td style=\"width: 386.886px;\">-4 \u00e9s +6 k\u00f6z\u00f6tt<\/td>\n<\/tr>\n<tr>\n<td style=\"width: 408.75px;\">\u00c9rz\u00e9kel\u00e9s<\/td>\n<td style=\"width: 386.886px;\">2600 m<\/td>\n<\/tr>\n<tr>\n<td style=\"width: 408.75px;\">Megjelen\u00edt\u00e9s t\u00edpusa<\/td>\n<td style=\"width: 386.886px;\">AMOLED 1.03\"<\/td>\n<\/tr>\n<tr>\n<td style=\"width: 408.75px;\">Kijelz\u0151 felbont\u00e1sa<\/td>\n<td style=\"width: 386.886px;\">2560\u00d72560 px<\/td>\n<\/tr>\n<tr>\n<td style=\"width: 408.75px;\">Akkumul\u00e1tor t\u00edpusa<\/td>\n<td style=\"width: 386.886px;\">\n<div>\n<div>2\u00d7 cser\u00e9lhet\u0151 li-ion akkumul\u00e1tor IBP-7\/4400 mAh<\/div>\n<\/div>\n<\/td>\n<\/tr>\n<tr>\n<td style=\"width: 408.75px;\">Az akkumul\u00e1tor \u00e9lettartama<\/td>\n<td style=\"width: 386.886px;\">4,5 h<\/td>\n<\/tr>\n<tr>\n<td style=\"width: 408.75px;\">Wi-Fi \/ alkalmaz\u00e1s<\/td>\n<td style=\"width: 386.886px;\">Igen<\/td>\n<\/tr>\n<tr>\n<td style=\"width: 408.75px;\">Fot\u00f3\/Vide\u00f3<\/td>\n<td style=\"width: 386.886px;\">Igen<\/td>\n<\/tr>\n<tr>\n<td style=\"width: 408.75px;\">Hangfelv\u00e9tel<\/td>\n<td style=\"width: 386.886px;\">Igen<\/td>\n<\/tr>\n<tr>\n<td style=\"width: 408.75px;\">L\u00e9zeres t\u00e1vols\u00e1gm\u00e9r\u0151<\/td>\n<td style=\"width: 386.886px;\">\n<div>\n<div>Igen, a lencs\u00e9be integr\u00e1lva, 1200 m-ig<\/div>\n<\/div>\n<\/td>\n<\/tr>\n<tr>\n<td style=\"width: 408.75px;\">Vide\u00f3k lej\u00e1tsz\u00e1sa a k\u00e9sz\u00fcl\u00e9ken<\/td>\n<td style=\"width: 386.886px;\">Igen<\/td>\n<\/tr>\n<tr>\n<td style=\"width: 408.75px;\">Csatlakoz\u00e1s t\u00edpusa<\/td>\n<td style=\"width: 386.886px;\">USB-C<\/td>\n<\/tr>\n<tr>\n<td style=\"width: 408.75px;\">T\u00e1rhely<\/td>\n<td style=\"width: 386.886px;\">64 GB<\/td>\n<\/tr>\n<tr>\n<td style=\"width: 408.75px;\">V\u00edzhatlan<\/td>\n<td style=\"width: 386.886px;\">IP67<\/td>\n<\/tr>\n<tr>\n<td style=\"width: 408.75px;\">S\u00faly<\/td>\n<td style=\"width: 386.886px;\">690 g<\/td>\n<\/tr>\n<tr>\n<td style=\"width: 408.75px;\">M\u00e9retek<\/td>\n<td style=\"width: 386.886px;\">201 \u00d7 70 \u00d7 82 mm<\/td>\n<\/tr>\n<\/tbody>\n<\/table>","protected":false},"excerpt":{"rendered":"<p data-start=\"33\" data-end=\"332\"><strong data-start=\"33\" data-end=\"74\">A VISTA sorozat bemutat\u00e1sa<\/strong> a rendszerrel <strong data-start=\"87\" data-end=\"98\">Vision+<\/strong>, <strong data-start=\"100\" data-end=\"115\">Val\u00f3s\u00e1g+ AI<\/strong> - k\u00e9pfeldolgoz\u00f3 algoritmus mesters\u00e9ges intelligencia seg\u00edts\u00e9g\u00e9vel, <strong data-start=\"177\" data-end=\"197\">AMOLED kijelz\u0151<\/strong> felbont\u00e1ssal <strong data-start=\"211\" data-end=\"227\">2560\u00d72560 px<\/strong>, <strong data-start=\"229\" data-end=\"254\" data-is-only-node=\"\">2. gener\u00e1ci\u00f3s \u00e9rz\u00e9kel\u0151<\/strong>, <strong data-start=\"256\" data-end=\"291\">digit\u00e1lis k\u00e9pstabiliz\u00e1tor<\/strong> a <strong data-start=\"294\" data-end=\"329\">kil\u00e9p\u0151 pupilla \u00e1tm\u00e9r\u0151je 8 mm<\/strong>.<\/p>\n<p data-start=\"334\" data-end=\"423\">Kompromisszummentes kombin\u00e1ci\u00f3, amely teljesen le\u00edrhatatlan l\u00e1tv\u00e1ny\u00e9lm\u00e9nyt ny\u00fajt.<\/p>","protected":false},"featured_media":18513,"template":"","meta":{"_gspb_post_css":""},"product_brand":[316],"product_cat":[21,144,327],"product_tag":[262,311,277],"class_list":{"0":"post-18458","1":"product","2":"type-product","3":"status-publish","4":"has-post-thumbnail","6":"product_brand-nocpix","7":"product_cat-optika","8":"product_cat-termovizie","9":"product_cat-termovizne-monokulary","10":"product_tag-nocpix","11":"product_tag-termovizia","12":"product_tag-vista","14":"first","15":"instock","16":"taxable","17":"shipping-taxable","18":"purchasable","19":"product-type-simple"},"ct_brands":[{"id":316,"name":"Nocpix","slug":"nocpix"}],"_links":{"self":[{"href":"https:\/\/zbranebudai.sk\/hu\/wp-json\/wp\/v2\/product\/18458","targetHints":{"allow":["GET"]}}],"collection":[{"href":"https:\/\/zbranebudai.sk\/hu\/wp-json\/wp\/v2\/product"}],"about":[{"href":"https:\/\/zbranebudai.sk\/hu\/wp-json\/wp\/v2\/types\/product"}],"wp:featuredmedia":[{"embeddable":true,"href":"https:\/\/zbranebudai.sk\/hu\/wp-json\/wp\/v2\/media\/18513"}],"wp:attachment":[{"href":"https:\/\/zbranebudai.sk\/hu\/wp-json\/wp\/v2\/media?parent=18458"}],"wp:term":[{"taxonomy":"product_brand","embeddable":true,"href":"https:\/\/zbranebudai.sk\/hu\/wp-json\/wp\/v2\/product_brand?post=18458"},{"taxonomy":"product_cat","embeddable":true,"href":"https:\/\/zbranebudai.sk\/hu\/wp-json\/wp\/v2\/product_cat?post=18458"},{"taxonomy":"product_tag","embeddable":true,"href":"https:\/\/zbranebudai.sk\/hu\/wp-json\/wp\/v2\/product_tag?post=18458"}],"curies":[{"name":"wp","href":"https:\/\/api.w.org\/{rel}","templated":true}]}}