{"id":18457,"date":"2025-09-09T20:32:28","date_gmt":"2025-09-09T18:32:28","guid":{"rendered":"https:\/\/zbranebudai.sk\/?post_type=product&#038;p=18457"},"modified":"2025-09-10T16:30:16","modified_gmt":"2025-09-10T14:30:16","slug":"nocpix-quest-l35r","status":"publish","type":"product","link":"https:\/\/zbranebudai.sk\/hu\/product\/nocpix-quest-l35r\/","title":{"rendered":"Nocpix QUEST L35R"},"content":{"rendered":"<table dir=\"ltr\" style=\"width: 722px;\" border=\"1\" cellspacing=\"0\" cellpadding=\"0\" data-sheets-root=\"1\" data-sheets-baot=\"1\">\n<colgroup>\n<col width=\"301\" \/>\n<col width=\"203\" \/><\/colgroup>\n<tbody>\n<tr>\n<td style=\"width: 385.693px;\">Specifik\u00e1ci\u00f3<\/td>\n<td style=\"width: 331.943px;\">\u00c9rt\u00e9k<\/td>\n<\/tr>\n<tr>\n<td style=\"width: 385.693px;\">\u00c9rz\u00e9kel\u0151 felbont\u00e1sa<\/td>\n<td style=\"width: 331.943px;\">384\u00d7288 px<\/td>\n<\/tr>\n<tr>\n<td style=\"width: 385.693px;\">Pixel m\u00e9ret<\/td>\n<td style=\"width: 331.943px;\">12 \u00b5m<\/td>\n<\/tr>\n<tr>\n<td style=\"width: 385.693px;\">NETD - \u00c9rz\u00e9kel\u0151 \u00e9rz\u00e9kenys\u00e9ge (mK)<\/td>\n<td style=\"width: 331.943px;\">&lt;15 mK<\/td>\n<\/tr>\n<tr>\n<td style=\"width: 385.693px;\">Friss\u00edt\u00e9si sebess\u00e9g (Hz)<\/td>\n<td style=\"width: 331.943px;\">60 Hz<\/td>\n<\/tr>\n<tr>\n<td style=\"width: 385.693px;\">Objekt\u00edv (mm)<\/td>\n<td style=\"width: 331.943px;\">35 mm F0.9<\/td>\n<\/tr>\n<tr>\n<td style=\"width: 385.693px;\">Nagy\u00edt\u00e1s<\/td>\n<td style=\"width: 331.943px;\">5\u00d7 - 20\u00d7<\/td>\n<\/tr>\n<tr>\n<td style=\"width: 385.693px;\">L\u00e1t\u00f3mez\u0151<\/td>\n<td style=\"width: 331.943px;\">7,5\u00b0 \u00d7 5,7\u00b0<\/td>\n<\/tr>\n<tr>\n<td style=\"width: 385.693px;\">Szemkiemel\u00e9s<\/td>\n<td style=\"width: 331.943px;\">25 mm<\/td>\n<\/tr>\n<tr>\n<td style=\"width: 385.693px;\">A kimeneti pupilla \u00e1tm\u00e9r\u0151je<\/td>\n<td style=\"width: 331.943px;\">10 mm<\/td>\n<\/tr>\n<tr>\n<td style=\"width: 385.693px;\">Dioptri\u00e1s korrekci\u00f3<\/td>\n<td style=\"width: 331.943px;\">-5D \/ +5D<\/td>\n<\/tr>\n<tr>\n<td style=\"width: 385.693px;\">\u00c9rz\u00e9kel\u00e9s<\/td>\n<td style=\"width: 331.943px;\">1800 m<\/td>\n<\/tr>\n<tr>\n<td style=\"width: 385.693px;\">Megjelen\u00edt\u00e9s t\u00edpusa<\/td>\n<td style=\"width: 331.943px;\">AMOLED 0.72\"<\/td>\n<\/tr>\n<tr>\n<td style=\"width: 385.693px;\">Akkumul\u00e1tor<\/td>\n<td style=\"width: 331.943px;\">\n<div>\n<div>Bels\u0151 4200 mAh \/ k\u00fcls\u0151 18650<\/div>\n<\/div>\n<\/td>\n<\/tr>\n<tr>\n<td style=\"width: 385.693px;\">Az akkumul\u00e1tor \u00e9lettartama<\/td>\n<td style=\"width: 331.943px;\">6 h<\/td>\n<\/tr>\n<tr>\n<td style=\"width: 385.693px;\">Wi-Fi<\/td>\n<td style=\"width: 331.943px;\">Igen<\/td>\n<\/tr>\n<tr>\n<td style=\"width: 385.693px;\">Alkalmaz\u00e1s<\/td>\n<td style=\"width: 331.943px;\">Igen<\/td>\n<\/tr>\n<tr>\n<td style=\"width: 385.693px;\">Fot\u00f3\/Vide\u00f3<\/td>\n<td style=\"width: 331.943px;\">Igen<\/td>\n<\/tr>\n<tr>\n<td style=\"width: 385.693px;\">Hangfelv\u00e9tel<\/td>\n<td style=\"width: 331.943px;\">Igen<\/td>\n<\/tr>\n<tr>\n<td style=\"width: 385.693px;\">Ballisztikai sz\u00e1m\u00edt\u00e1s<\/td>\n<td style=\"width: 331.943px;\">Igen<\/td>\n<\/tr>\n<tr>\n<td style=\"width: 385.693px;\">L\u00e9zeres t\u00e1vols\u00e1gm\u00e9r\u0151<\/td>\n<td style=\"width: 331.943px;\">Igen, 1000 m-ig<\/td>\n<\/tr>\n<tr>\n<td style=\"width: 385.693px;\">Val\u00f3s\u00e1g+<\/td>\n<td style=\"width: 331.943px;\">Igen<\/td>\n<\/tr>\n<tr>\n<td style=\"width: 385.693px;\">Vision+<\/td>\n<td style=\"width: 331.943px;\">Igen<\/td>\n<\/tr>\n<tr>\n<td style=\"width: 385.693px;\">Digit\u00e1lis k\u00e9pstabiliz\u00e1l\u00e1s<\/td>\n<td style=\"width: 331.943px;\">Igen<\/td>\n<\/tr>\n<tr>\n<td style=\"width: 385.693px;\">N-Link<\/td>\n<td style=\"width: 331.943px;\">Igen<\/td>\n<\/tr>\n<tr>\n<td style=\"width: 385.693px;\">Csatlakoz\u00e1s t\u00edpusa<\/td>\n<td style=\"width: 331.943px;\">USB-C<\/td>\n<\/tr>\n<tr>\n<td style=\"width: 385.693px;\">V\u00edzhatlan<\/td>\n<td style=\"width: 331.943px;\">IP67<\/td>\n<\/tr>\n<tr>\n<td style=\"width: 385.693px;\">M\u00e9retek<\/td>\n<td style=\"width: 331.943px;\">160 \u00d7 137 \u00d7 60 mm<\/td>\n<\/tr>\n<\/tbody>\n<\/table>\n<p>Hivatalos term\u00e9koldal: <a href=\"https:\/\/www.nocpix.com\/quest-series\/\">https:\/\/www.nocpix.com\/quest-series\/<\/a><\/p>","protected":false},"excerpt":{"rendered":"<p><strong data-start=\"49\" data-end=\"79\">QUEST termikus t\u00e1vcs\u0151<\/strong> az \u00e9rz\u00e9kel\u0151 felbont\u00e1s\u00e1val <strong data-start=\"101\" data-end=\"115\">384\u00d7288 px<\/strong>, \u00e9rz\u00e9kenys\u00e9g <strong data-start=\"129\" data-end=\"147\">NETD 15 mK alatt<\/strong>, friss\u00edt\u00e9si sebess\u00e9g <strong data-start=\"173\" data-end=\"182\" data-is-only-node=\"\">60 Hz<\/strong>, felszerelve <strong data-start=\"193\" data-end=\"216\">a REALITY+ algoritmussal<\/strong>, <strong data-start=\"218\" data-end=\"253\">digit\u00e1lis k\u00e9pstabiliz\u00e1tor<\/strong>, \u00f6sszekapcsolva <strong data-start=\"266\" data-end=\"276\">N-Link<\/strong> ballisztikai sz\u00e1m\u00edt\u00e1sokkal \u00e9s <strong data-start=\"302\" data-end=\"327\">l\u00e9zeres t\u00e1vols\u00e1gm\u00e9r\u0151vel<\/strong>.<\/p>","protected":false},"featured_media":18503,"template":"","meta":{"_gspb_post_css":""},"product_brand":[316],"product_cat":[21,2243,144,330],"product_tag":[216,262,2298],"class_list":{"0":"post-18457","1":"product","2":"type-product","3":"status-publish","4":"has-post-thumbnail","6":"product_brand-nocpix","7":"product_cat-optika","8":"product_cat-tavolsagmero","9":"product_cat-termovizie","10":"product_cat-termovizne-binokulare","11":"product_tag-binokular","12":"product_tag-nocpix","13":"product_tag-quest","15":"first","16":"instock","17":"taxable","18":"shipping-taxable","19":"purchasable","20":"product-type-simple"},"ct_brands":[{"id":316,"name":"Nocpix","slug":"nocpix"}],"_links":{"self":[{"href":"https:\/\/zbranebudai.sk\/hu\/wp-json\/wp\/v2\/product\/18457","targetHints":{"allow":["GET"]}}],"collection":[{"href":"https:\/\/zbranebudai.sk\/hu\/wp-json\/wp\/v2\/product"}],"about":[{"href":"https:\/\/zbranebudai.sk\/hu\/wp-json\/wp\/v2\/types\/product"}],"wp:featuredmedia":[{"embeddable":true,"href":"https:\/\/zbranebudai.sk\/hu\/wp-json\/wp\/v2\/media\/18503"}],"wp:attachment":[{"href":"https:\/\/zbranebudai.sk\/hu\/wp-json\/wp\/v2\/media?parent=18457"}],"wp:term":[{"taxonomy":"product_brand","embeddable":true,"href":"https:\/\/zbranebudai.sk\/hu\/wp-json\/wp\/v2\/product_brand?post=18457"},{"taxonomy":"product_cat","embeddable":true,"href":"https:\/\/zbranebudai.sk\/hu\/wp-json\/wp\/v2\/product_cat?post=18457"},{"taxonomy":"product_tag","embeddable":true,"href":"https:\/\/zbranebudai.sk\/hu\/wp-json\/wp\/v2\/product_tag?post=18457"}],"curies":[{"name":"wp","href":"https:\/\/api.w.org\/{rel}","templated":true}]}}