{"id":18456,"date":"2025-09-09T20:32:27","date_gmt":"2025-09-09T18:32:27","guid":{"rendered":"https:\/\/zbranebudai.sk\/?post_type=product&#038;p=18456"},"modified":"2025-09-09T22:24:17","modified_gmt":"2025-09-09T20:24:17","slug":"nocpix-rico-2-s75r","status":"publish","type":"product","link":"https:\/\/zbranebudai.sk\/hu\/product\/nocpix-rico-2-s75r\/","title":{"rendered":"Nocpix RICO 2 S75R"},"content":{"rendered":"<table dir=\"ltr\" style=\"width: 704px;\" border=\"1\" cellspacing=\"0\" cellpadding=\"0\" data-sheets-root=\"1\" data-sheets-baot=\"1\">\n<colgroup>\n<col width=\"301\" \/>\n<col width=\"203\" \/><\/colgroup>\n<tbody>\n<tr>\n<td style=\"width: 340.277px;\">Specifik\u00e1ci\u00f3<\/td>\n<td style=\"width: 360.295px;\">\u00c9rt\u00e9k<\/td>\n<\/tr>\n<tr>\n<td style=\"width: 340.277px;\">\u00c9rz\u00e9kel\u0151 felbont\u00e1sa<\/td>\n<td style=\"width: 360.295px;\">1280\u00d71024 px<\/td>\n<\/tr>\n<tr>\n<td style=\"width: 340.277px;\">Pixel m\u00e9ret<\/td>\n<td style=\"width: 360.295px;\">12 \u00b5m<\/td>\n<\/tr>\n<tr>\n<td style=\"width: 340.277px;\">NETD - \u00c9rz\u00e9kel\u0151 \u00e9rz\u00e9kenys\u00e9ge (mK)<\/td>\n<td style=\"width: 360.295px;\">&lt;15 mK<\/td>\n<\/tr>\n<tr>\n<td style=\"width: 340.277px;\">Friss\u00edt\u00e9si sebess\u00e9g (Hz)<\/td>\n<td style=\"width: 360.295px;\">60 Hz<\/td>\n<\/tr>\n<tr>\n<td style=\"width: 340.277px;\">Objekt\u00edv (mm)<\/td>\n<td style=\"width: 360.295px;\">75 mm F1.0<\/td>\n<\/tr>\n<tr>\n<td style=\"width: 340.277px;\">Nagy\u00edt\u00e1s<\/td>\n<td style=\"width: 360.295px;\">3\u00d7<\/td>\n<\/tr>\n<tr>\n<td style=\"width: 340.277px;\">L\u00e1t\u00f3mez\u0151<\/td>\n<td style=\"width: 360.295px;\">11,7\u00b0 \u00d7 9,4\u00b0<\/td>\n<\/tr>\n<tr>\n<td style=\"width: 340.277px;\">Szemkiemel\u00e9s<\/td>\n<td style=\"width: 360.295px;\">70 mm<\/td>\n<\/tr>\n<tr>\n<td style=\"width: 340.277px;\">Dioptri\u00e1s korrekci\u00f3<\/td>\n<td style=\"width: 360.295px;\">-5D \u00e9s +5D k\u00f6z\u00f6tt<\/td>\n<\/tr>\n<tr>\n<td style=\"width: 340.277px;\">\u00c9rz\u00e9kel\u00e9s<\/td>\n<td style=\"width: 360.295px;\">3896 m<\/td>\n<\/tr>\n<tr>\n<td style=\"width: 340.277px;\">Megjelen\u00edt\u00e9s t\u00edpusa<\/td>\n<td style=\"width: 360.295px;\">AMOLED<\/td>\n<\/tr>\n<tr>\n<td style=\"width: 340.277px;\">Kijelz\u0151 felbont\u00e1sa<\/td>\n<td style=\"width: 360.295px;\">2560\u00d72560 px<\/td>\n<\/tr>\n<tr>\n<td style=\"width: 340.277px;\">Akkumul\u00e1tor t\u00edpusa<\/td>\n<td style=\"width: 360.295px;\">2\u00d7 4400 mAh akkumul\u00e1tor tart\u00e1ly<\/td>\n<\/tr>\n<tr>\n<td style=\"width: 340.277px;\">Az akkumul\u00e1tor \u00e9lettartama<\/td>\n<td style=\"width: 360.295px;\">2\u00d7 4,5 h<\/td>\n<\/tr>\n<tr>\n<td style=\"width: 340.277px;\">Wi-Fi<\/td>\n<td style=\"width: 360.295px;\">Igen<\/td>\n<\/tr>\n<tr>\n<td style=\"width: 340.277px;\">Alkalmaz\u00e1s<\/td>\n<td style=\"width: 360.295px;\">Igen<\/td>\n<\/tr>\n<tr>\n<td style=\"width: 340.277px;\">Fot\u00f3\/Vide\u00f3<\/td>\n<td style=\"width: 360.295px;\">Igen<\/td>\n<\/tr>\n<tr>\n<td style=\"width: 340.277px;\">Hangfelv\u00e9tel<\/td>\n<td style=\"width: 360.295px;\">Igen<\/td>\n<\/tr>\n<tr>\n<td style=\"width: 340.277px;\">Ballisztikus kalkul\u00e1tor<\/td>\n<td style=\"width: 360.295px;\">Igen<\/td>\n<\/tr>\n<tr>\n<td style=\"width: 340.277px;\">L\u00e9zeres t\u00e1vols\u00e1gm\u00e9r\u0151<\/td>\n<td style=\"width: 360.295px;\">Igen, 1200 m-ig<\/td>\n<\/tr>\n<tr>\n<td style=\"width: 340.277px;\">Val\u00f3s\u00e1g+<\/td>\n<td style=\"width: 360.295px;\">Igen<\/td>\n<\/tr>\n<tr>\n<td style=\"width: 340.277px;\">Vision+<\/td>\n<td style=\"width: 360.295px;\">Igen<\/td>\n<\/tr>\n<tr>\n<td style=\"width: 340.277px;\">Csatlakoz\u00e1s t\u00edpusa<\/td>\n<td style=\"width: 360.295px;\">USB-C<\/td>\n<\/tr>\n<tr>\n<td style=\"width: 340.277px;\">V\u00edzhatlan<\/td>\n<td style=\"width: 360.295px;\">IP67<\/td>\n<\/tr>\n<tr>\n<td style=\"width: 340.277px;\">S\u00faly<\/td>\n<td style=\"width: 360.295px;\">1250 g<\/td>\n<\/tr>\n<tr>\n<td style=\"width: 340.277px;\">M\u00e9retek<\/td>\n<td style=\"width: 360.295px;\">336 \u00d7 116 \u00d7 90 mm<\/td>\n<\/tr>\n<\/tbody>\n<\/table>\n<p>Hivatalos term\u00e9koldal: <a href=\"https:\/\/www.nocpix.com\/rico2-series\/\">https:\/\/www.nocpix.com\/rico2-series\/<\/a><\/p>","protected":false},"excerpt":{"rendered":"<p><strong data-start=\"33\" data-end=\"62\">RICO h\u0151kamer\u00e1s c\u00e9lt\u00e1vcs\u0151<\/strong> 1280\u00d71024 px felbont\u00e1s\u00fa \u00e9rz\u00e9kel\u0151vel, 15 mK alatti NETD-vel, 60 Hz-es k\u00e9pfriss\u00edt\u00e9si frekvenci\u00e1val, algoritmussal. <strong data-start=\"156\" data-end=\"168\">REALITY+<\/strong>, ballisztikus sz\u00e1mol\u00f3g\u00e9p \u00e9s t\u00e1vols\u00e1gm\u00e9r\u0151 1200 m-ig.<\/p>","protected":false},"featured_media":18491,"template":"","meta":{"_gspb_post_css":""},"product_brand":[316],"product_cat":[21,144,326],"product_tag":[262,211,345],"class_list":{"0":"post-18456","1":"product","2":"type-product","3":"status-publish","4":"has-post-thumbnail","6":"product_brand-nocpix","7":"product_cat-optika","8":"product_cat-termovizie","9":"product_cat-termovizne-zameriavace","10":"product_tag-nocpix","11":"product_tag-rico","12":"product_tag-termovizny-zameriavac","14":"first","15":"instock","16":"taxable","17":"shipping-taxable","18":"purchasable","19":"product-type-simple"},"ct_brands":[{"id":316,"name":"Nocpix","slug":"nocpix"}],"_links":{"self":[{"href":"https:\/\/zbranebudai.sk\/hu\/wp-json\/wp\/v2\/product\/18456","targetHints":{"allow":["GET"]}}],"collection":[{"href":"https:\/\/zbranebudai.sk\/hu\/wp-json\/wp\/v2\/product"}],"about":[{"href":"https:\/\/zbranebudai.sk\/hu\/wp-json\/wp\/v2\/types\/product"}],"wp:featuredmedia":[{"embeddable":true,"href":"https:\/\/zbranebudai.sk\/hu\/wp-json\/wp\/v2\/media\/18491"}],"wp:attachment":[{"href":"https:\/\/zbranebudai.sk\/hu\/wp-json\/wp\/v2\/media?parent=18456"}],"wp:term":[{"taxonomy":"product_brand","embeddable":true,"href":"https:\/\/zbranebudai.sk\/hu\/wp-json\/wp\/v2\/product_brand?post=18456"},{"taxonomy":"product_cat","embeddable":true,"href":"https:\/\/zbranebudai.sk\/hu\/wp-json\/wp\/v2\/product_cat?post=18456"},{"taxonomy":"product_tag","embeddable":true,"href":"https:\/\/zbranebudai.sk\/hu\/wp-json\/wp\/v2\/product_tag?post=18456"}],"curies":[{"name":"wp","href":"https:\/\/api.w.org\/{rel}","templated":true}]}}