{"id":18455,"date":"2025-09-09T20:32:27","date_gmt":"2025-09-09T18:32:27","guid":{"rendered":"https:\/\/zbranebudai.sk\/?post_type=product&#038;p=18455"},"modified":"2025-09-09T22:18:46","modified_gmt":"2025-09-09T20:18:46","slug":"nocpix-rico-2-l42r","status":"publish","type":"product","link":"https:\/\/zbranebudai.sk\/hu\/product\/nocpix-rico-2-l42r\/","title":{"rendered":"Nocpix RICO 2 L42R"},"content":{"rendered":"<table dir=\"ltr\" border=\"1\" cellspacing=\"0\" cellpadding=\"0\" data-sheets-root=\"1\" data-sheets-baot=\"1\">\n<colgroup>\n<col width=\"196\" \/>\n<col width=\"481\" \/><\/colgroup>\n<tbody>\n<tr>\n<td style=\"width: 310px;\">Specifik\u00e1ci\u00f3<\/td>\n<td style=\"width: 479.857px;\">\u00c9rt\u00e9k<\/td>\n<\/tr>\n<tr>\n<td style=\"width: 310px;\">\u00c9rz\u00e9kel\u0151 felbont\u00e1sa<\/td>\n<td style=\"width: 479.857px;\">384\u00d7288 px<\/td>\n<\/tr>\n<tr>\n<td style=\"width: 310px;\">Pixel m\u00e9ret<\/td>\n<td style=\"width: 479.857px;\">12 \u00b5m<\/td>\n<\/tr>\n<tr>\n<td style=\"width: 310px;\">NETD - \u00c9rz\u00e9kel\u0151 \u00e9rz\u00e9kenys\u00e9ge (mK)<\/td>\n<td style=\"width: 479.857px;\">&lt;18 mK<\/td>\n<\/tr>\n<tr>\n<td style=\"width: 310px;\">Friss\u00edt\u00e9si sebess\u00e9g (Hz)<\/td>\n<td style=\"width: 479.857px;\">60 Hz<\/td>\n<\/tr>\n<tr>\n<td style=\"width: 310px;\">Objekt\u00edv (mm)<\/td>\n<td style=\"width: 479.857px;\">42 mm<\/td>\n<\/tr>\n<tr>\n<td style=\"width: 310px;\">Nagy\u00edt\u00e1s<\/td>\n<td style=\"width: 479.857px;\">4\u00d7<\/td>\n<\/tr>\n<tr>\n<td style=\"width: 310px;\">L\u00e1t\u00f3mez\u0151<\/td>\n<td style=\"width: 479.857px;\">6,3\u00b0 \u00d7 4,7\u00b0<\/td>\n<\/tr>\n<tr>\n<td style=\"width: 310px;\">Szemkiemel\u00e9s<\/td>\n<td style=\"width: 479.857px;\">60 mm<\/td>\n<\/tr>\n<tr>\n<td style=\"width: 310px;\">Dioptri\u00e1s korrekci\u00f3<\/td>\n<td style=\"width: 479.857px;\">-5D \u00e9s +5D k\u00f6z\u00f6tt<\/td>\n<\/tr>\n<tr>\n<td style=\"width: 310px;\">\u00c9rz\u00e9kel\u00e9s<\/td>\n<td style=\"width: 479.857px;\">2197 m<\/td>\n<\/tr>\n<tr>\n<td style=\"width: 310px;\">Megjelen\u00edt\u00e9s t\u00edpusa<\/td>\n<td style=\"width: 479.857px;\">AMOLED<\/td>\n<\/tr>\n<tr>\n<td style=\"width: 310px;\">Kijelz\u0151 felbont\u00e1sa<\/td>\n<td style=\"width: 479.857px;\">2560\u00d72560 px<\/td>\n<\/tr>\n<tr>\n<td style=\"width: 310px;\">Akkumul\u00e1tor t\u00edpusa<\/td>\n<td style=\"width: 479.857px;\">2\u00d7 4400 mAh akkumul\u00e1tor tart\u00e1ly<\/td>\n<\/tr>\n<tr>\n<td style=\"width: 310px;\">Az akkumul\u00e1tor \u00e9lettartama<\/td>\n<td style=\"width: 479.857px;\">2\u00d7 5,5 h<\/td>\n<\/tr>\n<tr>\n<td style=\"width: 310px;\">Wi-Fi<\/td>\n<td style=\"width: 479.857px;\">Igen<\/td>\n<\/tr>\n<tr>\n<td style=\"width: 310px;\">Alkalmaz\u00e1s<\/td>\n<td style=\"width: 479.857px;\">Igen<\/td>\n<\/tr>\n<tr>\n<td style=\"width: 310px;\">Fot\u00f3\/Vide\u00f3<\/td>\n<td style=\"width: 479.857px;\">Igen<\/td>\n<\/tr>\n<tr>\n<td style=\"width: 310px;\">Hangfelv\u00e9tel<\/td>\n<td style=\"width: 479.857px;\">Igen<\/td>\n<\/tr>\n<tr>\n<td style=\"width: 310px;\">Ballisztikus kalkul\u00e1tor<\/td>\n<td style=\"width: 479.857px;\">Igen<\/td>\n<\/tr>\n<tr>\n<td style=\"width: 310px;\">L\u00e9zeres t\u00e1vols\u00e1gm\u00e9r\u0151<\/td>\n<td style=\"width: 479.857px;\">Igen, 1200 m-ig<\/td>\n<\/tr>\n<tr>\n<td style=\"width: 310px;\">Csatlakoz\u00e1s t\u00edpusa<\/td>\n<td style=\"width: 479.857px;\">USB-C<\/td>\n<\/tr>\n<tr>\n<td style=\"width: 310px;\">V\u00edzhatlan<\/td>\n<td style=\"width: 479.857px;\">IP67<\/td>\n<\/tr>\n<tr>\n<td style=\"width: 310px;\">S\u00faly<\/td>\n<td style=\"width: 479.857px;\">900 g<\/td>\n<\/tr>\n<tr>\n<td style=\"width: 310px;\">M\u00e9retek<\/td>\n<td style=\"width: 479.857px;\">296 \u00d7 78 \u00d7 76 mm<\/td>\n<\/tr>\n<\/tbody>\n<\/table>\n<p>Hivatalos term\u00e9koldal: <a href=\"https:\/\/www.nocpix.com\/rico2-series\/\">https:\/\/www.nocpix.com\/rico2-series\/<\/a><\/p>","protected":false},"excerpt":{"rendered":"<p><strong data-start=\"33\" data-end=\"62\">RICO h\u0151kamer\u00e1s c\u00e9lt\u00e1vcs\u0151<\/strong> 384\u00d7288 px felbont\u00e1s\u00fa \u00e9rz\u00e9kel\u0151vel, 18 mK alatti NETD-vel, 60 Hz-es friss\u00edt\u00e9si frekvenci\u00e1val, algoritmussal <strong data-start=\"154\" data-end=\"166\">REALITY+<\/strong>, ballisztikus sz\u00e1mol\u00f3g\u00e9p \u00e9s t\u00e1vols\u00e1gm\u00e9r\u0151 1200 m-ig.<\/p>","protected":false},"featured_media":18480,"template":"","meta":{"_gspb_post_css":""},"product_brand":[316],"product_cat":[21,144,326],"product_tag":[262,211,345],"class_list":{"0":"post-18455","1":"product","2":"type-product","3":"status-publish","4":"has-post-thumbnail","6":"product_brand-nocpix","7":"product_cat-optika","8":"product_cat-termovizie","9":"product_cat-termovizne-zameriavace","10":"product_tag-nocpix","11":"product_tag-rico","12":"product_tag-termovizny-zameriavac","14":"first","15":"instock","16":"taxable","17":"shipping-taxable","18":"purchasable","19":"product-type-simple"},"ct_brands":[{"id":316,"name":"Nocpix","slug":"nocpix"}],"_links":{"self":[{"href":"https:\/\/zbranebudai.sk\/hu\/wp-json\/wp\/v2\/product\/18455","targetHints":{"allow":["GET"]}}],"collection":[{"href":"https:\/\/zbranebudai.sk\/hu\/wp-json\/wp\/v2\/product"}],"about":[{"href":"https:\/\/zbranebudai.sk\/hu\/wp-json\/wp\/v2\/types\/product"}],"wp:featuredmedia":[{"embeddable":true,"href":"https:\/\/zbranebudai.sk\/hu\/wp-json\/wp\/v2\/media\/18480"}],"wp:attachment":[{"href":"https:\/\/zbranebudai.sk\/hu\/wp-json\/wp\/v2\/media?parent=18455"}],"wp:term":[{"taxonomy":"product_brand","embeddable":true,"href":"https:\/\/zbranebudai.sk\/hu\/wp-json\/wp\/v2\/product_brand?post=18455"},{"taxonomy":"product_cat","embeddable":true,"href":"https:\/\/zbranebudai.sk\/hu\/wp-json\/wp\/v2\/product_cat?post=18455"},{"taxonomy":"product_tag","embeddable":true,"href":"https:\/\/zbranebudai.sk\/hu\/wp-json\/wp\/v2\/product_tag?post=18455"}],"curies":[{"name":"wp","href":"https:\/\/api.w.org\/{rel}","templated":true}]}}