{"id":18454,"date":"2025-09-09T20:32:26","date_gmt":"2025-09-09T18:32:26","guid":{"rendered":"https:\/\/zbranebudai.sk\/?post_type=product&#038;p=18454"},"modified":"2025-09-09T22:11:49","modified_gmt":"2025-09-09T20:11:49","slug":"nocpix-ace-s60r-zeiss-sinek","status":"publish","type":"product","link":"https:\/\/zbranebudai.sk\/hu\/product\/nocpix-ace-s60r-zeiss-rail\/","title":{"rendered":"Nocpix ACE S60R Zeiss RAIL Nocpix ACE S60R Zeiss RAIL"},"content":{"rendered":"<p data-start=\"33\" data-end=\"315\"><strong data-start=\"33\" data-end=\"81\">Reality+ AI : Mesters\u00e9ges intelligencia algoritmus<\/strong><br data-start=\"81\" data-end=\"84\" \/>Az \u00fajonnan kifejlesztett Reality+ AI k\u00e9pfeldolgoz\u00f3 algoritmus hat\u00e9konyan kik\u00fcsz\u00f6b\u00f6li a k\u00f6rnyezeti h\u0151m\u00e9rs\u00e9klet okozta zajt, jav\u00edtva a kontrasztot \u00e9s a r\u00e9szletek \u00e9less\u00e9g\u00e9t. AI technol\u00f3gia, amely seg\u00edt az \u00e9les, kiv\u00e1l\u00f3 min\u0151s\u00e9g\u0171 k\u00e9pek el\u0151\u00e1ll\u00edt\u00e1s\u00e1ban.<\/p>\n<p data-start=\"317\" data-end=\"573\"><strong data-start=\"317\" data-end=\"353\">\u00dajonnan kifejlesztett \u00e9rz\u00e9kel\u0151 2. GENER\u00c1CI\u00d3K<\/strong><br data-start=\"353\" data-end=\"356\" \/>Az ACE h\u0151kamer\u00e1s c\u00e9lt\u00e1vcs\u00f6vek \u00fajonnan kifejlesztett \u00e9rz\u00e9kel\u0151nkkel vannak felszerelve 2. GENERATION szenzorral, amely 384\u00d7288 px \u00e9s 1280\u00d71024 px k\u00f6z\u00f6tti felbont\u00e1ssal \u00e9s 15 mK-n\u00e1l kisebb \u00e9rz\u00e9kenys\u00e9ggel rendelkezik. Ez az \u00e9rz\u00e9kel\u0151 minden helyzetben kompromisszumok n\u00e9lk\u00fcli teljes\u00edtm\u00e9nyt garant\u00e1l.<\/p>\n<p data-start=\"575\" data-end=\"930\"><strong data-start=\"575\" data-end=\"614\">Vision+ System : Mer\u00fclj\u00f6n el az akci\u00f3ban<\/strong><br data-start=\"614\" data-end=\"617\" \/>Az \u00faj Vision+ rendszer 1,03 h\u00fcvelyk \u00e1tm\u00e9r\u0151j\u0171, 2560\u00d72560 px felbont\u00e1s\u00fa k\u00f6r alak\u00fa AMOLED kijelz\u0151vel rendelkezik. Ez a rendszer optikai zoomot k\u00edn\u00e1l a k\u00f6zvetlen optikai k\u00e9pnagy\u00edt\u00e1shoz, amely a hagyom\u00e1nyos digit\u00e1lis zoommal ellent\u00e9tben kik\u00fcsz\u00f6b\u00f6li az elmos\u00f3d\u00e1st, a torzul\u00e1st \u00e9s a k\u00e9pzajt. \u00c9lvezze a mag\u00e1val ragad\u00f3 vad\u00e1sz\u00e9lm\u00e9nyt.<\/p>\n<p data-start=\"932\" data-end=\"1144\"><strong data-start=\"932\" data-end=\"959\">Jav\u00edtott akkumul\u00e1tor \u00e9lettartam<\/strong><br data-start=\"959\" data-end=\"962\" \/>Az ACE kett\u0151s akkumul\u00e1torrendszerrel van felszerelve, amely egy be\u00e9p\u00edtett 4000 mAh-s akkumul\u00e1tort \u00e9s egy tov\u00e1bbi cser\u00e9lhet\u0151 18650-es akkumul\u00e1tort tartalmaz. Ez a rendszer megfelel a hossz\u00fa v\u00e1rakoz\u00e1sok k\u00f6vetelm\u00e9nyeinek.<\/p>\n<p data-start=\"1146\" data-end=\"1441\"><strong data-start=\"1146\" data-end=\"1204\">Integr\u00e1lt l\u00e9zeres t\u00e1vols\u00e1gm\u00e9r\u0151 \u00e9s ballisztikus sz\u00e1mol\u00f3g\u00e9p<\/strong><br data-start=\"1204\" data-end=\"1207\" \/>Az ACE be\u00e9p\u00edtett l\u00e9zeres t\u00e1vols\u00e1gm\u00e9r\u0151vel rendelkezik, amelynek hat\u00f3t\u00e1vols\u00e1ga ak\u00e1r 1200 m\u00e9ter is lehet. Az optikai tengelyhez val\u00f3 igaz\u00edt\u00e1snak k\u00f6sz\u00f6nhet\u0151en teljesen pontos t\u00e1vols\u00e1gm\u00e9r\u00e9st biztos\u00edt. Mindennek tetej\u00e9be megtartja eleg\u00e1ns kialak\u00edt\u00e1s\u00e1t, amely minden felhaszn\u00e1l\u00f3nak \u00f6r\u00f6met okoz.<\/p>\n<p data-start=\"1443\" data-end=\"1637\"><strong data-start=\"1443\" data-end=\"1471\">Sokkal t\u00f6bb f\u00e9nyt fogad be<\/strong><br data-start=\"1471\" data-end=\"1474\" \/>A nagyobb objekt\u00edv (60 mm\/F1,0, 50 mm\/F0,9) 20 % t\u00f6bb f\u00e9nyt enged az \u00e9rz\u00e9kel\u0151h\u00f6z. M\u00e1s elemekkel kombin\u00e1lva ez seg\u00edt a finom \u00e9s \u00e9les k\u00e9p el\u0151\u00e1ll\u00edt\u00e1s\u00e1ban.<\/p>\n<p data-start=\"1639\" data-end=\"2060\"><strong data-start=\"1639\" data-end=\"1659\">NOCPIX alkalmaz\u00e1s<\/strong><br data-start=\"1659\" data-end=\"1662\" \/>A professzion\u00e1lis, m\u00e9gis egyszer\u0171 NOCPIX alkalmaz\u00e1s teljesen \u00faj lehet\u0151s\u00e9geket k\u00edn\u00e1l a vad\u00e1szok sz\u00e1m\u00e1ra. A k\u00e9sz\u00fcl\u00e9ket Wi-Fi-n kereszt\u00fcl a telefonj\u00e1hoz csatlakoztatva friss\u00edtheti az \u00faj firmware-t, let\u00f6ltheti \u00e9s megtekintheti a f\u00e9nyk\u00e9peket vagy vide\u00f3kat. Vagy k\u00f6zvetlen\u00fcl a vad\u00e1szat ut\u00e1n megtekintheti \u00e9lm\u00e9nyeit, m\u00e9g a s\u0171r\u0171 erd\u0151kben is, ahol nincs t\u00e9rer\u0151. Az alkalmaz\u00e1s fejleszt\u00e9se folyamatban van, \u00e9s m\u00e1r most sz\u00e1mos \u00faj funkci\u00f3ra sz\u00e1m\u00edthatunk.<\/p>\n<table dir=\"ltr\" border=\"1\" cellspacing=\"0\" cellpadding=\"0\" data-sheets-root=\"1\" data-sheets-baot=\"1\">\n<colgroup>\n<col width=\"196\" \/>\n<col width=\"481\" \/><\/colgroup>\n<tbody>\n<tr>\n<td style=\"width: 315px;\">Specifik\u00e1ci\u00f3<\/td>\n<td style=\"width: 479.857px;\">\u00c9rt\u00e9k<\/td>\n<\/tr>\n<tr>\n<td style=\"width: 315px;\">\u00c9rz\u00e9kel\u0151 felbont\u00e1sa<\/td>\n<td style=\"width: 479.857px;\">1280\u00d71024 px - 2. gener\u00e1ci\u00f3<\/td>\n<\/tr>\n<tr>\n<td style=\"width: 315px;\">Pixel m\u00e9ret<\/td>\n<td style=\"width: 479.857px;\">12 \u00b5m<\/td>\n<\/tr>\n<tr>\n<td style=\"width: 315px;\">NETD - \u00c9rz\u00e9kel\u0151 \u00e9rz\u00e9kenys\u00e9ge a h\u0151m\u00e9rs\u00e9klet-k\u00fcl\u00f6nbs\u00e9gekre<\/td>\n<td style=\"width: 479.857px;\">&lt;15 mK<\/td>\n<\/tr>\n<tr>\n<td style=\"width: 315px;\">Friss\u00edt\u00e9si sebess\u00e9g (Hz)<\/td>\n<td style=\"width: 479.857px;\">50 Hz<\/td>\n<\/tr>\n<tr>\n<td style=\"width: 315px;\">Objekt\u00edv (mm)<\/td>\n<td style=\"width: 479.857px;\">50 mm \/ F1.0<\/td>\n<\/tr>\n<tr>\n<td style=\"width: 315px;\">L\u00e1t\u00f3mez\u0151<\/td>\n<td style=\"width: 479.857px;\">14,7\u00b0 \u00d7 11,7\u00b0<\/td>\n<\/tr>\n<tr>\n<td style=\"width: 315px;\">Digit\u00e1lis nagy\u00edt\u00e1s<\/td>\n<td style=\"width: 479.857px;\">2\u00d7 - 24\u00d7<\/td>\n<\/tr>\n<tr>\n<td style=\"width: 315px;\">Optikai zoom<\/td>\n<td style=\"width: 479.857px;\">3\u00d7 - 9\u00d7<\/td>\n<\/tr>\n<tr>\n<td style=\"width: 315px;\">Szemkiemel\u00e9s<\/td>\n<td style=\"width: 479.857px;\">50 mm<\/td>\n<\/tr>\n<tr>\n<td style=\"width: 315px;\">Szemt\u00e1vols\u00e1g \u00e1tm\u00e9r\u0151je<\/td>\n<td style=\"width: 479.857px;\">8 mm<\/td>\n<\/tr>\n<tr>\n<td style=\"width: 315px;\">Dioptri\u00e1s korrekci\u00f3<\/td>\n<td style=\"width: 479.857px;\">-5-t\u0151l +5-ig<\/td>\n<\/tr>\n<tr>\n<td style=\"width: 315px;\">\u00c9rz\u00e9kel\u00e9s<\/td>\n<td style=\"width: 479.857px;\">3100 m<\/td>\n<\/tr>\n<tr>\n<td style=\"width: 315px;\">Megjelen\u00edt\u00e9s t\u00edpusa<\/td>\n<td style=\"width: 479.857px;\">AMOLED 1.03\"<\/td>\n<\/tr>\n<tr>\n<td style=\"width: 315px;\">Kijelz\u0151 felbont\u00e1sa<\/td>\n<td style=\"width: 479.857px;\">2560\u00d72560 px<\/td>\n<\/tr>\n<tr>\n<td style=\"width: 315px;\">Akkumul\u00e1tor t\u00edpusa<\/td>\n<td style=\"width: 479.857px;\">1. bels\u0151 (4000 mAh) + 2. cser\u00e9lhet\u0151 18650-es<\/td>\n<\/tr>\n<tr>\n<td style=\"width: 315px;\">Az akkumul\u00e1tor \u00e9lettartama<\/td>\n<td style=\"width: 479.857px;\">7 \u00f3ra (bels\u0151 + k\u00fcls\u0151)<\/td>\n<\/tr>\n<tr>\n<td style=\"width: 315px;\">Wi-Fi \/ alkalmaz\u00e1s<\/td>\n<td style=\"width: 479.857px;\">Igen<\/td>\n<\/tr>\n<tr>\n<td style=\"width: 315px;\">Fot\u00f3\/Vide\u00f3<\/td>\n<td style=\"width: 479.857px;\">Igen<\/td>\n<\/tr>\n<tr>\n<td style=\"width: 315px;\">Hangfelv\u00e9tel<\/td>\n<td style=\"width: 479.857px;\">Igen<\/td>\n<\/tr>\n<tr>\n<td style=\"width: 315px;\">Vide\u00f3 visszahat\u00e1s aktiv\u00e1lva<\/td>\n<td style=\"width: 479.857px;\">Igen<\/td>\n<\/tr>\n<tr>\n<td style=\"width: 315px;\">Ballisztikus kalkul\u00e1tor<\/td>\n<td style=\"width: 479.857px;\">Igen<\/td>\n<\/tr>\n<tr>\n<td style=\"width: 315px;\">L\u00e9zeres t\u00e1vols\u00e1gm\u00e9r\u0151<\/td>\n<td style=\"width: 479.857px;\">Igen, az objekt\u00edvbe integr\u00e1lva, 1200 m-ig<\/td>\n<\/tr>\n<tr>\n<td style=\"width: 315px;\">Vide\u00f3k lej\u00e1tsz\u00e1sa a k\u00e9sz\u00fcl\u00e9ken<\/td>\n<td style=\"width: 479.857px;\">Igen<\/td>\n<\/tr>\n<tr>\n<td style=\"width: 315px;\">Csatlakoz\u00e1s t\u00edpusa<\/td>\n<td style=\"width: 479.857px;\">USB-C<\/td>\n<\/tr>\n<tr>\n<td style=\"width: 315px;\">T\u00e1rhely<\/td>\n<td style=\"width: 479.857px;\">64 GB<\/td>\n<\/tr>\n<tr>\n<td style=\"width: 315px;\">V\u00edzhatlan<\/td>\n<td style=\"width: 479.857px;\">IP67<\/td>\n<\/tr>\n<tr>\n<td style=\"width: 315px;\">S\u00faly<\/td>\n<td style=\"width: 479.857px;\">1300 g<\/td>\n<\/tr>\n<tr>\n<td style=\"width: 315px;\">M\u00e9retek<\/td>\n<td style=\"width: 479.857px;\">365 \u00d7 90 \u00d7 68 mm<\/td>\n<\/tr>\n<tr>\n<td style=\"width: 315px;\">Telep\u00edt\u00e9s<\/td>\n<td style=\"width: 479.857px;\">SHINE-ZEISS<\/td>\n<\/tr>\n<\/tbody>\n<\/table>\n<p>Hivatalos term\u00e9koldal: <a href=\"https:\/\/www.nocpix.com\/product-ace\/\">https:\/\/www.nocpix.com\/product-ace\/<\/a><\/p>","protected":false},"excerpt":{"rendered":"<p><strong data-start=\"33\" data-end=\"60\">Az ACE sorozat bemutat\u00e1sa<\/strong>, a h\u0151kamer\u00e1s puskat\u00e1vcs\u00f6vek z\u00e1szl\u00f3shaj\u00f3ja, amelyet minden vad\u00e1szati helyzetre terveztek. \u00daj, 2. gener\u00e1ci\u00f3s \u00e9rz\u00e9kel\u0151vel, integr\u00e1lt l\u00e9zeres t\u00e1vols\u00e1gm\u00e9r\u0151vel \u00e9s fejlett Reality+ \u00e9s Vision+ rendszerrel felszerelve. P\u00e1ratlan k\u00e9pmin\u0151s\u00e9get \u00e9s p\u00e1ratlan teljes\u00edtm\u00e9nyt k\u00edn\u00e1l.<\/p>","protected":false},"featured_media":18472,"template":"","meta":{"_gspb_post_css":""},"product_brand":[316],"product_cat":[21,144,329],"product_tag":[280,325,262,362],"class_list":{"0":"post-18454","1":"product","2":"type-product","3":"status-publish","4":"has-post-thumbnail","6":"product_brand-nocpix","7":"product_cat-optika","8":"product_cat-termovizie","9":"product_cat-termovizne-puskohlady","10":"product_tag-ace","11":"product_tag-nocne-videnie","12":"product_tag-nocpix","13":"product_tag-termovizny-puskohlad","15":"first","16":"instock","17":"taxable","18":"shipping-taxable","19":"purchasable","20":"product-type-simple"},"ct_brands":[{"id":316,"name":"Nocpix","slug":"nocpix"}],"_links":{"self":[{"href":"https:\/\/zbranebudai.sk\/hu\/wp-json\/wp\/v2\/product\/18454","targetHints":{"allow":["GET"]}}],"collection":[{"href":"https:\/\/zbranebudai.sk\/hu\/wp-json\/wp\/v2\/product"}],"about":[{"href":"https:\/\/zbranebudai.sk\/hu\/wp-json\/wp\/v2\/types\/product"}],"wp:featuredmedia":[{"embeddable":true,"href":"https:\/\/zbranebudai.sk\/hu\/wp-json\/wp\/v2\/media\/18472"}],"wp:attachment":[{"href":"https:\/\/zbranebudai.sk\/hu\/wp-json\/wp\/v2\/media?parent=18454"}],"wp:term":[{"taxonomy":"product_brand","embeddable":true,"href":"https:\/\/zbranebudai.sk\/hu\/wp-json\/wp\/v2\/product_brand?post=18454"},{"taxonomy":"product_cat","embeddable":true,"href":"https:\/\/zbranebudai.sk\/hu\/wp-json\/wp\/v2\/product_cat?post=18454"},{"taxonomy":"product_tag","embeddable":true,"href":"https:\/\/zbranebudai.sk\/hu\/wp-json\/wp\/v2\/product_tag?post=18454"}],"curies":[{"name":"wp","href":"https:\/\/api.w.org\/{rel}","templated":true}]}}