{"id":18453,"date":"2025-09-09T20:32:26","date_gmt":"2025-09-09T18:32:26","guid":{"rendered":"https:\/\/zbranebudai.sk\/?post_type=product&#038;p=18453"},"modified":"2025-09-09T22:03:43","modified_gmt":"2025-09-09T20:03:43","slug":"nocpix-lumi-h35r","status":"publish","type":"product","link":"https:\/\/zbranebudai.sk\/hu\/product\/nocpix-lumi-h35r\/","title":{"rendered":"Nocpix LUMI H35R"},"content":{"rendered":"<p data-start=\"37\" data-end=\"319\"><strong data-start=\"37\" data-end=\"85\">Reality+ AI : Mesters\u00e9ges intelligencia algoritmus<\/strong><br data-start=\"85\" data-end=\"88\" \/>Az \u00fajonnan kifejlesztett Reality+ AI k\u00e9pfeldolgoz\u00f3 algoritmus hat\u00e9konyan kik\u00fcsz\u00f6b\u00f6li a k\u00f6rnyezeti h\u0151m\u00e9rs\u00e9klet okozta zajt, jav\u00edtva a kontrasztot \u00e9s a r\u00e9szletek \u00e9less\u00e9g\u00e9t. AI technol\u00f3gia, amely seg\u00edt az \u00e9les, kiv\u00e1l\u00f3 min\u0151s\u00e9g\u0171 k\u00e9p l\u00e9trehoz\u00e1s\u00e1ban.<\/p>\n<p data-start=\"321\" data-end=\"592\"><strong data-start=\"321\" data-end=\"349\">Sokkal t\u00f6bb f\u00e9nyt fogad be<\/strong><br data-start=\"349\" data-end=\"352\" \/>Az F0,9-es lencs\u00e9t \u00fagy tervezt\u00e9k, hogy 20 %-vel n\u00f6velje a f\u00e9nyfelv\u00e9telt, jelent\u0151sen jav\u00edtva a f\u00e9nyer\u0151t \u00e9s a k\u00e9pmin\u0151s\u00e9get. A hagyom\u00e1nyos F1,0 objekt\u00edvekhez k\u00e9pest ez a javul\u00e1s jelent\u0151s l\u00e9p\u00e9st jelent a l\u00e1tott j\u00e1t\u00e9k jobb \u00e9less\u00e9g\u00e9nek el\u00e9r\u00e9se fel\u00e9.<\/p>\n<p data-start=\"594\" data-end=\"828\"><strong data-start=\"594\" data-end=\"623\">Cser\u00e9lhet\u0151 18650 akkumul\u00e1torok<\/strong><br data-start=\"623\" data-end=\"626\" \/>A LUMI egy cser\u00e9lhet\u0151 18650-es akkumul\u00e1torral m\u0171k\u00f6dik, \u00e9s ford\u00edtott polarit\u00e1s\u00fa funkci\u00f3val rendelkezik, amely lehet\u0151v\u00e9 teszi az akkumul\u00e1tor b\u00e1rmilyen m\u00f3don t\u00f6rt\u00e9n\u0151 behelyez\u00e9s\u00e9t a k\u00e9sz\u00fcl\u00e9kbe. Ez a funkci\u00f3 nagyszer\u0171 az \u00e9jszakai akkumul\u00e1torcsere eset\u00e9n.<\/p>\n<p data-start=\"830\" data-end=\"1043\"><strong data-start=\"830\" data-end=\"854\">Megakad\u00e1lyozza a szem f\u00e1radts\u00e1g\u00e1t<\/strong><br data-start=\"854\" data-end=\"857\" \/>A LUMI t\u00f6bbf\u00e9le sz\u00ednpalett\u00e1val rendelkezik, a b\u00edbor \u00e9s viridi\u00e1n palett\u00e1kat \u00fagy tervezt\u00e9k, hogy megakad\u00e1lyozz\u00e1k a szem kif\u00e1rad\u00e1s\u00e1t, \u00e9s hossz\u00fa ideig k\u00e9nyelmes n\u00e9z\u00e9st tegyenek lehet\u0151v\u00e9.<\/p>\n<p data-start=\"1045\" data-end=\"1174\"><strong data-start=\"1045\" data-end=\"1093\">Csendes m\u0171k\u00f6d\u00e9s. Megszak\u00edt\u00e1s n\u00e9lk\u00fcli megfigyel\u00e9s.<\/strong><br data-start=\"1093\" data-end=\"1096\" \/>A gum\u00edrozott test \u00e9s a gombok lehet\u0151v\u00e9 teszik a k\u00e9sz\u00fcl\u00e9k zajmentes m\u0171k\u00f6dtet\u00e9s\u00e9t.<\/p>\n<p data-start=\"1176\" data-end=\"1439\"><strong data-start=\"1176\" data-end=\"1204\">Kicsi, de kompromisszummentes.<\/strong><br data-start=\"1204\" data-end=\"1207\" \/>Sokoldal\u00fa term\u00e9kk\u00e9nt a LUMI digit\u00e1lis k\u00e9pstabiliz\u00e1torral, IP67-es v\u00edz\u00e1ll\u00f3s\u00e1ggal, k\u00f6nny\u0171 kialak\u00edt\u00e1ssal, valamint f\u00e9nyk\u00e9pez\u00e9si \u00e9s videofelv\u00e9teli funkci\u00f3kkal \u00e9s 32 GB-os t\u00e1rhellyel b\u00fcszk\u00e9lkedhet. Joggal \u00e9rdemli ki a \"Kicsi, de kompromisszumok n\u00e9lk\u00fcli\" h\u00edrnev\u00e9t.<\/p>\n<p data-start=\"1441\" data-end=\"1862\"><strong data-start=\"1441\" data-end=\"1461\">NOCPIX alkalmaz\u00e1s<\/strong><br data-start=\"1461\" data-end=\"1464\" \/>A professzion\u00e1lis, m\u00e9gis egyszer\u0171 NOCPIX alkalmaz\u00e1s teljesen \u00faj lehet\u0151s\u00e9geket k\u00edn\u00e1l a vad\u00e1szok sz\u00e1m\u00e1ra. A k\u00e9sz\u00fcl\u00e9ket Wi-Fi-n kereszt\u00fcl a telefonj\u00e1hoz csatlakoztatva friss\u00edtheti az \u00faj firmware-t, let\u00f6ltheti \u00e9s megtekintheti a f\u00e9nyk\u00e9peket vagy vide\u00f3kat. Vagy k\u00f6zvetlen\u00fcl a vad\u00e1szat ut\u00e1n megtekintheti \u00e9lm\u00e9nyeit - m\u00e9g a s\u0171r\u0171 erd\u0151ben is, ahol nincs t\u00e9rer\u0151. Az alkalmaz\u00e1s fejleszt\u00e9se folyamatban van, \u00e9s m\u00e1r most sz\u00e1mos \u00faj funkci\u00f3ra sz\u00e1m\u00edthatunk.<\/p>\n<table dir=\"ltr\" style=\"width: 607px;\" border=\"1\" cellspacing=\"0\" cellpadding=\"0\" data-sheets-root=\"1\" data-sheets-baot=\"1\">\n<colgroup>\n<col width=\"196\" \/>\n<col width=\"481\" \/><\/colgroup>\n<tbody>\n<tr>\n<td style=\"width: 253.607px;\"><strong>Specifik\u00e1ci\u00f3<\/strong><\/td>\n<td style=\"width: 349.964px;\"><strong>\u00c9rt\u00e9k<\/strong><\/td>\n<\/tr>\n<tr>\n<td style=\"width: 253.607px;\">\u00c9rz\u00e9kel\u0151 felbont\u00e1sa<\/td>\n<td style=\"width: 349.964px;\">640\u00d7512 px - 2. gener\u00e1ci\u00f3<\/td>\n<\/tr>\n<tr>\n<td style=\"width: 253.607px;\">Pixel m\u00e9ret<\/td>\n<td style=\"width: 349.964px;\">12 \u00b5m<\/td>\n<\/tr>\n<tr>\n<td style=\"width: 253.607px;\">NETD - \u00c9rz\u00e9kel\u0151 \u00e9rz\u00e9kenys\u00e9ge a h\u0151m\u00e9rs\u00e9klet-k\u00fcl\u00f6nbs\u00e9gekre<\/td>\n<td style=\"width: 349.964px;\">&lt;18 mK<\/td>\n<\/tr>\n<tr>\n<td style=\"width: 253.607px;\">Friss\u00edt\u00e9si sebess\u00e9g (Hz)<\/td>\n<td style=\"width: 349.964px;\">50 Hz<\/td>\n<\/tr>\n<tr>\n<td style=\"width: 253.607px;\">Objekt\u00edv (mm)<\/td>\n<td style=\"width: 349.964px;\">35 mm \/ F0.9<\/td>\n<\/tr>\n<tr>\n<td style=\"width: 253.607px;\">L\u00e1t\u00f3mez\u0151<\/td>\n<td style=\"width: 349.964px;\">12,5\u00b0 \u00d7 9,4\u00b0<\/td>\n<\/tr>\n<tr>\n<td style=\"width: 253.607px;\">Digit\u00e1lis nagy\u00edt\u00e1s<\/td>\n<td style=\"width: 349.964px;\">2,5\u00d7 - 20\u00d7<\/td>\n<\/tr>\n<tr>\n<td style=\"width: 253.607px;\">Szemkiemel\u00e9s<\/td>\n<td style=\"width: 349.964px;\">25 mm<\/td>\n<\/tr>\n<tr>\n<td style=\"width: 253.607px;\">Szemt\u00e1vols\u00e1g \u00e1tm\u00e9r\u0151je<\/td>\n<td style=\"width: 349.964px;\">10 mm<\/td>\n<\/tr>\n<tr>\n<td style=\"width: 253.607px;\">Dioptri\u00e1s korrekci\u00f3<\/td>\n<td style=\"width: 349.964px;\">-5-t\u0151l +5-ig<\/td>\n<\/tr>\n<tr>\n<td style=\"width: 253.607px;\">\u00c9rz\u00e9kel\u00e9s<\/td>\n<td style=\"width: 349.964px;\">1800 m<\/td>\n<\/tr>\n<tr>\n<td style=\"width: 253.607px;\">Megjelen\u00edt\u00e9s t\u00edpusa<\/td>\n<td style=\"width: 349.964px;\">AMOLED<\/td>\n<\/tr>\n<tr>\n<td style=\"width: 253.607px;\">Kijelz\u0151 felbont\u00e1sa<\/td>\n<td style=\"width: 349.964px;\">1024\u00d7768 px<\/td>\n<\/tr>\n<tr>\n<td style=\"width: 253.607px;\">Akkumul\u00e1tor t\u00edpusa<\/td>\n<td style=\"width: 349.964px;\">Cser\u00e9lhet\u0151 18650 Li-ion akkumul\u00e1tor<\/td>\n<\/tr>\n<tr>\n<td style=\"width: 253.607px;\">Az akkumul\u00e1tor \u00e9lettartama<\/td>\n<td style=\"width: 349.964px;\">4 h<\/td>\n<\/tr>\n<tr>\n<td style=\"width: 253.607px;\">Wi-Fi \/ alkalmaz\u00e1s<\/td>\n<td style=\"width: 349.964px;\">Igen<\/td>\n<\/tr>\n<tr>\n<td style=\"width: 253.607px;\">Fot\u00f3\/Vide\u00f3<\/td>\n<td style=\"width: 349.964px;\">Igen<\/td>\n<\/tr>\n<tr>\n<td style=\"width: 253.607px;\">Hangfelv\u00e9tel<\/td>\n<td style=\"width: 349.964px;\">Igen<\/td>\n<\/tr>\n<tr>\n<td style=\"width: 253.607px;\">L\u00e9zeres t\u00e1vols\u00e1gm\u00e9r\u0151<\/td>\n<td style=\"width: 349.964px;\">Igen, 800 m-ig<\/td>\n<\/tr>\n<tr>\n<td style=\"width: 253.607px;\">Vide\u00f3k lej\u00e1tsz\u00e1sa a k\u00e9sz\u00fcl\u00e9ken<\/td>\n<td style=\"width: 349.964px;\">Igen<\/td>\n<\/tr>\n<tr>\n<td style=\"width: 253.607px;\">Csatlakoz\u00e1s t\u00edpusa<\/td>\n<td style=\"width: 349.964px;\">USB-C<\/td>\n<\/tr>\n<tr>\n<td style=\"width: 253.607px;\">T\u00e1rhely<\/td>\n<td style=\"width: 349.964px;\">32 GB<\/td>\n<\/tr>\n<tr>\n<td style=\"width: 253.607px;\">V\u00edzhatlan<\/td>\n<td style=\"width: 349.964px;\">IP67<\/td>\n<\/tr>\n<tr>\n<td style=\"width: 253.607px;\">S\u00faly<\/td>\n<td style=\"width: 349.964px;\">385 g<\/td>\n<\/tr>\n<tr>\n<td style=\"width: 253.607px;\">M\u00e9retek<\/td>\n<td style=\"width: 349.964px;\">147 \u00d7 47 \u00d7 74 mm<\/td>\n<\/tr>\n<\/tbody>\n<\/table>\n<p>Hivatalos term\u00e9koldal: <a href=\"https:\/\/www.nocpix.com\/lumi-lrf\/\">https:\/\/www.nocpix.com\/lumi-lrf\/<\/a><\/p>","protected":false},"excerpt":{"rendered":"<p data-start=\"69\" data-end=\"599\">Egy \u00faj termikus monokul\u00e1r sorozat, amelyet kompakt teste jellemez, de nem tagadja meg er\u0151teljes k\u00e9pess\u00e9geit. Az \u00fajonnan kifejlesztett technol\u00f3gi\u00e1nak, a fejlett Reality+ AI algoritmusoknak \u00e9s a digit\u00e1lis k\u00e9pstabiliz\u00e1tornak k\u00f6sz\u00f6nhet\u0151en kiv\u00e9teles k\u00e9pmin\u0151s\u00e9get k\u00edn\u00e1l, amely kiemelkedik a kateg\u00f3ri\u00e1j\u00e1ban. A LUMI-val egy olyan k\u00e9sz\u00fcl\u00e9ket kap, amely nemcsak nagy teljes\u00edtm\u00e9ny\u0171, hanem hihetetlen\u00fcl praktikusan hordozhat\u00f3 is. Kisebb, mint egy hagyom\u00e1nyos mobiltelefon, \u00edgy minden alkalomra t\u00f6k\u00e9letes t\u00e1rs lehet.<\/p>","protected":false},"featured_media":18466,"template":"","meta":{"_gspb_post_css":""},"product_brand":[316],"product_cat":[21,144,327,326],"product_tag":[276,262,337],"class_list":{"0":"post-18453","1":"product","2":"type-product","3":"status-publish","4":"has-post-thumbnail","6":"product_brand-nocpix","7":"product_cat-optika","8":"product_cat-termovizie","9":"product_cat-termovizne-monokulary","10":"product_cat-termovizne-zameriavace","11":"product_tag-lumi","12":"product_tag-nocpix","13":"product_tag-termovizny-monokular","15":"first","16":"instock","17":"taxable","18":"shipping-taxable","19":"purchasable","20":"product-type-simple"},"ct_brands":[{"id":316,"name":"Nocpix","slug":"nocpix"}],"_links":{"self":[{"href":"https:\/\/zbranebudai.sk\/hu\/wp-json\/wp\/v2\/product\/18453","targetHints":{"allow":["GET"]}}],"collection":[{"href":"https:\/\/zbranebudai.sk\/hu\/wp-json\/wp\/v2\/product"}],"about":[{"href":"https:\/\/zbranebudai.sk\/hu\/wp-json\/wp\/v2\/types\/product"}],"wp:featuredmedia":[{"embeddable":true,"href":"https:\/\/zbranebudai.sk\/hu\/wp-json\/wp\/v2\/media\/18466"}],"wp:attachment":[{"href":"https:\/\/zbranebudai.sk\/hu\/wp-json\/wp\/v2\/media?parent=18453"}],"wp:term":[{"taxonomy":"product_brand","embeddable":true,"href":"https:\/\/zbranebudai.sk\/hu\/wp-json\/wp\/v2\/product_brand?post=18453"},{"taxonomy":"product_cat","embeddable":true,"href":"https:\/\/zbranebudai.sk\/hu\/wp-json\/wp\/v2\/product_cat?post=18453"},{"taxonomy":"product_tag","embeddable":true,"href":"https:\/\/zbranebudai.sk\/hu\/wp-json\/wp\/v2\/product_tag?post=18453"}],"curies":[{"name":"wp","href":"https:\/\/api.w.org\/{rel}","templated":true}]}}