{"id":18316,"date":"2025-09-06T11:12:00","date_gmt":"2025-09-06T09:12:00","guid":{"rendered":"https:\/\/zbranebudai.sk\/?post_type=product&#038;p=18316"},"modified":"2025-09-06T23:32:07","modified_gmt":"2025-09-06T21:32:07","slug":"ejszakai-gyongyhaz-np-22-gen2-premium-zold","status":"publish","type":"product","link":"https:\/\/zbranebudai.sk\/hu\/product\/night-pearl-np-22-gen2-premium-zelena\/","title":{"rendered":"\u00c9jszakai Pearl NP-22 gen2+ pr\u00e9mium Z\u00d6LD"},"content":{"rendered":"<p>A n\u00e9pszer\u0171 Night Pearl NP-22 nappali\/\u00e9jszakai rendszer egyed\u00fcl\u00e1ll\u00f3 technol\u00f3gi\u00e1val van felszerelve. A nappali c\u00e9lt\u00e1vcs\u00f6vet 30 m\u00e1sodperc alatt \u00e9jjell\u00e1t\u00f3 rendszerr\u00e9 alak\u00edtja. A j\u00f3l ismert katadioptri\u00e1s lencserendszer-technol\u00f3gia biztos\u00edtja a m\u0171szer k\u00f6nny\u0171 s\u00faly\u00e1t \u00e9s kompakt m\u00e9ret\u00e9t. A Night Pearl NP-22 \u00e9jjell\u00e1t\u00f3 c\u00e9lt\u00e1vcs\u0151 a leg\u00fajabb technol\u00f3gia szerint meg\u00e9p\u00edtett 2+-3+ gener\u00e1ci\u00f3s \u00e9rz\u00e9kel\u0151ket haszn\u00e1lja, \u00edgy garant\u00e1lja a kiv\u00e1l\u00f3 felbont\u00e1st \u00e9s teljes\u00edtm\u00e9nyt. A DEN\/NOC rendszer lehet\u0151v\u00e9 teszi, hogy kevesebb mint harminc m\u00e1sodperc alatt, szersz\u00e1mok n\u00e9lk\u00fcl, az okul\u00e1r \u00e9s a szem t\u00e1vols\u00e1g\u00e1nak megv\u00e1ltoztat\u00e1sa n\u00e9lk\u00fcl v\u00e1ltson \u00e1t nappali \u00e9s \u00e9jjell\u00e1t\u00f3 optik\u00e1r\u00f3l \u00e9jjell\u00e1t\u00f3 optik\u00e1ra, lehet\u0151v\u00e9 t\u00e9ve a folyamatos c\u00e9lmeghat\u00e1roz\u00e1st. Az NP-22 bevet\u00e9se zajtalan!<br \/>\n24 + 24 h\u00f3nap garancia.<\/p>\n<p>Jellemz\u0151k:<\/p>\n<p>Nincs sz\u00fcks\u00e9g speci\u00e1lis telep\u00edt\u00e9sre.<br \/>\nA nappali optika egyszer\u0171 \u00e9s zajtalan \u00e1talak\u00edt\u00e1sa \u00e9jszakai optik\u00e1v\u00e1<br \/>\nAz optik\u00e1t NEM l\u00f6vik ki a felszerel\u00e9s ut\u00e1n<br \/>\nTeljesen \u00fcvegb\u0151l k\u00e9sz\u00fclt optika sz\u00e1mos t\u00fckr\u00f6z\u0151d\u00e9smentes\u00edt\u0151 r\u00e9teggel, amelyet a legmodernebb optik\u00e1ban haszn\u00e1lnak.<br \/>\nNappali optikai nagy\u00edt\u00e1st haszn\u00e1l (optikus \u00e1ltal aj\u00e1nlott, kb. 4x max 5x)<br \/>\nSz\u00e9lesk\u00f6r\u0171 felhaszn\u00e1lhat\u00f3s\u00e1g (t\u00e1vcs\u00f6vek, t\u00e1vcs\u00f6vek, f\u00e9nyk\u00e9pez\u0151g\u00e9pek, kamer\u00e1k...)<br \/>\nKis m\u00e9ret \u00e9s k\u00f6nny\u0171 s\u00faly<br \/>\nAutomatikus f\u00e9nyer\u0151szab\u00e1lyoz\u00e1s<br \/>\nGyors telep\u00edt\u00e9s \u00e9s elt\u00e1vol\u00edt\u00e1s<\/p>\n<p>Specifik\u00e1ci\u00f3k:<\/p>\n<table dir=\"ltr\" border=\"1\" cellspacing=\"0\" cellpadding=\"0\" data-sheets-root=\"1\" data-sheets-baot=\"1\">\n<colgroup>\n<col width=\"196\" \/>\n<col width=\"481\" \/><\/colgroup>\n<tbody>\n<tr>\n<td>Nagy\u00edt\u00e1s<\/td>\n<td>1x optikai<\/td>\n<\/tr>\n<tr>\n<td>Lencse<\/td>\n<td>70 mm<\/td>\n<\/tr>\n<tr>\n<td>Objekt\u00edv rendszer<\/td>\n<td>F 1:1,44<\/td>\n<\/tr>\n<tr>\n<td>FOV<\/td>\n<td>13\u00b0<\/td>\n<\/tr>\n<tr>\n<td>Kimeneti tanul\u00f3<\/td>\n<td>21 mm<\/td>\n<\/tr>\n<tr>\n<td>Min. F\u00f3kusz<\/td>\n<td>10 m<\/td>\n<\/tr>\n<tr>\n<td>Akkumul\u00e1tor<\/td>\n<td>1x \/ CR123<\/td>\n<\/tr>\n<tr>\n<td>Az akkumul\u00e1tor \u00e9lettartama<\/td>\n<td>60 \u00f3r\u00e1ig<\/td>\n<\/tr>\n<tr>\n<td>\u00dczemi h\u0151m\u00e9rs\u00e9kletek<\/td>\n<td>-40\u00b0C \/ +50\u00b0C<\/td>\n<\/tr>\n<tr>\n<td>M\u00e9retek<\/td>\n<td>140 mm x 77 mm x 86 mm<\/td>\n<\/tr>\n<tr>\n<td>S\u00faly<\/td>\n<td>670 g<\/td>\n<\/tr>\n<\/tbody>\n<\/table>\n<p>&nbsp;<\/p>\n<table dir=\"ltr\" border=\"1\" cellspacing=\"0\" cellpadding=\"0\" data-sheets-root=\"1\" data-sheets-baot=\"1\">\n<colgroup>\n<col width=\"196\" \/>\n<col width=\"481\" \/>\n<col width=\"363\" \/><\/colgroup>\n<tbody>\n<tr>\n<td><strong>Param\u00e9ter<\/strong><\/td>\n<td><strong>Gen 2+ pr\u00e9mium Z\u00d6LD<\/strong><\/td>\n<td><strong>Egys\u00e9gek<\/strong><\/td>\n<\/tr>\n<tr>\n<td>Felbont\u00e1s<\/td>\n<td>57-64<\/td>\n<td>lp\/mm<\/td>\n<\/tr>\n<tr>\n<td>\u00c9rz\u00e9kenys\u00e9g<\/td>\n<td>550-750<\/td>\n<td>\u00b5A<\/td>\n<\/tr>\n<tr>\n<td>A fotokat\u00f3d t\u00edpusa<\/td>\n<td>S-25<\/td>\n<td><\/td>\n<\/tr>\n<tr>\n<td>Jel\/zaj<\/td>\n<td>19-24<\/td>\n<td>s\/n<\/td>\n<\/tr>\n<tr>\n<td>Fotokat\u00f3d sz\u00edne<\/td>\n<td>Z\u00d6LD P43 (z\u00f6ld)<br \/>\nONYX P45 (fekete-feh\u00e9r)<\/td>\n<td><\/td>\n<\/tr>\n<tr>\n<td>\u00c9lethosszig tart\u00f3<\/td>\n<td>10 000<\/td>\n<td>\u00f3r\u00e1k<\/td>\n<\/tr>\n<tr>\n<td>Besz\u00e1ll\u00edt\u00f3<\/td>\n<td>Katod (RU)<\/td>\n<td><\/td>\n<\/tr>\n<\/tbody>\n<\/table>\n<p>A csomag tartalma:<\/p>\n<p>\u00c9jszakai gy\u00f6ngy NP-22<br \/>\nV\u00e9d\u0151 tok<br \/>\n1 elem CR123A<br \/>\n1 darab szemlyuk<br \/>\nFelhaszn\u00e1l\u00f3i k\u00e9zik\u00f6nyv<\/p>\n<p>Az \u00e9jjell\u00e1t\u00f3 k\u00e9sz\u00fcl\u00e9kekkel kapcsolatos t\u00f6bb \u00e9vtizedes tapasztalattal bizony\u00edtott szak\u00e9rt\u0151i csapatunk naponta rendelkez\u00e9sre \u00e1ll garanci\u00e1lis \u00e9s garanci\u00e1t k\u00f6vet\u0151 szervizel\u00e9sre. Ha tan\u00e1csra van sz\u00fcks\u00e9ge az \u00e9jjell\u00e1t\u00f3 k\u00e9sz\u00fcl\u00e9k kiv\u00e1laszt\u00e1s\u00e1val kapcsolatban, k\u00e9rj\u00fck, forduljon hozz\u00e1nk bizalommal.<\/p>","protected":false},"excerpt":{"rendered":"<p>Ob\u013e\u00faben\u00fd denn\u00fd\/no\u010dn\u00fd syst\u00e9m Night Pearl NP-22 je vybaven\u00fd jedine\u010dnou technol\u00f3giou. Za 30 sek\u00fand zmen\u00ed v\u00e1\u0161 denn\u00fd pu\u0161koh\u013ead na syst\u00e9m no\u010dn\u00e9ho videnia. Zn\u00e1ma technol\u00f3gia katadioptrick\u00e9ho syst\u00e9mu \u0161o\u0161oviek zaru\u010duje n\u00edzku hmotnos\u0165 a kompaktn\u00e9 rozmery pr\u00edstroja. Pu\u0161koh\u013ead no\u010dn\u00e9ho videnia Night Pearl NP-22 vyu\u017e\u00edva sn\u00edma\u010de gener\u00e1cie 2+ a\u017e 3+ skon\u0161truovan\u00e9 pod\u013ea najnov\u0161\u00edch technol\u00f3gi\u00ed, \u010d\u00edm zaru\u010duje vynikaj\u00face rozl\u00ed\u0161enie a v\u00fdkon. [&hellip;]<\/p>\n","protected":false},"featured_media":18315,"template":"","meta":{"_gspb_post_css":""},"product_brand":[2292],"product_cat":[145,334],"product_tag":[2295,325,2296],"class_list":{"0":"post-18316","1":"product","2":"type-product","3":"status-publish","4":"has-post-thumbnail","6":"product_brand-night-pearl","7":"product_cat-nocne-videnie","8":"product_cat-predsadky-s-nocnym-videnim","9":"product_tag-night-pearl","10":"product_tag-nocne-videnie","11":"product_tag-np-22","13":"first","14":"instock","15":"taxable","16":"shipping-taxable","17":"purchasable","18":"product-type-simple"},"ct_brands":[{"id":2292,"name":"Night Pearl","slug":"ejszakai-gyongy"}],"_links":{"self":[{"href":"https:\/\/zbranebudai.sk\/hu\/wp-json\/wp\/v2\/product\/18316","targetHints":{"allow":["GET"]}}],"collection":[{"href":"https:\/\/zbranebudai.sk\/hu\/wp-json\/wp\/v2\/product"}],"about":[{"href":"https:\/\/zbranebudai.sk\/hu\/wp-json\/wp\/v2\/types\/product"}],"wp:featuredmedia":[{"embeddable":true,"href":"https:\/\/zbranebudai.sk\/hu\/wp-json\/wp\/v2\/media\/18315"}],"wp:attachment":[{"href":"https:\/\/zbranebudai.sk\/hu\/wp-json\/wp\/v2\/media?parent=18316"}],"wp:term":[{"taxonomy":"product_brand","embeddable":true,"href":"https:\/\/zbranebudai.sk\/hu\/wp-json\/wp\/v2\/product_brand?post=18316"},{"taxonomy":"product_cat","embeddable":true,"href":"https:\/\/zbranebudai.sk\/hu\/wp-json\/wp\/v2\/product_cat?post=18316"},{"taxonomy":"product_tag","embeddable":true,"href":"https:\/\/zbranebudai.sk\/hu\/wp-json\/wp\/v2\/product_tag?post=18316"}],"curies":[{"name":"wp","href":"https:\/\/api.w.org\/{rel}","templated":true}]}}