{"id":16955,"date":"2025-07-29T07:23:57","date_gmt":"2025-07-29T05:23:57","guid":{"rendered":"https:\/\/zbranebudai.sk\/product\/stojan-na-srnci-trofeje-vel-l\/"},"modified":"2025-09-15T23:15:35","modified_gmt":"2025-09-15T21:15:35","slug":"szarvas-trofea-stand-merete-l","status":"publish","type":"product","link":"https:\/\/zbranebudai.sk\/hu\/product\/stojan-na-srnci-trofeje-vel-l\/","title":{"rendered":"\u00c1llv\u00e1ny szarvas tr\u00f3fe\u00e1k m\u00e9ret\u00e9hez. L"},"content":{"rendered":"<article class=\"w-full text-token-text-primary focus-visible:outline-2 focus-visible:outline-offset-[-4px]\" dir=\"auto\" data-testid=\"conversation-turn-81\" data-scroll-anchor=\"true\">\n<div class=\"text-base my-auto mx-auto py-[18px] px-6\">\n<div class=\"mx-auto flex flex-1 text-base gap-4 md:gap-5 lg:gap-6 md:max-w-3xl\">\n<div class=\"group\/conversation-turn relative flex w-full min-w-0 flex-col agent-turn @xs\/thread:px-0 @sm\/thread:px-1.5 @md\/thread:px-4\">\n<div class=\"flex-col gap-1 md:gap-3\">\n<div class=\"flex max-w-full flex-col flex-grow\">\n<div data-message-author-role=\"assistant\" data-message-id=\"6ce24ecc-c4f7-4561-bdc9-e13ad9082c55\" dir=\"auto\" class=\"min-h-8 text-message relative flex w-full flex-col items-end gap-2 whitespace-normal break-words text-start [.text-message+&amp;]:mt-5\" data-message-model-slug=\"gpt-4o-mini\">\n<div class=\"flex w-full flex-col gap-1 empty:hidden first:pt-[3px]\">\n<div class=\"markdown prose w-full break-words dark:prose-invert light\">\n<p><strong>Stojan na srn\u010d\u00ed trofeje vel. L<\/strong><\/p>\n<p><strong>V\u00fdhody produktu:<\/strong><\/p>\n<ul>\n<li>\n<p><strong>V\u00fd\u0161ka stojanu 30 cm:<\/strong><br \/> Poskytuje ide\u00e1ln\u00ed zobrazen\u00ed trofeje s kompaktn\u00ed velikost\u00ed.<\/p>\n<\/li>\n<li>\n<p><strong>Celokovov\u00e1 konstrukce:<\/strong><br \/> Zaji\u0161\u0165uje stabilitu a dlouhou \u017eivotnost d\u00edky robustn\u00edmu materi\u00e1lu.<\/p>\n<\/li>\n<li>\n<p><strong>Pr\u00e1\u0161kov\u00e9 lakov\u00e1n\u00ed r\u016fzn\u00fdch barev:<\/strong><br \/> Mo\u017enost v\u00fdb\u011bru z r\u016fzn\u00fdch barevn\u00fdch variant pro dokonal\u00e9 slad\u011bn\u00ed s interi\u00e9rem.<\/p>\n<\/li>\n<li>\n<p><strong>Silikonov\u00e9 protiskluzov\u00e9 podlo\u017eky:<\/strong><br \/> Chr\u00e1n\u00ed podklad p\u0159ed od\u011brem a po\u0161kozen\u00edm.<\/p>\n<\/li>\n<li>\n<p><strong>Silikonov\u00e1 hadi\u010dka:<\/strong><br \/> Zabra\u0148uje p\u00e1du trofeje a zaji\u0161\u0165uje jej\u00ed stabiln\u00ed uchycen\u00ed.<\/p>\n<\/li>\n<\/ul>\n<p> &nbsp;<\/p>\n<\/div>\n<\/div>\n<\/div>\n<\/div>\n<\/div>\n<\/div>\n<\/div>\n<\/div>\n<\/article>\n","protected":false},"excerpt":{"rendered":"<p>Stojan na srn\u010d\u00ed trofeje vel. L V\u00fdhody produktu: V\u00fd\u0161ka stojanu 30 cm: Poskytuje ide\u00e1ln\u00ed zobrazen\u00ed trofeje s kompaktn\u00ed velikost\u00ed. Celokovov\u00e1 konstrukce: Zaji\u0161\u0165uje stabilitu a dlouhou \u017eivotnost d\u00edky robustn\u00edmu materi\u00e1lu. Pr\u00e1\u0161kov\u00e9 lakov\u00e1n\u00ed r\u016fzn\u00fdch barev: Mo\u017enost v\u00fdb\u011bru z r\u016fzn\u00fdch barevn\u00fdch variant pro dokonal\u00e9 slad\u011bn\u00ed s interi\u00e9rem. Silikonov\u00e9 protiskluzov\u00e9 podlo\u017eky: Chr\u00e1n\u00ed podklad p\u0159ed od\u011brem a po\u0161kozen\u00edm. Silikonov\u00e1 hadi\u010dka: [&hellip;]<\/p>\n","protected":false},"featured_media":16889,"template":"","meta":{"_gspb_post_css":""},"product_brand":[],"product_cat":[15],"product_tag":[],"class_list":{"0":"post-16955","1":"product","2":"type-product","3":"status-publish","4":"has-post-thumbnail","6":"product_cat-uncategorized","8":"first","9":"instock","10":"taxable","11":"shipping-taxable","12":"product-type-simple"},"ct_brands":[],"_links":{"self":[{"href":"https:\/\/zbranebudai.sk\/hu\/wp-json\/wp\/v2\/product\/16955","targetHints":{"allow":["GET"]}}],"collection":[{"href":"https:\/\/zbranebudai.sk\/hu\/wp-json\/wp\/v2\/product"}],"about":[{"href":"https:\/\/zbranebudai.sk\/hu\/wp-json\/wp\/v2\/types\/product"}],"wp:featuredmedia":[{"embeddable":true,"href":"https:\/\/zbranebudai.sk\/hu\/wp-json\/wp\/v2\/media\/16889"}],"wp:attachment":[{"href":"https:\/\/zbranebudai.sk\/hu\/wp-json\/wp\/v2\/media?parent=16955"}],"wp:term":[{"taxonomy":"product_brand","embeddable":true,"href":"https:\/\/zbranebudai.sk\/hu\/wp-json\/wp\/v2\/product_brand?post=16955"},{"taxonomy":"product_cat","embeddable":true,"href":"https:\/\/zbranebudai.sk\/hu\/wp-json\/wp\/v2\/product_cat?post=16955"},{"taxonomy":"product_tag","embeddable":true,"href":"https:\/\/zbranebudai.sk\/hu\/wp-json\/wp\/v2\/product_tag?post=16955"}],"curies":[{"name":"wp","href":"https:\/\/api.w.org\/{rel}","templated":true}]}}