{"id":16953,"date":"2025-07-29T07:23:57","date_gmt":"2025-07-29T05:23:57","guid":{"rendered":"https:\/\/zbranebudai.sk\/product\/stojan-na-jeleni-trofej\/"},"modified":"2025-09-15T23:15:35","modified_gmt":"2025-09-15T21:15:35","slug":"szarvas-trofea-allvany","status":"publish","type":"product","link":"https:\/\/zbranebudai.sk\/hu\/product\/stojan-na-jeleni-trofej\/","title":{"rendered":"\u00c1llv\u00e1ny szarvas tr\u00f3fea"},"content":{"rendered":"<p data-start=\"0\" data-end=\"27\"><strong data-start=\"0\" data-end=\"27\">\u00c1llv\u00e1ny szarvas tr\u00f3fea<\/strong><\/p>\n<p data-start=\"29\" data-end=\"133\">A szarvas tr\u00f3fea\u00e1llv\u00e1nyt \u00fagy tervezt\u00e9k, hogy hat\u00e9konyan haszn\u00e1lja ki a helyet, \u00e9s eleg\u00e1nsan mutassa be tr\u00f3fe\u00e1j\u00e1t.<\/p>\n<p data-start=\"135\" data-end=\"155\"><strong data-start=\"135\" data-end=\"155\">A term\u00e9k el\u0151nyei:<\/strong><\/p>\n<ul data-start=\"157\" data-end=\"431\">\n<li data-start=\"157\" data-end=\"243\"><strong data-start=\"159\" data-end=\"177\">Sarok kialak\u00edt\u00e1sa:<\/strong> Ide\u00e1lis a szoba sark\u00e1ban val\u00f3 elhelyez\u00e9shez, helyet takar\u00edt meg \u00e9s st\u00edlust k\u00f6lcs\u00f6n\u00f6z.<\/li>\n<li data-start=\"244\" data-end=\"354\"><strong data-start=\"246\" data-end=\"269\">\u00c1ll\u00edthat\u00f3 tart\u00f3:<\/strong> K\u00f6nnyen a koponya m\u00e9ret\u00e9hez igaz\u00edthat\u00f3, \u00edgy biztos\u00edtva a t\u00f6k\u00e9letes illeszked\u00e9st.<\/li>\n<li data-start=\"355\" data-end=\"431\"><strong data-start=\"357\" data-end=\"373\">Magass\u00e1ga 60 cm:<\/strong> Optim\u00e1lis m\u00e9ret a tr\u00f3fe\u00e1k bemutat\u00e1s\u00e1hoz \u00e9s prezent\u00e1l\u00e1s\u00e1hoz.<\/li>\n<\/ul>","protected":false},"excerpt":{"rendered":"<p>Stojan na jelen\u00ed trofej Stojan na jelen\u00ed trofej je navr\u017een tak, aby efektivn\u011b vyu\u017e\u00edval prostor a elegantn\u011b vystavil va\u0161i trofej. V\u00fdhody produktu: Rohov\u00fd design: Ide\u00e1ln\u00ed pro um\u00edst\u011bn\u00ed v rohu m\u00edstnosti, \u0161et\u0159\u00ed m\u00edsto a dod\u00e1v\u00e1 styl. Nastaviteln\u00fd dr\u017e\u00e1k: Umo\u017e\u0148uje snadn\u00e9 p\u0159izp\u016fsoben\u00ed podle velikosti lebky, co\u017e zaji\u0161\u0165uje dokonal\u00e9 uchycen\u00ed. V\u00fd\u0161ka 60 cm: Optim\u00e1ln\u00ed rozm\u011br pro vyniknut\u00ed trofeje [&hellip;]<\/p>\n","protected":false},"featured_media":16883,"template":"","meta":{"_gspb_post_css":""},"product_brand":[],"product_cat":[15],"product_tag":[],"class_list":{"0":"post-16953","1":"product","2":"type-product","3":"status-publish","4":"has-post-thumbnail","6":"product_cat-uncategorized","8":"first","9":"instock","10":"taxable","11":"shipping-taxable","12":"purchasable","13":"product-type-simple"},"ct_brands":[],"_links":{"self":[{"href":"https:\/\/zbranebudai.sk\/hu\/wp-json\/wp\/v2\/product\/16953","targetHints":{"allow":["GET"]}}],"collection":[{"href":"https:\/\/zbranebudai.sk\/hu\/wp-json\/wp\/v2\/product"}],"about":[{"href":"https:\/\/zbranebudai.sk\/hu\/wp-json\/wp\/v2\/types\/product"}],"wp:featuredmedia":[{"embeddable":true,"href":"https:\/\/zbranebudai.sk\/hu\/wp-json\/wp\/v2\/media\/16883"}],"wp:attachment":[{"href":"https:\/\/zbranebudai.sk\/hu\/wp-json\/wp\/v2\/media?parent=16953"}],"wp:term":[{"taxonomy":"product_brand","embeddable":true,"href":"https:\/\/zbranebudai.sk\/hu\/wp-json\/wp\/v2\/product_brand?post=16953"},{"taxonomy":"product_cat","embeddable":true,"href":"https:\/\/zbranebudai.sk\/hu\/wp-json\/wp\/v2\/product_cat?post=16953"},{"taxonomy":"product_tag","embeddable":true,"href":"https:\/\/zbranebudai.sk\/hu\/wp-json\/wp\/v2\/product_tag?post=16953"}],"curies":[{"name":"wp","href":"https:\/\/api.w.org\/{rel}","templated":true}]}}