{"id":16945,"date":"2025-07-29T07:23:56","date_gmt":"2025-07-29T05:23:56","guid":{"rendered":"https:\/\/zbranebudai.sk\/product\/manipulacni-hak-na-maso-ulovenou-zver\/"},"modified":"2026-04-16T03:52:55","modified_gmt":"2026-04-16T01:52:55","slug":"huskezelo-horog-a-vadaszott-vad-szamara","status":"publish","type":"product","link":"https:\/\/zbranebudai.sk\/hu\/product\/manipulacni-hak-na-maso-ulovenou-zver\/","title":{"rendered":"H\u00fas\/vad\u00e1szott vad horoggal val\u00f3 kezel\u00e9se"},"content":{"rendered":"<p data-start=\"754\" data-end=\"774\"><strong data-start=\"754\" data-end=\"774\">Jellemz\u0151k:<\/strong><\/p>\n<ul data-start=\"776\" data-end=\"1100\">\n<li data-start=\"776\" data-end=\"810\">\n<p data-start=\"778\" data-end=\"810\">h\u00fas- \u00e9s vadfeldolgoz\u00f3 horog<\/p>\n<\/li>\n<li data-start=\"811\" data-end=\"846\">\n<p data-start=\"813\" data-end=\"846\">tart\u00f3s rozsdamentes ac\u00e9lb\u00f3l k\u00e9sz\u00fclt<\/p>\n<\/li>\n<li data-start=\"811\" data-end=\"846\">\n<p data-start=\"813\" data-end=\"846\">teljesen rozsdamentes ac\u00e9lb\u00f3l k\u00e9sz\u00fclt, henger alak\u00fa, ergonomikus foganty\u00faval<\/p>\n<\/li>\n<li data-start=\"907\" data-end=\"953\">\n<p data-start=\"909\" data-end=\"953\">cs\u00fasz\u00e1smentes kivitel a biztos fog\u00e1s\u00e9rt<\/p>\n<\/li>\n<li data-start=\"954\" data-end=\"1003\">\n<p data-start=\"956\" data-end=\"1003\">alkalmas a vad\u00e1szott vadnak a mez\u0151r\u0151l val\u00f3 elsz\u00e1ll\u00edt\u00e1s\u00e1ra is<\/p>\n<\/li>\n<li data-start=\"1004\" data-end=\"1039\">\n<p data-start=\"1006\" data-end=\"1039\">k\u00f6nny\u0171 karbantart\u00e1s \u00e9s nagy tart\u00f3ss\u00e1g<\/p>\n<\/li>\n<li data-start=\"1040\" data-end=\"1100\">\n<p data-start=\"1042\" data-end=\"1100\">ide\u00e1lis hentesek, vad\u00e1szok \u00e9s otthoni h\u00fasfeldolgoz\u00f3k sz\u00e1m\u00e1ra<\/p>\n<\/li>\n<\/ul>\n<p data-start=\"1102\" data-end=\"1125\"><strong data-start=\"1102\" data-end=\"1125\">Term\u00e9k param\u00e9terei:<\/strong><\/p>\n<ul data-start=\"1127\" data-end=\"1301\">\n<li data-start=\"1127\" data-end=\"1154\">\n<p data-start=\"1129\" data-end=\"1154\">anyag: rozsdamentes ac\u00e9l<\/p>\n<\/li>\n<li data-start=\"1155\" data-end=\"1191\">\n<p data-start=\"1157\" data-end=\"1191\">horog hossza: kb. 11 cm&nbsp;<\/p>\n<\/li>\n<li data-start=\"1192\" data-end=\"1226\">\n<p data-start=\"1194\" data-end=\"1226\">foganty\u00fa \u00e1tm\u00e9r\u0151: 22 mm&nbsp;<\/p>\n<\/li>\n<li data-start=\"1192\" data-end=\"1226\"><\/li>\n<\/ul>\n<p>R\u00f6nk \u00e1tm\u00e9r\u0151: 6mm&nbsp;<\/p>\n<ul data-start=\"1127\" data-end=\"1301\">\n<li data-start=\"1227\" data-end=\"1254\">\n<p data-start=\"1229\" data-end=\"1254\">s\u00faly: kb. 150 g&nbsp;<\/p>\n<\/li>\n<li data-start=\"1227\" data-end=\"1254\"><\/li>\n<\/ul>\n<p>horog teherb\u00edr\u00e1sa: 60 kg !!!<\/p>\n<ul data-start=\"1127\" data-end=\"1301\">\n<li data-start=\"1255\" data-end=\"1301\">\n<p data-start=\"1257\" data-end=\"1301\">alkalmas belt\u00e9ri \u00e9s k\u00fclt\u00e9ri haszn\u00e1latra<\/p>\n<\/li>\n<\/ul>","protected":false},"excerpt":{"rendered":"<p>Charakteristika: manipula\u010dn\u00ed h\u00e1k na maso a zv\u011b\u0159 vyroben z odoln\u00e9 nerezov\u00e9 oceli celonerezov\u00e9 proveden\u00ed s v\u00e1lcovou ergonomickou rukojet\u00ed protiskluzov\u00e9 zakon\u010den\u00ed pro bezpe\u010dn\u00fd \u00fachop vhodn\u00fd tak\u00e9 pro ta\u017een\u00ed uloven\u00e9 zv\u011b\u0159e z ter\u00e9nu snadn\u00e1 \u00fadr\u017eba a vysok\u00e1 odolnost ide\u00e1ln\u00ed pro \u0159ezn\u00edky, myslivce i dom\u00e1c\u00ed zpracovatele masa Parametry produktu: materi\u00e1l: nerezov\u00e1 ocel d\u00e9lka h\u00e1ku: cca 11 cm&nbsp; pr\u016fm\u011br [&hellip;]<\/p>\n","protected":false},"featured_media":16865,"template":"","meta":{"_gspb_post_css":""},"product_brand":[],"product_cat":[15],"product_tag":[],"class_list":{"0":"post-16945","1":"product","2":"type-product","3":"status-publish","4":"has-post-thumbnail","6":"product_cat-uncategorized","8":"first","9":"instock","10":"taxable","11":"shipping-taxable","12":"purchasable","13":"product-type-simple"},"ct_brands":[],"_links":{"self":[{"href":"https:\/\/zbranebudai.sk\/hu\/wp-json\/wp\/v2\/product\/16945","targetHints":{"allow":["GET"]}}],"collection":[{"href":"https:\/\/zbranebudai.sk\/hu\/wp-json\/wp\/v2\/product"}],"about":[{"href":"https:\/\/zbranebudai.sk\/hu\/wp-json\/wp\/v2\/types\/product"}],"wp:featuredmedia":[{"embeddable":true,"href":"https:\/\/zbranebudai.sk\/hu\/wp-json\/wp\/v2\/media\/16865"}],"wp:attachment":[{"href":"https:\/\/zbranebudai.sk\/hu\/wp-json\/wp\/v2\/media?parent=16945"}],"wp:term":[{"taxonomy":"product_brand","embeddable":true,"href":"https:\/\/zbranebudai.sk\/hu\/wp-json\/wp\/v2\/product_brand?post=16945"},{"taxonomy":"product_cat","embeddable":true,"href":"https:\/\/zbranebudai.sk\/hu\/wp-json\/wp\/v2\/product_cat?post=16945"},{"taxonomy":"product_tag","embeddable":true,"href":"https:\/\/zbranebudai.sk\/hu\/wp-json\/wp\/v2\/product_tag?post=16945"}],"curies":[{"name":"wp","href":"https:\/\/api.w.org\/{rel}","templated":true}]}}