{"id":16943,"date":"2025-07-29T07:23:55","date_gmt":"2025-07-29T05:23:55","guid":{"rendered":"https:\/\/zbranebudai.sk\/product\/frezovana-podlozka-srnec\/"},"modified":"2025-09-15T23:15:35","modified_gmt":"2025-09-15T21:15:35","slug":"maratott-szarvas-szonyeg","status":"publish","type":"product","link":"https:\/\/zbranebudai.sk\/hu\/product\/frezovana-podlozka-srnec\/","title":{"rendered":"Mar\u00f3bet\u00e9t Srnec"},"content":{"rendered":"<p>- Els\u0151 oszt\u00e1ly\u00fa anyag: Kiv\u00e1l\u00f3 min\u0151s\u00e9g\u0171 fa&nbsp;<\/p>","protected":false},"excerpt":{"rendered":"<p>- Els\u0151 oszt\u00e1ly\u00fa anyag: Kiv\u00e1l\u00f3 min\u0151s\u00e9g\u0171 fa&nbsp;<\/p>","protected":false},"featured_media":16861,"template":"","meta":{"_gspb_post_css":""},"product_brand":[],"product_cat":[15],"product_tag":[],"class_list":{"0":"post-16943","1":"product","2":"type-product","3":"status-publish","4":"has-post-thumbnail","6":"product_cat-uncategorized","8":"first","9":"instock","10":"taxable","11":"shipping-taxable","12":"product-type-simple"},"ct_brands":[],"_links":{"self":[{"href":"https:\/\/zbranebudai.sk\/hu\/wp-json\/wp\/v2\/product\/16943","targetHints":{"allow":["GET"]}}],"collection":[{"href":"https:\/\/zbranebudai.sk\/hu\/wp-json\/wp\/v2\/product"}],"about":[{"href":"https:\/\/zbranebudai.sk\/hu\/wp-json\/wp\/v2\/types\/product"}],"wp:featuredmedia":[{"embeddable":true,"href":"https:\/\/zbranebudai.sk\/hu\/wp-json\/wp\/v2\/media\/16861"}],"wp:attachment":[{"href":"https:\/\/zbranebudai.sk\/hu\/wp-json\/wp\/v2\/media?parent=16943"}],"wp:term":[{"taxonomy":"product_brand","embeddable":true,"href":"https:\/\/zbranebudai.sk\/hu\/wp-json\/wp\/v2\/product_brand?post=16943"},{"taxonomy":"product_cat","embeddable":true,"href":"https:\/\/zbranebudai.sk\/hu\/wp-json\/wp\/v2\/product_cat?post=16943"},{"taxonomy":"product_tag","embeddable":true,"href":"https:\/\/zbranebudai.sk\/hu\/wp-json\/wp\/v2\/product_tag?post=16943"}],"curies":[{"name":"wp","href":"https:\/\/api.w.org\/{rel}","templated":true}]}}