{"id":16939,"date":"2025-07-29T07:23:55","date_gmt":"2025-07-29T05:23:55","guid":{"rendered":"https:\/\/zbranebudai.sk\/product\/dreveny-stojan-pro-jednu-trofej\/"},"modified":"2026-05-07T12:52:16","modified_gmt":"2026-05-07T10:52:16","slug":"fa-allvany-egy-trofea-szamara","status":"publish","type":"product","link":"https:\/\/zbranebudai.sk\/hu\/product\/dreveny-stojan-pro-jednu-trofej\/","title":{"rendered":"Fa \u00e1llv\u00e1ny egy tr\u00f3fea sz\u00e1m\u00e1ra"},"content":{"rendered":"","protected":false},"excerpt":{"rendered":"","protected":false},"featured_media":16853,"template":"","meta":{"_gspb_post_css":""},"product_brand":[],"product_cat":[15],"product_tag":[],"class_list":{"0":"post-16939","1":"product","2":"type-product","3":"status-publish","4":"has-post-thumbnail","6":"product_cat-uncategorized","8":"first","9":"instock","10":"taxable","11":"shipping-taxable","12":"purchasable","13":"product-type-simple"},"ct_brands":[],"_links":{"self":[{"href":"https:\/\/zbranebudai.sk\/hu\/wp-json\/wp\/v2\/product\/16939","targetHints":{"allow":["GET"]}}],"collection":[{"href":"https:\/\/zbranebudai.sk\/hu\/wp-json\/wp\/v2\/product"}],"about":[{"href":"https:\/\/zbranebudai.sk\/hu\/wp-json\/wp\/v2\/types\/product"}],"wp:featuredmedia":[{"embeddable":true,"href":"https:\/\/zbranebudai.sk\/hu\/wp-json\/wp\/v2\/media\/16853"}],"wp:attachment":[{"href":"https:\/\/zbranebudai.sk\/hu\/wp-json\/wp\/v2\/media?parent=16939"}],"wp:term":[{"taxonomy":"product_brand","embeddable":true,"href":"https:\/\/zbranebudai.sk\/hu\/wp-json\/wp\/v2\/product_brand?post=16939"},{"taxonomy":"product_cat","embeddable":true,"href":"https:\/\/zbranebudai.sk\/hu\/wp-json\/wp\/v2\/product_cat?post=16939"},{"taxonomy":"product_tag","embeddable":true,"href":"https:\/\/zbranebudai.sk\/hu\/wp-json\/wp\/v2\/product_tag?post=16939"}],"curies":[{"name":"wp","href":"https:\/\/api.w.org\/{rel}","templated":true}]}}