{"id":16937,"date":"2025-07-29T07:23:55","date_gmt":"2025-07-29T05:23:55","guid":{"rendered":"https:\/\/zbranebudai.sk\/product\/dreveny-stojan-na-srnci-trofeje-s-kovovou-podnozi-a-rozperou-se-zavitem-ke-stropu\/"},"modified":"2025-09-15T23:15:34","modified_gmt":"2025-09-15T21:15:34","slug":"fabol-keszult-szarvas-trofea-allvany-fem-talppal-es-mennyezeti-csuklos-nyilassal","status":"publish","type":"product","link":"https:\/\/zbranebudai.sk\/hu\/product\/dreveny-stojan-na-srnci-trofeje-s-kovovou-podnozi-a-rozperou-se-zavitem-ke-stropu\/","title":{"rendered":"F\u00e1b\u00f3l k\u00e9sz\u00fclt \u00e1llv\u00e1ny szarvastr\u00f3fe\u00e1khoz, f\u00e9m talppal \u00e9s t\u00e1vtart\u00f3val, menetes mennyezettel"},"content":{"rendered":"<p data-start=\"1000\" data-end=\"1016\"><strong data-start=\"1000\" data-end=\"1016\">Specifik\u00e1ci\u00f3k:<\/strong><\/p>\n<ul data-start=\"1018\" data-end=\"1424\">\n<li data-start=\"1018\" data-end=\"1067\">\n<p data-start=\"1020\" data-end=\"1067\">Magass\u00e1g: az \u00fcgyf\u00e9l k\u00e9r\u00e9se szerint (standard 2,5 m)<\/p>\n<\/li>\n<li data-start=\"1068\" data-end=\"1140\">\n<p data-start=\"1070\" data-end=\"1140\">Kamp\u00f3k sz\u00e1ma: 18 (2,5 m magass\u00e1gban), m\u00e1s magass\u00e1gok eset\u00e9n a kamp\u00f3k sz\u00e1ma m\u00f3dos\u00edthat\u00f3.<\/p>\n<\/li>\n<li data-start=\"1141\" data-end=\"1202\">\n<p data-start=\"1143\" data-end=\"1202\">a k\u00f6z\u00e9ps\u0151 r\u00fad anyaga: <strong data-start=\"1167\" data-end=\"1200\">csiszolt \u00e9s cserzett fa<\/strong><\/p>\n<\/li>\n<li data-start=\"1203\" data-end=\"1239\">\n<p data-start=\"1205\" data-end=\"1239\">alap: stabil f\u00e9m alap<\/p>\n<\/li>\n<li data-start=\"1240\" data-end=\"1295\">\n<p data-start=\"1242\" data-end=\"1295\">a span: <strong data-start=\"1251\" data-end=\"1293\">\u00e1ll\u00edthat\u00f3 menetes f\u00e9m t\u00e1vtart\u00f3<\/strong><\/p>\n<\/li>\n<li data-start=\"1296\" data-end=\"1325\">\n<p data-start=\"1298\" data-end=\"1325\">rendeltet\u00e9s\u00fck: szarvas tr\u00f3fe\u00e1k<\/p>\n<\/li>\n<li data-start=\"1326\" data-end=\"1385\">\n<p data-start=\"1328\" data-end=\"1385\">helytakar\u00e9kos kialak\u00edt\u00e1s - <strong data-start=\"1356\" data-end=\"1383\">maxim\u00e1lis helykihaszn\u00e1l\u00e1s<\/strong><\/p>\n<\/li>\n<li data-start=\"1386\" data-end=\"1424\">\n<p data-start=\"1388\" data-end=\"1424\">egyedi gy\u00e1rt\u00e1s a belmagass\u00e1gnak megfelel\u0151en<\/p>\n<\/li>\n<\/ul>\n<p data-start=\"1426\" data-end=\"1441\"><strong data-start=\"1426\" data-end=\"1441\">Alkalmas:<\/strong><\/p>\n<ul data-start=\"1443\" data-end=\"1570\">\n<li data-start=\"1443\" data-end=\"1468\">\n<p data-start=\"1445\" data-end=\"1468\">vad\u00e1sz\u00f3 h\u00e1ztart\u00e1sok<\/p>\n<\/li>\n<li data-start=\"1469\" data-end=\"1497\">\n<p data-start=\"1471\" data-end=\"1497\">vad\u00e1szh\u00e1zak \u00e9s klubh\u00e1zak<\/p>\n<\/li>\n<li data-start=\"1498\" data-end=\"1519\">\n<p data-start=\"1500\" data-end=\"1519\">ki\u00e1ll\u00edt\u00e1si ki\u00e1ll\u00edt\u00e1sok<\/p>\n<\/li>\n<li data-start=\"1520\" data-end=\"1570\">\n<p data-start=\"1522\" data-end=\"1570\">reprezentat\u00edv, vad\u00e1szati t\u00e9m\u00e1j\u00fa bels\u0151 terek<\/p>\n<\/li>\n<\/ul>","protected":false},"excerpt":{"rendered":"<p>Specifikace: v\u00fd\u0161ka: dle p\u0159\u00e1n\u00ed z\u00e1kazn\u00edka (standardn\u011b 2,5 m) po\u010det h\u00e1k\u016f: 18 (p\u0159i v\u00fd\u0161ce 2,5 m), p\u0159i jin\u00e9 v\u00fd\u0161ce se po\u010det p\u0159izp\u016fsob\u00ed materi\u00e1l st\u0159edov\u00e9 ty\u010de: kart\u00e1\u010dovan\u00e9 a opalovan\u00e9 d\u0159evo podno\u017e: stabiln\u00ed kovov\u00e1 z\u00e1kladna rozp\u011bra: nastaviteln\u00e1 kovov\u00e1 rozp\u011bra se z\u00e1vitem ur\u010deno pro: srn\u010d\u00ed trofeje prostorov\u011b \u00fasporn\u00fd design \u2013 maxim\u00e1ln\u00ed vyu\u017eit\u00ed m\u00edsta v\u00fdroba na zak\u00e1zku dle v\u00fd\u0161ky stropu [&hellip;]<\/p>\n","protected":false},"featured_media":16849,"template":"","meta":{"_gspb_post_css":""},"product_brand":[],"product_cat":[15],"product_tag":[],"class_list":{"0":"post-16937","1":"product","2":"type-product","3":"status-publish","4":"has-post-thumbnail","6":"product_cat-uncategorized","8":"first","9":"instock","10":"taxable","11":"shipping-taxable","12":"product-type-simple"},"ct_brands":[],"_links":{"self":[{"href":"https:\/\/zbranebudai.sk\/hu\/wp-json\/wp\/v2\/product\/16937","targetHints":{"allow":["GET"]}}],"collection":[{"href":"https:\/\/zbranebudai.sk\/hu\/wp-json\/wp\/v2\/product"}],"about":[{"href":"https:\/\/zbranebudai.sk\/hu\/wp-json\/wp\/v2\/types\/product"}],"wp:featuredmedia":[{"embeddable":true,"href":"https:\/\/zbranebudai.sk\/hu\/wp-json\/wp\/v2\/media\/16849"}],"wp:attachment":[{"href":"https:\/\/zbranebudai.sk\/hu\/wp-json\/wp\/v2\/media?parent=16937"}],"wp:term":[{"taxonomy":"product_brand","embeddable":true,"href":"https:\/\/zbranebudai.sk\/hu\/wp-json\/wp\/v2\/product_brand?post=16937"},{"taxonomy":"product_cat","embeddable":true,"href":"https:\/\/zbranebudai.sk\/hu\/wp-json\/wp\/v2\/product_cat?post=16937"},{"taxonomy":"product_tag","embeddable":true,"href":"https:\/\/zbranebudai.sk\/hu\/wp-json\/wp\/v2\/product_tag?post=16937"}],"curies":[{"name":"wp","href":"https:\/\/api.w.org\/{rel}","templated":true}]}}