{"id":16934,"date":"2025-07-29T07:23:55","date_gmt":"2025-07-29T05:23:55","guid":{"rendered":"https:\/\/zbranebudai.sk\/product\/drzak-na-stenu-s\/"},"modified":"2025-09-15T23:15:34","modified_gmt":"2025-09-15T21:15:34","slug":"fali-konzol","status":"publish","type":"product","link":"https:\/\/zbranebudai.sk\/hu\/product\/drzak-na-stenu-s\/","title":{"rendered":"Fali konzol S"},"content":{"rendered":"<p data-start=\"0\" data-end=\"27\"><strong data-start=\"0\" data-end=\"27\">F\u00e9m fali konzol S<\/strong><\/p>\n<p data-start=\"29\" data-end=\"154\">A tart\u00f3 t\u00f6bbf\u00e9le sz\u00ednben kaphat\u00f3, \u00edgy t\u00f6k\u00e9letesen illeszkedhet a bels\u0151 t\u00e9rhez \u00e9s a szem\u00e9lyes st\u00edlus\u00e1hoz.<\/p>\n<p data-start=\"156\" data-end=\"176\"><strong data-start=\"156\" data-end=\"176\">A term\u00e9k el\u0151nyei:<\/strong><\/p>\n<ul data-start=\"177\" data-end=\"476\">\n<li data-start=\"177\" data-end=\"263\"><strong data-start=\"179\" data-end=\"211\">Massz\u00edv, teljesen f\u00e9mszerkezet\u0171 szerkezet:<\/strong> Tart\u00f3s f\u00e9mb\u0151l k\u00e9sz\u00fclt a hossz\u00fa t\u00e1v\u00fa stabilit\u00e1s \u00e9rdek\u00e9ben.<\/li>\n<li data-start=\"264\" data-end=\"380\"><strong data-start=\"266\" data-end=\"289\">Univerz\u00e1lis kialak\u00edt\u00e1s:<\/strong> Form\u00e1ja eszt\u00e9tikus, \u00e9s minden tr\u00f3feam\u00e9rethez illeszkedik.<\/li>\n<li data-start=\"381\" data-end=\"476\"><strong data-start=\"383\" data-end=\"399\">K\u00fcl\u00f6nb\u00f6z\u0151 sz\u00ednek:<\/strong> Comaxit lakkozott, t\u00f6bbf\u00e9le sz\u00ednvari\u00e1ci\u00f3ban a szem\u00e9lyre szabhat\u00f3s\u00e1g \u00e9rdek\u00e9ben.<\/li>\n<\/ul>\n<p data-start=\"478\" data-end=\"499\"><strong data-start=\"478\" data-end=\"499\">Egyszer\u0171 telep\u00edt\u00e9s:<\/strong><\/p>\n<ul data-start=\"500\" data-end=\"604\">\n<li data-start=\"500\" data-end=\"604\">A konzolt gyors \u00e9s egyszer\u0171 falra szerel\u00e9shez tervezt\u00e9k, a k\u00f6nny\u0171 r\u00f6gz\u00edt\u00e9shez el\u0151re kif\u00fart lyukakkal.<\/li>\n<\/ul>\n<p data-start=\"606\" data-end=\"711\" data-is-last-node=\"\" data-is-only-node=\"\">A 10 mm \u00e1tm\u00e9r\u0151j\u0171, teljesen f\u00e9mszerkezet\u0171 r\u00f6nk szilikoncs\u0151vel van ell\u00e1tva, amely megakad\u00e1lyozza a tr\u00f3fea lees\u00e9s\u00e9t.<\/p>\n<p>&nbsp;<\/p>","protected":false},"excerpt":{"rendered":"<p>Kovov\u00fd dr\u017e\u00e1k na st\u011bnu S Dr\u017e\u00e1k je dostupn\u00fd v r\u016fzn\u00fdch barevn\u00fdch proveden\u00edch, co\u017e v\u00e1m umo\u017en\u00ed dokonale sladit vzhled s va\u0161\u00edm interi\u00e9rem a osobn\u00edm stylem. V\u00fdhody produktu: Pevn\u00e1 celokovov\u00e1 konstrukce: Vyrobeno z odoln\u00e9ho kovu pro dlouhodobou stabilitu. Univerz\u00e1ln\u00ed design: Tvarovan\u00fd tak, aby p\u016fsobil esteticky a z\u00e1rove\u0148 pasoval na v\u0161echny velikosti dan\u010d\u00ed trofeje. R\u016fzn\u00e9 barvy: Lakov\u00e1no komaxitem [&hellip;]<\/p>\n","protected":false},"featured_media":16843,"template":"","meta":{"_gspb_post_css":""},"product_brand":[],"product_cat":[15],"product_tag":[],"class_list":{"0":"post-16934","1":"product","2":"type-product","3":"status-publish","4":"has-post-thumbnail","6":"product_cat-uncategorized","8":"first","9":"instock","10":"taxable","11":"shipping-taxable","12":"product-type-simple"},"ct_brands":[],"_links":{"self":[{"href":"https:\/\/zbranebudai.sk\/hu\/wp-json\/wp\/v2\/product\/16934","targetHints":{"allow":["GET"]}}],"collection":[{"href":"https:\/\/zbranebudai.sk\/hu\/wp-json\/wp\/v2\/product"}],"about":[{"href":"https:\/\/zbranebudai.sk\/hu\/wp-json\/wp\/v2\/types\/product"}],"wp:featuredmedia":[{"embeddable":true,"href":"https:\/\/zbranebudai.sk\/hu\/wp-json\/wp\/v2\/media\/16843"}],"wp:attachment":[{"href":"https:\/\/zbranebudai.sk\/hu\/wp-json\/wp\/v2\/media?parent=16934"}],"wp:term":[{"taxonomy":"product_brand","embeddable":true,"href":"https:\/\/zbranebudai.sk\/hu\/wp-json\/wp\/v2\/product_brand?post=16934"},{"taxonomy":"product_cat","embeddable":true,"href":"https:\/\/zbranebudai.sk\/hu\/wp-json\/wp\/v2\/product_cat?post=16934"},{"taxonomy":"product_tag","embeddable":true,"href":"https:\/\/zbranebudai.sk\/hu\/wp-json\/wp\/v2\/product_tag?post=16934"}],"curies":[{"name":"wp","href":"https:\/\/api.w.org\/{rel}","templated":true}]}}