{"id":16758,"date":"2025-07-25T09:37:55","date_gmt":"2025-07-25T07:37:55","guid":{"rendered":"https:\/\/zbranebudai.sk\/product\/night-pearl-fox-35-elite-ii\/"},"modified":"2025-09-13T22:55:31","modified_gmt":"2025-09-13T20:55:31","slug":"ejszakai-gyongyhaz-roka-35-elite-ii","status":"publish","type":"product","link":"https:\/\/zbranebudai.sk\/hu\/product\/night-pearl-fox-35-elite-ii\/","title":{"rendered":"\u00c9jszakai Pearl FOX 35 ELITE II"},"content":{"rendered":"<p>A Night Pearl Thermal Imaging Sight kiv\u00e1l\u00f3 v\u00e1laszt\u00e1s azon \u00fcgyfelek sz\u00e1m\u00e1ra, akik kiv\u00e1l\u00f3 k\u00e9pmin\u0151s\u00e9get, bev\u00e1lt technol\u00f3gi\u00e1t \u00e9s kiv\u00e1l\u00f3 \u00e1rat ig\u00e9nyelnek. A Night Pearl FOX VOx \u00e9rz\u00e9kel\u0151 technol\u00f3gi\u00e1t \u00e9s 35 mm-es objekt\u00edvet haszn\u00e1l. A Night Pearl FOX h\u0151kamer\u00e1s c\u00e9lt\u00e1vcs\u0151 fontos el\u0151nye a kompakt testkialak\u00edt\u00e1s, mik\u00f6zben megtartja a visszar\u00fag\u00e1s\u00e1ll\u00f3 konstrukci\u00f3t. Ezek a jellemz\u0151k nem gyakran tal\u00e1lhat\u00f3k meg az azonos oszt\u00e1lyba tartoz\u00f3 h\u0151kamer\u00e1s c\u00e9lt\u00e1vcs\u00f6vekn\u00e9l. Az optikai nagy\u00edt\u00e1s elegend\u0151 a nagyobb t\u00e1vols\u00e1gokon t\u00f6rt\u00e9n\u0151 haszn\u00e1lathoz.<br \/>\nJellemz\u0151k:<\/p>\n<p>H\u0151kamer\u00e1s l\u00e1t\u00f3sz\u00f6g (nincs sz\u00fcks\u00e9g k\u00fcl\u00f6n enged\u00e9lyre)<br \/>\nk\u00f6nny\u0171 r\u00f6gz\u00edt\u00e9s a Weaver konzollal<br \/>\nk\u00f6nny\u0171, kompakt, visszar\u00fag\u00e1s\u00e1ll\u00f3 test<br \/>\nfelhaszn\u00e1l\u00f3bar\u00e1t vez\u00e9rl\u00e9s h\u00e1rom gombbal<br \/>\nUltraclear \u00fczemm\u00f3d a maxim\u00e1lis r\u00e9szletess\u00e9ghez rossz id\u0151j\u00e1r\u00e1si k\u00f6r\u00fclm\u00e9nyek k\u00f6z\u00f6tt is<br \/>\nN\u00e9gy sz\u00ednpaletta<br \/>\nPIP funkci\u00f3 - k\u00e9p a k\u00e9pben<br \/>\nautomatikus\/manu\u00e1lis kalibr\u00e1l\u00e1s<br \/>\nFeh\u00e9r \u00fczemm\u00f3d be\u00e1ll\u00edt\u00e1sa<br \/>\nA kijelz\u0151 f\u00e9nyerej\u00e9nek be\u00e1ll\u00edt\u00e1sa<br \/>\na k\u00e9p \u00e9less\u00e9g\u00e9nek, f\u00e9nyerej\u00e9nek \u00e9s kontrasztj\u00e1nak be\u00e1ll\u00edt\u00e1sa<br \/>\nintegr\u00e1lt t\u00e1vols\u00e1gm\u00e9r\u0151<br \/>\n4 l\u00e1ncf\u0171z\u0151 t\u00edpus 4 sz\u00ednben v\u00e1laszthat\u00f3 (l\u00e1nc- \u00e9s p\u00e1szt\u00e1z\u00f3 anyagok: Fox 19-25-35 l\u00e1ncf\u0171z\u0151)<br \/>\nEgyszer\u0171 One Shot Zero m\u00f3dszer<br \/>\nL\u00f6v\u00e9selhelyez\u00e9s 4 k\u00fcl\u00f6nb\u00f6z\u0151 lehet\u0151s\u00e9ghez a t\u00e1vols\u00e1gt\u00f3l, fegyvert\u00edpust\u00f3l, kalibert\u0151l stb. f\u00fcgg\u0151en.<br \/>\nHib\u00e1s pixel kompenz\u00e1ci\u00f3s funkci\u00f3<br \/>\nK\u00e9p- \u00e9s vide\u00f3felv\u00e9teli k\u00e9pess\u00e9g<br \/>\nVideokimenet<br \/>\nWi-Fi a k\u00e9sz\u00fcl\u00e9k PC-hez, laptophoz val\u00f3 csatlakoztat\u00e1s\u00e1hoz<br \/>\nAlkalmaz\u00e1s a val\u00f3s idej\u0171 k\u00e9pmegfigyel\u00e9shez, a h\u0151kamer\u00e1s k\u00e9palkot\u00e1s okostelefonon kereszt\u00fcl t\u00f6rt\u00e9n\u0151 csatlakoztat\u00e1s\u00e1hoz \u00e9s vez\u00e9rl\u00e9s\u00e9hez<br \/>\nDigit\u00e1lis ir\u00e1nyt\u0171<br \/>\nD\u00f6nt\u00e9s\u00e9rz\u00e9kel\u0151<br \/>\nk\u00fcls\u0151 t\u00e1pegys\u00e9g opci\u00f3<br \/>\nCseh men\u00fc<br \/>\nszolg\u00e1ltat\u00e1s Csehorsz\u00e1gban!<\/p>\n<p>Tipp\u00fcnk: a vad\u00e1szat ak\u00e1r 7 \u00f3r\u00e1ra t\u00f6rt\u00e9n\u0151 meghosszabb\u00edt\u00e1s\u00e1hoz javasoljuk, hogy a FOX Night Pearl sorozat\u00fa termikus t\u00e1vcs\u00f6vet a Night Pearl 16650 akkumul\u00e1tor adapterrel egy\u00fctt v\u00e1s\u00e1rolja meg, amely lehet\u0151v\u00e9 teszi a nagyobb teljes\u00edtm\u00e9ny\u0171 16650-es akkumul\u00e1torok behelyez\u00e9s\u00e9t.<\/p>\n<p>M\u0171szaki specifik\u00e1ci\u00f3k:<\/p>\n<p>Nagy\u00edt\u00e1s<br \/>\n3x optikai, digit\u00e1lis 2x, 4x, PIP<\/p>\n<p>Felbont\u00e1s, magt\u00edpus<br \/>\n384\u00d7288 px, ker\u00e1mia VOx, 12 \u03bcm<\/p>\n<p>Lencse \u00e1tm\u00e9r\u0151 \u00d8<br \/>\n35 mm<\/p>\n<p>K\u00e9pfriss\u00edt\u00e9si sebess\u00e9g<br \/>\n50 Hz (PAL), 60 Hz (NTSC)<\/p>\n<p>NETD<\/p>","protected":false},"excerpt":{"rendered":"<p>Termov\u00edzny zameriava\u010d Night Pearl je skvelou vo\u013ebou pre z\u00e1kazn\u00edkov, ktor\u00ed po\u017eaduj\u00fa \u0161pi\u010dkov\u00fa kvalitu obrazu, osved\u010den\u00fa technol\u00f3giu a vynikaj\u00facu cenu. Night Pearl FOX vyu\u017e\u00edva technol\u00f3giu sn\u00edma\u010da VOx a 35 mm objekt\u00edv. D\u00f4le\u017eitou v\u00fdhodou termov\u00edzneho zameriava\u010da Night Pearl FOX je jeho kompaktn\u00fd dizajn tela pri zachovan\u00ed kon\u0161trukcie odolnej vo\u010di sp\u00e4tn\u00e9mu r\u00e1zu. Tieto vlastnosti sa u termov\u00edznych \u010falekoh\u013eadov [&hellip;]<\/p>\n","protected":false},"featured_media":0,"template":"","meta":{"_gspb_post_css":""},"product_brand":[],"product_cat":[15],"product_tag":[],"class_list":{"0":"post-16758","1":"product","2":"type-product","3":"status-publish","5":"product_cat-uncategorized","7":"first","8":"instock","9":"taxable","10":"shipping-taxable","11":"purchasable","12":"product-type-simple"},"ct_brands":[],"_links":{"self":[{"href":"https:\/\/zbranebudai.sk\/hu\/wp-json\/wp\/v2\/product\/16758","targetHints":{"allow":["GET"]}}],"collection":[{"href":"https:\/\/zbranebudai.sk\/hu\/wp-json\/wp\/v2\/product"}],"about":[{"href":"https:\/\/zbranebudai.sk\/hu\/wp-json\/wp\/v2\/types\/product"}],"wp:attachment":[{"href":"https:\/\/zbranebudai.sk\/hu\/wp-json\/wp\/v2\/media?parent=16758"}],"wp:term":[{"taxonomy":"product_brand","embeddable":true,"href":"https:\/\/zbranebudai.sk\/hu\/wp-json\/wp\/v2\/product_brand?post=16758"},{"taxonomy":"product_cat","embeddable":true,"href":"https:\/\/zbranebudai.sk\/hu\/wp-json\/wp\/v2\/product_cat?post=16758"},{"taxonomy":"product_tag","embeddable":true,"href":"https:\/\/zbranebudai.sk\/hu\/wp-json\/wp\/v2\/product_tag?post=16758"}],"curies":[{"name":"wp","href":"https:\/\/api.w.org\/{rel}","templated":true}]}}