{"id":16705,"date":"2025-07-25T09:37:34","date_gmt":"2025-07-25T07:37:34","guid":{"rendered":"https:\/\/zbranebudai.sk\/product\/laserluchs-la-905-50-pro-ii\/"},"modified":"2025-09-13T22:55:31","modified_gmt":"2025-09-13T20:55:31","slug":"laserluchs-la-905-50-pro-ii","status":"publish","type":"product","link":"https:\/\/zbranebudai.sk\/hu\/product\/laserluchs-la-905-50-pro-ii\/","title":{"rendered":"Laserluchs LA 905-50 PRO - II"},"content":{"rendered":"<p>A Laserluchs LA 905-50 PRO - II l\u00e9zervil\u00e1g\u00edt\u00f3 k\u00e9sz\u00fcl\u00e9k l\u00e1thatatlan l\u00e9zersug\u00e1rz\u00e1st bocs\u00e1t ki, amely csak \u00e9jjell\u00e1t\u00f3 k\u00e9sz\u00fcl\u00e9kekkel haszn\u00e1lhat\u00f3. Ez egy olyan l\u00e9zervil\u00e1g\u00edt\u00f3, amelynek hull\u00e1mhossza speci\u00e1lisan a 905 nm-es hat\u00e1r\u00e9rt\u00e9kre van be\u00e1ll\u00edtva. A vad\u00e1szati tapasztalatok \u00e9s a tud\u00f3sok sok\u00e9ves kutat\u00e1sai meger\u0151s\u00edthetik, hogy ez a megvil\u00e1g\u00edt\u00e1s a vadak sz\u00e1m\u00e1ra L\u00c1TOM\u00c1NYOS. Ezt a hull\u00e1mhosszt semmilyen m\u00e1s \u00e9jjell\u00e1t\u00f3 vil\u00e1g\u00edt\u00f3eszk\u00f6z nem \u00e9ri el, \u00edgy a Laserluchs LA 905-50 PRO - II egy teljesen egyed\u00fcl\u00e1ll\u00f3 \u00e9jjell\u00e1t\u00f3 tartoz\u00e9k. A 905 nm-es hull\u00e1mhossz kifejezetten a Generation 2+, Generation 3+ \u00e9s magasabb gener\u00e1ci\u00f3s \u00e9jjell\u00e1t\u00f3khoz van szabva. Haszn\u00e1lja ezt a vil\u00e1g\u00edt\u00f3testet a 3. gener\u00e1ci\u00f3s teljes\u00edtm\u00e9ny el\u00e9r\u00e9s\u00e9hez, ha 2+ gener\u00e1ci\u00f3s l\u00e1t\u00e1st haszn\u00e1l.<\/p>\n<p>Jellemz\u0151k:<\/p>\n<p>Nagy teljes\u00edtm\u00e9ny \u00e9s hat\u00f3t\u00e1vols\u00e1g<br \/>\n100% szembiztos, 1. oszt\u00e1ly\u00fa tesztelt l\u00e9zer<br \/>\nV\u00e9gtelen\u00fcl \u00e1ll\u00edthat\u00f3 f\u00e9nyk\u00fap<br \/>\nNagy teljes\u00edtm\u00e9ny\u0171 l\u00e9zerdi\u00f3da<br \/>\nSzabadalmaztatott optikai rendszer<br \/>\n2+ \u00e9s 3+ gener\u00e1ci\u00f3s \u00e9jjell\u00e1t\u00f3hoz<br \/>\n\u00dct\u00e9s\u00e1ll\u00f3, v\u00edz\u00e1ll\u00f3<br \/>\nL\u00e1thatatlan a vadon \u00e9l\u0151 \u00e1llatok sz\u00e1m\u00e1ra<br \/>\nDigit\u00e1lis technol\u00f3gi\u00e1val val\u00f3 haszn\u00e1lat az \u00e9jszakai l\u00e1t\u00e1shoz<br \/>\n36 h\u00f3nap garancia<br \/>\nMade in Germany<\/p>\n<p>Specifik\u00e1ci\u00f3k:<\/p>\n<p>M\u0171k\u00f6d\u00e9si fesz\u00fclts\u00e9g<br \/>\n3,0-3,6 V<\/p>\n<p>Akkumul\u00e1tor<br \/>\nCR123<\/p>\n<p>Hull\u00e1mhossz<br \/>\n905 nm<\/p>\n<p>L\u00e9zer di\u00f3da teljes\u00edtm\u00e9ny<br \/>\n50 mW<\/p>\n<p>L\u00e9zeroszt\u00e1ly<br \/>\n1<\/p>\n<p>M\u0171k\u00f6d\u00e9si fesz\u00fclts\u00e9g<br \/>\n100 mA<\/p>\n<p>A f\u00e9nyk\u00fap sz\u00f6ge<br \/>\n1,5\u00b0 \u00e9s 15\u00b0 k\u00f6z\u00f6tt<\/p>\n<p>\u00c9lethosszig tart\u00f3<br \/>\n10000 \u00f3ra<\/p>\n<p>\u00dczemi h\u0151m\u00e9rs\u00e9klet<br \/>\n-20 \u00b0C \u00e9s 50 \u00b0C k\u00f6z\u00f6tt<\/p>\n<p>T\u00e1rol\u00e1si h\u0151m\u00e9rs\u00e9klet<br \/>\n-40\u00b0C \u00e9s 80\u00b0C k\u00f6z\u00f6tt<\/p>\n<p>M\u00e9retek<br \/>\n30 x 125 mm<\/p>","protected":false},"excerpt":{"rendered":"<p>Laserov\u00fd osvet\u013eova\u010d Laserluchs LA 905-50 PRO &#8211; II vy\u017earuje nevidite\u013en\u00e9 laserov\u00e9 \u017eiarenie, ktor\u00e9 sa m\u00f4\u017ee pou\u017e\u00edva\u0165 len so zariadeniami na no\u010dn\u00e9 videnie. Ide o laserov\u00fd osvet\u013eova\u010d, ktor\u00e9ho vlnov\u00e1 d\u013a\u017eka je \u0161peci\u00e1lne nastaven\u00e1 na hranicu 905 nm. Loveck\u00e9 sk\u00fasenosti a dlhoro\u010dn\u00fd v\u00fdskum vedcov m\u00f4\u017eu potvrdi\u0165 NEVIDITE\u013dNOS\u0164 tohto osvetlenia pre zver. T\u00fato vlnov\u00fa d\u013a\u017eku nedosahuje \u017eiadny in\u00fd [&hellip;]<\/p>\n","protected":false},"featured_media":0,"template":"","meta":{"_gspb_post_css":""},"product_brand":[],"product_cat":[15],"product_tag":[],"class_list":{"0":"post-16705","1":"product","2":"type-product","3":"status-publish","5":"product_cat-uncategorized","7":"first","8":"instock","9":"taxable","10":"shipping-taxable","11":"purchasable","12":"product-type-simple"},"ct_brands":[],"_links":{"self":[{"href":"https:\/\/zbranebudai.sk\/hu\/wp-json\/wp\/v2\/product\/16705","targetHints":{"allow":["GET"]}}],"collection":[{"href":"https:\/\/zbranebudai.sk\/hu\/wp-json\/wp\/v2\/product"}],"about":[{"href":"https:\/\/zbranebudai.sk\/hu\/wp-json\/wp\/v2\/types\/product"}],"wp:attachment":[{"href":"https:\/\/zbranebudai.sk\/hu\/wp-json\/wp\/v2\/media?parent=16705"}],"wp:term":[{"taxonomy":"product_brand","embeddable":true,"href":"https:\/\/zbranebudai.sk\/hu\/wp-json\/wp\/v2\/product_brand?post=16705"},{"taxonomy":"product_cat","embeddable":true,"href":"https:\/\/zbranebudai.sk\/hu\/wp-json\/wp\/v2\/product_cat?post=16705"},{"taxonomy":"product_tag","embeddable":true,"href":"https:\/\/zbranebudai.sk\/hu\/wp-json\/wp\/v2\/product_tag?post=16705"}],"curies":[{"name":"wp","href":"https:\/\/api.w.org\/{rel}","templated":true}]}}