{"id":16633,"date":"2025-07-25T09:37:06","date_gmt":"2025-07-25T07:37:06","guid":{"rendered":"https:\/\/zbranebudai.sk\/product\/night-pearl-np-mr-gen3-premium-green\/"},"modified":"2025-09-13T22:55:31","modified_gmt":"2025-09-13T20:55:31","slug":"ejszakai-gyongyhaz-np-mr-mr-gen3-premium-zold","status":"publish","type":"product","link":"https:\/\/zbranebudai.sk\/hu\/product\/night-pearl-np-mr-gen3-premium-green\/","title":{"rendered":"Night Pearl NP-MR gen3+ pr\u00e9mium Z\u00d6LD"},"content":{"rendered":"<p>A Night Pearl NP-MR az egyik legfejlettebb el\u00fcls\u0151 \u00e9jjell\u00e1t\u00f3 rendszer a kateg\u00f3ri\u00e1j\u00e1ban a k\u00f6zepes hat\u00f3t\u00e1vols\u00e1g\u00fa l\u00f6v\u00e9szethez. Az alkalmazott gy\u00e1rt\u00e1si technol\u00f3gi\u00e1nak k\u00f6sz\u00f6nhet\u0151en sokoldal\u00fas\u00e1g\u00e1val, megb\u00edzhat\u00f3s\u00e1g\u00e1val, funkcionalit\u00e1s\u00e1val \u00e9s \u00e1r\u00e1val gy\u0151zedelmeskedik a konkurencia felett.<br \/>\nA Night Pearl NP-MR el\u00fcls\u0151 ir\u00e1nyz\u00e9k egyszer\u0171 intuit\u00edv m\u0171k\u00f6dtet\u00e9ssel \u00e1talak\u00edtja a nappali c\u00e9lt\u00e1vcs\u00f6vet \u00e9jszakai ir\u00e1nyz\u00e9kk\u00e1, alkalmas ig\u00e9nyes l\u00f6v\u00e9szek, vad\u00e1szok, katon\u00e1k, rendfenntart\u00f3 vagy biztons\u00e1gi er\u0151k sz\u00e1m\u00e1ra. A Night Pearl NP-MR egyszer\u0171en felpattan a nappali ir\u00e1nyz\u00e9k el\u00e9, \u00edgy nem kell a nappali ir\u00e1nyz\u00e9kot elt\u00e1vol\u00edtani a fegyverb\u0151l, \u00e9s az \u00e9jszakai ir\u00e1nyz\u00e9kkal helyettes\u00edteni.<br \/>\nAz NP-MR \u00e9jjell\u00e1t\u00f3 maximum 1 MOA-ig \u00e1ll\u00edthat\u00f3. Lehet\u0151v\u00e9 teszi a felhaszn\u00e1l\u00f3 sz\u00e1m\u00e1ra, hogy k\u00e9nyelmesen helyezkedjen el a l\u0151\u00e1ll\u00e1sban. Ennek eredm\u00e9nyek\u00e9ppen a l\u00f6v\u00e9sz a szok\u00e1sos c\u00e9lt\u00e1vcs\u00f6v\u00e9n kereszt\u00fcl a megszokott l\u00e1t\u00f3mez\u0151vel n\u00e9zi a c\u00e9lt, \u00e9s nem kell m\u00e1shoz szoknia.<br \/>\nA Night Pearl NP-MR c\u00e9lt\u00e1vcs\u0151 z\u00e1rhat\u00f3 r\u00f6gz\u00edt\u0151 rendszerrel van felszerelve, amellyel az \u00e9jjell\u00e1t\u00f3 t\u00e1vcs\u0151 szabv\u00e1nyos Weaver\/Picatinny s\u00ednre vagy a Night Pearl adapterrel a c\u00e9lt\u00e1vcs\u0151 objekt\u00edvlencs\u00e9j\u00e9re r\u00f6gz\u00edthet\u0151.<br \/>\n24 + 24 h\u00f3nap garancia.<br \/>\nJellemz\u0151k:Alkalmas terepi megfigyel\u00e9sre:<\/p>\n<p>Egyszer\u0171 \u00e9s csendes \u00e1talak\u00edt\u00e1s egy nappali c\u00e9lt\u00e1vcs\u0151b\u0151l \u00e9jjell\u00e1t\u00f3v\u00e1<br \/>\nNEM szabad elt\u00e1vol\u00edtani a teleszk\u00f3pot a felszerel\u00e9s ut\u00e1n<br \/>\nEgy nappali t\u00e1vcs\u0151 nagy\u00edt\u00e1s\u00e1t haszn\u00e1lja (4-5x nagy\u00edt\u00e1s\u00fa c\u00e9lt\u00e1vcs\u00f6vekhez aj\u00e1nlott).<br \/>\nT\u00e1pell\u00e1t\u00e1s 3V-os l\u00edtium akkumul\u00e1torral CR123A<br \/>\nGyors telep\u00edt\u00e9s \u00e9s elt\u00e1vol\u00edt\u00e1s<br \/>\nKis m\u00e9ret \u00e9s k\u00f6nny\u0171 s\u00faly<br \/>\nMegfelel a MIL szabv\u00e1nyoknak<\/p>\n<p>M\u0171szaki param\u00e9terek:<\/p>\n<p> Nagy\u00edt\u00e1s<\/p>\n<p>1x optikai<\/p>\n<p> Lencse<\/p>\n<p>48 mm<\/p>\n<p> Objekt\u00edv rendszer<\/p>\n<p>F 1:1,65<\/p>\n<p> FOV<\/p>\n<p>13\u00b0<\/p>\n<p> Kimeneti tanul\u00f3<\/p>\n<p>21 mm<\/p>\n<p> Min. F\u00f3kusz<\/p>\n<p>10 m<\/p>\n<p> Akkumul\u00e1torok<\/p>\n<p>1x \/ CR123<\/p>\n<p> Akkumul\u00e1tor \u00fczemid\u0151<\/p>\n<p>60 \u00f3r\u00e1ig<\/p>\n<p> \u00dczemi h\u0151m\u00e9rs\u00e9kletek<\/p>\n<p>-40\u00b0C \/ +50\u00b0C<\/p>\n<p> M\u00e9retek<\/p>\n<p>180 mm x 77 mm x 80 mm<\/p>\n<p> S\u00faly<\/p>\n<p>678 g<\/p>\n<p>Mikrocsatorn\u00e1s k\u00e9pf\u00e9nyer\u0151-er\u0151s\u00edt\u0151 (MKZJO) \u00e1ltal meghat\u00e1rozott specifik\u00e1ci\u00f3k:<\/p>\n<p> ICZM<br \/>\nGen 3+ Pr\u00e9mium Z\u00d6LD<br \/>\nEgys\u00e9gek<\/p>\n<p> Felbont\u00e1s<br \/>\n64-68<br \/>\nlp\/mm<\/p>\n<p> \u00c9rz\u00e9kenys\u00e9g<br \/>\n1800-2200<br \/>\n  \u00b5A<\/p>\n<p> A fotokat\u00f3d t\u00edpusa<br \/>\nGaAs<\/p>\n<p> Jel\/zaj<br \/>\n24-27<br \/>\ns\/n<\/p>\n<p> Fotokat\u00f3d sz\u00edne<br \/>\nP43 (z\u00f6ld)<\/p>\n<p> \u00c9lethosszig tart\u00f3<br \/>\n10.000<br \/>\n\u00d3r\u00e1k<\/p>\n<p> Besz\u00e1ll\u00edt\u00f3<br \/>\nHARDER (DE)<\/p>\n<p>A csomag tartalma:<\/p>\n<p>\u00c9jszakai gy\u00f6ngy NP-MR<br \/>\nV\u00e9d\u0151 tok<br \/>\n1 elem CR123A<br \/>\n1 darab szemlyuk<br \/>\nFelhaszn\u00e1l\u00f3i k\u00e9zik\u00f6nyv<\/p>\n<p>Az \u00e9jjell\u00e1t\u00f3 k\u00e9sz\u00fcl\u00e9kekkel kapcsolatos t\u00f6bb \u00e9vtizedes tapasztalattal bizony\u00edtott szak\u00e9rt\u0151i csapatunk naponta rendelkez\u00e9sre \u00e1ll garanci\u00e1lis \u00e9s garanci\u00e1t k\u00f6vet\u0151 szervizel\u00e9sre. Ha tan\u00e1csra van sz\u00fcks\u00e9ge az \u00e9jjell\u00e1t\u00f3 k\u00e9sz\u00fcl\u00e9k kiv\u00e1laszt\u00e1s\u00e1val kapcsolatban, k\u00e9rj\u00fck, forduljon hozz\u00e1nk bizalommal.<\/p>","protected":false},"excerpt":{"rendered":"<p>No\u010dn\u00e9 videnie Night Pearl NP-MR je jedn\u00fdm z najpokro\u010dilej\u0161\u00edch predn\u00fdch syst\u00e9mov no\u010dn\u00e9ho videnia vo svojej kateg\u00f3rii pre stre\u013ebu na stredn\u00e9 vzdialenosti. V\u010faka pou\u017eitej v\u00fdrobnej technol\u00f3gii v\u00ed\u0165az\u00ed nad konkurenciou svojou v\u0161estrannos\u0165ou, spo\u013eahlivos\u0165ou, funk\u010dnos\u0165ou a cenou. Predn\u00fd zameriava\u010d Night Pearl NP-MR premie\u0148a denn\u00fd pu\u0161koh\u013ead na no\u010dn\u00fd zameriava\u010d s jednoduch\u00fdm intuit\u00edvnym ovl\u00e1dan\u00edm, je vhodn\u00fd pre n\u00e1ro\u010dn\u00fdch strelcov, po\u013eovn\u00edkov, [&hellip;]<\/p>\n","protected":false},"featured_media":0,"template":"","meta":{"_gspb_post_css":""},"product_brand":[],"product_cat":[15],"product_tag":[],"class_list":{"0":"post-16633","1":"product","2":"type-product","3":"status-publish","5":"product_cat-uncategorized","7":"first","8":"instock","9":"taxable","10":"shipping-taxable","11":"purchasable","12":"product-type-simple"},"ct_brands":[],"_links":{"self":[{"href":"https:\/\/zbranebudai.sk\/hu\/wp-json\/wp\/v2\/product\/16633","targetHints":{"allow":["GET"]}}],"collection":[{"href":"https:\/\/zbranebudai.sk\/hu\/wp-json\/wp\/v2\/product"}],"about":[{"href":"https:\/\/zbranebudai.sk\/hu\/wp-json\/wp\/v2\/types\/product"}],"wp:attachment":[{"href":"https:\/\/zbranebudai.sk\/hu\/wp-json\/wp\/v2\/media?parent=16633"}],"wp:term":[{"taxonomy":"product_brand","embeddable":true,"href":"https:\/\/zbranebudai.sk\/hu\/wp-json\/wp\/v2\/product_brand?post=16633"},{"taxonomy":"product_cat","embeddable":true,"href":"https:\/\/zbranebudai.sk\/hu\/wp-json\/wp\/v2\/product_cat?post=16633"},{"taxonomy":"product_tag","embeddable":true,"href":"https:\/\/zbranebudai.sk\/hu\/wp-json\/wp\/v2\/product_tag?post=16633"}],"curies":[{"name":"wp","href":"https:\/\/api.w.org\/{rel}","templated":true}]}}