{"id":16538,"date":"2025-07-22T10:10:45","date_gmt":"2025-07-22T08:10:45","guid":{"rendered":"https:\/\/zbranebudai.sk\/?post_type=product&#038;p=16538"},"modified":"2026-04-29T21:55:47","modified_gmt":"2026-04-29T19:55:47","slug":"hikmicro-habrok-a-hq50l-lezerhez","status":"publish","type":"product","link":"https:\/\/zbranebudai.sk\/hu\/product\/hikmicro-habrok-pro-hq50l-laser\/","title":{"rendered":"Hikmicro HABROK PRO HQ50L + TenoSight H-940 LASER MAX k\u00e9tszemes betekint\u00e9s\u0171 h\u0151kamera keres\u0151"},"content":{"rendered":"<p><strong>Hikmicro HABROK PRO HQ50L + TenoSight H-940 LASER MAX k\u00e9tszemes betekint\u00e9s\u0171 h\u0151kamera keres\u0151<\/strong><\/p>\n<p>Mer\u00fclj\u00f6n el a r\u00e9szletek vil\u00e1g\u00e1ban a Habrok Pro multispektr\u00e1lis t\u00e1vcs\u0151vel, amely nappal \u00e9s \u00e9jszaka egyar\u00e1nt kiv\u00e1l\u00f3 k\u00e9pet ny\u00fajt. A Habrok Pro k\u00e9nyelmes haszn\u00e1lat\u00e1nak \u00e9s nagy teljes\u00edtm\u00e9ny\u00e9nek k\u00f6sz\u00f6nhet\u0151en k\u00f6nnyed\u00e9n elfelejtheti a klasszikus nappali t\u00e1vcs\u00f6veket.<\/p>\n<ul>\n<li>H\u0151kamera \u00e9rz\u00e9kel\u0151 640 \u00d7 512 px<\/li>\n<li>H\u0151\u00e9rz\u00e9kenys\u00e9g 15 mK<\/li>\n<li>Gyors v\u00e1lt\u00e1s a h\u0151- \u00e9s az \u00e9jszakai l\u00e1t\u00e1s k\u00f6z\u00f6tt<\/li>\n<li>Cser\u00e9lhet\u0151 940 nm-es l\u00e9zeres \u00e9jjell\u00e1t\u00f3 megvil\u00e1g\u00edt\u00e1s<\/li>\n<li>\u00c9rz\u00e9kel\u00e9s 2600 m\u00e9terig<\/li>\n<li>L\u00e9zeres t\u00e1vols\u00e1gm\u00e9r\u0151<\/li>\n<\/ul>\n<p class=\"translation-block\">A HQ50L modell <strong>4K UHD felbont\u00e1s\u00fa optikai modult<\/strong> \u00e9s egy <strong>640 \u00d7 512 px felbont\u00e1s\u00fa, rendk\u00edv\u00fcl \u00e9rz\u00e9keny h\u0151kamera-modult<\/strong> kombin\u00e1l, amelynek <strong>h\u0151\u00e9rz\u00e9kenys\u00e9ge 15 mK<\/strong>. A megjelen\u00edtett k\u00e9pet egy <strong>1920 \u00d7 1080 px felbont\u00e1s\u00fa OLED kijelz\u0151<\/strong> k\u00f6zvet\u00edti.<\/p>\n<p>Az 50 mm-es f\u00f3kuszt\u00e1vols\u00e1g\u00fa h\u0151kamer\u00e1s lencs\u00e9nek k\u00f6sz\u00f6nhet\u0151en a h\u0151kamer\u00e1s modul ak\u00e1r 2600 m\u00e9teres \u00e9szlel\u00e9si t\u00e1vols\u00e1got \u00e9r el. Az optikai modullal egy\u00fctt haszn\u00e1lhatja a cser\u00e9lhet\u0151 940 nm-es l\u00e9zeres megvil\u00e1g\u00edt\u00f3t, ak\u00e1r 500 m\u00e9teres hat\u00f3t\u00e1vols\u00e1ggal! A csomag tartalmaz egy 850 nm-es hull\u00e1mhossz\u00fa LED-es megvil\u00e1g\u00edt\u00f3t is, 400 m\u00e9teres \u00e9szlel\u00e9si t\u00e1vols\u00e1ggal. Ezenk\u00edv\u00fcl egy l\u00e9zeres t\u00e1vols\u00e1gm\u00e9r\u0151vel is rendelkezik, amelynek hat\u00f3t\u00e1vols\u00e1ga ak\u00e1r 1000 m\u00e9ter.<\/p>\n<p class=\"translation-block\">A <strong>multispektr\u00e1lis<\/strong> kialak\u00edt\u00e1s a h\u0151kamera \u00e9s az optikai modul kombin\u00e1ci\u00f3j\u00e1t jelenti, amely <strong>megb\u00edzhat\u00f3 megfigyel\u00e9st tesz lehet\u0151v\u00e9<\/strong> <strong>a nap 24 \u00f3r\u00e1j\u00e1ban, minden id\u0151j\u00e1r\u00e1si k\u00f6r\u00fclm\u00e9ny k\u00f6z\u00f6tt<\/strong>. A k\u00e9nyelmes megfigyel\u00e9sr\u0151l az <strong>Image Pro 2.0<\/strong> funkci\u00f3 gondoskodik, amely jelent\u0151sen jav\u00edtja a k\u00e9pfeldolgoz\u00e1st, valamint az <strong>automatikus stabiliz\u00e1l\u00e1s<\/strong>, amely <strong>optikai m\u00f3dban 4\u00d7 feletti digit\u00e1lis nagy\u00edt\u00e1sn\u00e1l is \u00e9les \u00e9s stabil k\u00e9pet biztos\u00edt<\/strong>.<\/p>\n<p class=\"translation-block\">A Habrok Pro sz\u00e1mos kiv\u00e1l\u00f3 funkci\u00f3val van felszerelve, a <strong>f\u00e9nyk\u00e9pez\u00e9st\u0151l \u00e9s hanggal t\u00f6rt\u00e9n\u0151 vide\u00f3felv\u00e9telt\u0151l<\/strong> kezdve \u2013 a r\u00f6gz\u00edtett felv\u00e9telek azonnali megtekint\u00e9s\u00e9nek vagy t\u00f6rl\u00e9s\u00e9nek lehet\u0151s\u00e9g\u00e9vel \u2013 eg\u00e9szen a legmelegebb pont k\u00f6vet\u00e9s\u00e9ig. Nem hi\u00e1nyzik az <strong>automatikus alv\u00f3 m\u00f3d<\/strong> sem, amelyn\u00e9l a binokul\u00e1r \u00e9rz\u00e9keli a helyzetv\u00e1ltoz\u00e1st, \u00e9s ha meg\u00e1llap\u00edtja, hogy a k\u00e9sz\u00fcl\u00e9ket nem haszn\u00e1lj\u00e1k, energiatakar\u00e9kos m\u00f3dba kapcsol. A k\u00e9sz\u00fcl\u00e9k k\u00e1beles csatlakoz\u00e1st, valamint a HIKMICRO Sight alkalmaz\u00e1shoz val\u00f3 kapcsol\u00f3d\u00e1st is k\u00edn\u00e1l.<\/p>\n<p class=\"translation-block\">A k\u00e9sz\u00fcl\u00e9k a <strong>klasszikus nappali binokul\u00e1rok kialak\u00edt\u00e1s\u00e1val<\/strong>, <strong>ergonomikus form\u00e1j\u00e1val<\/strong> \u00e9s a nyakba akaszt\u00e1s lehet\u0151s\u00e9g\u00e9vel k\u00e9nyelmes haszn\u00e1latot biztos\u00edt. Term\u00e9szetesen \u00e1llv\u00e1nyra is r\u00f6gz\u00edthet\u0151, ebben az esetben a mell\u00e9kelt adapter seg\u00edts\u00e9g\u00e9vel. A k\u00e9sz\u00fcl\u00e9ket cser\u00e9lhet\u0151, \u00fajrat\u00f6lthet\u0151 akkumul\u00e1tor m\u0171k\u00f6dteti, amely <strong>ak\u00e1r 10 \u00f3r\u00e1s folyamatos megfigyel\u00e9st<\/strong> tesz lehet\u0151v\u00e9.<\/p>\n<p>A k\u00e9sz\u00fcl\u00e9kre 3 \u00e9v garanci\u00e1t v\u00e1llalunk, \u00e9s szervizel\u00e9s eset\u00e9n garanci\u00e1t biztos\u00edtunk a cserek\u00e9sz\u00fcl\u00e9kre.<\/p>\n<p><strong><span data-darkreader-inline-color=\"\">Specifik\u00e1ci\u00f3k:<\/span><\/strong><\/p>\n<table border=\"1\">\n<tbody>\n<tr>\n<td>\u00c9rz\u00e9kel\u0151<\/td>\n<td>H\u0151kamera modul<\/td>\n<td colspan=\"2\">Digit\u00e1lis modul<\/td>\n<\/tr>\n<tr>\n<td>Felbont\u00e1s<\/td>\n<td>640 \u00d7 512 px<\/td>\n<td colspan=\"2\">3840 \u00d7 2160 px<\/td>\n<\/tr>\n<tr>\n<td>H\u0151\u00e9rz\u00e9kenys\u00e9g<\/td>\n<td>&lt; 15 mK<\/td>\n<td colspan=\"2\">-<\/td>\n<\/tr>\n<tr>\n<td>Infravet\u0151<\/td>\n<td>-<\/td>\n<td>940 nm<br \/>\nL\u00e9zer<\/td>\n<td>850 nm<br \/>\nLED<\/td>\n<\/tr>\n<tr>\n<td>\u00c9rz\u00e9kel\u00e9s<\/td>\n<td>2600 m<\/td>\n<td>500 m<\/td>\n<td>400 m<\/td>\n<\/tr>\n<tr>\n<td>Objekt\u00edv<\/td>\n<td>50 mm<\/td>\n<td colspan=\"2\">60 mm<\/td>\n<\/tr>\n<tr>\n<td>Optikai nagy\u00edt\u00e1s<\/td>\n<td>4,3x<\/td>\n<td colspan=\"2\">5,5x<\/td>\n<\/tr>\n<tr>\n<td>L\u00e1t\u00f3mez\u0151<\/td>\n<td>8,8\u00b0 \u00d7 5,3\u00b0<\/td>\n<td colspan=\"2\">7,3\u00b0 \u00d7 4,1\u00b0<\/td>\n<\/tr>\n<tr>\n<td>Digit\u00e1lis zoom<\/td>\n<td>4,6x<\/td>\n<td colspan=\"2\">4x<\/td>\n<\/tr>\n<tr>\n<td>Kijelz\u0151 felbont\u00e1sa<\/td>\n<td colspan=\"3\">1920 \u00d7 1080 px<\/td>\n<\/tr>\n<tr>\n<td>Wi-Fi<\/td>\n<td colspan=\"3\">Igen<\/td>\n<\/tr>\n<tr>\n<td>L\u00e9zeres t\u00e1vols\u00e1gm\u00e9r\u0151<\/td>\n<td colspan=\"3\">Igen, hat\u00f3t\u00e1vols\u00e1g 1000 m<\/td>\n<\/tr>\n<tr>\n<td>Dioptri\u00e1s korrekci\u00f3<\/td>\n<td colspan=\"3\">-5D~+3D<\/td>\n<\/tr>\n<tr>\n<td>F\u00e9nyk\u00e9pez\u00e9si lehet\u0151s\u00e9g<\/td>\n<td colspan=\"3\">Igen<\/td>\n<\/tr>\n<tr>\n<td>Vide\u00f3 opci\u00f3<\/td>\n<td colspan=\"3\">Igen<\/td>\n<\/tr>\n<tr>\n<td>Hangfelv\u00e9tel<\/td>\n<td colspan=\"3\">Igen<\/td>\n<\/tr>\n<tr>\n<td>V\u00e9delmi fokozat<\/td>\n<td colspan=\"3\">IP67<\/td>\n<\/tr>\n<tr>\n<td>Mem\u00f3ria<\/td>\n<td colspan=\"3\">Be\u00e9p\u00edtett, 64 GB<\/td>\n<\/tr>\n<tr>\n<td>\u00dczemi h\u0151m\u00e9rs\u00e9klet<\/td>\n<td colspan=\"3\">-30\u00b0C \u00e9s 55\u00b0C k\u00f6z\u00f6tt<\/td>\n<\/tr>\n<tr>\n<td>Akkumul\u00e1torok<\/td>\n<td colspan=\"3\">1x cser\u00e9lhet\u0151 \u00fajrat\u00f6lthet\u0151 akkumul\u00e1tor<\/td>\n<\/tr>\n<tr>\n<td>Az akkumul\u00e1tor \u00e9lettartama<\/td>\n<td colspan=\"3\">10 \u00f3ra<\/td>\n<\/tr>\n<tr>\n<td>S\u00faly<\/td>\n<td colspan=\"3\">975 g<\/td>\n<\/tr>\n<tr>\n<td>M\u00e9retek<\/td>\n<td colspan=\"3\">143 \u00d7 80 \u00d7 231 mm<\/td>\n<\/tr>\n<\/tbody>\n<\/table>\n<p><strong>A csomag tartalma:<\/strong><\/p>\n<ul>\n<li>Multispektr\u00e1lis binoklu\u00e1r HABROK PRO HQ50L<\/li>\n<li>Cser\u00e9lhet\u0151 H-940 LASER MAX l\u00e9zeres megvil\u00e1g\u00edt\u00e1s<\/li>\n<li>Cser\u00e9lhet\u0151 850 nm-es LED megvil\u00e1g\u00edt\u00e1s<\/li>\n<li>2x \u00fajrat\u00f6lthet\u0151 akkumul\u00e1tor<\/li>\n<li>1x akkumul\u00e1tort\u00f6lt\u0151<\/li>\n<li>1x t\u00e1vcs\u0151 tok<\/li>\n<li>1x nyakp\u00e1nt<\/li>\n<li>1x \u00e1llv\u00e1ny adapter<\/li>\n<li>1x USB-C k\u00e1bel<\/li>\n<li>Haszn\u00e1lati \u00fatmutat\u00f3<\/li>\n<\/ul>","protected":false},"excerpt":{"rendered":"<p data-start=\"51\" data-end=\"152\">Multispektr\u00e1lis binokul\u00e1r l\u00e9zeres t\u00e1vols\u00e1gm\u00e9r\u0151vel \u00e9s cser\u00e9lhet\u0151 H-940 LASER MAX l\u00e9zeres megvil\u00e1g\u00edt\u00e1ssal.<\/p>\n<ul>\n<li data-start=\"51\" data-end=\"152\">H\u0151kamera \u00e9rz\u00e9kel\u0151: 640 \u00d7 512 px, 12\u03bcm.<\/li>\n<li data-start=\"51\" data-end=\"152\">A h\u0151\u00e9kenys\u00e9g: \u2264 15 mK.<\/li>\n<li data-start=\"51\" data-end=\"152\">\u00c9jjell\u00e1t\u00f3 optikai modul: 3840 \u00d7 2160 px<\/li>\n<li data-start=\"51\" data-end=\"152\">Cser\u00e9lhet\u0151 LED-es megvil\u00e1g\u00edt\u00e1s: 850 nm.<\/li>\n<li data-start=\"51\" data-end=\"152\">Objekt\u00edv: 50\/60 mm.<\/li>\n<li data-start=\"51\" data-end=\"152\">\u00c9rz\u00e9kel\u00e9si t\u00e1vols\u00e1g: 2600\/500 m.<\/li>\n<li data-start=\"51\" data-end=\"152\">Optikai nagy\u00edt\u00e1s: 4,3x\/5,5x.<\/li>\n<li data-start=\"51\" data-end=\"152\">Digit\u00e1lis zoom: 4,6x\/4x.<\/li>\n<li data-start=\"51\" data-end=\"152\">Megjelen\u00edt\u00e9s: 1080 px.<\/li>\n<li data-start=\"51\" data-end=\"152\">Az Image Pro 2.0 jellemz\u0151i.<\/li>\n<li data-start=\"51\" data-end=\"152\">Automatikus alv\u00f3 \u00fczemm\u00f3d.<\/li>\n<li data-start=\"51\" data-end=\"152\">Az akkumul\u00e1tor \u00e9lettartama: 10 \u00f3ra.<\/li>\n<li data-start=\"51\" data-end=\"152\">Energia: 1x cser\u00e9lhet\u0151 \u00fajrat\u00f6lthet\u0151 akkumul\u00e1tor.<\/li>\n<li data-start=\"51\" data-end=\"152\">Men\u00fc \u00e9s \u00fatmutat\u00f3<\/li>\n<\/ul>","protected":false},"featured_media":16605,"template":"","meta":{"_gspb_post_css":""},"product_brand":[315],"product_cat":[336,145,21,144,330],"product_tag":[216,339,150,347,365,325,311],"class_list":{"0":"post-16538","1":"product","2":"type-product","3":"status-publish","4":"has-post-thumbnail","6":"product_brand-hikmicro","7":"product_cat-binokulare-s-nocnym-videnim","8":"product_cat-nocne-videnie","9":"product_cat-optika","10":"product_cat-termovizie","11":"product_cat-termovizne-binokulare","12":"product_tag-binokular","13":"product_tag-habrok","14":"product_tag-hikmicro","15":"product_tag-laserovy-dialkomer","16":"product_tag-multispektralny-binokular","17":"product_tag-nocne-videnie","18":"product_tag-termovizia","20":"first","21":"instock","22":"taxable","23":"shipping-taxable","24":"purchasable","25":"product-type-simple"},"ct_brands":[{"id":315,"name":"Hikmicro","slug":"hikmicro"}],"_links":{"self":[{"href":"https:\/\/zbranebudai.sk\/hu\/wp-json\/wp\/v2\/product\/16538","targetHints":{"allow":["GET"]}}],"collection":[{"href":"https:\/\/zbranebudai.sk\/hu\/wp-json\/wp\/v2\/product"}],"about":[{"href":"https:\/\/zbranebudai.sk\/hu\/wp-json\/wp\/v2\/types\/product"}],"wp:featuredmedia":[{"embeddable":true,"href":"https:\/\/zbranebudai.sk\/hu\/wp-json\/wp\/v2\/media\/16605"}],"wp:attachment":[{"href":"https:\/\/zbranebudai.sk\/hu\/wp-json\/wp\/v2\/media?parent=16538"}],"wp:term":[{"taxonomy":"product_brand","embeddable":true,"href":"https:\/\/zbranebudai.sk\/hu\/wp-json\/wp\/v2\/product_brand?post=16538"},{"taxonomy":"product_cat","embeddable":true,"href":"https:\/\/zbranebudai.sk\/hu\/wp-json\/wp\/v2\/product_cat?post=16538"},{"taxonomy":"product_tag","embeddable":true,"href":"https:\/\/zbranebudai.sk\/hu\/wp-json\/wp\/v2\/product_tag?post=16538"}],"curies":[{"name":"wp","href":"https:\/\/api.w.org\/{rel}","templated":true}]}}