{"id":16496,"date":"2025-07-22T10:10:20","date_gmt":"2025-07-22T08:10:20","guid":{"rendered":"https:\/\/zbranebudai.sk\/?post_type=product&#038;p=16496"},"modified":"2025-07-25T09:41:41","modified_gmt":"2025-07-25T07:41:41","slug":"pard-night-stalker-mini-tl3-940-nm","status":"publish","type":"product","link":"https:\/\/zbranebudai.sk\/hu\/product\/pard-night-stalker-mini-tl3-940-nm\/","title":{"rendered":"PARD Night Stalker mini + TL3 940 nm"},"content":{"rendered":"<p data-start=\"370\" data-end=\"748\">A Night Stalker Mini egy 2560\u00d71440 felbont\u00e1s\u00fa \u00e9rz\u00e9kel\u0151t \u00e9s egy kompakt, a szabv\u00e1nyos 30 mm-es foglalatokkal kompatibilis cs\u0151 kialak\u00edt\u00e1s\u00e1t \u00f6tv\u00f6zi. Kerek k\u00e9perny\u0151je k\u00e9nyelmes megtekint\u00e9st biztos\u00edt, oldals\u00f3 f\u00f3kusza k\u00f6nny\u0171 be\u00e1ll\u00edt\u00e1st tesz lehet\u0151v\u00e9, k\u00f6nny\u0171 s\u00falya - mind\u00f6ssze 450 g akkumul\u00e1torral egy\u00fctt - pedig kiv\u00e9teles hordozhat\u00f3s\u00e1got biztos\u00edt. Az innov\u00e1ci\u00f3 \u00e9s a praktikum t\u00f6k\u00e9letes kombin\u00e1ci\u00f3ja.<\/p>\n<p data-start=\"750\" data-end=\"791\"><strong data-start=\"750\" data-end=\"791\">FORRADALMI OLDALS\u00d3 F\u00d3KUSZKER\u00c9K<\/strong><\/p>\n<p data-start=\"793\" data-end=\"1074\">Az oldals\u00f3 f\u00f3kuszker\u00e9k \u00fagy lett kialak\u00edtva, hogy ne akad\u00e1lyozza a c\u00e9lpont l\u00e1tv\u00e1ny\u00e1t, \u00e9s ne zavarja a vizu\u00e1lis \u00e9lm\u00e9nyt, jav\u00edtva ezzel az \u00e1ltal\u00e1nos haszn\u00e1lhat\u00f3s\u00e1got. Oldalra helyez\u00e9se k\u00f6nny\u0171 hozz\u00e1f\u00e9r\u00e9st \u00e9s kiv\u00e1l\u00f3 man\u0151verezhet\u0151s\u00e9get biztos\u00edt, ak\u00e1r k\u00e9zben tartva, ak\u00e1r \u00e1llv\u00e1nyra szerelve van a fegyver.<\/p>\n<p data-start=\"1076\" data-end=\"1093\"><strong data-start=\"1076\" data-end=\"1093\">Specifik\u00e1ci\u00f3k:<\/strong><\/p>\n<ul data-start=\"1095\" data-end=\"1426\" data-is-last-node=\"\" data-is-only-node=\"\">\n<li data-start=\"1095\" data-end=\"1129\">\n<p data-start=\"1097\" data-end=\"1129\"><strong data-start=\"1097\" data-end=\"1108\">\u00c9rz\u00e9kel\u0151:<\/strong> CMOS, 2560\u00d71440 px<\/p>\n<\/li>\n<li data-start=\"1130\" data-end=\"1160\">\n<p data-start=\"1132\" data-end=\"1160\"><strong data-start=\"1132\" data-end=\"1151\">Pixel m\u00e9ret:<\/strong> 2,9 \u00b5m<\/p>\n<\/li>\n<li data-start=\"1161\" data-end=\"1189\">\n<p data-start=\"1163\" data-end=\"1189\"><strong data-start=\"1163\" data-end=\"1177\">\u00c9rz\u00e9kenys\u00e9g:<\/strong> 0,001 lux<\/p>\n<\/li>\n<li data-start=\"1190\" data-end=\"1226\">\n<p data-start=\"1192\" data-end=\"1226\"><strong data-start=\"1192\" data-end=\"1218\">F\u00f3kuszt\u00e1vols\u00e1g:<\/strong> 35 mm<\/p>\n<\/li>\n<li data-start=\"1227\" data-end=\"1259\">\n<p data-start=\"1229\" data-end=\"1259\"><strong data-start=\"1229\" data-end=\"1241\">Megjelen\u00edt\u00e9s:<\/strong> IPS, 800\u00d7800 px<\/p>\n<\/li>\n<li data-start=\"1260\" data-end=\"1303\">\n<p data-start=\"1262\" data-end=\"1303\"><strong data-start=\"1262\" data-end=\"1288\">Fot\u00f3felbont\u00e1s:<\/strong> 1440\u00d71080 px<\/p>\n<\/li>\n<li data-start=\"1304\" data-end=\"1342\">\n<p data-start=\"1306\" data-end=\"1342\"><strong data-start=\"1306\" data-end=\"1327\">Vide\u00f3felbont\u00e1s:<\/strong> 1440\u00d71080 px<\/p>\n<\/li>\n<li data-start=\"1343\" data-end=\"1370\">\n<p data-start=\"1345\" data-end=\"1370\"><strong data-start=\"1345\" data-end=\"1361\">Szemkiemel\u00e9s:<\/strong> 100 mm<\/p>\n<\/li>\n<li data-start=\"1371\" data-end=\"1402\">\n<p data-start=\"1373\" data-end=\"1402\"><strong data-start=\"1373\" data-end=\"1390\">M\u00e9retek (mm):<\/strong> 295\u00d782\u00d770<\/p>\n<\/li>\n<li data-start=\"1403\" data-end=\"1426\" data-is-last-node=\"\">\n<p data-start=\"1405\" data-end=\"1426\" data-is-last-node=\"\"><strong data-start=\"1405\" data-end=\"1422\">S\u00faly (g):<\/strong> 455<\/p>\n<\/li>\n<\/ul>\n<p>Garancia:<br \/>\n2 \u00e9v<br \/>\n\u00c9rz\u00e9kel\u0151 felbont\u00e1sa:<br \/>\n2560\u00d71440 px<br \/>\nObjekt\u00edv (gy\u00fajt\u00f3t\u00e1vols\u00e1g):<br \/>\n35 mm<br \/>\nOptikai nagy\u00edt\u00e1s:<br \/>\n3\u00d7<br \/>\nDigit\u00e1lis zoom:<br \/>\n2\u00d7<br \/>\nKijelz\u0151 felbont\u00e1sa:<br \/>\n800\u00d7800 px<br \/>\nIR-tartom\u00e1ny:<br \/>\n350 m<\/p>\n<p>&nbsp;<\/p>","protected":false},"excerpt":{"rendered":"<div class=\"flex max-w-full flex-col grow\">\n<div class=\"min-h-8 text-message relative flex w-full flex-col items-end gap-2 text-start break-words whitespace-normal [.text-message+&amp;]:mt-5\" dir=\"auto\" data-message-author-role=\"assistant\" data-message-id=\"79340fcd-55f6-4946-aa91-80af3753458e\" data-message-model-slug=\"gpt-4o\">\n<div class=\"flex w-full flex-col gap-1 empty:hidden first:pt-[3px]\">\n<div class=\"markdown prose dark:prose-invert w-full break-words dark\">\n<p data-start=\"38\" data-end=\"113\"><strong data-start=\"38\" data-end=\"113\">NAJMEN\u0160\u00cd DIGIT\u00c1LNY ZAMIEROVA\u010c + EXTERN\u00dd LASEROV\u00dd PR\u00cdSVIT PARD TL3 940NM<\/strong><\/p>\n<p data-start=\"115\" data-end=\"368\">Kompaktn\u00fd digit\u00e1lny zameriava\u010d Pard Night Stalker Mini s vysok\u00fdm rozl\u00ed\u0161en\u00edm (2560&#215;1440) a pohodln\u00fdm okr\u00fahlym displejom. \u013dahk\u00fd (450 g) a jednoducho montovate\u013en\u00fd na \u0161tandardn\u00e9 30 mm kr\u00fa\u017eky. Ide\u00e1lne spojenie v\u00fdkonu a prenosnosti pre n\u00e1ro\u010dn\u00fdch pou\u017e\u00edvate\u013eov.<\/p>\n<\/div>\n<\/div>\n<\/div>\n<\/div>\n","protected":false},"featured_media":16603,"template":"","meta":{"_gspb_post_css":""},"product_brand":[308],"product_cat":[145,21,332],"product_tag":[2290,284,229],"class_list":{"0":"post-16496","1":"product","2":"type-product","3":"status-publish","4":"has-post-thumbnail","6":"product_brand-pard","7":"product_cat-nocne-videnie","8":"product_cat-optika","9":"product_cat-zameriavace-s-nocnym-videnim","10":"product_tag-mini","11":"product_tag-night-stalker","12":"product_tag-pard","14":"first","15":"instock","16":"taxable","17":"shipping-taxable","18":"purchasable","19":"product-type-simple"},"ct_brands":[{"id":308,"name":"Pard","slug":"pard"}],"_links":{"self":[{"href":"https:\/\/zbranebudai.sk\/hu\/wp-json\/wp\/v2\/product\/16496","targetHints":{"allow":["GET"]}}],"collection":[{"href":"https:\/\/zbranebudai.sk\/hu\/wp-json\/wp\/v2\/product"}],"about":[{"href":"https:\/\/zbranebudai.sk\/hu\/wp-json\/wp\/v2\/types\/product"}],"wp:featuredmedia":[{"embeddable":true,"href":"https:\/\/zbranebudai.sk\/hu\/wp-json\/wp\/v2\/media\/16603"}],"wp:attachment":[{"href":"https:\/\/zbranebudai.sk\/hu\/wp-json\/wp\/v2\/media?parent=16496"}],"wp:term":[{"taxonomy":"product_brand","embeddable":true,"href":"https:\/\/zbranebudai.sk\/hu\/wp-json\/wp\/v2\/product_brand?post=16496"},{"taxonomy":"product_cat","embeddable":true,"href":"https:\/\/zbranebudai.sk\/hu\/wp-json\/wp\/v2\/product_cat?post=16496"},{"taxonomy":"product_tag","embeddable":true,"href":"https:\/\/zbranebudai.sk\/hu\/wp-json\/wp\/v2\/product_tag?post=16496"}],"curies":[{"name":"wp","href":"https:\/\/api.w.org\/{rel}","templated":true}]}}